{"id":6981,"date":"2023-11-03T15:36:35","date_gmt":"2023-11-03T07:36:35","guid":{"rendered":"https:\/\/www.stvvalves.com\/?post_type=product&#038;p=6981"},"modified":"2025-05-20T20:40:47","modified_gmt":"2025-05-20T12:40:47","slug":"through-conduit-knife-gate-valve-di-body-150lb-20-inch","status":"publish","type":"product","link":"https:\/\/www.stvvalves.com\/es\/products\/through-conduit-knife-gate-valve-di-body-150lb-20-inch\/","title":{"rendered":"V\u00e1lvula de guillotina de conducto pasante, cuerpo DI, 150 lb, 20 pulgadas"},"content":{"rendered":"<p><b>Introducci\u00f3n:<\/b><\/p>\n<p>&nbsp;<\/p>\n<p>La v\u00e1lvula de guillotina de conducto pasante es una v\u00e1lvula de guillotina tipo wafer bidireccional. Est\u00e1 dise\u00f1ado principalmente para personas altamente<\/p>\n<p>medios de flujo concentrado. Con una placa de puerto O pasante, esta v\u00e1lvula proporciona un rendimiento de cierre estable y seguro sin<\/p>\n<p>atasco. Con un dise\u00f1o de doble asiento, puede manejar el flujo en ambas direcciones.<\/p>\n<p>&nbsp;<\/p>\n<p><b>Caracter\u00edsticas:<\/b><\/p>\n<p><b>1. Cuerpo:<\/b><\/p>\n<p>a) El dise\u00f1o de puerto completo minimiza la ca\u00edda de presi\u00f3n y maximiza la capacidad de flujo.<\/p>\n<p>b) El empaquetamiento tanto en la parte superior como en la inferior elimina las fugas al entorno.<\/p>\n<p>&nbsp;<\/p>\n<p>&nbsp;<\/p>\n<p><b>2. Puerta:<\/b><\/p>\n<p>a) A trav\u00e9s de la puerta con puerto O, corte un disco de medio hacia abajo al cerrar y devuelva esta porci\u00f3n al abrir.<\/p>\n<p>Esto evita que los medios se obstruyan en la cavidad del cuerpo de la v\u00e1lvula.<\/p>\n<p>b) El espesor de la compuerta se puede aumentar para soportar una presi\u00f3n de trabajo m\u00e1s alta.<\/p>\n<p>c) La superficie de la compuerta est\u00e1 bien pulida en ambos lados para lograr un sellado herm\u00e9tico y menos atascos.\u00a0<b><\/b><\/p>\n<p>d) La puerta est\u00e1 recubierta de cromo duro para una mejor resistencia a la abrasi\u00f3n.<\/p>\n<p><b>3. Asiento:<\/b><\/p>\n<p>a) El asiento de entrada lateral es reemplazable, lo que reduce el costo de mantenimiento.<\/p>\n<p>b) El retenedor del asiento cubre el costado del asiento y evita que el asiento se lave con flujo directo.<\/p>\n<p>c) El asiento precargado es ajustable para cumplir con diferentes clases de sellado y compensar el desgaste normal del asiento.<b><\/b><\/p>\n<p>d) Con asientos en ambos lados, la v\u00e1lvula puede manejar flujo en ambas direcciones 100%.<\/p>\n<p><b>4. Otro:<\/b><\/p>\n<p>a) El cojinete de empuje doble minimiza el par de operaci\u00f3n.<\/p>\n<table border=\"1\" width=\"812\">\n<tbody>\n<tr>\n<td>Rango de tama\u00f1o:<\/td>\n<td>\u00a0DN50~600mm NPS 2\u201d-24\u201d (Tama\u00f1o m\u00e1s grande bajo pedido)<\/td>\n<\/tr>\n<tr>\n<td>\u00a0Prensa m\u00e1xima de trabajo:<\/td>\n<td>\u00a0DN50~DN250: 10bar NPS2~NPS10:150Psi<\/p>\n<p>DN300~DN450: 7bar NPS12~NPS18:90Psi<\/p>\n<p>DN500~DN600: 4bar NPS20~NPS24:60Psi<\/td>\n<\/tr>\n<tr>\n<td>\u00a0Temperatura. Rango:<\/td>\n<td>\u00a0-29\u2026+800\u2103<\/td>\n<\/tr>\n<tr>\n<td>\u00a0Estanqueidad del sello:<\/td>\n<td>\u00a0Seg\u00fan MSS SP-81<\/td>\n<\/tr>\n<tr>\n<td>\u00a0Cuerpo material:<\/td>\n<td>\u00a0Acero al carbono, Acero inoxidable, Aleaci\u00f3n especial<\/td>\n<\/tr>\n<tr>\n<td>\u00a0Material de la puerta:<\/td>\n<td>\u00a0Acero inoxidable, aleaci\u00f3n especial<\/td>\n<\/tr>\n<tr>\n<td>\u00a0Material del asiento:<\/td>\n<td>\u00a0Acero inoxidable+STL<\/p>\n<p>EPDM (120\u00b0C) \/Vit\u00f3n(200\u00b0C)\/PTFE(200\u00b0C) \/NBR(90\u00b0C)<\/td>\n<\/tr>\n<tr>\n<td>\u00a0Cara a cara:<\/td>\n<td>\u00a0MSS SP-81<\/td>\n<\/tr>\n<tr>\n<td>\u00a0Est\u00e1ndar de brida:<\/td>\n<td>\u00a0GB\/T 9113.1, JB\/T 79.1, HG 20592, ASME B16.5, EN1092-1<\/td>\n<\/tr>\n<tr>\n<td>\u00a0Aplicaci\u00f3n:<\/td>\n<td>\u00a0Pulpa y papel, tratamiento de agua, bebidas y alimentos, productos qu\u00edmicos finos, centrales el\u00e9ctricas, industria sider\u00fargica, etc.<\/td>\n<\/tr>\n<\/tbody>\n<\/table>","protected":false},"excerpt":{"rendered":"<p>STV Valve Technology Group Co., Ltd es un l\u00edder profesional en China V\u00e1lvula de compuerta de cuchilla con conducto pasante, V\u00e1lvula de compuerta de cuchilla con conducto pasante de 150 lb, V\u00e1lvula de compuerta de cuchilla con conducto pasante WCB, V\u00e1lvula de compuerta de cuchilla con conducto pasante neum\u00e1tica, V\u00e1lvula de compuerta de cuchilla con conducto pasante el\u00e9ctrica, Conducto pasante manual V\u00e1lvula de guillotina y v\u00e1lvula de guillotina de engranaje c\u00f3nico a trav\u00e9s de conducto.<\/p>","protected":false},"featured_media":6982,"template":"","meta":[],"product_brand":[],"product_cat":[44,62],"product_tag":[2045,2044,2048,2049,2047,2046],"class_list":{"0":"post-6981","1":"product","2":"type-product","3":"status-publish","4":"has-post-thumbnail","6":"product_cat-gate-valve","7":"product_cat-knife-gate-valve","8":"product_tag-150lb-through-conduit-knife-gate-valve","9":"product_tag-china-through-conduit-knife-gate-valve","10":"product_tag-electric-through-conduit-knife-gate-valve","11":"product_tag-manual-through-conduit-knife-gate-valve-and-bevel-gear-through-conduit-knife-gate-valve","12":"product_tag-pneumatic-through-conduit-knife-gate-valve","13":"product_tag-wcb-through-conduit-knife-gate-valve","15":"first","16":"instock","17":"shipping-taxable","18":"product-type-simple"},"_links":{"self":[{"href":"https:\/\/www.stvvalves.com\/es\/wp-json\/wp\/v2\/product\/6981","targetHints":{"allow":["GET"]}}],"collection":[{"href":"https:\/\/www.stvvalves.com\/es\/wp-json\/wp\/v2\/product"}],"about":[{"href":"https:\/\/www.stvvalves.com\/es\/wp-json\/wp\/v2\/types\/product"}],"wp:featuredmedia":[{"embeddable":true,"href":"https:\/\/www.stvvalves.com\/es\/wp-json\/wp\/v2\/media\/6982"}],"wp:attachment":[{"href":"https:\/\/www.stvvalves.com\/es\/wp-json\/wp\/v2\/media?parent=6981"}],"wp:term":[{"taxonomy":"product_brand","embeddable":true,"href":"https:\/\/www.stvvalves.com\/es\/wp-json\/wp\/v2\/product_brand?post=6981"},{"taxonomy":"product_cat","embeddable":true,"href":"https:\/\/www.stvvalves.com\/es\/wp-json\/wp\/v2\/product_cat?post=6981"},{"taxonomy":"product_tag","embeddable":true,"href":"https:\/\/www.stvvalves.com\/es\/wp-json\/wp\/v2\/product_tag?post=6981"}],"curies":[{"name":"wp","href":"https:\/\/api.w.org\/{rel}","templated":true}]}}