{"id":6997,"date":"2023-12-05T14:58:23","date_gmt":"2023-12-05T06:58:23","guid":{"rendered":"https:\/\/www.stvvalves.com\/?post_type=product&#038;p=6997"},"modified":"2023-12-05T14:58:25","modified_gmt":"2023-12-05T06:58:25","slug":"dn300-basket-strainer-cs-g25-pn10-rf-end-din-3356-bb-design","status":"publish","type":"product","link":"https:\/\/www.stvvalves.com\/es\/products\/dn300-basket-strainer-cs-g25-pn10-rf-end-din-3356-bb-design\/","title":{"rendered":"Filtro de cesta DN300, CS-G25, PN10, extremo RF, DIN 3356, dise\u00f1o BB"},"content":{"rendered":"<p><strong><u>Mantenimiento de la cesta en T\u00a0<\/u><\/strong><strong><u>Filtrar \u00a0 \u00a0 \u00a0 \u00a0 \u00a0 \u00a0 \u00a0 \u00a0 \u00a0 \u00a0 \u00a0 \u00a0 \u00a0 \u00a0 \u00a0 \u00a0 \u00a0 \u00a0 \u00a0 \u00a0 \u00a0 \u00a0 \u00a0 \u00a0 \u00a0 \u00a0 \u00a0 \u00a0 \u00a0 \u00a0 \u00a0\u00a0<\/u><\/strong><\/p>\n<ul>\n<li>La parte clave de este tipo de filtro es el n\u00facleo del filtro. El n\u00facleo del filtro consta del marco del filtro y una malla de alambre de acero inoxidable. La malla de alambre SS pertenece a las piezas de desgaste. Necesita una protecci\u00f3n especial.<\/li>\n<li>Despu\u00e9s de que el filtro haya funcionado durante alg\u00fan tiempo, precipitar\u00e1 una cierta cantidad de impurezas en el n\u00facleo del filtro, luego aumentar\u00e1 la presi\u00f3n y se reducir\u00e1 la velocidad del flujo, por lo que debemos limpiar las impurezas en el n\u00facleo del filtro a tiempo.<\/li>\n<li>Cuando limpiamos las impurezas, debemos tener cuidado de asegurar que la malla de alambre SS en el n\u00facleo del filtro no se deforme ni da\u00f1e. De lo contrario, cuando reutilice el filtro, las impurezas del l\u00edquido filtrado no alcanzar\u00e1n los requisitos dise\u00f1ados. Los compresores, la bomba o los instrumentos ser\u00e1n destruidos.<\/li>\n<li>Una vez que se haya encontrado que la malla de alambre SS est\u00e1 deformada o da\u00f1ada, debemos reemplazarla inmediatamente.<\/li>\n<\/ul>\n<p>Colador de cesta<br \/>\nBreve introducci\u00f3n:<br \/>\nEl filtro se puede utilizar en todo tipo de tuber\u00edas para recoger sustancias extra\u00f1as granuladas y contaminantes recogidos. Puede mejorar la holgura en el medio y prolongar la vida \u00fatil de las v\u00e1lvulas y otros equipos. Es apto para agua, petr\u00f3leo y vapor.<br \/>\nParte principal y material<br \/>\nCuerpo: acero al carbono<br \/>\nMalla: acero inoxidable<br \/>\nEspecificaci\u00f3n t\u00e9cnica<br \/>\nDi\u00e1metro nominal: 15~500 mm<br \/>\nPresi\u00f3n nominal: 0,6-5,0 Mpa<br \/>\nSuministramos colador de cesta tipo fundido y soldado.<br \/>\n1) Tama\u00f1os: 1\/2 \u2013 24\u2033<br \/>\n2) Clasificaci\u00f3n de presi\u00f3n: 150 lb, 300 lb, 600 lb<br \/>\n3) Temperatura adecuada: -196oC \u2013 600oC<br \/>\n4) Medio adecuado: agua, gas, petr\u00f3leo, vapor, etc.<br \/>\n5) Material del cuerpo: A106\/WCB, WCC, WC6, WC9, LCB, LCC, SS304\/CF8, SS316\/CF8M, 304L\/CF3, SS316L\/CF3M<br \/>\n6) Pantalla: Acero inoxidable (SS304\/SS316)<br \/>\n7) Conexi\u00f3n final: FF, RF, THD, BW<br \/>\n8, forma de entrada\/salida: brida\/cable interior\/cable exterior\/instalaci\u00f3n r\u00e1pida<br \/>\n9, forma de compresi\u00f3n de la cubierta: perno\/perno r\u00e1pido<br \/>\n10, viscosidad adecuada (cp): 1-30000<br \/>\n11, forma de cesta: malla de perforaci\u00f3n\/malla de una sola capa\/malla compuesta<\/p>","protected":false},"excerpt":{"rendered":"<p>STV Valve Technology Group Co., Ltd es un l\u00edder profesional Filtro de cesta BB Design, Filtro de cesta DN300, Filtro de cesta CS-G25, Filtro de cesta PN10, Filtro de cesta de extremo RF, Filtro de cesta DIN 3356.<\/p>","protected":false},"featured_media":6998,"template":"","meta":[],"product_brand":[],"product_cat":[48,72],"product_tag":[2072,2074,2077,2073,2075,2076],"class_list":{"0":"post-6997","1":"product","2":"type-product","3":"status-publish","4":"has-post-thumbnail","6":"product_cat-y-strainer","7":"product_cat-cast-steel-y-type-strainer","8":"product_tag-bb-design-basket-strainer","9":"product_tag-cs-g25-basket-strainer","10":"product_tag-din-3356-basket-strainer","11":"product_tag-dn300-basket-strainer","12":"product_tag-pn10-basket-strainer","13":"product_tag-rf-end-basket-strainer","15":"first","16":"instock","17":"shipping-taxable","18":"product-type-simple"},"_links":{"self":[{"href":"https:\/\/www.stvvalves.com\/es\/wp-json\/wp\/v2\/product\/6997","targetHints":{"allow":["GET"]}}],"collection":[{"href":"https:\/\/www.stvvalves.com\/es\/wp-json\/wp\/v2\/product"}],"about":[{"href":"https:\/\/www.stvvalves.com\/es\/wp-json\/wp\/v2\/types\/product"}],"wp:featuredmedia":[{"embeddable":true,"href":"https:\/\/www.stvvalves.com\/es\/wp-json\/wp\/v2\/media\/6998"}],"wp:attachment":[{"href":"https:\/\/www.stvvalves.com\/es\/wp-json\/wp\/v2\/media?parent=6997"}],"wp:term":[{"taxonomy":"product_brand","embeddable":true,"href":"https:\/\/www.stvvalves.com\/es\/wp-json\/wp\/v2\/product_brand?post=6997"},{"taxonomy":"product_cat","embeddable":true,"href":"https:\/\/www.stvvalves.com\/es\/wp-json\/wp\/v2\/product_cat?post=6997"},{"taxonomy":"product_tag","embeddable":true,"href":"https:\/\/www.stvvalves.com\/es\/wp-json\/wp\/v2\/product_tag?post=6997"}],"curies":[{"name":"wp","href":"https:\/\/api.w.org\/{rel}","templated":true}]}}