{"id":7000,"date":"2023-12-06T15:25:22","date_gmt":"2023-12-06T07:25:22","guid":{"rendered":"https:\/\/www.stvvalves.com\/?post_type=product&#038;p=7000"},"modified":"2024-12-25T10:36:56","modified_gmt":"2024-12-25T02:36:56","slug":"astm-a890-gr-5a-swing-check-valve-api-6d-4-inch-class-150-rf","status":"publish","type":"product","link":"https:\/\/www.stvvalves.com\/es\/products\/astm-a890-gr-5a-swing-check-valve-api-6d-4-inch-class-150-rf\/","title":{"rendered":"V\u00e1lvula de retenci\u00f3n oscilante ASTM A890 Gr.5A, API 6D, 4 pulgadas, clase 150, RF"},"content":{"rendered":"<p>Est\u00e1ndar de dise\u00f1o: BS 1868 o API 6D<br \/>\nClasificaciones de presi\u00f3n y temperatura: ASME B16.34<br \/>\nRango de tama\u00f1os: 2\u201d a 48\u201d<br \/>\nRango de presi\u00f3n: Clase 150 a 2500<br \/>\nConexiones finales: RF con bridas, RTJ, FF, soldadura a tope<br \/>\nBonete: Bonete atornillado o sellado a presi\u00f3n<br \/>\nDimensiones del extremo bridado: ASME B16.5 (\u226424\u201d), ASME B16.47 Serie A o B (&gt;24\u201d)<br \/>\nDimensiones del extremo de soldadura a tope: ASME B16.25 cara a cara<br \/>\nDimensiones cara a cara: ASME B16.10<br \/>\nInspecci\u00f3n y pruebas: API 598, API 6D<br \/>\nMateriales del cuerpo: WCB, CF8, CF3, CF3M, CF8M, CF8C, A995 4A, 5A, 6A, C95800, INCONEL 625, INCONEL 825, MONEL, WC6, WC9, LCB, LCC.<br \/>\nMateriales de acabado: 1#, 5#,8#,10#,12#,16#<br \/>\nMateriales de empernado: ASTM A193 B7, B7M, B8, B8M \/ ASTM A194 2H, 2HM, 8, 8M.<br \/>\nNACE MR0175<\/p>\n<p>ASTM A890 Gr.5A Swing Check Valve<\/p>","protected":false},"excerpt":{"rendered":"<p>Explore our ASTM A890 Gr.5A Swing Check Valve featuring API 6D certification. This 4-inch valve is designed for Class 150 applications, ensuring reliable performance and durable construction. Ideal for various industrial uses, our RF (Raised Face) design guarantees a leak-proof seal for enhanced efficiency. Perfect for your pipeline needs, this swing check valve meets rigorous quality standards.<\/p>\n<p>STV Valve Technology Group Co., Ltd is a professional leader China ASTM A890 5A Swing Check Valve,ASTM A890 Gr.5A Swing Check Valv,4 Inch Swing Check Valve, 150 Swing Check Valve,Flange End Swing Check Valve,API 6D 5A Swing Check Valve Manufacturer with high quality and competitive price.<\/p>\n<p>Comun\u00edquese con nuestro sales@stvvalve.com para obtener otros materiales y detalles.<\/p>\n<p>&nbsp;<\/p>","protected":false},"featured_media":7001,"template":"","meta":[],"product_brand":[],"product_cat":[46,67],"product_tag":[2080,2079,2081,2078,339],"class_list":{"0":"post-7000","1":"product","2":"type-product","3":"status-publish","4":"has-post-thumbnail","6":"product_cat-check-valves","7":"product_cat-stainless-steel-check-valve","8":"product_tag-150-swing-check-valve","9":"product_tag-4-inch-swing-check-valve","10":"product_tag-api-6d-5a-swing-check-valve-manufacturer","11":"product_tag-china-astm-a890-5a-swing-check-valve","12":"product_tag-flange-end-swing-check-valve","14":"first","15":"instock","16":"shipping-taxable","17":"product-type-simple"},"_links":{"self":[{"href":"https:\/\/www.stvvalves.com\/es\/wp-json\/wp\/v2\/product\/7000","targetHints":{"allow":["GET"]}}],"collection":[{"href":"https:\/\/www.stvvalves.com\/es\/wp-json\/wp\/v2\/product"}],"about":[{"href":"https:\/\/www.stvvalves.com\/es\/wp-json\/wp\/v2\/types\/product"}],"wp:featuredmedia":[{"embeddable":true,"href":"https:\/\/www.stvvalves.com\/es\/wp-json\/wp\/v2\/media\/7001"}],"wp:attachment":[{"href":"https:\/\/www.stvvalves.com\/es\/wp-json\/wp\/v2\/media?parent=7000"}],"wp:term":[{"taxonomy":"product_brand","embeddable":true,"href":"https:\/\/www.stvvalves.com\/es\/wp-json\/wp\/v2\/product_brand?post=7000"},{"taxonomy":"product_cat","embeddable":true,"href":"https:\/\/www.stvvalves.com\/es\/wp-json\/wp\/v2\/product_cat?post=7000"},{"taxonomy":"product_tag","embeddable":true,"href":"https:\/\/www.stvvalves.com\/es\/wp-json\/wp\/v2\/product_tag?post=7000"}],"curies":[{"name":"wp","href":"https:\/\/api.w.org\/{rel}","templated":true}]}}