{"id":7011,"date":"2023-12-07T14:53:27","date_gmt":"2023-12-07T06:53:27","guid":{"rendered":"https:\/\/www.stvvalves.com\/?post_type=product&#038;p=7011"},"modified":"2024-12-24T19:13:56","modified_gmt":"2024-12-24T11:13:56","slug":"2-pc-ball-valve-6000-wog-cf8m-316-trim-weld-bonnet","status":"publish","type":"product","link":"https:\/\/www.stvvalves.com\/es\/products\/2-pc-ball-valve-6000-wog-cf8m-316-trim-weld-bonnet\/","title":{"rendered":"V\u00e1lvula de bola de 2 piezas 6000 WOG, CF8M, moldura 316, cap\u00f3 soldado"},"content":{"rendered":"<p>Dise\u00f1o de cuerpo de 2 piezas<br \/>\nV\u00e1lvula de bola 6000wog de 2 piezas<br \/>\nV\u00e1lvula de bola con hebilla de alambre de acero forjado de paso total de 2 piezas<br \/>\nEste producto est\u00e1 especializado en el suministro de equipos para oleoductos a clientes.<br \/>\nRango de presi\u00f3n: 6000wog<br \/>\nRango de tama\u00f1o: DN15-DN50<br \/>\nRango de temperatura: -29~220 \u2103<br \/>\nGama aplicable de materiales: A105\/SS304\/SS316\/acero inoxidable d\u00faplex 2205, etc.<br \/>\n\u00c1mbito de aplicaci\u00f3n del m\u00e9todo de conexi\u00f3n: BSPT\/NPT\/ISO7-1<\/p>\n<p>Est\u00e1ndar de dise\u00f1o y fabricaci\u00f3n: API 608, API 607, API 6D, BS 5351<\/p>\n<p>Est\u00e1ndar cara a cara: API B16.10, API 6D, DIN 3202<br \/>\nEst\u00e1ndar de conexi\u00f3n final: NPT, BSP, BSPT, DIN259\/2999<\/p>\n<p>Est\u00e1ndar de prueba: ISO5208, API 6D, BS 6755, API598<br \/>\nMaterial del cuerpo: A105, F304, F316<\/p>\n<p>Asiento: RPTFE, PPL, nailon<\/p>\n<p>Temperatura de trabajo: -40-180 \u2103<\/p>\n<p>Adecuado: agua, petr\u00f3leo, gas.<\/p>\n<table>\n<tbody>\n<tr>\n<td width=\"200\"><strong>nombre del producto<\/strong><\/td>\n<td width=\"481\">V\u00e1lvula de bola de 2 piezas 6000 WOG, CF8M, moldura 316, cap\u00f3 soldado<\/td>\n<\/tr>\n<tr>\n<td width=\"200\">1. Materiales<\/td>\n<td width=\"481\">CF8M<\/td>\n<\/tr>\n<tr>\n<td width=\"200\">2. Tama\u00f1o<\/td>\n<td width=\"481\">1\u201d<\/td>\n<\/tr>\n<tr>\n<td width=\"200\">4. Puerto<\/td>\n<td width=\"481\">Puerto lleno<\/td>\n<\/tr>\n<tr>\n<td width=\"200\">5. Presi\u00f3n de trabajo<\/td>\n<td width=\"481\">6000wog<\/td>\n<\/tr>\n<tr>\n<td width=\"200\">6. La conexi\u00f3n finaliza<\/td>\n<td width=\"481\">TNP<\/td>\n<\/tr>\n<tr>\n<td width=\"200\">7. Temperatura de trabajo.<\/td>\n<td width=\"481\">-29~120\u00baC,<\/td>\n<\/tr>\n<tr>\n<td width=\"200\">8. Medio adecuado<\/td>\n<td width=\"481\">Agua, Gas Natural, Petr\u00f3leo y alg\u00fan l\u00edquido corrosivo<\/td>\n<\/tr>\n<tr>\n<td width=\"200\">9. Operado<\/td>\n<td width=\"481\">Volante<\/td>\n<\/tr>\n<tr>\n<td width=\"200\">10. Inspecci\u00f3n y pruebas<\/td>\n<td width=\"481\">Seg\u00fan API598<\/td>\n<\/tr>\n<tr>\n<td width=\"200\"><strong>Env\u00edo<\/strong><\/td>\n<td width=\"481\"><\/td>\n<\/tr>\n<tr>\n<td width=\"200\">El tiempo de entrega<\/td>\n<td width=\"481\">30 dias<\/td>\n<\/tr>\n<tr>\n<td width=\"200\">Paquete<\/td>\n<td width=\"481\">Caja de madera contrachapada de exportaci\u00f3n est\u00e1ndar<\/td>\n<\/tr>\n<tr>\n<td width=\"200\">Puerto de embarque<\/td>\n<td width=\"481\">Ningbo\/Shangh\u00e1i, China<\/td>\n<\/tr>\n<tr>\n<td width=\"200\">Condiciones de env\u00edo<\/td>\n<td width=\"481\">Exw, MANDO, CFR, CIF, etc.<\/td>\n<\/tr>\n<tr>\n<td width=\"200\">T\u00e9rminos de pago<\/td>\n<td width=\"481\">T\/T, Western Union, PayPal, etc.<\/td>\n<\/tr>\n<tr>\n<td width=\"200\"><\/td>\n<td width=\"481\">Pago anticipado de 30%, saldo de 70% pagado antes del env\u00edo<\/td>\n<\/tr>\n<tr>\n<td width=\"200\">Pa\u00eds de origen<\/td>\n<td width=\"481\">Ciudad de Wenzhou, China<\/td>\n<\/tr>\n<tr>\n<td width=\"200\">Capacidad de producci\u00f3n<\/td>\n<td width=\"481\">6000 toneladas\/a\u00f1o<\/td>\n<\/tr>\n<tr>\n<td width=\"200\">Cantidad m\u00ednima de pedido<\/td>\n<td width=\"481\">1 unidad\/tama\u00f1o<\/td>\n<\/tr>\n<\/tbody>\n<\/table>","protected":false},"excerpt":{"rendered":"<p>STV Valve Technology Group Co., Ltd es un l\u00edder profesional en China V\u00e1lvula de bola de 2 piezas 6000 WOG, v\u00e1lvula de bola CF8M 6000 WOG, v\u00e1lvula de bola con ajuste 316, v\u00e1lvula de bola con cap\u00f3 de soldadura, v\u00e1lvula de bola de 2 piezas, bola de 2 piezas con asiento Peek V\u00e1lvula, v\u00e1lvula de bola de alta presi\u00f3n, v\u00e1lvula de bola de rosca, fabricante de v\u00e1lvulas de bola de acero forjado de China con alta calidad y precio competitivo.<\/p>","protected":false},"featured_media":7012,"template":"","meta":[],"product_brand":[],"product_cat":[43,78,79],"product_tag":[2105,2103,2102,2101,2100,208,2098,2099,2104],"class_list":{"0":"post-7011","1":"product","2":"type-product","3":"status-publish","4":"has-post-thumbnail","6":"product_cat-ball-valve","7":"product_cat-floating-ball-valve","8":"product_cat-threaded-ball-valve","9":"product_tag-2-pc-ball-valve","10":"product_tag-316-trim-ball-valve","11":"product_tag-cf8m-6000-wog-ball-valve","12":"product_tag-china-2-pc-ball-valve-6000-wog","13":"product_tag-china-forged-steel-ball-valve-manufacturer","14":"product_tag-high-pressure-ball-valve","15":"product_tag-peek-seat-2-pc-ball-valve","16":"product_tag-thread-ball-valve","17":"product_tag-weld-bonnet-ball-valve","19":"first","20":"instock","21":"shipping-taxable","22":"product-type-simple"},"_links":{"self":[{"href":"https:\/\/www.stvvalves.com\/es\/wp-json\/wp\/v2\/product\/7011","targetHints":{"allow":["GET"]}}],"collection":[{"href":"https:\/\/www.stvvalves.com\/es\/wp-json\/wp\/v2\/product"}],"about":[{"href":"https:\/\/www.stvvalves.com\/es\/wp-json\/wp\/v2\/types\/product"}],"wp:featuredmedia":[{"embeddable":true,"href":"https:\/\/www.stvvalves.com\/es\/wp-json\/wp\/v2\/media\/7012"}],"wp:attachment":[{"href":"https:\/\/www.stvvalves.com\/es\/wp-json\/wp\/v2\/media?parent=7011"}],"wp:term":[{"taxonomy":"product_brand","embeddable":true,"href":"https:\/\/www.stvvalves.com\/es\/wp-json\/wp\/v2\/product_brand?post=7011"},{"taxonomy":"product_cat","embeddable":true,"href":"https:\/\/www.stvvalves.com\/es\/wp-json\/wp\/v2\/product_cat?post=7011"},{"taxonomy":"product_tag","embeddable":true,"href":"https:\/\/www.stvvalves.com\/es\/wp-json\/wp\/v2\/product_tag?post=7011"}],"curies":[{"name":"wp","href":"https:\/\/api.w.org\/{rel}","templated":true}]}}