{"id":7015,"date":"2023-12-07T15:32:05","date_gmt":"2023-12-07T07:32:05","guid":{"rendered":"https:\/\/www.stvvalves.com\/?post_type=product&#038;p=7015"},"modified":"2024-12-24T19:13:00","modified_gmt":"2024-12-24T11:13:00","slug":"2-pc-ball-valve-2000-wog-cf8m-2-iinch-weld-bonnet","status":"publish","type":"product","link":"https:\/\/www.stvvalves.com\/es\/products\/2-pc-ball-valve-2000-wog-cf8m-2-iinch-weld-bonnet\/","title":{"rendered":"V\u00e1lvula de bola de 2 piezas 2000 WOG, CF8M, 2 pulgadas, cap\u00f3 para soldar"},"content":{"rendered":"<p>V\u00c1LVULA DE BOLA SOLDADA CON SELLO DE 2 PIEZAS, V\u00c1LVULA DE BOLA DE PUERTO COMPLETO, 2000 WOG<br \/>\n1). CUERPO DE FUNDICI\u00d3N DE INVERSI\u00d3N<br \/>\n2).PRESI\u00d3N DE TRABAJO: 3000 psi<br \/>\n3).CON DISPOSITIVO DE BLOQUEO<br \/>\n4).PRESI\u00d3N DE PRUEBA:<br \/>\nCARCASA: 4500 PSI (HIDROST\u00c1TICO)<br \/>\n5). ASIENTO: 100 PSI (AIRE)<br \/>\n6). DISE\u00d1O DE V\u00c1STAGO A PRUEBA DE EXPLOSI\u00d3N<br \/>\n7). CONEXI\u00d3N FINAL: NPT,BSPT,BSP,DIN<br \/>\n8). TAMA\u00d1O : 1\/4\u2033-2\u2033<\/p>","protected":false},"excerpt":{"rendered":"<p>STV Valve Technology Group Co., Ltd es un l\u00edder profesional en China V\u00e1lvula de bola de 2 piezas 2000 WOG, v\u00e1lvula de bola CF8M 3000 WOG, v\u00e1lvula de bola con ajuste 316, v\u00e1lvula de bola de 2 pulgadas, v\u00e1lvula de bola con cap\u00f3 soldado, v\u00e1lvula de bola de 2 piezas, Peek V\u00e1lvula de bola de asiento de 2 piezas, v\u00e1lvula de bola de alta presi\u00f3n, v\u00e1lvula de bola de rosca, fabricante de v\u00e1lvula de bola de PUERTO COMPLETO de China con alta calidad y precio competitivo.<\/p>","protected":false},"featured_media":7016,"template":"","meta":[],"product_brand":[],"product_cat":[43,78,79],"product_tag":[158,2105,2103,2107,2109,2108,208,2098,2099,2104],"class_list":{"0":"post-7015","1":"product","2":"type-product","3":"status-publish","4":"has-post-thumbnail","6":"product_cat-ball-valve","7":"product_cat-floating-ball-valve","8":"product_cat-threaded-ball-valve","9":"product_tag-2-inch-ball-valve","10":"product_tag-2-pc-ball-valve","11":"product_tag-316-trim-ball-valve","12":"product_tag-cf8m-3000-wog-ball-valve","13":"product_tag-china-2-pc-ball-valve-2000-wog","14":"product_tag-china-full-port-ball-valve-manufacturer","15":"product_tag-high-pressure-ball-valve","16":"product_tag-peek-seat-2-pc-ball-valve","17":"product_tag-thread-ball-valve","18":"product_tag-weld-bonnet-ball-valve","20":"first","21":"instock","22":"shipping-taxable","23":"product-type-simple"},"_links":{"self":[{"href":"https:\/\/www.stvvalves.com\/es\/wp-json\/wp\/v2\/product\/7015","targetHints":{"allow":["GET"]}}],"collection":[{"href":"https:\/\/www.stvvalves.com\/es\/wp-json\/wp\/v2\/product"}],"about":[{"href":"https:\/\/www.stvvalves.com\/es\/wp-json\/wp\/v2\/types\/product"}],"wp:featuredmedia":[{"embeddable":true,"href":"https:\/\/www.stvvalves.com\/es\/wp-json\/wp\/v2\/media\/7016"}],"wp:attachment":[{"href":"https:\/\/www.stvvalves.com\/es\/wp-json\/wp\/v2\/media?parent=7015"}],"wp:term":[{"taxonomy":"product_brand","embeddable":true,"href":"https:\/\/www.stvvalves.com\/es\/wp-json\/wp\/v2\/product_brand?post=7015"},{"taxonomy":"product_cat","embeddable":true,"href":"https:\/\/www.stvvalves.com\/es\/wp-json\/wp\/v2\/product_cat?post=7015"},{"taxonomy":"product_tag","embeddable":true,"href":"https:\/\/www.stvvalves.com\/es\/wp-json\/wp\/v2\/product_tag?post=7015"}],"curies":[{"name":"wp","href":"https:\/\/api.w.org\/{rel}","templated":true}]}}