{"id":7031,"date":"2024-01-28T23:43:41","date_gmt":"2024-01-28T15:43:41","guid":{"rendered":"https:\/\/www.stvvalves.com\/?post_type=product&#038;p=7031"},"modified":"2024-12-24T19:25:53","modified_gmt":"2024-12-24T11:25:53","slug":"api-609-flange-type-butterfly-valve-32-inch-a216-wcb-bare-stem","status":"publish","type":"product","link":"https:\/\/www.stvvalves.com\/es\/products\/api-609-flange-type-butterfly-valve-32-inch-a216-wcb-bare-stem\/","title":{"rendered":"API 609 Flange Type Butterfly Valve,32 Inch,A216 WCB,Bare Stem"},"content":{"rendered":"<p>API 609 Flange Type Butterfly Valve,32 Inch,A216 WCB,Bare Stem<\/p>\n<p>1. Dise\u00f1ado y fabricado seg\u00fan BSEN 593, MSS SP-67 y API 609<\/p>\n<p>2. Adecuado para bridas ANSI 125\/150, BS4504, DIN<\/p>\n<p>3. Size Ranges: NPS 2\u2033~52\u2033<\/p>\n<p>4. Clasificaci\u00f3n de presi\u00f3n: PN10\/16, ANSI125\/150\/300\/600\/900<\/p>\n<p>5. Materiales disponibles en hierro, acero, acero inoxidable, d\u00faplex y bronce, material del asiento tanto resistente como met\u00e1lico. Hay diferentes materiales de ajuste de la v\u00e1lvula de mariposa disponibles para adaptarse a diferentes condiciones de servicio.<\/p>\n<p>6. Dise\u00f1o a prueba de incendios seg\u00fan API 608\/API 6FD a pedido<\/p>\n<p>7. A MSS SP 01-75 Bajo pedido<\/p>\n<p>8. Operaciones: Palanca, Sinf\u00edn, El\u00e9ctrica, Neum\u00e1tica e Hidraneum\u00e1tica<\/p>\n<p>&nbsp;<\/p>\n<p>Starting from the American standard NPS 26 (DN650), the flange connection size is divided into two series, A and B. These two series have different processing sizes and flange thicknesses, which directly affect the weight of butterfly valves and result in different prices. So when customers receive inquiries, please first clarify which series A or B it is.<\/p>","protected":false},"excerpt":{"rendered":"<p>STV Valve Technology Group Co., Ltd is a professional leader China API 609 Flange Type Butterfly Valve,32 Inch Flange Type Butterfly Valve,A216 WCB Flange Type Butterfly Valve,150LB Flange Type Butterfly Valve,Bare Stem Flange Type Butterfly Valve Manufacture with high quality and competitive price.<\/p>","protected":false},"featured_media":7032,"template":"","meta":[],"product_brand":[],"product_cat":[965,972],"product_tag":[2126,2124,2125,2127,2123],"class_list":{"0":"post-7031","1":"product","2":"type-product","3":"status-publish","4":"has-post-thumbnail","6":"product_cat-butterfly-valve","7":"product_cat-flange-butterfly-valve","8":"product_tag-150lb-flange-type-butterfly-valve","9":"product_tag-32-inch-flange-type-butterfly-valve","10":"product_tag-a216-wcb-flange-type-butterfly-valve","11":"product_tag-bare-stem-flange-type-butterfly-valve-manufacture","12":"product_tag-china-api-609-flange-type-butterfly-valve","14":"first","15":"instock","16":"shipping-taxable","17":"product-type-simple"},"_links":{"self":[{"href":"https:\/\/www.stvvalves.com\/es\/wp-json\/wp\/v2\/product\/7031","targetHints":{"allow":["GET"]}}],"collection":[{"href":"https:\/\/www.stvvalves.com\/es\/wp-json\/wp\/v2\/product"}],"about":[{"href":"https:\/\/www.stvvalves.com\/es\/wp-json\/wp\/v2\/types\/product"}],"wp:featuredmedia":[{"embeddable":true,"href":"https:\/\/www.stvvalves.com\/es\/wp-json\/wp\/v2\/media\/7032"}],"wp:attachment":[{"href":"https:\/\/www.stvvalves.com\/es\/wp-json\/wp\/v2\/media?parent=7031"}],"wp:term":[{"taxonomy":"product_brand","embeddable":true,"href":"https:\/\/www.stvvalves.com\/es\/wp-json\/wp\/v2\/product_brand?post=7031"},{"taxonomy":"product_cat","embeddable":true,"href":"https:\/\/www.stvvalves.com\/es\/wp-json\/wp\/v2\/product_cat?post=7031"},{"taxonomy":"product_tag","embeddable":true,"href":"https:\/\/www.stvvalves.com\/es\/wp-json\/wp\/v2\/product_tag?post=7031"}],"curies":[{"name":"wp","href":"https:\/\/api.w.org\/{rel}","templated":true}]}}