{"id":7047,"date":"2024-01-29T22:18:14","date_gmt":"2024-01-29T14:18:14","guid":{"rendered":"https:\/\/www.stvvalves.com\/?post_type=product&#038;p=7047"},"modified":"2024-12-24T19:21:50","modified_gmt":"2024-12-24T11:21:50","slug":"double-eccentric-butterfly-valve-dn500-pn25-wcb-body-316-trim-metal-seat-gear-op","status":"publish","type":"product","link":"https:\/\/www.stvvalves.com\/es\/products\/double-eccentric-butterfly-valve-dn500-pn25-wcb-body-316-trim-metal-seat-gear-op\/","title":{"rendered":"Double Eccentric Butterfly Valve,DN500,PN25,WCB Body,316 Trim,Metal Seat,Gear OP"},"content":{"rendered":"<p>EN 593 Triple Eccentric Butterfly Valve,5A,DN150,PN64<\/p>\n<p>1. Design: API 609, ASME B16.34, AWWA C504, BS EN 593<br \/>\n2. Face to Face: API 609, AWWA C504, BS 2080, and ISO 5752<br \/>\n3. Flange End: ASME B16.5, ASME B16.47, BS EN 1092, ISO 7005, GOST<br \/>\n4. Inspection Test: API 598, BS EN 12266, ISO 528<br \/>\n5. Materials Choose Body Materials: Carbon Steel ASTM A216 WCB, WCC, Low Temperature Carbon Steel ASTM A352 LCB, A352 LCC, A352 LC1, A352 LC2; Alloy Steel Chrome Moly ASTM A217 WC6, A217 C5, A217 WC5, A217 C12, A217 C12A, A217 WC9, 1.7335, 1.7380, 1.7362, 1.7386, 1.4903; STAINLESS STEEL ASTM A351 CF3, A351 CF8, A351 CF3M, A351 CF8M, A351 CF8C, 1.4301, 1.4306, 1.4401, 1.4404, 1.4550, 1.4438; ALLOY 20 ASTM A351 CN7M, N08020, 1.4438; DUPLEX STEEL 2205 ASTM A351 CD3MN, A890 2205, S31803, 1.4462; SUPER DUPLEX STAINLESS STEEL ASTM A351 CD4MCu, A890 5A, S32750, 1.4501; SUPER DUPLEX F55, ASTM A995 CD3MWCuN, S32760<br \/>\n6. Disc Materials: ASTM A216 WCB, WCC, ASTM A352 LCB, ASTM A351 CF8M, CF3M, CF8, CF3, ASTM A890 4A, 5A, ALLOY 20, Duplex Stainless Steel, Monel, Hastelloy Steel<br \/>\n7. Seat Materials: SS 304 + Graphite, SS 316 + Graphite, PTFE<br \/>\n8. Pressure Range: PN10, PN16, PN25, PN40, PN63, PN100, 150 LB, 300 LB, 600 LB, 900 LB (PN10-PN100, Class 150-900 LB)<br \/>\n9. Size Range: DN50-DN3200, 2 Inch \u2013 128 Inch<br \/>\n10. Drive Mode: Manual\/Worm gear\/Electric\/Pneumatic<br \/>\n11. Field of Application: Electric \/Hydraulic\/Municipal Engineering etc; Water\/Sea water\/Gas etc<\/p>\n<table>\n<tbody>\n<tr>\n<td width=\"200\"><strong><b>nombre del producto<\/b><\/strong><\/td>\n<td width=\"481\">DIN 593 Butterfly Valve,DN80,PN100,4A Body,4A Trim,Metal Seat,Gear OP<\/td>\n<\/tr>\n<tr>\n<td width=\"200\">1. Materiales<\/td>\n<td width=\"481\">4a<\/td>\n<\/tr>\n<tr>\n<td width=\"200\">2. Tama\u00f1o<\/td>\n<td width=\"481\">3\u201d<\/td>\n<\/tr>\n<tr>\n<td width=\"200\">4. Puerto<\/td>\n<td width=\"481\">Puerto lleno<\/td>\n<\/tr>\n<tr>\n<td width=\"200\">5. Presi\u00f3n de trabajo<\/td>\n<td width=\"481\">PN100<\/td>\n<\/tr>\n<tr>\n<td width=\"200\">6. La conexi\u00f3n finaliza<\/td>\n<td width=\"481\">Extremo de RF<\/td>\n<\/tr>\n<tr>\n<td width=\"200\">7. Temperatura de trabajo.<\/td>\n<td width=\"481\">-29~300\u00baC,<\/td>\n<\/tr>\n<tr>\n<td width=\"200\">8. Medio adecuado<\/td>\n<td width=\"481\">Agua, Gas Natural, Petr\u00f3leo y alg\u00fan l\u00edquido corrosivo<\/td>\n<\/tr>\n<tr>\n<td width=\"200\">9. Operado<\/td>\n<td width=\"481\">Caja de cambios<\/td>\n<\/tr>\n<tr>\n<td width=\"200\">10. Inspecci\u00f3n y pruebas<\/td>\n<td width=\"481\">Seg\u00fan API 598<\/td>\n<\/tr>\n<tr>\n<td width=\"200\"><strong><b>Env\u00edo<\/b><\/strong><\/td>\n<td width=\"481\"><\/td>\n<\/tr>\n<tr>\n<td width=\"200\">El tiempo de entrega<\/td>\n<td width=\"481\">30 dias<\/td>\n<\/tr>\n<tr>\n<td width=\"200\">Paquete<\/td>\n<td width=\"481\">Caja de madera contrachapada de exportaci\u00f3n est\u00e1ndar<\/td>\n<\/tr>\n<tr>\n<td width=\"200\">Puerto de embarque<\/td>\n<td width=\"481\">Ningbo\/Shangh\u00e1i, China<\/td>\n<\/tr>\n<tr>\n<td width=\"200\">Condiciones de env\u00edo<\/td>\n<td width=\"481\">Exw, MANDO, CFR, CIF, etc.<\/td>\n<\/tr>\n<tr>\n<td width=\"200\">T\u00e9rminos de pago<\/td>\n<td width=\"481\">T\/T, Western Union, PayPal, etc.<\/td>\n<\/tr>\n<tr>\n<td width=\"200\"><\/td>\n<td width=\"481\">Pago anticipado de 30%, saldo de 70% pagado antes del env\u00edo<\/td>\n<\/tr>\n<tr>\n<td width=\"200\">Pa\u00eds de origen<\/td>\n<td width=\"481\">Ciudad de Wenzhou, China<\/td>\n<\/tr>\n<tr>\n<td width=\"200\">Capacidad de producci\u00f3n<\/td>\n<td width=\"481\">6000 toneladas\/a\u00f1o<\/td>\n<\/tr>\n<tr>\n<td width=\"200\">Cantidad m\u00ednima de pedido<\/td>\n<td width=\"481\">10 unidades\/tama\u00f1o<\/td>\n<\/tr>\n<\/tbody>\n<\/table>","protected":false},"excerpt":{"rendered":"<p>STV Valve Technology Group Co., Ltd is a professional leader China DIN 593 Butterfly Valve,DN500 Butterfly Valve,PN25 Butterfly Valve, DIN 593 Butterfly Valve,316 Trim DIN 593 Butterfly Valve,Metal Seat DIN 593 Butterfly Valve,Gear OP DIN 593 Butterfly Valve Manufacture with high quality and competitive priceDouble Eccentric Butterfly Valve\u3002<\/p>","protected":false},"featured_media":7048,"template":"","meta":[],"product_brand":[],"product_cat":[965,972],"product_tag":[2162,2152,2161,2159,2158,2157,2160],"class_list":{"0":"post-7047","1":"product","2":"type-product","3":"status-publish","4":"has-post-thumbnail","6":"product_cat-butterfly-valve","7":"product_cat-flange-butterfly-valve","8":"product_tag-316-trim-din-593-butterfly-valve","9":"product_tag-china-din-593-butterfly-valve","10":"product_tag-din-593-butterfly-valve","11":"product_tag-dn500-butterfly-valve","12":"product_tag-gear-op-din-593-butterfly-valve-manufacture","13":"product_tag-metal-seat-din-593-butterfly-valve","14":"product_tag-pn25-butterfly-valve","16":"first","17":"instock","18":"shipping-taxable","19":"product-type-simple"},"_links":{"self":[{"href":"https:\/\/www.stvvalves.com\/es\/wp-json\/wp\/v2\/product\/7047","targetHints":{"allow":["GET"]}}],"collection":[{"href":"https:\/\/www.stvvalves.com\/es\/wp-json\/wp\/v2\/product"}],"about":[{"href":"https:\/\/www.stvvalves.com\/es\/wp-json\/wp\/v2\/types\/product"}],"wp:featuredmedia":[{"embeddable":true,"href":"https:\/\/www.stvvalves.com\/es\/wp-json\/wp\/v2\/media\/7048"}],"wp:attachment":[{"href":"https:\/\/www.stvvalves.com\/es\/wp-json\/wp\/v2\/media?parent=7047"}],"wp:term":[{"taxonomy":"product_brand","embeddable":true,"href":"https:\/\/www.stvvalves.com\/es\/wp-json\/wp\/v2\/product_brand?post=7047"},{"taxonomy":"product_cat","embeddable":true,"href":"https:\/\/www.stvvalves.com\/es\/wp-json\/wp\/v2\/product_cat?post=7047"},{"taxonomy":"product_tag","embeddable":true,"href":"https:\/\/www.stvvalves.com\/es\/wp-json\/wp\/v2\/product_tag?post=7047"}],"curies":[{"name":"wp","href":"https:\/\/api.w.org\/{rel}","templated":true}]}}