{"id":7049,"date":"2024-01-29T22:31:24","date_gmt":"2024-01-29T14:31:24","guid":{"rendered":"https:\/\/www.stvvalves.com\/?post_type=product&#038;p=7049"},"modified":"2024-12-24T19:19:40","modified_gmt":"2024-12-24T11:19:40","slug":"double-eccentric-flange-butterfly-valve-dn125-pn64-4a","status":"publish","type":"product","link":"https:\/\/www.stvvalves.com\/es\/products\/double-eccentric-flange-butterfly-valve-dn125-pn64-4a\/","title":{"rendered":"Double Eccentric Flange Butterfly Valve, DN125,PN64,4A"},"content":{"rendered":"<h2>Double Eccentric Flange Butterfly Valve, DN125,PN64,4A<\/h2>\n<p>Design: EN 593<br \/>\nRating: PN64<br \/>\nCara a Cara: DIN EN 558<br \/>\nExtremo con brida: DIN EN 1092-1<br \/>\nInspecci\u00f3n y pruebas: EN 12266<br \/>\nEspesor de pared: EN 12516-1<br \/>\nTemperatura:-196\u2103 ~ +560\u2103<br \/>\nDN50~ DN600<\/p>\n<p>Material del cuerpo: acero al carbono, acero inoxidable, acero aleado, bronce<\/p>\n<p>Conexi\u00f3n final: RF, RTJ, BW<\/p>\n<p>Rango de presi\u00f3n: Clase 150~2500(PN16~PN420)<\/p>\n<table>\n<tbody>\n<tr>\n<td width=\"200\"><strong><b>nombre del producto<\/b><\/strong><\/td>\n<td width=\"481\">DIN 593 Butterfly Valve,DN80,PN100,4A Body,4A Trim,Metal Seat,Gear OP<\/td>\n<\/tr>\n<tr>\n<td width=\"200\">1. Materiales<\/td>\n<td width=\"481\">4a<\/td>\n<\/tr>\n<tr>\n<td width=\"200\">2. Tama\u00f1o<\/td>\n<td width=\"481\">5\u201d<\/td>\n<\/tr>\n<tr>\n<td width=\"200\">4. Puerto<\/td>\n<td width=\"481\">Puerto lleno<\/td>\n<\/tr>\n<tr>\n<td width=\"200\">5. Presi\u00f3n de trabajo<\/td>\n<td width=\"481\">PN64<\/td>\n<\/tr>\n<tr>\n<td width=\"200\">6. La conexi\u00f3n finaliza<\/td>\n<td width=\"481\">Extremo de RF<\/td>\n<\/tr>\n<tr>\n<td width=\"200\">7. Temperatura de trabajo.<\/td>\n<td width=\"481\">-29~300\u00baC,<\/td>\n<\/tr>\n<tr>\n<td width=\"200\">8. Medio adecuado<\/td>\n<td width=\"481\">Agua, Gas Natural, Petr\u00f3leo y alg\u00fan l\u00edquido corrosivo<\/td>\n<\/tr>\n<tr>\n<td width=\"200\">9. Operado<\/td>\n<td width=\"481\">Caja de cambios<\/td>\n<\/tr>\n<tr>\n<td width=\"200\">10. Inspecci\u00f3n y pruebas<\/td>\n<td width=\"481\">Seg\u00fan API 598<\/td>\n<\/tr>\n<tr>\n<td width=\"200\"><strong><b>Env\u00edo<\/b><\/strong><\/td>\n<td width=\"481\"><\/td>\n<\/tr>\n<tr>\n<td width=\"200\">El tiempo de entrega<\/td>\n<td width=\"481\">30 dias<\/td>\n<\/tr>\n<tr>\n<td width=\"200\">Paquete<\/td>\n<td width=\"481\">Caja de madera contrachapada de exportaci\u00f3n est\u00e1ndar<\/td>\n<\/tr>\n<tr>\n<td width=\"200\">Puerto de embarque<\/td>\n<td width=\"481\">Ningbo\/Shangh\u00e1i, China<\/td>\n<\/tr>\n<tr>\n<td width=\"200\">Condiciones de env\u00edo<\/td>\n<td width=\"481\">Exw, MANDO, CFR, CIF, etc.<\/td>\n<\/tr>\n<tr>\n<td width=\"200\">T\u00e9rminos de pago<\/td>\n<td width=\"481\">T\/T, Western Union, PayPal, etc.<\/td>\n<\/tr>\n<tr>\n<td width=\"200\"><\/td>\n<td width=\"481\">Pago anticipado de 30%, saldo de 70% pagado antes del env\u00edo<\/td>\n<\/tr>\n<tr>\n<td width=\"200\">Pa\u00eds de origen<\/td>\n<td width=\"481\">Ciudad de Wenzhou, China<\/td>\n<\/tr>\n<tr>\n<td width=\"200\">Capacidad de producci\u00f3n<\/td>\n<td width=\"481\">6000 toneladas\/a\u00f1o<\/td>\n<\/tr>\n<tr>\n<td width=\"200\">Cantidad m\u00ednima de pedido<\/td>\n<td width=\"481\">10 unidades\/tama\u00f1o<\/td>\n<\/tr>\n<\/tbody>\n<\/table>","protected":false},"excerpt":{"rendered":"<p>STV Valve Technology Group Co., Ltd is a professional leader China DIN 593 Butterfly Valve,DN125 DIN 593 Butterfly Valve,PN64 DIN 593 Butterfly Valve,4A Body DIN 593 Butterfly Valve,4A Trim DIN 593 Butterfly Valve,Metal Seat DIN 593 Butterfly Valve,Gear OP DIN 593 Butterfly Valve Manufacture with high quality and competitive price.<\/p>","protected":false},"featured_media":7050,"template":"","meta":[],"product_brand":[],"product_cat":[965,972],"product_tag":[2155,2156,2152,2163,2158,2157,2164],"class_list":{"0":"post-7049","1":"product","2":"type-product","3":"status-publish","4":"has-post-thumbnail","6":"product_cat-butterfly-valve","7":"product_cat-flange-butterfly-valve","8":"product_tag-4a-body-din-593-butterfly-valve","9":"product_tag-4a-trim-din-593-butterfly-valve","10":"product_tag-china-din-593-butterfly-valve","11":"product_tag-dn125-din-593-butterfly-valve","12":"product_tag-gear-op-din-593-butterfly-valve-manufacture","13":"product_tag-metal-seat-din-593-butterfly-valve","14":"product_tag-pn64-din-593-butterfly-valve","16":"first","17":"instock","18":"shipping-taxable","19":"product-type-simple"},"_links":{"self":[{"href":"https:\/\/www.stvvalves.com\/es\/wp-json\/wp\/v2\/product\/7049","targetHints":{"allow":["GET"]}}],"collection":[{"href":"https:\/\/www.stvvalves.com\/es\/wp-json\/wp\/v2\/product"}],"about":[{"href":"https:\/\/www.stvvalves.com\/es\/wp-json\/wp\/v2\/types\/product"}],"wp:featuredmedia":[{"embeddable":true,"href":"https:\/\/www.stvvalves.com\/es\/wp-json\/wp\/v2\/media\/7050"}],"wp:attachment":[{"href":"https:\/\/www.stvvalves.com\/es\/wp-json\/wp\/v2\/media?parent=7049"}],"wp:term":[{"taxonomy":"product_brand","embeddable":true,"href":"https:\/\/www.stvvalves.com\/es\/wp-json\/wp\/v2\/product_brand?post=7049"},{"taxonomy":"product_cat","embeddable":true,"href":"https:\/\/www.stvvalves.com\/es\/wp-json\/wp\/v2\/product_cat?post=7049"},{"taxonomy":"product_tag","embeddable":true,"href":"https:\/\/www.stvvalves.com\/es\/wp-json\/wp\/v2\/product_tag?post=7049"}],"curies":[{"name":"wp","href":"https:\/\/api.w.org\/{rel}","templated":true}]}}