{"id":7060,"date":"2024-01-30T15:50:45","date_gmt":"2024-01-30T07:50:45","guid":{"rendered":"https:\/\/www.stvvalves.com\/?post_type=product&#038;p=7060"},"modified":"2024-01-30T15:50:46","modified_gmt":"2024-01-30T07:50:46","slug":"2500lb-forged-steel-gate-valve-f22-dn50-flange-end","status":"publish","type":"product","link":"https:\/\/www.stvvalves.com\/es\/products\/2500lb-forged-steel-gate-valve-f22-dn50-flange-end\/","title":{"rendered":"2500LB Forged Steel Gate Valve,F22,DN50,Flange End"},"content":{"rendered":"<p>Caracteristicas de dise\u00f1o<br \/>\n1. Puerto completo o puerto convencional<br \/>\n2. Tornillo exterior y yugo (OS&amp;Y)<br \/>\n3. Prensaestopas autoalineables de dos piezas<br \/>\n4. Bonete atornillado con junta en espiral, bonete roscado y sellado soldado o bonete roscado y sellado a presi\u00f3n<br \/>\n5. Asiento trasero integral<br \/>\n6.Disponible en ANSI 150-2500LB, tama\u00f1os: 1\/2\u2033 a 2\u2033.<br \/>\n7.Materiales: A105N, LF2, F304, F316, F11, F22, F5, F91, acero aleado, etc.<br \/>\n8.Rango de temperatura: 0\u00b0C a 538\u00b0C.<br \/>\n9.Puerto: Puerto reductor y puerto completo.<br \/>\n10.Fin de conexi\u00f3n; NPT,BW,SW,RF,RTJ.<\/p>\n<table>\n<tbody>\n<tr>\n<td width=\"200\"><strong><b>nombre del producto<\/b><\/strong><\/td>\n<td width=\"481\">2500LB Forged Steel Gate Valve,F22,DN50,Flange End<\/td>\n<\/tr>\n<tr>\n<td width=\"200\">1. Materiales<\/td>\n<td width=\"481\">F22<\/td>\n<\/tr>\n<tr>\n<td width=\"200\">2. Tama\u00f1o<\/td>\n<td width=\"481\">2\u201d<\/td>\n<\/tr>\n<tr>\n<td width=\"200\">4. Puerto<\/td>\n<td width=\"481\">Puerto reductor<\/td>\n<\/tr>\n<tr>\n<td width=\"200\">5. Presi\u00f3n de trabajo<\/td>\n<td width=\"481\">2500 libras<\/td>\n<\/tr>\n<tr>\n<td width=\"200\">6. La conexi\u00f3n finaliza<\/td>\n<td width=\"481\">Extremo de RF<\/td>\n<\/tr>\n<tr>\n<td width=\"200\">7. Temperatura de trabajo.<\/td>\n<td width=\"481\">-29~590\u00baC,<\/td>\n<\/tr>\n<tr>\n<td width=\"200\">8. Medio adecuado<\/td>\n<td width=\"481\">Agua, Gas Natural, Petr\u00f3leo y alg\u00fan l\u00edquido corrosivo<\/td>\n<\/tr>\n<tr>\n<td width=\"200\">9. Operado<\/td>\n<td width=\"481\">Volante<\/td>\n<\/tr>\n<tr>\n<td width=\"200\">10. Inspecci\u00f3n y pruebas<\/td>\n<td width=\"481\">Seg\u00fan API 598<\/td>\n<\/tr>\n<tr>\n<td width=\"200\"><strong><b>Env\u00edo<\/b><\/strong><\/td>\n<td width=\"481\"><\/td>\n<\/tr>\n<tr>\n<td width=\"200\">El tiempo de entrega<\/td>\n<td width=\"481\">30 dias<\/td>\n<\/tr>\n<tr>\n<td width=\"200\">Paquete<\/td>\n<td width=\"481\">Caja de madera contrachapada de exportaci\u00f3n est\u00e1ndar<\/td>\n<\/tr>\n<tr>\n<td width=\"200\">Puerto de embarque<\/td>\n<td width=\"481\">Ningbo\/Shangh\u00e1i, China<\/td>\n<\/tr>\n<tr>\n<td width=\"200\">Condiciones de env\u00edo<\/td>\n<td width=\"481\">Exw, MANDO, CFR, CIF, etc.<\/td>\n<\/tr>\n<tr>\n<td width=\"200\">T\u00e9rminos de pago<\/td>\n<td width=\"481\">T\/T, Western Union, PayPal, etc.<\/td>\n<\/tr>\n<tr>\n<td width=\"200\"><\/td>\n<td width=\"481\">Pago anticipado de 30%, saldo de 70% pagado antes del env\u00edo<\/td>\n<\/tr>\n<tr>\n<td width=\"200\">Pa\u00eds de origen<\/td>\n<td width=\"481\">Ciudad de Wenzhou, China<\/td>\n<\/tr>\n<tr>\n<td width=\"200\">Capacidad de producci\u00f3n<\/td>\n<td width=\"481\">6000 toneladas\/a\u00f1o<\/td>\n<\/tr>\n<tr>\n<td width=\"200\">Cantidad m\u00ednima de pedido<\/td>\n<td width=\"481\">10 unidades\/tama\u00f1o<\/td>\n<\/tr>\n<\/tbody>\n<\/table>","protected":false},"excerpt":{"rendered":"<p>STV Valve Technology Group Co., Ltd is a professional leader China Forged Steel Gate Valves, Seal Bonnet Gate Valves, Class 2500 Gate Valves,,Forged steel gate valve to API 602,China DN50 Forged Steel Gate Valves Manufacturer with high quality and competitive price.<\/p>","protected":false},"featured_media":7061,"template":"","meta":[],"product_brand":[],"product_cat":[44,59],"product_tag":[2188,2185,2187,657,2186],"class_list":{"0":"post-7060","1":"product","2":"type-product","3":"status-publish","4":"has-post-thumbnail","6":"product_cat-gate-valve","7":"product_cat-forged-steel-gate-valve","8":"product_tag-china-dn50-forged-steel-gate-valves-manufacturer","9":"product_tag-china-forged-steel-gate-valves","10":"product_tag-class-2500-gate-valves","11":"product_tag-forged-steel-gate-valve-to-api-602","12":"product_tag-seal-bonnet-gate-valves","14":"first","15":"instock","16":"shipping-taxable","17":"product-type-simple"},"_links":{"self":[{"href":"https:\/\/www.stvvalves.com\/es\/wp-json\/wp\/v2\/product\/7060","targetHints":{"allow":["GET"]}}],"collection":[{"href":"https:\/\/www.stvvalves.com\/es\/wp-json\/wp\/v2\/product"}],"about":[{"href":"https:\/\/www.stvvalves.com\/es\/wp-json\/wp\/v2\/types\/product"}],"wp:featuredmedia":[{"embeddable":true,"href":"https:\/\/www.stvvalves.com\/es\/wp-json\/wp\/v2\/media\/7061"}],"wp:attachment":[{"href":"https:\/\/www.stvvalves.com\/es\/wp-json\/wp\/v2\/media?parent=7060"}],"wp:term":[{"taxonomy":"product_brand","embeddable":true,"href":"https:\/\/www.stvvalves.com\/es\/wp-json\/wp\/v2\/product_brand?post=7060"},{"taxonomy":"product_cat","embeddable":true,"href":"https:\/\/www.stvvalves.com\/es\/wp-json\/wp\/v2\/product_cat?post=7060"},{"taxonomy":"product_tag","embeddable":true,"href":"https:\/\/www.stvvalves.com\/es\/wp-json\/wp\/v2\/product_tag?post=7060"}],"curies":[{"name":"wp","href":"https:\/\/api.w.org\/{rel}","templated":true}]}}