{"id":7066,"date":"2024-01-30T21:28:37","date_gmt":"2024-01-30T13:28:37","guid":{"rendered":"https:\/\/www.stvvalves.com\/?post_type=product&#038;p=7066"},"modified":"2024-12-24T15:43:20","modified_gmt":"2024-12-24T07:43:20","slug":"5a-flanged-ball-valve-150lb-8-inch-flange-end","status":"publish","type":"product","link":"https:\/\/www.stvvalves.com\/es\/products\/5a-flanged-ball-valve-150lb-8-inch-flange-end\/","title":{"rendered":"5A Flanged Ball Valve,150LB ,8 Inch,Flange End"},"content":{"rendered":"<p>Product name: 5A Flanged Ball Valve,150LB ,8 Inch,Flange End<br \/>\nDise\u00f1o: API 6D.<br \/>\nMaterial: 5A<br \/>\nTama\u00f1o nominal: 6 pulgadas.<br \/>\nPresi\u00f3n nominal: Clase 150 LB.<br \/>\nConexi\u00f3n final: RF.<br \/>\nCara a cara: ASME B16.10.<br \/>\nPrueba e inspecci\u00f3n: API 598.<\/p>\n<p>&nbsp;<\/p>\n<p>Tama\u00f1o: de 2\u2033 a 48\u2033<br \/>\nPresi\u00f3n: 150 - 1500LB<br \/>\nMaterial: podemos ofrecer v\u00e1lvulas realizadas en Duplex S31803, Super Duplex S32750, Super Duplex S32760, Super Duplex S2205, Super Duplex S2207.<br \/>\n1A\u3001\u30012A\u30013A\u30014A\u30015A\u30016A\u30011B\u30011C<br \/>\nCD4MCu\u3001CD4MCuN\u3001CD3MCuN\u3001CE8MN\u3001CD6MN\u3001CD3MN\u3001CE3MN\u3001CD3MWCuN<br \/>\nF51, F53, F55, F60<br \/>\nEst\u00e1ndar de dise\u00f1o y producci\u00f3n: API 594 o DIN<br \/>\nDistancia entre bridas: ASME B16.10, EN558, DIN3202<br \/>\nConectado seg\u00fan norma: ANSI, API, DIN<br \/>\nEst\u00e1ndar de prueba: API598, API 600, ISO5208<br \/>\nMedio: La v\u00e1lvula es adecuada para varios medios, incluidos agua, vapor, petr\u00f3leo, gas, productos derivados del petr\u00f3leo, \u00e1cido n\u00edtrico, \u00e1cido ac\u00e9tico, etc.<br \/>\nTemperatura de trabajo: desde -46\u00baC o -50\u00baC (construcciones de acero inoxidable) y -29\u00baC o -46\u00baC (construcciones de acero al carbono) hasta 600\u2103<\/p>\n<table>\n<tbody>\n<tr>\n<td width=\"200\"><strong>nombre del producto<\/strong><\/td>\n<td width=\"481\">5A Flanged Ball Valve,150LB ,8 Inch,Flange End<\/td>\n<\/tr>\n<tr>\n<td width=\"200\">1. Materiales<\/td>\n<td width=\"481\">5A<\/td>\n<\/tr>\n<tr>\n<td width=\"200\">2. Tama\u00f1o<\/td>\n<td width=\"481\">8\u201d<\/td>\n<\/tr>\n<tr>\n<td width=\"200\">4. Puerto<\/td>\n<td width=\"481\">Puerto lleno<\/td>\n<\/tr>\n<tr>\n<td width=\"200\">5. Presi\u00f3n de trabajo<\/td>\n<td width=\"481\">150 libras<\/td>\n<\/tr>\n<tr>\n<td width=\"200\">6. La conexi\u00f3n finaliza<\/td>\n<td width=\"481\">RF<\/td>\n<\/tr>\n<tr>\n<td width=\"200\">7. Temperatura de trabajo.<\/td>\n<td width=\"481\">-29~120\u00baC,<\/td>\n<\/tr>\n<tr>\n<td width=\"200\">8. Medio adecuado<\/td>\n<td width=\"481\">Agua, Gas Natural, Petr\u00f3leo y alg\u00fan l\u00edquido corrosivo<\/td>\n<\/tr>\n<tr>\n<td width=\"200\">9. Operado<\/td>\n<td width=\"481\">\/<\/td>\n<\/tr>\n<tr>\n<td width=\"200\">10. Inspecci\u00f3n y pruebas<\/td>\n<td width=\"481\">Seg\u00fan API598<\/td>\n<\/tr>\n<tr>\n<td width=\"200\"><strong>Env\u00edo<\/strong><\/td>\n<td width=\"481\"><\/td>\n<\/tr>\n<tr>\n<td width=\"200\">El tiempo de entrega<\/td>\n<td width=\"481\">30 dias<\/td>\n<\/tr>\n<tr>\n<td width=\"200\">Paquete<\/td>\n<td width=\"481\">Caja de madera contrachapada de exportaci\u00f3n est\u00e1ndar<\/td>\n<\/tr>\n<tr>\n<td width=\"200\">Puerto de embarque<\/td>\n<td width=\"481\">Ningbo\/Shangh\u00e1i, China<\/td>\n<\/tr>\n<tr>\n<td width=\"200\">Condiciones de env\u00edo<\/td>\n<td width=\"481\">Exw, MANDO, CFR, CIF, etc.<\/td>\n<\/tr>\n<tr>\n<td width=\"200\">T\u00e9rminos de pago<\/td>\n<td width=\"481\">T\/T, Western Union, PayPal, etc.<\/td>\n<\/tr>\n<tr>\n<td width=\"200\"><\/td>\n<td width=\"481\">Pago anticipado de 30%, saldo de 70% pagado antes del env\u00edo<\/td>\n<\/tr>\n<tr>\n<td width=\"200\">Pa\u00eds de origen<\/td>\n<td width=\"481\">Ciudad de Wenzhou, China<\/td>\n<\/tr>\n<tr>\n<td width=\"200\">Capacidad de producci\u00f3n<\/td>\n<td width=\"481\">6000 toneladas\/a\u00f1o<\/td>\n<\/tr>\n<tr>\n<td width=\"200\">Cantidad m\u00ednima de pedido<\/td>\n<td width=\"481\">1 unidad\/tama\u00f1o<\/td>\n<\/tr>\n<\/tbody>\n<\/table>","protected":false},"excerpt":{"rendered":"<p>China API 608 5A Ball Valve, STV Ball Valve Supplier Offers 8 Inch 5A Ball Valve, 150LB 5A Ball Valve Supplier In China, 150LB bALL Valve, Rised Face Flanged End 5A Ball Valve,China 5A Ball\u00a0 Valve Manufacture.<\/p>","protected":false},"featured_media":7067,"template":"","meta":[],"product_brand":[],"product_cat":[43,53],"product_tag":[2194,1793,2193,2196,2195],"class_list":{"0":"post-7066","1":"product","2":"type-product","3":"status-publish","4":"has-post-thumbnail","6":"product_cat-ball-valve","7":"product_cat-stainless-steel-ball-valve","8":"product_tag-150lb-5a-ball-valve-supplier-in-china","9":"product_tag-150lb-ball-valve","10":"product_tag-8-inch-5a-ball-valve","11":"product_tag-china-5a-ball-valve-manufacture","12":"product_tag-rised-face-flanged-end-5a-ball-valve","14":"first","15":"instock","16":"shipping-taxable","17":"product-type-simple"},"_links":{"self":[{"href":"https:\/\/www.stvvalves.com\/es\/wp-json\/wp\/v2\/product\/7066","targetHints":{"allow":["GET"]}}],"collection":[{"href":"https:\/\/www.stvvalves.com\/es\/wp-json\/wp\/v2\/product"}],"about":[{"href":"https:\/\/www.stvvalves.com\/es\/wp-json\/wp\/v2\/types\/product"}],"wp:featuredmedia":[{"embeddable":true,"href":"https:\/\/www.stvvalves.com\/es\/wp-json\/wp\/v2\/media\/7067"}],"wp:attachment":[{"href":"https:\/\/www.stvvalves.com\/es\/wp-json\/wp\/v2\/media?parent=7066"}],"wp:term":[{"taxonomy":"product_brand","embeddable":true,"href":"https:\/\/www.stvvalves.com\/es\/wp-json\/wp\/v2\/product_brand?post=7066"},{"taxonomy":"product_cat","embeddable":true,"href":"https:\/\/www.stvvalves.com\/es\/wp-json\/wp\/v2\/product_cat?post=7066"},{"taxonomy":"product_tag","embeddable":true,"href":"https:\/\/www.stvvalves.com\/es\/wp-json\/wp\/v2\/product_tag?post=7066"}],"curies":[{"name":"wp","href":"https:\/\/api.w.org\/{rel}","templated":true}]}}