{"id":7076,"date":"2024-02-01T11:41:36","date_gmt":"2024-02-01T03:41:36","guid":{"rendered":"https:\/\/www.stvvalves.com\/?post_type=product&#038;p=7076"},"modified":"2024-12-24T15:32:56","modified_gmt":"2024-12-24T07:32:56","slug":"pressure-seal-bonnet-check-valve-1500lb-wcb-16-inch-rtj-end","status":"publish","type":"product","link":"https:\/\/www.stvvalves.com\/es\/products\/pressure-seal-bonnet-check-valve-1500lb-wcb-16-inch-rtj-end\/","title":{"rendered":"Pressure Seal Bonnet Check Valve,1500LB,WCB 16 Inch,RTJ End"},"content":{"rendered":"<p>Dise\u00f1o y fabricaci\u00f3n: v\u00e1lvula de retenci\u00f3n de acero fundido seg\u00fan BS 1868, ASME B16.34, API 6D<\/p>\n<p>Inspecci\u00f3n y prueba: API598, API600 o API 6D<\/p>\n<p>Dimensi\u00f3n de la brida final: ASME B16.5 (para NPS\u226424, ASME B 16.47 serie B, API 605, ASME B16.47 Serie A, MSS SP-44 (para NPS&gt;24)<\/p>\n<p>Dimensi\u00f3n final BW: ASME B16.25<\/p>\n<p>Cara a cara y de extremo a extremo: ASME B16.10<\/p>\n<p>Clasificaciones de presi\u00f3n-temperatura: ASME B16.34<\/p>\n<p>Dimensi\u00f3n del espesor de pared: API 600, BS 1868<\/p>\n<p>Gama de productos<\/p>\n<p>Material del cuerpo: WCB, LCB, LCC, CF8, CF8M, CF3, CF3M, A105, LF2, F11, F22, F5, F304, F316, F304L, F316L<\/p>\n<p>Di\u00e1metro nominal: 1\/2\u2033~48\u2033(DN15~DN1200)<\/p>\n<p>Conexi\u00f3n final: RF, RTJ, BW<\/p>\n<p>Rango de presi\u00f3n: Clase 150~2500(PN16~PN420)<\/p>\n<p>Temperatura de trabajo: -196 \u2103 ~ + 560 \u2103<\/p>\n<p>&nbsp;<\/p>\n<table width=\"751\">\n<tbody>\n<tr>\n<td>Nombre del producto:<\/td>\n<td>Pressure Seal Bonnet Check Valve,1500LB,WCB 16 Inch,RTJ End<\/td>\n<\/tr>\n<tr>\n<td>1.Material:<\/td>\n<td>WCB<\/td>\n<\/tr>\n<tr>\n<td>2.Tama\u00f1o:<\/td>\n<td>diecis\u00e9is&quot;<\/td>\n<\/tr>\n<tr>\n<td>3.Puerto:<\/td>\n<td>LLENO<\/td>\n<\/tr>\n<tr>\n<td>4. Temperatura de trabajo:<\/td>\n<td>-29\u00b0C-425\u00b0C<\/td>\n<\/tr>\n<tr>\n<td>5.Fin de la conexi\u00f3n:<\/td>\n<td>RTJ<\/td>\n<\/tr>\n<tr>\n<td>6.Presi\u00f3n de trabajo:<\/td>\n<td>1500 libras<\/td>\n<\/tr>\n<tr>\n<td>7.Medio adecuado:<\/td>\n<td>Agua, Gas Natural, Petr\u00f3leo y alg\u00fan l\u00edquido corrosivo<\/td>\n<\/tr>\n<tr>\n<td>8.Operado:<\/td>\n<td>\/<\/td>\n<\/tr>\n<tr>\n<td>9. Inspecci\u00f3n y pruebas<\/td>\n<td>Seg\u00fan API 598<\/td>\n<\/tr>\n<tr>\n<td>Certificado:<\/td>\n<td>ISO, CE\/API 6D<\/td>\n<\/tr>\n<tr>\n<td><strong>Env\u00edo<\/strong><\/td>\n<td><\/td>\n<\/tr>\n<tr>\n<td>El tiempo de entrega<\/td>\n<td>30 dias<\/td>\n<\/tr>\n<tr>\n<td>Paquete<\/td>\n<td>Caja de madera contrachapada de exportaci\u00f3n est\u00e1ndar<\/td>\n<\/tr>\n<tr>\n<td>Puerto de embarque<\/td>\n<td>Ningbo\/Shangh\u00e1i, China<\/td>\n<\/tr>\n<tr>\n<td>Condiciones de env\u00edo<\/td>\n<td>Exw, MANDO, CFR, CIF, etc.<\/td>\n<\/tr>\n<tr>\n<td>T\u00e9rminos de pago<\/td>\n<td>T\/T, Western Union, PayPal, etc.<\/td>\n<\/tr>\n<tr>\n<td><\/td>\n<td>Pago anticipado de 30%, saldo de 70% pagado antes del env\u00edo<\/td>\n<\/tr>\n<tr>\n<td>Pa\u00eds de origen<\/td>\n<td>Ciudad de Wenzhou, China<\/td>\n<\/tr>\n<tr>\n<td>Capacidad de producci\u00f3n<\/td>\n<td>6000 toneladas\/a\u00f1o<\/td>\n<\/tr>\n<tr>\n<td>Cantidad m\u00ednima de pedido<\/td>\n<td>10 unidades\/tama\u00f1o<\/td>\n<\/tr>\n<\/tbody>\n<\/table>","protected":false},"excerpt":{"rendered":"<p>STV Valve Technology Group Co., Ltd is China pressure seal check valve,ANSI pressure seal check valve,high pressure seal check valve,cast steel pressure seal check valve,API 6D pressure seal check valve,stainless steel pressure seal check valve , 1500LB check valve,WCBcheck valve, 16 Inch check valve,RTJ End Pressure Seal Bonnet Check Valve manufacturer with high quality and low price.<\/p>","protected":false},"featured_media":7077,"template":"","meta":[],"product_brand":[],"product_cat":[46,83],"product_tag":[2219,2221,2214,2217,2216,2213,2215,2222,2218,2220],"class_list":{"0":"post-7076","1":"product","2":"type-product","3":"status-publish","4":"has-post-thumbnail","6":"product_cat-check-valves","7":"product_cat-cast-steel-check-valve","8":"product_tag-1500lb-check-valve","9":"product_tag-16-inch-check-valve","10":"product_tag-ansi-pressure-seal-check-valve","11":"product_tag-api-6d-pressure-seal-check-valve","12":"product_tag-cast-steel-pressure-seal-check-valve","13":"product_tag-china-pressure-seal-check-valve","14":"product_tag-high-pressure-seal-check-valve","15":"product_tag-rtj-end-pressure-seal-bonnet-check-valve-manufacturer","16":"product_tag-stainless-steel-pressure-seal-check-valve","17":"product_tag-wcbcheck-valve","19":"first","20":"instock","21":"shipping-taxable","22":"product-type-simple"},"_links":{"self":[{"href":"https:\/\/www.stvvalves.com\/es\/wp-json\/wp\/v2\/product\/7076","targetHints":{"allow":["GET"]}}],"collection":[{"href":"https:\/\/www.stvvalves.com\/es\/wp-json\/wp\/v2\/product"}],"about":[{"href":"https:\/\/www.stvvalves.com\/es\/wp-json\/wp\/v2\/types\/product"}],"wp:featuredmedia":[{"embeddable":true,"href":"https:\/\/www.stvvalves.com\/es\/wp-json\/wp\/v2\/media\/7077"}],"wp:attachment":[{"href":"https:\/\/www.stvvalves.com\/es\/wp-json\/wp\/v2\/media?parent=7076"}],"wp:term":[{"taxonomy":"product_brand","embeddable":true,"href":"https:\/\/www.stvvalves.com\/es\/wp-json\/wp\/v2\/product_brand?post=7076"},{"taxonomy":"product_cat","embeddable":true,"href":"https:\/\/www.stvvalves.com\/es\/wp-json\/wp\/v2\/product_cat?post=7076"},{"taxonomy":"product_tag","embeddable":true,"href":"https:\/\/www.stvvalves.com\/es\/wp-json\/wp\/v2\/product_tag?post=7076"}],"curies":[{"name":"wp","href":"https:\/\/api.w.org\/{rel}","templated":true}]}}