{"id":7089,"date":"2024-02-01T22:13:16","date_gmt":"2024-02-01T14:13:16","guid":{"rendered":"https:\/\/www.stvvalves.com\/?post_type=product&#038;p=7089"},"modified":"2024-04-05T22:09:38","modified_gmt":"2024-04-05T14:09:38","slug":"a182-f51-forged-gate-valve-1-inch-2500lb-rf-end","status":"publish","type":"product","link":"https:\/\/www.stvvalves.com\/es\/products\/a182-f51-forged-gate-valve-1-inch-2500lb-rf-end\/","title":{"rendered":"A182 F51 Forged Gate Valve,1 Inch,2500LB,RF End"},"content":{"rendered":"<p>1. Dise\u00f1o y Fabricaci\u00f3n: API 602<br \/>\n2. Construcciones: OS&amp;Y, cap\u00f3 atornillado, cap\u00f3 soldado y cap\u00f3 sellado a presi\u00f3n;<br \/>\n3. Tipo de orificio: Puerto completo<br \/>\n4. Rango de tama\u00f1os: 1\/2 \u2033 a 2 \u2033.<br \/>\n5. Clasificaciones de presi\u00f3n: ANSI 150, 300, 600, 900, 1500 y 2500LBS<br \/>\n6. Conexiones finales: bridadas (RF, RTJ)<br \/>\nOtros extremos tambi\u00e9n disponibles: roscados (atornillados, NPT), soldados a tope (BW), soldados a encaje (SW).<br \/>\n7. Materiales disponibles en: A105 (N), LF2, F5, F11, F22, F304, F316, F51, F53 o equivalente;<br \/>\n8. Hay varios materiales de acabado disponibles para adaptarse a diferentes condiciones de servicio<br \/>\n9. NACE MR 0175 bajo petici\u00f3n<br \/>\n10.Prueba e inspecci\u00f3n: API598<\/p>\n<table>\n<tbody>\n<tr>\n<td width=\"200\"><strong><b>nombre del producto<\/b><\/strong><\/td>\n<td width=\"481\">A182 F51 Forged Gate Valve,1 Inch,2500LB,RF End<\/td>\n<\/tr>\n<tr>\n<td width=\"200\">1. Materiales<\/td>\n<td width=\"481\">A105 (N), LF2, F5, F11, F22, F304, F316, F51, F53 o Equivalente;<\/td>\n<\/tr>\n<tr>\n<td width=\"200\">2. Tama\u00f1o<\/td>\n<td width=\"481\">1\/2\u2033~2\u2033 \u2018 (\u00a015~50)<\/td>\n<\/tr>\n<tr>\n<td width=\"200\">4. Puerto<\/td>\n<td width=\"481\">Puerto reductor<\/td>\n<\/tr>\n<tr>\n<td width=\"200\">5. Presi\u00f3n de trabajo<\/td>\n<td width=\"481\">150LB-2500LB<\/td>\n<\/tr>\n<tr>\n<td width=\"200\">6. La conexi\u00f3n finaliza<\/td>\n<td width=\"481\">FF,RF.RTJ<\/td>\n<\/tr>\n<tr>\n<td width=\"200\">7. Temperatura de trabajo.<\/td>\n<td width=\"481\">-29~600\u00baC,<\/td>\n<\/tr>\n<tr>\n<td width=\"200\">8. Medio adecuado<\/td>\n<td width=\"481\">Agua, Gas Natural, Petr\u00f3leo y alg\u00fan l\u00edquido corrosivo<\/td>\n<\/tr>\n<tr>\n<td width=\"200\">9. Operado<\/td>\n<td width=\"481\">Volante<\/td>\n<\/tr>\n<tr>\n<td width=\"200\">10. Inspecci\u00f3n y pruebas<\/td>\n<td width=\"481\">Seg\u00fan API 598<\/td>\n<\/tr>\n<tr>\n<td width=\"200\"><strong><b>Env\u00edo<\/b><\/strong><\/td>\n<td width=\"481\"><\/td>\n<\/tr>\n<tr>\n<td width=\"200\">El tiempo de entrega<\/td>\n<td width=\"481\">30 dias<\/td>\n<\/tr>\n<tr>\n<td width=\"200\">Paquete<\/td>\n<td width=\"481\">Caja de madera contrachapada de exportaci\u00f3n est\u00e1ndar<\/td>\n<\/tr>\n<tr>\n<td width=\"200\">Puerto de embarque<\/td>\n<td width=\"481\">Ningbo\/Shangh\u00e1i, China<\/td>\n<\/tr>\n<tr>\n<td width=\"200\">Condiciones de env\u00edo<\/td>\n<td width=\"481\">Exw, MANDO, CFR, CIF, etc.<\/td>\n<\/tr>\n<tr>\n<td width=\"200\">T\u00e9rminos de pago<\/td>\n<td width=\"481\">T\/T, Western Union, PayPal, etc.<\/td>\n<\/tr>\n<tr>\n<td width=\"200\"><\/td>\n<td width=\"481\">Pago anticipado de 30%, saldo de 70% pagado antes del env\u00edo<\/td>\n<\/tr>\n<tr>\n<td width=\"200\">Pa\u00eds de origen<\/td>\n<td width=\"481\">Ciudad de Wenzhou, China<\/td>\n<\/tr>\n<tr>\n<td width=\"200\">Capacidad de producci\u00f3n<\/td>\n<td width=\"481\">6000 toneladas\/a\u00f1o<\/td>\n<\/tr>\n<tr>\n<td width=\"200\">Cantidad m\u00ednima de pedido<\/td>\n<td width=\"481\">10 unidades\/tama\u00f1o<\/td>\n<\/tr>\n<\/tbody>\n<\/table>","protected":false},"excerpt":{"rendered":"<p>STV Valve Technology Group Co., Ltd is a professional leader China API 602 Gate Valve,API 602 Integral Flange Forged Gate Valve,2500LB Integral Flanged Gate Valve,F51\u00a0 Integral Flange End Gate Valve,China 1 Inch Integral Flange End Gate Valve Manufacturer with high quality and competitive price<\/p>","protected":false},"featured_media":7266,"template":"","meta":[],"product_brand":[],"product_cat":[44,59],"product_tag":[2250,676,2252,2249,2516],"class_list":{"0":"post-7089","1":"product","2":"type-product","3":"status-publish","4":"has-post-thumbnail","6":"product_cat-gate-valve","7":"product_cat-forged-steel-gate-valve","8":"product_tag-2500lb-integral-flanged-gate-valve","9":"product_tag-api-602-integral-flange-forged-gate-valve","10":"product_tag-china-1-inch-integral-flange-end-gate-valve-manufacturer","11":"product_tag-china-api-602-gate-valve","12":"product_tag-f51-integral-flange-end-gate-valve","14":"first","15":"instock","16":"shipping-taxable","17":"product-type-simple"},"_links":{"self":[{"href":"https:\/\/www.stvvalves.com\/es\/wp-json\/wp\/v2\/product\/7089","targetHints":{"allow":["GET"]}}],"collection":[{"href":"https:\/\/www.stvvalves.com\/es\/wp-json\/wp\/v2\/product"}],"about":[{"href":"https:\/\/www.stvvalves.com\/es\/wp-json\/wp\/v2\/types\/product"}],"wp:featuredmedia":[{"embeddable":true,"href":"https:\/\/www.stvvalves.com\/es\/wp-json\/wp\/v2\/media\/7266"}],"wp:attachment":[{"href":"https:\/\/www.stvvalves.com\/es\/wp-json\/wp\/v2\/media?parent=7089"}],"wp:term":[{"taxonomy":"product_brand","embeddable":true,"href":"https:\/\/www.stvvalves.com\/es\/wp-json\/wp\/v2\/product_brand?post=7089"},{"taxonomy":"product_cat","embeddable":true,"href":"https:\/\/www.stvvalves.com\/es\/wp-json\/wp\/v2\/product_cat?post=7089"},{"taxonomy":"product_tag","embeddable":true,"href":"https:\/\/www.stvvalves.com\/es\/wp-json\/wp\/v2\/product_tag?post=7089"}],"curies":[{"name":"wp","href":"https:\/\/api.w.org\/{rel}","templated":true}]}}