{"id":7106,"date":"2024-02-04T16:54:08","date_gmt":"2024-02-04T08:54:08","guid":{"rendered":"https:\/\/www.stvvalves.com\/?post_type=product&#038;p=7106"},"modified":"2024-12-25T10:31:43","modified_gmt":"2024-12-25T02:31:43","slug":"dual-plate-check-valves-8-inch-c95800-lug-type-150lb","status":"publish","type":"product","link":"https:\/\/www.stvvalves.com\/es\/products\/dual-plate-check-valves-8-inch-c95800-lug-type-150lb\/","title":{"rendered":"Dual Plate Check Valves,8 Inch,C95800,Lug Type,150LB"},"content":{"rendered":"<p>STV Valves has very extended experience in manufacturing of Dual Plate Check Valves<\/p>\n<p>Size: 2\u201d up to 60\u201c(DN 15 up to DN 1500)<\/p>\n<p>Pressure Rating: ASME 150#,300#,600#,900#,1500#, 2500#<\/p>\n<p>Materials: in C95800,C95400,C92200,C90500 \uff0cC95500.<\/p>\n<p>End Connection: Wafer Type, Wafer Lug Type<\/p>\n<p>Especificaci\u00f3n:<\/p>\n<p>Design \u2013 ASME B16.34 \/ API594<br \/>\nFace to Face \u2013 ASME B16.10<br \/>\nEnd Flange \u2013 ASME B16.5<br \/>\nTest \u2013 API598<br \/>\nSpecial \u2013 NACE MR-01-75<\/p>\n<table>\n<tbody>\n<tr>\n<td width=\"200\"><strong>nombre del producto<\/strong><\/td>\n<td width=\"481\">\u00a0Dual Plate Check Valves,8 Inch,C95800,Lug Type,150LB<\/td>\n<\/tr>\n<tr>\n<td width=\"200\">1. Materiales<\/td>\n<td width=\"481\">C95800<\/td>\n<\/tr>\n<tr>\n<td width=\"200\">2. Tama\u00f1o<\/td>\n<td width=\"481\">8\u201d<\/td>\n<\/tr>\n<tr>\n<td width=\"200\">4. Puerto<\/td>\n<td width=\"481\">Puerto lleno<\/td>\n<\/tr>\n<tr>\n<td width=\"200\">5. Presi\u00f3n de trabajo<\/td>\n<td width=\"481\">150 libras<\/td>\n<\/tr>\n<tr>\n<td width=\"200\">6. La conexi\u00f3n finaliza<\/td>\n<td width=\"481\">Lug<\/td>\n<\/tr>\n<tr>\n<td width=\"200\">7. Temperatura de trabajo.<\/td>\n<td width=\"481\">-29~200\u00baC,<\/td>\n<\/tr>\n<tr>\n<td width=\"200\">8. Medio adecuado<\/td>\n<td width=\"481\">Agua, Gas Natural, Petr\u00f3leo y alg\u00fan l\u00edquido corrosivo<\/td>\n<\/tr>\n<tr>\n<td width=\"200\">9. Operado<\/td>\n<td width=\"481\">\/<\/td>\n<\/tr>\n<tr>\n<td width=\"200\">10. Inspecci\u00f3n y pruebas<\/td>\n<td width=\"481\">Seg\u00fan API598<\/td>\n<\/tr>\n<tr>\n<td width=\"200\"><strong>Env\u00edo<\/strong><\/td>\n<td width=\"481\"><\/td>\n<\/tr>\n<tr>\n<td width=\"200\">El tiempo de entrega<\/td>\n<td width=\"481\">30 dias<\/td>\n<\/tr>\n<tr>\n<td width=\"200\">Paquete<\/td>\n<td width=\"481\">Caja de madera contrachapada de exportaci\u00f3n est\u00e1ndar<\/td>\n<\/tr>\n<tr>\n<td width=\"200\">Puerto de embarque<\/td>\n<td width=\"481\">Ningbo\/Shangh\u00e1i, China<\/td>\n<\/tr>\n<tr>\n<td width=\"200\">Condiciones de env\u00edo<\/td>\n<td width=\"481\">Exw, MANDO, CFR, CIF, etc.<\/td>\n<\/tr>\n<tr>\n<td width=\"200\">T\u00e9rminos de pago<\/td>\n<td width=\"481\">T\/T, Western Union, PayPal, etc.<\/td>\n<\/tr>\n<tr>\n<td width=\"200\"><\/td>\n<td width=\"481\">Pago anticipado de 30%, saldo de 70% pagado antes del env\u00edo<\/td>\n<\/tr>\n<tr>\n<td width=\"200\">Pa\u00eds de origen<\/td>\n<td width=\"481\">Ciudad de Wenzhou, China<\/td>\n<\/tr>\n<tr>\n<td width=\"200\">Capacidad de producci\u00f3n<\/td>\n<td width=\"481\">6000 toneladas\/a\u00f1o<\/td>\n<\/tr>\n<tr>\n<td width=\"200\">Cantidad m\u00ednima de pedido<\/td>\n<td width=\"481\">1 unidad\/tama\u00f1o<\/td>\n<\/tr>\n<\/tbody>\n<\/table>","protected":false},"excerpt":{"rendered":"<p>Explore our high-quality Dual Plate Check Valves, designed specifically for 8-inch applications. Crafted from C95800 material and featuring a Lug Type design, these valves are rated for 150LB pressure. Ideal for efficient flow control and reducing backflow, our check valves offer durability and reliability for various industrial uses.<\/p>\n<p>STV Valve Technology Group Co., Ltd is a professional leader China Dual Plate Check Valves,8 Inch Dual Plate Check Valves, C95800 Check Valve,150lb\u00a0 Dual Plate Check Valves,Lug End Dual Plate Check Valves,C95800 Check Valve Manufacturer with high quality and competitive price\u00a0 Dual Plate Check Valves,8 Inch,C95800,Lug Type,150LB<\/p>","protected":false},"featured_media":7107,"template":"","meta":[],"product_brand":[],"product_cat":[46,84],"product_tag":[2271,2269,2270,2273,2268,2272],"class_list":{"0":"post-7106","1":"product","2":"type-product","3":"status-publish","4":"has-post-thumbnail","6":"product_cat-check-valves","7":"product_cat-wafer-check-valve","8":"product_tag-150lb-dual-plate-check-valves","9":"product_tag-8-inch-dual-plate-check-valves","10":"product_tag-c95800-check-valve","11":"product_tag-c95800-check-valve-manufacturer","12":"product_tag-china-dual-plate-check-valves","13":"product_tag-lug-end-dual-plate-check-valves","15":"first","16":"instock","17":"shipping-taxable","18":"product-type-simple"},"_links":{"self":[{"href":"https:\/\/www.stvvalves.com\/es\/wp-json\/wp\/v2\/product\/7106","targetHints":{"allow":["GET"]}}],"collection":[{"href":"https:\/\/www.stvvalves.com\/es\/wp-json\/wp\/v2\/product"}],"about":[{"href":"https:\/\/www.stvvalves.com\/es\/wp-json\/wp\/v2\/types\/product"}],"wp:featuredmedia":[{"embeddable":true,"href":"https:\/\/www.stvvalves.com\/es\/wp-json\/wp\/v2\/media\/7107"}],"wp:attachment":[{"href":"https:\/\/www.stvvalves.com\/es\/wp-json\/wp\/v2\/media?parent=7106"}],"wp:term":[{"taxonomy":"product_brand","embeddable":true,"href":"https:\/\/www.stvvalves.com\/es\/wp-json\/wp\/v2\/product_brand?post=7106"},{"taxonomy":"product_cat","embeddable":true,"href":"https:\/\/www.stvvalves.com\/es\/wp-json\/wp\/v2\/product_cat?post=7106"},{"taxonomy":"product_tag","embeddable":true,"href":"https:\/\/www.stvvalves.com\/es\/wp-json\/wp\/v2\/product_tag?post=7106"}],"curies":[{"name":"wp","href":"https:\/\/api.w.org\/{rel}","templated":true}]}}