{"id":7116,"date":"2024-02-06T18:07:47","date_gmt":"2024-02-06T10:07:47","guid":{"rendered":"https:\/\/www.stvvalves.com\/?post_type=product&#038;p=7116"},"modified":"2024-12-24T19:32:36","modified_gmt":"2024-12-24T11:32:36","slug":"three-eccentric-butterfly-valve-16k-200a-cf8m-metal-seat","status":"publish","type":"product","link":"https:\/\/www.stvvalves.com\/es\/products\/three-eccentric-butterfly-valve-16k-200a-cf8m-metal-seat\/","title":{"rendered":"Three Eccentric Butterfly Valve,16K,200A,CF8M,Metal Seat"},"content":{"rendered":"<p>Design and Manufacture\uff1aJIS B2071<\/p>\n<p>Face to Face Dimension\uff1aJIS B2002<\/p>\n<p>Flange Connection Dimension\uff1aJIS B2220<\/p>\n<p>Test and Inspection\uff1aJIS B2003<\/p>\n<p>Clasificaci\u00f3n de temperatura y presi\u00f3n: API 609, ASME B16.34<br \/>\nGama de productos<\/p>\n<p>Material del cuerpo:Acero fundido,Acero inoxidable,Monel<\/p>\n<p>Di\u00e1metro nominal: 2\u2033\uff5e120\u2033\uff08DN50~DN3000\uff09<\/p>\n<p>Conexi\u00f3n final: doble brida, oblea, terminal, etc.<\/p>\n<p>Rango de presi\u00f3n: Clase 150 ~ 600 (PN16 ~ PN100)<\/p>\n<p>Temperatura de trabajo: -46 \u2103 ~ +550 \u2103<\/p>\n<p>Operaci\u00f3n: manija, engranaje, actuador el\u00e9ctrico, etc.<\/p>\n<table>\n<tbody>\n<tr>\n<td width=\"200\"><strong><b>nombre del producto<\/b><\/strong><\/td>\n<td width=\"481\">\u00a0Three Eccentric Butterfly Valve,16K,200A,CF8M,Metal Seat<\/td>\n<\/tr>\n<tr>\n<td width=\"200\">1. Materiales<\/td>\n<td width=\"481\">CF8M<\/td>\n<\/tr>\n<tr>\n<td width=\"200\">2. Tama\u00f1o<\/td>\n<td width=\"481\">8\u201d<\/td>\n<\/tr>\n<tr>\n<td width=\"200\">4. Puerto<\/td>\n<td width=\"481\">Puerto lleno<\/td>\n<\/tr>\n<tr>\n<td width=\"200\">5. Presi\u00f3n de trabajo<\/td>\n<td width=\"481\">16K<\/td>\n<\/tr>\n<tr>\n<td width=\"200\">6. La conexi\u00f3n finaliza<\/td>\n<td width=\"481\">OBLEA<\/td>\n<\/tr>\n<tr>\n<td width=\"200\">7. Temperatura de trabajo.<\/td>\n<td width=\"481\">-29~425\u00baC,<\/td>\n<\/tr>\n<tr>\n<td width=\"200\">8. Medio adecuado<\/td>\n<td width=\"481\">Agua, Gas Natural, Petr\u00f3leo y alg\u00fan l\u00edquido corrosivo<\/td>\n<\/tr>\n<tr>\n<td width=\"200\">9. Operado<\/td>\n<td width=\"481\">Chain Operator<\/td>\n<\/tr>\n<tr>\n<td width=\"200\">10. Inspecci\u00f3n y pruebas<\/td>\n<td width=\"481\">Seg\u00fan API 598<\/td>\n<\/tr>\n<tr>\n<td width=\"200\">Env\u00edo<\/td>\n<td width=\"481\"><\/td>\n<\/tr>\n<tr>\n<td width=\"200\">El tiempo de entrega<\/td>\n<td width=\"481\">30 dias<\/td>\n<\/tr>\n<tr>\n<td width=\"200\">Paquete<\/td>\n<td width=\"481\">Caja de madera contrachapada de exportaci\u00f3n est\u00e1ndar<\/td>\n<\/tr>\n<tr>\n<td width=\"200\">Puerto de embarque<\/td>\n<td width=\"481\">Ningbo\/Shangh\u00e1i, China<\/td>\n<\/tr>\n<tr>\n<td width=\"200\">Condiciones de env\u00edo<\/td>\n<td width=\"481\">Exw, MANDO, CFR, CIF, etc.<\/td>\n<\/tr>\n<tr>\n<td width=\"200\">T\u00e9rminos de pago<\/td>\n<td width=\"481\">T\/T, Western Union, PayPal, etc.<\/td>\n<\/tr>\n<tr>\n<td width=\"200\"><\/td>\n<td width=\"481\">Pago anticipado de 30%, saldo de 70% pagado antes del env\u00edo<\/td>\n<\/tr>\n<tr>\n<td width=\"200\">Pa\u00eds de origen<\/td>\n<td width=\"481\">Ciudad de Wenzhou, China<\/td>\n<\/tr>\n<tr>\n<td width=\"200\">Capacidad de producci\u00f3n<\/td>\n<td width=\"481\">6000 toneladas\/a\u00f1o<\/td>\n<\/tr>\n<tr>\n<td width=\"200\">Cantidad m\u00ednima de pedido<\/td>\n<td width=\"481\">10 unidades\/tama\u00f1o<\/td>\n<\/tr>\n<\/tbody>\n<\/table>","protected":false},"excerpt":{"rendered":"<p>STV Valve Technology Group Co., Ltd is a professional leader China Three Eccentric Butterfly Valve,High performance Butterfly Valves,200A Wafer Butterfly Valves,16K Three Eccentric Butterfly Valve,CF8M Wafer Butterfly Valve,China Wafer Type Metal Seal Butterfly Valve,\u00a0 Metal Seat Three Eccentric Butterfly Valve With Gearbox Manufacture with high quality and competitive price.<\/p>","protected":false},"featured_media":7117,"template":"","meta":[],"product_brand":[],"product_cat":[965,971],"product_tag":[2283,2282,2284,2281,2280,732,2285],"class_list":{"0":"post-7116","1":"product","2":"type-product","3":"status-publish","4":"has-post-thumbnail","6":"product_cat-butterfly-valve","7":"product_cat-wafer-butterfly-valve","8":"product_tag-16k-three-eccentric-butterfly-valve","9":"product_tag-200a-wafer-butterfly-valves","10":"product_tag-cf8m-wafer-butterfly-valve","11":"product_tag-china-three-eccentric-butterfly-valve","12":"product_tag-china-wafer-type-metal-seal-butterfly-valve","13":"product_tag-high-performance-butterfly-valves","14":"product_tag-metal-seat-three-eccentric-butterfly-valve-with-gearbox","16":"first","17":"instock","18":"shipping-taxable","19":"product-type-simple"},"_links":{"self":[{"href":"https:\/\/www.stvvalves.com\/es\/wp-json\/wp\/v2\/product\/7116","targetHints":{"allow":["GET"]}}],"collection":[{"href":"https:\/\/www.stvvalves.com\/es\/wp-json\/wp\/v2\/product"}],"about":[{"href":"https:\/\/www.stvvalves.com\/es\/wp-json\/wp\/v2\/types\/product"}],"wp:featuredmedia":[{"embeddable":true,"href":"https:\/\/www.stvvalves.com\/es\/wp-json\/wp\/v2\/media\/7117"}],"wp:attachment":[{"href":"https:\/\/www.stvvalves.com\/es\/wp-json\/wp\/v2\/media?parent=7116"}],"wp:term":[{"taxonomy":"product_brand","embeddable":true,"href":"https:\/\/www.stvvalves.com\/es\/wp-json\/wp\/v2\/product_brand?post=7116"},{"taxonomy":"product_cat","embeddable":true,"href":"https:\/\/www.stvvalves.com\/es\/wp-json\/wp\/v2\/product_cat?post=7116"},{"taxonomy":"product_tag","embeddable":true,"href":"https:\/\/www.stvvalves.com\/es\/wp-json\/wp\/v2\/product_tag?post=7116"}],"curies":[{"name":"wp","href":"https:\/\/api.w.org\/{rel}","templated":true}]}}