{"id":7137,"date":"2024-03-02T23:46:42","date_gmt":"2024-03-02T15:46:42","guid":{"rendered":"https:\/\/www.stvvalves.com\/?post_type=product&#038;p=7137"},"modified":"2024-12-24T18:55:40","modified_gmt":"2024-12-24T10:55:40","slug":"c95800-2pc-ball-valve-800lb-dn25-npt-end","status":"publish","type":"product","link":"https:\/\/www.stvvalves.com\/es\/products\/c95800-2pc-ball-valve-800lb-dn25-npt-end\/","title":{"rendered":"C95800 2PC Ball Valve,800LB,DN25,NPT End"},"content":{"rendered":"<p>C95800 2PC Ball Valve,800LB,DN25,NPT End<\/p>\n<p>Caracter\u00edsticas:<\/p>\n<p>Size:1\/2\u2033-2\u2033<\/p>\n<p>Presi\u00f3n normal: 800-2500 lb.<\/p>\n<p>FP. Dise\u00f1o de puerto completo\/RP. Puerto Regular \/ Puerto Reducido<\/p>\n<p>Dos piezas \/ Cuerpo dividido, bola flotante<\/p>\n<p>V\u00e1stago a prueba de explosi\u00f3n<\/p>\n<p>Extremo con brida, cara elevada<\/p>\n<p>CAPI \/ ISO5211 Almohadilla de montaje<\/p>\n<p>Nivel o engranaje helicoidal<\/p>\n<p>Especificaciones<\/p>\n<p>Est\u00e1ndar de dise\u00f1o y fabricaci\u00f3n: API 608, API 607, API 6D, BS 5351<\/p>\n<p>Est\u00e1ndar cara a cara: API B16.10, API 6D, DIN 3202<br \/>\nEst\u00e1ndar de conexi\u00f3n final: NPT, BSP, BSPT, DIN259\/2999<\/p>\n<p>Est\u00e1ndar de prueba: ISO5208, API 6D, BS 6755, API598<br \/>\nMaterial del cuerpo: A105, F304, F316<\/p>\n<p>Asiento: RPTFE, PPL, nailon<\/p>\n<p>Temperatura de trabajo: -40-180 \u2103<\/p>\n<p>Adecuado: agua, petr\u00f3leo, gas.<\/p>\n<table>\n<tbody>\n<tr>\n<td width=\"200\"><strong>nombre del producto<\/strong><\/td>\n<td width=\"481\">C95800 2PC Ball Valve,800LB,DN25,NPT End<\/td>\n<\/tr>\n<tr>\n<td width=\"200\">1. Materiales<\/td>\n<td width=\"481\">C95800<\/td>\n<\/tr>\n<tr>\n<td width=\"200\">2. Tama\u00f1o<\/td>\n<td width=\"481\">1\u201d<\/td>\n<\/tr>\n<tr>\n<td width=\"200\">4. Puerto<\/td>\n<td width=\"481\">Puerto lleno<\/td>\n<\/tr>\n<tr>\n<td width=\"200\">5. Presi\u00f3n de trabajo<\/td>\n<td width=\"481\">800 libras<\/td>\n<\/tr>\n<tr>\n<td width=\"200\">6. La conexi\u00f3n finaliza<\/td>\n<td width=\"481\">TNP<\/td>\n<\/tr>\n<tr>\n<td width=\"200\">7. Temperatura de trabajo.<\/td>\n<td width=\"481\">-29~120\u00baC,<\/td>\n<\/tr>\n<tr>\n<td width=\"200\">8. Medio adecuado<\/td>\n<td width=\"481\">Agua, Gas Natural, Petr\u00f3leo y alg\u00fan l\u00edquido corrosivo<\/td>\n<\/tr>\n<tr>\n<td width=\"200\">9. Operado<\/td>\n<td width=\"481\">Volante<\/td>\n<\/tr>\n<tr>\n<td width=\"200\">10. Inspecci\u00f3n y pruebas<\/td>\n<td width=\"481\">Seg\u00fan API598<\/td>\n<\/tr>\n<tr>\n<td width=\"200\"><strong>Env\u00edo<\/strong><\/td>\n<td width=\"481\"><\/td>\n<\/tr>\n<tr>\n<td width=\"200\">El tiempo de entrega<\/td>\n<td width=\"481\">30 dias<\/td>\n<\/tr>\n<tr>\n<td width=\"200\">Paquete<\/td>\n<td width=\"481\">Caja de madera contrachapada de exportaci\u00f3n est\u00e1ndar<\/td>\n<\/tr>\n<tr>\n<td width=\"200\">Puerto de embarque<\/td>\n<td width=\"481\">Ningbo\/Shangh\u00e1i, China<\/td>\n<\/tr>\n<tr>\n<td width=\"200\">Condiciones de env\u00edo<\/td>\n<td width=\"481\">Exw, MANDO, CFR, CIF, etc.<\/td>\n<\/tr>\n<tr>\n<td width=\"200\">T\u00e9rminos de pago<\/td>\n<td width=\"481\">T\/T, Western Union, PayPal, etc.<\/td>\n<\/tr>\n<tr>\n<td width=\"200\"><\/td>\n<td width=\"481\">Pago anticipado de 30%, saldo de 70% pagado antes del env\u00edo<\/td>\n<\/tr>\n<tr>\n<td width=\"200\">Pa\u00eds de origen<\/td>\n<td width=\"481\">Ciudad de Wenzhou, China<\/td>\n<\/tr>\n<tr>\n<td width=\"200\">Capacidad de producci\u00f3n<\/td>\n<td width=\"481\">6000 toneladas\/a\u00f1o<\/td>\n<\/tr>\n<tr>\n<td width=\"200\">Cantidad m\u00ednima de pedido<\/td>\n<td width=\"481\">1 unidad\/tama\u00f1o<\/td>\n<\/tr>\n<\/tbody>\n<\/table>\n<p>.<\/p>","protected":false},"excerpt":{"rendered":"<p>STV Valve Technology Group Co., Ltd is a professional leader China ASTM B 148 C95800 Ball Valve,800lb C95800 Ball Valve ,2 piece C95800 ball valve,High pressure C95800 Ball Valve,Thread \u00a0C95800 Ball Valve, 1 Inch C95800 Ball Valve, China Forged C95800 Ball Valve Manufacturer with high quality and competitive price.<\/p>","protected":false},"featured_media":7138,"template":"","meta":[],"product_brand":[],"product_cat":[43,55],"product_tag":[2316,2315,896,2314,2317,898,899],"class_list":{"0":"post-7137","1":"product","2":"type-product","3":"status-publish","4":"has-post-thumbnail","6":"product_cat-ball-valve","7":"product_cat-forged-steel-ball-valve","8":"product_tag-1-inch-c95800-ball-valve","9":"product_tag-2-piece-c95800-ball-valve","10":"product_tag-800lb-c95800-ball-valve","11":"product_tag-china-astm-b-148-c95800-ball-valve","12":"product_tag-china-forged-c95800-ball-valve-manufacturer","13":"product_tag-high-pressure-c95800-ball-valve","14":"product_tag-thread-c95800-ball-valve","16":"first","17":"instock","18":"shipping-taxable","19":"product-type-simple"},"_links":{"self":[{"href":"https:\/\/www.stvvalves.com\/es\/wp-json\/wp\/v2\/product\/7137","targetHints":{"allow":["GET"]}}],"collection":[{"href":"https:\/\/www.stvvalves.com\/es\/wp-json\/wp\/v2\/product"}],"about":[{"href":"https:\/\/www.stvvalves.com\/es\/wp-json\/wp\/v2\/types\/product"}],"wp:featuredmedia":[{"embeddable":true,"href":"https:\/\/www.stvvalves.com\/es\/wp-json\/wp\/v2\/media\/7138"}],"wp:attachment":[{"href":"https:\/\/www.stvvalves.com\/es\/wp-json\/wp\/v2\/media?parent=7137"}],"wp:term":[{"taxonomy":"product_brand","embeddable":true,"href":"https:\/\/www.stvvalves.com\/es\/wp-json\/wp\/v2\/product_brand?post=7137"},{"taxonomy":"product_cat","embeddable":true,"href":"https:\/\/www.stvvalves.com\/es\/wp-json\/wp\/v2\/product_cat?post=7137"},{"taxonomy":"product_tag","embeddable":true,"href":"https:\/\/www.stvvalves.com\/es\/wp-json\/wp\/v2\/product_tag?post=7137"}],"curies":[{"name":"wp","href":"https:\/\/api.w.org\/{rel}","templated":true}]}}