{"id":7157,"date":"2024-03-19T11:09:32","date_gmt":"2024-03-19T03:09:32","guid":{"rendered":"https:\/\/www.stvvalves.com\/?post_type=product&#038;p=7157"},"modified":"2024-12-25T10:30:35","modified_gmt":"2024-12-25T02:30:35","slug":"c95800-dual-plate-check-valves-16-inch-rf-type-150lb-api594","status":"publish","type":"product","link":"https:\/\/www.stvvalves.com\/es\/products\/c95800-dual-plate-check-valves-16-inch-rf-type-150lb-api594\/","title":{"rendered":"C95800 Dual Plate Check Valves,16 Inch,RF Type,150LB,API594"},"content":{"rendered":"<p>China C95800 Dual Plate Check Valves,16 Inch,RF Type,150LB,API594<br \/>\nTama\u00f1o: de 2\u2033 a 48\u2033<br \/>\nPresi\u00f3n: 150 - 1500LB<br \/>\nMaterial: we can offer valves carried out in C95800,C95400,C92200,C95500<br \/>\nEst\u00e1ndar de dise\u00f1o y producci\u00f3n: API 594 o DIN<br \/>\nDistancia entre bridas: ASME B16.10, EN558, DIN3202<br \/>\nConectado seg\u00fan norma: ANSI, API, DIN<br \/>\nEst\u00e1ndar de prueba: API598, API 600, ISO5208<br \/>\nMedio: La v\u00e1lvula es adecuada para varios medios, incluidos agua, vapor, petr\u00f3leo, gas, productos derivados del petr\u00f3leo, \u00e1cido n\u00edtrico, \u00e1cido ac\u00e9tico, etc.<br \/>\nTemperatura de trabajo: desde -46\u00baC o -50\u00baC (construcciones de acero inoxidable) y -29\u00baC o -46\u00baC (construcciones de acero al carbono) hasta 600\u2103<\/p>\n<table>\n<tbody>\n<tr>\n<td width=\"200\"><strong>nombre del producto<\/strong><\/td>\n<td width=\"481\">\u00a0V\u00e1lvula de retenci\u00f3n tipo oblea C95800 de 24 pulgadas, 300 lb, brida RF<\/td>\n<\/tr>\n<tr>\n<td width=\"200\">1. Materiales<\/td>\n<td width=\"481\">C95800<\/td>\n<\/tr>\n<tr>\n<td width=\"200\">2. Tama\u00f1o<\/td>\n<td width=\"481\">24\u201d<\/td>\n<\/tr>\n<tr>\n<td width=\"200\">4. Puerto<\/td>\n<td width=\"481\">Puerto lleno<\/td>\n<\/tr>\n<tr>\n<td width=\"200\">5. Presi\u00f3n de trabajo<\/td>\n<td width=\"481\">300 libras<\/td>\n<\/tr>\n<tr>\n<td width=\"200\">6. La conexi\u00f3n finaliza<\/td>\n<td width=\"481\">RF<\/td>\n<\/tr>\n<tr>\n<td width=\"200\">7. Temperatura de trabajo.<\/td>\n<td width=\"481\">-29~200\u00baC,<\/td>\n<\/tr>\n<tr>\n<td width=\"200\">8. Medio adecuado<\/td>\n<td width=\"481\">Agua, Gas Natural, Petr\u00f3leo y alg\u00fan l\u00edquido corrosivo<\/td>\n<\/tr>\n<tr>\n<td width=\"200\">9. Operado<\/td>\n<td width=\"481\">\/<\/td>\n<\/tr>\n<tr>\n<td width=\"200\">10. Inspecci\u00f3n y pruebas<\/td>\n<td width=\"481\">Seg\u00fan API598<\/td>\n<\/tr>\n<tr>\n<td width=\"200\"><strong>Env\u00edo<\/strong><\/td>\n<td width=\"481\"><\/td>\n<\/tr>\n<tr>\n<td width=\"200\">El tiempo de entrega<\/td>\n<td width=\"481\">30 dias<\/td>\n<\/tr>\n<tr>\n<td width=\"200\">Paquete<\/td>\n<td width=\"481\">Caja de madera contrachapada de exportaci\u00f3n est\u00e1ndar<\/td>\n<\/tr>\n<tr>\n<td width=\"200\">Puerto de embarque<\/td>\n<td width=\"481\">Ningbo\/Shangh\u00e1i, China<\/td>\n<\/tr>\n<tr>\n<td width=\"200\">Condiciones de env\u00edo<\/td>\n<td width=\"481\">Exw, MANDO, CFR, CIF, etc.<\/td>\n<\/tr>\n<tr>\n<td width=\"200\">T\u00e9rminos de pago<\/td>\n<td width=\"481\">T\/T, Western Union, PayPal, etc.<\/td>\n<\/tr>\n<tr>\n<td width=\"200\"><\/td>\n<td width=\"481\">Pago anticipado de 30%, saldo de 70% pagado antes del env\u00edo<\/td>\n<\/tr>\n<tr>\n<td width=\"200\">Pa\u00eds de origen<\/td>\n<td width=\"481\">Ciudad de Wenzhou, China<\/td>\n<\/tr>\n<tr>\n<td width=\"200\">Capacidad de producci\u00f3n<\/td>\n<td width=\"481\">6000 toneladas\/a\u00f1o<\/td>\n<\/tr>\n<tr>\n<td width=\"200\">Cantidad m\u00ednima de pedido<\/td>\n<td width=\"481\">1 unidad\/tama\u00f1o<\/td>\n<\/tr>\n<\/tbody>\n<\/table>\n<p>El par de sellado de v\u00e1lvulas de bronce coincide razonablemente, y el disco de la v\u00e1lvula y la superficie de sellado del asiento de la v\u00e1lvula est\u00e1n hechos de una superficie de aleaci\u00f3n a base de hierro, que tiene buena resistencia al desgaste, resistencia a la temperatura, resistencia a la corrosi\u00f3n, resistencia al rayado y una larga vida \u00fatil. Los productos de v\u00e1lvulas de retenci\u00f3n de bronce est\u00e1n dise\u00f1ados y fabricados de acuerdo con la norma API594. Se pueden utilizar varios est\u00e1ndares de bridas de tuber\u00edas y tipos de sellado de bridas para satisfacer diversas necesidades de ingenier\u00eda y requisitos del usuario. El cuerpo de la v\u00e1lvula tiene varios materiales y la junta de brida se puede seleccionar razonablemente de acuerdo con las condiciones de trabajo reales o los requisitos del usuario, y puede ser adecuada para diversas condiciones de trabajo de presi\u00f3n, temperatura y medios.<\/p>\n<p>&nbsp;<\/p>","protected":false},"excerpt":{"rendered":"<p>Discover the benefits of C95800 Dual Plate Check Valves for your fluid control systems. Designed for optimal reliability and efficiency, these valves prevent backflow and ensure smooth operation in various applications. Ideal for industries requiring durable and corrosion-resistant solutions, the C95800 series boasts impressive performance and longevity. Learn more about specifications, installation, and maintenance to enhance your project&#8217;s success.<\/p>\n<p>STV Valve Technology Group Co., Ltd is a professional leader China Dual Plate Check Valves,16 Inch Dual Plate Check Valves, C95800 Check Valve,150lb\u00a0 Dual Plate Check Valves,RF End Dual Plate Check Valves,C95800 Check Valve Manufacturer with high quality and competitive price .C95800 wafer check valve, C95800 duo check valve, C95800 non return valve, C95800 double disc check valve, C95800 folding Disc Check Valves.<\/p>\n<p>&nbsp;<\/p>","protected":false},"featured_media":7158,"template":"","meta":[],"product_brand":[],"product_cat":[46,84],"product_tag":[2357,2361,2359,2362,2360,2358],"class_list":{"0":"post-7157","1":"product","2":"type-product","3":"status-publish","4":"has-post-thumbnail","6":"product_cat-check-valves","7":"product_cat-wafer-check-valve","8":"product_tag-b148-c95800-dual-check-valve","9":"product_tag-c95800-double-disc-check-valve","10":"product_tag-c95800-duo-check-valve","11":"product_tag-c95800-folding-disc-check-valves","12":"product_tag-c95800-non-return-valve","13":"product_tag-c95800-wafer-check-valve","15":"first","16":"instock","17":"shipping-taxable","18":"product-type-simple"},"_links":{"self":[{"href":"https:\/\/www.stvvalves.com\/es\/wp-json\/wp\/v2\/product\/7157","targetHints":{"allow":["GET"]}}],"collection":[{"href":"https:\/\/www.stvvalves.com\/es\/wp-json\/wp\/v2\/product"}],"about":[{"href":"https:\/\/www.stvvalves.com\/es\/wp-json\/wp\/v2\/types\/product"}],"wp:featuredmedia":[{"embeddable":true,"href":"https:\/\/www.stvvalves.com\/es\/wp-json\/wp\/v2\/media\/7158"}],"wp:attachment":[{"href":"https:\/\/www.stvvalves.com\/es\/wp-json\/wp\/v2\/media?parent=7157"}],"wp:term":[{"taxonomy":"product_brand","embeddable":true,"href":"https:\/\/www.stvvalves.com\/es\/wp-json\/wp\/v2\/product_brand?post=7157"},{"taxonomy":"product_cat","embeddable":true,"href":"https:\/\/www.stvvalves.com\/es\/wp-json\/wp\/v2\/product_cat?post=7157"},{"taxonomy":"product_tag","embeddable":true,"href":"https:\/\/www.stvvalves.com\/es\/wp-json\/wp\/v2\/product_tag?post=7157"}],"curies":[{"name":"wp","href":"https:\/\/api.w.org\/{rel}","templated":true}]}}