{"id":7165,"date":"2024-03-19T15:24:59","date_gmt":"2024-03-19T07:24:59","guid":{"rendered":"https:\/\/www.stvvalves.com\/?post_type=product&#038;p=7165"},"modified":"2024-03-19T15:25:23","modified_gmt":"2024-03-19T07:25:23","slug":"astm-b148-c95800-gate-valve-1-inch-class-150-api-602-sw","status":"publish","type":"product","link":"https:\/\/www.stvvalves.com\/es\/products\/astm-b148-c95800-gate-valve-1-inch-class-150-api-602-sw\/","title":{"rendered":"ASTM B148 C95800 Gate Valve,1 Inch, Class 150, API 602,SW"},"content":{"rendered":"<p>ASTM B148 C95800 Gate Valve,1 Inch, Class 150, API 602,SW<br \/>\nDise\u00f1o: API 602<br \/>\nCuerpo: B148 C95800<br \/>\nTama\u00f1o nominal: 1 pulgada<br \/>\nClase nominal: 150 libras<br \/>\nConexi\u00f3n final: extremos SW<br \/>\nCara a Cara: ASME B16.10<br \/>\nPrueba e inspecci\u00f3n: API 598<\/p>\n<p><strong>Par\u00e1metros y caracter\u00edsticas t\u00e9cnicas<\/strong><br \/>\nProducto: V\u00e1lvula de compuerta de tama\u00f1o peque\u00f1o<br \/>\nDi\u00e1metro nominal: 1\/4 pulgada \u2013 4 pulgadas<br \/>\nTemperatura de dise\u00f1o: -196 \u2103 \u2013 573 \u2103<br \/>\nPresi\u00f3n de Dise\u00f1o: Clase 150 LB \u2013 Clase 2500 LB<br \/>\nMaterial: acero al carbono, acero inoxidable, acero aleado, bronce<br \/>\nEst\u00e1ndar de dise\u00f1o: API 602, BS 5352<br \/>\nCara a Cara: Norma de Fabricaci\u00f3n, ASME B16.10<br \/>\nExtremo de conexi\u00f3n: NPT, SW, BW, bridado<br \/>\nEst\u00e1ndar de prueba: API 598, ISO 5208<br \/>\nOperaci\u00f3n: Volante<br \/>\nAplicaci\u00f3n: Central el\u00e9ctrica , Petr\u00f3leo , Ingenier\u00eda qu\u00edmica<\/p>\n<table>\n<tbody>\n<tr>\n<td width=\"200\"><strong><b>nombre del producto<\/b><\/strong><\/td>\n<td width=\"481\">V\u00e1lvula de compuerta ASTM B148 C95800, 2 pulgadas, clase 150, API 602, RF<\/td>\n<\/tr>\n<tr>\n<td width=\"200\">1. Materiales<\/td>\n<td width=\"481\">ASTM B148 C95400, C95500, C95800<br \/>\nASTM B150 C63000, C63200.<\/td>\n<\/tr>\n<tr>\n<td width=\"200\">2. Tama\u00f1o<\/td>\n<td width=\"481\">1\u201d<\/td>\n<\/tr>\n<tr>\n<td width=\"200\">4. Puerto<\/td>\n<td width=\"481\">Puerto reductor<\/td>\n<\/tr>\n<tr>\n<td width=\"200\">5. Presi\u00f3n de trabajo<\/td>\n<td width=\"481\">150 libras<\/td>\n<\/tr>\n<tr>\n<td width=\"200\">6. La conexi\u00f3n finaliza<\/td>\n<td width=\"481\">Extremo SO<\/td>\n<\/tr>\n<tr>\n<td width=\"200\">7. Temperatura de trabajo.<\/td>\n<td width=\"481\">-29~425\u00baC,<\/td>\n<\/tr>\n<tr>\n<td width=\"200\">8. Medio adecuado<\/td>\n<td width=\"481\">Agua, Gas Natural, Petr\u00f3leo y alg\u00fan l\u00edquido corrosivo<\/td>\n<\/tr>\n<tr>\n<td width=\"200\">9. Operado<\/td>\n<td width=\"481\">Volante<\/td>\n<\/tr>\n<tr>\n<td width=\"200\">10. Inspecci\u00f3n y pruebas<\/td>\n<td width=\"481\">Seg\u00fan API 598<\/td>\n<\/tr>\n<tr>\n<td width=\"200\"><strong><b>Env\u00edo<\/b><\/strong><\/td>\n<td width=\"481\"><\/td>\n<\/tr>\n<tr>\n<td width=\"200\">El tiempo de entrega<\/td>\n<td width=\"481\">30 dias<\/td>\n<\/tr>\n<tr>\n<td width=\"200\">Paquete<\/td>\n<td width=\"481\">Caja de madera contrachapada de exportaci\u00f3n est\u00e1ndar<\/td>\n<\/tr>\n<tr>\n<td width=\"200\">Puerto de embarque<\/td>\n<td width=\"481\">Ningbo\/Shangh\u00e1i, China<\/td>\n<\/tr>\n<tr>\n<td width=\"200\">Condiciones de env\u00edo<\/td>\n<td width=\"481\">Exw, MANDO, CFR, CIF, etc.<\/td>\n<\/tr>\n<tr>\n<td width=\"200\">T\u00e9rminos de pago<\/td>\n<td width=\"481\">T\/T, Western Union, PayPal, etc.<\/td>\n<\/tr>\n<tr>\n<td width=\"200\"><\/td>\n<td width=\"481\">Pago anticipado de 30%, saldo de 70% pagado antes del env\u00edo<\/td>\n<\/tr>\n<tr>\n<td width=\"200\">Pa\u00eds de origen<\/td>\n<td width=\"481\">Ciudad de Wenzhou, China<\/td>\n<\/tr>\n<tr>\n<td width=\"200\">Capacidad de producci\u00f3n<\/td>\n<td width=\"481\">6000 toneladas\/a\u00f1o<\/td>\n<\/tr>\n<tr>\n<td width=\"200\">Cantidad m\u00ednima de pedido<\/td>\n<td width=\"481\">10 unidades\/tama\u00f1o<\/td>\n<\/tr>\n<\/tbody>\n<\/table>","protected":false},"excerpt":{"rendered":"<p>STV Valve Technology Group Co., Ltd is a professional leader China ASTM B148 C95800 Gate Valve, Forged Gate Valve, Small Size Gate Valve, 1Inch Gate Valve,\u00a0 ASTM B62 Gate Valve, API 602 Gate Valve, Class 150 LB Gate Valve,Bolt Bonnet Gate Valve Manufacturer with high quality and competitive price .<\/p>","protected":false},"featured_media":7166,"template":"","meta":[],"product_brand":[],"product_cat":[44,59],"product_tag":[2374,223,1814,1586,1812,1585,1813,1565],"class_list":{"0":"post-7165","1":"product","2":"type-product","3":"status-publish","4":"has-post-thumbnail","6":"product_cat-gate-valve","7":"product_cat-forged-steel-gate-valve","8":"product_tag-1inch-gate-valve","9":"product_tag-api-602-gate-valve","10":"product_tag-astm-b62-gate-valve","11":"product_tag-bolt-bonnet-gate-valve-manufacturer","12":"product_tag-china-astm-b148-c95800-gate-valve","13":"product_tag-class-150-lb-gate-valve","14":"product_tag-forged-gate-valve","15":"product_tag-small-size-gate-valve","17":"first","18":"instock","19":"shipping-taxable","20":"product-type-simple"},"_links":{"self":[{"href":"https:\/\/www.stvvalves.com\/es\/wp-json\/wp\/v2\/product\/7165","targetHints":{"allow":["GET"]}}],"collection":[{"href":"https:\/\/www.stvvalves.com\/es\/wp-json\/wp\/v2\/product"}],"about":[{"href":"https:\/\/www.stvvalves.com\/es\/wp-json\/wp\/v2\/types\/product"}],"wp:featuredmedia":[{"embeddable":true,"href":"https:\/\/www.stvvalves.com\/es\/wp-json\/wp\/v2\/media\/7166"}],"wp:attachment":[{"href":"https:\/\/www.stvvalves.com\/es\/wp-json\/wp\/v2\/media?parent=7165"}],"wp:term":[{"taxonomy":"product_brand","embeddable":true,"href":"https:\/\/www.stvvalves.com\/es\/wp-json\/wp\/v2\/product_brand?post=7165"},{"taxonomy":"product_cat","embeddable":true,"href":"https:\/\/www.stvvalves.com\/es\/wp-json\/wp\/v2\/product_cat?post=7165"},{"taxonomy":"product_tag","embeddable":true,"href":"https:\/\/www.stvvalves.com\/es\/wp-json\/wp\/v2\/product_tag?post=7165"}],"curies":[{"name":"wp","href":"https:\/\/api.w.org\/{rel}","templated":true}]}}