{"id":7173,"date":"2024-03-20T15:21:29","date_gmt":"2024-03-20T07:21:29","guid":{"rendered":"https:\/\/www.stvvalves.com\/?post_type=product&#038;p=7173"},"modified":"2024-12-24T19:30:16","modified_gmt":"2024-12-24T11:30:16","slug":"api-609-wafer-butterfly-valve-28-inch-150lb-di-body","status":"publish","type":"product","link":"https:\/\/www.stvvalves.com\/es\/products\/api-609-wafer-butterfly-valve-28-inch-150lb-di-body\/","title":{"rendered":"API 609 Wafer Butterfly Valve, 28 Inch,150LB,DI Body"},"content":{"rendered":"<p>Size DN50-DN1200<br \/>\nNominal Pressure PN10\/16, 150-900LB<br \/>\nWorking Temperature -30\u3002c \u2013 135\u3002C<br \/>\nMedios adecuados Productos qu\u00edmicos, aire, agua, vapor, aceite, \u00e1cidos, sales, etc.<br \/>\nEst\u00e1ndares:<\/p>\n<p>Est\u00e1ndar de dise\u00f1o API609, ANSI16.34, JISB2064, GB T12238<br \/>\nCara a cara API609, DIN3202, ISO5752, BS5155<br \/>\nPerforaci\u00f3n de brida DIN2501 PN10\/16, ANSI 125\/150\/300, BS4504, JIS10K<br \/>\nBrida superior ISO5211<br \/>\nInspecci\u00f3n de prueba API598<\/p>\n<p>Material:<br \/>\nCuerpo Hierro fundido, Hierro d\u00factil, Acero al carbono, Acero inoxidable<br \/>\nDisco de hierro d\u00factil, acero al carbono, acero inoxidable<br \/>\nV\u00e1stago de acero inoxidable<br \/>\nAsiento EPDM, NBR, PTFE, VITON, HYPALON<br \/>\nJunta t\u00f3rica EPDM, NBR<\/p>\n<table>\n<tbody>\n<tr>\n<td width=\"200\"><strong><b>nombre del producto<\/b><\/strong><\/td>\n<td width=\"481\">API 609 Wafer Butterfly Valve, 28 Inch,150LB,DI Body<\/td>\n<\/tr>\n<tr>\n<td width=\"200\">1. Materiales<\/td>\n<td width=\"481\">Hierro d\u00factil<\/td>\n<\/tr>\n<tr>\n<td width=\"200\">2. Tama\u00f1o<\/td>\n<td width=\"481\">28\u201d<\/td>\n<\/tr>\n<tr>\n<td width=\"200\">4. Puerto<\/td>\n<td width=\"481\">Puerto lleno<\/td>\n<\/tr>\n<tr>\n<td width=\"200\">5. Presi\u00f3n de trabajo<\/td>\n<td width=\"481\">150 libras<\/td>\n<\/tr>\n<tr>\n<td width=\"200\">6. La conexi\u00f3n finaliza<\/td>\n<td width=\"481\">Oblea<\/td>\n<\/tr>\n<tr>\n<td width=\"200\">7. Temperatura de trabajo.<\/td>\n<td width=\"481\">-29~120\u00baC,<\/td>\n<\/tr>\n<tr>\n<td width=\"200\">8. Medio adecuado<\/td>\n<td width=\"481\">Agua, Gas Natural, Petr\u00f3leo y alg\u00fan l\u00edquido corrosivo<\/td>\n<\/tr>\n<tr>\n<td width=\"200\">9. Operado<\/td>\n<td width=\"481\">Caja de cambios<\/td>\n<\/tr>\n<tr>\n<td width=\"200\">10. Inspecci\u00f3n y pruebas<\/td>\n<td width=\"481\">Seg\u00fan API 598<\/td>\n<\/tr>\n<tr>\n<td width=\"200\"><strong><b>Env\u00edo<\/b><\/strong><\/td>\n<td width=\"481\"><\/td>\n<\/tr>\n<tr>\n<td width=\"200\">El tiempo de entrega<\/td>\n<td width=\"481\">30 dias<\/td>\n<\/tr>\n<tr>\n<td width=\"200\">Paquete<\/td>\n<td width=\"481\">Caja de madera contrachapada de exportaci\u00f3n est\u00e1ndar<\/td>\n<\/tr>\n<tr>\n<td width=\"200\">Puerto de embarque<\/td>\n<td width=\"481\">Ningbo\/Shangh\u00e1i, China<\/td>\n<\/tr>\n<tr>\n<td width=\"200\">Condiciones de env\u00edo<\/td>\n<td width=\"481\">Exw, MANDO, CFR, CIF, etc.<\/td>\n<\/tr>\n<tr>\n<td width=\"200\">T\u00e9rminos de pago<\/td>\n<td width=\"481\">T\/T, Western Union, PayPal, etc.<\/td>\n<\/tr>\n<tr>\n<td width=\"200\"><\/td>\n<td width=\"481\">Pago anticipado de 30%, saldo de 70% pagado antes del env\u00edo<\/td>\n<\/tr>\n<tr>\n<td width=\"200\">Pa\u00eds de origen<\/td>\n<td width=\"481\">Ciudad de Wenzhou, China<\/td>\n<\/tr>\n<tr>\n<td width=\"200\">Capacidad de producci\u00f3n<\/td>\n<td width=\"481\">6000 toneladas\/a\u00f1o<\/td>\n<\/tr>\n<tr>\n<td width=\"200\">Cantidad m\u00ednima de pedido<\/td>\n<td width=\"481\">10 unidades\/tama\u00f1o<\/td>\n<\/tr>\n<\/tbody>\n<\/table>\n<p>&nbsp;<\/p>","protected":false},"excerpt":{"rendered":"<p>STV Valve Technology Group Co., Ltd is a professional leader China API 609 Wafer Butterfly Valv,Cast Iron Butterfly Valve,Wafer Butterfly Valves,Butterfly valves Soft seat,28 Inch Butterfly valves,150LB 28 Inch Butterfly valves, China butterfly valve Manufacture with high quality and competitive price.<\/p>\n<p>&nbsp;<\/p>","protected":false},"featured_media":7171,"template":"","meta":[],"product_brand":[],"product_cat":[965,971],"product_tag":[2379,2378,698,702,2377,2380,700],"class_list":{"0":"post-7173","1":"product","2":"type-product","3":"status-publish","4":"has-post-thumbnail","6":"product_cat-butterfly-valve","7":"product_cat-wafer-butterfly-valve","8":"product_tag-150lb-28-inch-butterfly-valves","9":"product_tag-28-inch-butterfly-valves","10":"product_tag-butterfly-valves-soft-seat","11":"product_tag-cast-iron-butterfly-valve","12":"product_tag-china-api-609-wafer-butterfly-valv","13":"product_tag-china-butterfly-valve-manufacture","14":"product_tag-wafer-butterfly-valves","16":"first","17":"instock","18":"shipping-taxable","19":"product-type-simple"},"_links":{"self":[{"href":"https:\/\/www.stvvalves.com\/es\/wp-json\/wp\/v2\/product\/7173","targetHints":{"allow":["GET"]}}],"collection":[{"href":"https:\/\/www.stvvalves.com\/es\/wp-json\/wp\/v2\/product"}],"about":[{"href":"https:\/\/www.stvvalves.com\/es\/wp-json\/wp\/v2\/types\/product"}],"wp:featuredmedia":[{"embeddable":true,"href":"https:\/\/www.stvvalves.com\/es\/wp-json\/wp\/v2\/media\/7171"}],"wp:attachment":[{"href":"https:\/\/www.stvvalves.com\/es\/wp-json\/wp\/v2\/media?parent=7173"}],"wp:term":[{"taxonomy":"product_brand","embeddable":true,"href":"https:\/\/www.stvvalves.com\/es\/wp-json\/wp\/v2\/product_brand?post=7173"},{"taxonomy":"product_cat","embeddable":true,"href":"https:\/\/www.stvvalves.com\/es\/wp-json\/wp\/v2\/product_cat?post=7173"},{"taxonomy":"product_tag","embeddable":true,"href":"https:\/\/www.stvvalves.com\/es\/wp-json\/wp\/v2\/product_tag?post=7173"}],"curies":[{"name":"wp","href":"https:\/\/api.w.org\/{rel}","templated":true}]}}