{"id":7183,"date":"2024-03-20T22:41:47","date_gmt":"2024-03-20T14:41:47","guid":{"rendered":"https:\/\/www.stvvalves.com\/?post_type=product&#038;p=7183"},"modified":"2024-12-25T14:57:58","modified_gmt":"2024-12-25T06:57:58","slug":"b564-n04400-globe-valve-2-inch-600lb-integral-flanged","status":"publish","type":"product","link":"https:\/\/www.stvvalves.com\/es\/products\/b564-n04400-globe-valve-2-inch-600lb-integral-flanged\/","title":{"rendered":"B564 N04400 Globe Valve,2 Inch,600LB,Integral Flanged"},"content":{"rendered":"<div class=\"headline headline-md\">\n<h2>Detalle del producto<\/h2>\n<\/div>\n<div>Est\u00e1ndar de dise\u00f1o: API602.<br \/>\nMaterial del cuerpo: A105N<br \/>\nDi\u00e1metro nominal: 1 pulgada (DN25).<br \/>\nPresi\u00f3n: Clase 1500.<br \/>\nConexi\u00f3n final: RF.<br \/>\nCara a Cara: ASME B16.10.<br \/>\nTemperatura de trabajo: -29 \u2103 ~ +560 \u2103.<br \/>\nModo de funcionamiento: Volante.<br \/>\nPrueba e Inspecci\u00f3n: API 598.<\/div>\n<div class=\"headline headline-md\">\n<h2>Gama de productos<\/h2>\n<\/div>\n<div>Body Material: A105\u3001LF2\u3001F5\u3001F11\u3001F22\u3001304\u3001304L\u3001316\u3001316L\u3001F51\u3001F91\u300120#\u3001Monel\uff0cInconel .Ect<br \/>\nNormal diameter: 1\/2&#8243;~4&#8243; (DN15~DN100).<br \/>\nConexi\u00f3n final: NPT, SW, soldada a tope, bridada.<br \/>\nRango de presi\u00f3n: 150 lb ~ 2500 lb (PN10 ~ PN420).<br \/>\nOperaci\u00f3n: Volante, Actuador el\u00e9ctrico y neum\u00e1tico<br \/>\nTemperatura de trabajo: -196 \u2103 ~ +560 \u2103.<\/div>\n<div><\/div>\n<div>\n<table>\n<tbody>\n<tr>\n<td width=\"200\"><strong>nombre del producto<\/strong><\/td>\n<td width=\"481\">B564 N04400 Globe Valve,2 Inch,600LB,Integral Flanged<\/td>\n<\/tr>\n<tr>\n<td width=\"200\">1. Materiales<\/td>\n<td width=\"481\">N04400<\/td>\n<\/tr>\n<tr>\n<td width=\"200\">2. Tama\u00f1o<\/td>\n<td width=\"481\">2\u201d<\/td>\n<\/tr>\n<tr>\n<td width=\"200\">4. Puerto<\/td>\n<td width=\"481\">Puerto reductor<\/td>\n<\/tr>\n<tr>\n<td width=\"200\">5. Presi\u00f3n de trabajo<\/td>\n<td width=\"481\">600 libras<\/td>\n<\/tr>\n<tr>\n<td width=\"200\">6. La conexi\u00f3n finaliza<\/td>\n<td width=\"481\">RF<\/td>\n<\/tr>\n<tr>\n<td width=\"200\">7. Temperatura de trabajo.<\/td>\n<td width=\"481\">-29~425\u00baC,<\/td>\n<\/tr>\n<tr>\n<td width=\"200\">8. Medio adecuado<\/td>\n<td width=\"481\">Agua, Gas Natural, Petr\u00f3leo y alg\u00fan l\u00edquido corrosivo<\/td>\n<\/tr>\n<tr>\n<td width=\"200\">9. Operado<\/td>\n<td width=\"481\">Volante<\/td>\n<\/tr>\n<tr>\n<td width=\"200\">10. Inspecci\u00f3n y pruebas<\/td>\n<td width=\"481\">Seg\u00fan API598<\/td>\n<\/tr>\n<tr>\n<td width=\"200\"><strong>Env\u00edo<\/strong><\/td>\n<td width=\"481\"><\/td>\n<\/tr>\n<tr>\n<td width=\"200\">El tiempo de entrega<\/td>\n<td width=\"481\">30 dias<\/td>\n<\/tr>\n<tr>\n<td width=\"200\">Paquete<\/td>\n<td width=\"481\">Caja de madera contrachapada de exportaci\u00f3n est\u00e1ndar<\/td>\n<\/tr>\n<tr>\n<td width=\"200\">Puerto de embarque<\/td>\n<td width=\"481\">Ningbo\/Shangh\u00e1i, China<\/td>\n<\/tr>\n<tr>\n<td width=\"200\">Condiciones de env\u00edo<\/td>\n<td width=\"481\">Exw, MANDO, CFR, CIF, etc.<\/td>\n<\/tr>\n<tr>\n<td width=\"200\">T\u00e9rminos de pago<\/td>\n<td width=\"481\">T\/T, Western Union, PayPal, etc.<\/td>\n<\/tr>\n<tr>\n<td width=\"200\"><\/td>\n<td width=\"481\">Pago anticipado de 30%, saldo de 70% pagado antes del env\u00edo<\/td>\n<\/tr>\n<tr>\n<td width=\"200\">Pa\u00eds de origen<\/td>\n<td width=\"481\">Ciudad de Wenzhou, China<\/td>\n<\/tr>\n<tr>\n<td width=\"200\">Capacidad de producci\u00f3n<\/td>\n<td width=\"481\">6000 toneladas\/a\u00f1o<\/td>\n<\/tr>\n<tr>\n<td width=\"200\">Cantidad m\u00ednima de pedido<\/td>\n<td width=\"481\">1 unidad\/tama\u00f1o<\/td>\n<\/tr>\n<\/tbody>\n<\/table>\n<\/div>","protected":false},"excerpt":{"rendered":"<p>Model:STV-J41Y-1500LB-DN25-A105<\/p>\n<p>The shape of the API 602\u00a0 Globe Valve opening and closing member and the valve flow passage allows the valve to have a certain flow characteristic. This must be taken into consideration when selecting a valve.<\/p>\n<p>STV Valve Technology Group Co., Ltd is a professional leader China Integral Flanged Globe Valve ,High Pressure Globe Valve ,Forged Carbon Steel Globe Valve,API 602 Globe Valve,Monel,600LB B564 N04400 Globe Valve,Monel 400 Globe Valve, N04400 Globe Valve.2 Inch N04400 Globe Valve manufacturer with high quality and competitive price.<\/p>\n<p>Comun\u00edquese con nuestro sales@stvvalve.com para obtener otros materiales y detalles.<\/p>\n<p>Hoja de fecha:<a href=\"https:\/\/www.stvvalves.com\/wp-content\/uploads\/2019\/05\/api-602-f11-globe-valve-integral-flanged-dn40-1500lb-rf-catalog.pdf\">V\u00e1lvula de globo API 602 F11, brida integral, DN40, 1500 LB, RF<\/a><\/p>","protected":false},"featured_media":7184,"template":"","meta":[],"product_brand":[],"product_cat":[64,45],"product_tag":[2391,212,1685,439,199,2392,2393],"class_list":{"0":"post-7183","1":"product","2":"type-product","3":"status-publish","4":"has-post-thumbnail","6":"product_cat-foreged-steel-globe-valve","7":"product_cat-globe-valve","8":"product_tag-600lb-b564-n04400-globe-valve","9":"product_tag-api-602-globe-valve","10":"product_tag-china-integral-flanged-globe-valve","11":"product_tag-forged-carbon-steel-globe-valve","12":"product_tag-high-pressure-globe-valve","13":"product_tag-monel-400-globe-valve","14":"product_tag-n04400-globe-valve-2-inch-n04400-globe-valve-manufacturer","16":"first","17":"instock","18":"shipping-taxable","19":"product-type-simple"},"_links":{"self":[{"href":"https:\/\/www.stvvalves.com\/es\/wp-json\/wp\/v2\/product\/7183","targetHints":{"allow":["GET"]}}],"collection":[{"href":"https:\/\/www.stvvalves.com\/es\/wp-json\/wp\/v2\/product"}],"about":[{"href":"https:\/\/www.stvvalves.com\/es\/wp-json\/wp\/v2\/types\/product"}],"wp:featuredmedia":[{"embeddable":true,"href":"https:\/\/www.stvvalves.com\/es\/wp-json\/wp\/v2\/media\/7184"}],"wp:attachment":[{"href":"https:\/\/www.stvvalves.com\/es\/wp-json\/wp\/v2\/media?parent=7183"}],"wp:term":[{"taxonomy":"product_brand","embeddable":true,"href":"https:\/\/www.stvvalves.com\/es\/wp-json\/wp\/v2\/product_brand?post=7183"},{"taxonomy":"product_cat","embeddable":true,"href":"https:\/\/www.stvvalves.com\/es\/wp-json\/wp\/v2\/product_cat?post=7183"},{"taxonomy":"product_tag","embeddable":true,"href":"https:\/\/www.stvvalves.com\/es\/wp-json\/wp\/v2\/product_tag?post=7183"}],"curies":[{"name":"wp","href":"https:\/\/api.w.org\/{rel}","templated":true}]}}