{"id":7189,"date":"2024-03-20T23:26:47","date_gmt":"2024-03-20T15:26:47","guid":{"rendered":"https:\/\/www.stvvalves.com\/?post_type=product&#038;p=7189"},"modified":"2024-03-21T11:01:54","modified_gmt":"2024-03-21T03:01:54","slug":"600lb-basket-strainer-wcb-16-inch-rf-end","status":"publish","type":"product","link":"https:\/\/www.stvvalves.com\/es\/products\/600lb-basket-strainer-wcb-16-inch-rf-end\/","title":{"rendered":"600LB Basket Strainer,WCB,16 Inch,RF End"},"content":{"rendered":"<p><strong><u>Maintenance of\u00a0 Basket <\/u><\/strong><strong><u>Filtrar \u00a0 \u00a0 \u00a0 \u00a0 \u00a0 \u00a0 \u00a0 \u00a0 \u00a0 \u00a0 \u00a0 \u00a0 \u00a0 \u00a0 \u00a0 \u00a0 \u00a0 \u00a0 \u00a0 \u00a0 \u00a0 \u00a0 \u00a0 \u00a0 \u00a0 \u00a0 \u00a0 \u00a0 \u00a0 \u00a0 \u00a0\u00a0<\/u><\/strong><\/p>\n<ul>\n<li>La parte clave de este tipo de filtro es el n\u00facleo del filtro. El n\u00facleo del filtro consta del marco del filtro y una malla de alambre de acero inoxidable. La malla de alambre SS pertenece a las piezas de desgaste. Necesita una protecci\u00f3n especial.<\/li>\n<li>Despu\u00e9s de que el filtro haya funcionado durante alg\u00fan tiempo, precipitar\u00e1 una cierta cantidad de impurezas en el n\u00facleo del filtro, luego aumentar\u00e1 la presi\u00f3n y se reducir\u00e1 la velocidad del flujo, por lo que debemos limpiar las impurezas en el n\u00facleo del filtro a tiempo.<\/li>\n<li>Cuando limpiamos las impurezas, debemos tener cuidado de asegurar que la malla de alambre SS en el n\u00facleo del filtro no se deforme ni da\u00f1e. De lo contrario, cuando reutilice el filtro, las impurezas del l\u00edquido filtrado no alcanzar\u00e1n los requisitos dise\u00f1ados. Los compresores, la bomba o los instrumentos ser\u00e1n destruidos.<\/li>\n<li>Una vez que se haya encontrado que la malla de alambre SS est\u00e1 deformada o da\u00f1ada, debemos reemplazarla inmediatamente.<\/li>\n<\/ul>\n<p>Colador de cesta<br \/>\nBreve introducci\u00f3n:<br \/>\nEl filtro se puede utilizar en todo tipo de tuber\u00edas para recoger sustancias extra\u00f1as granuladas y contaminantes recogidos. Puede mejorar la holgura en el medio y prolongar la vida \u00fatil de las v\u00e1lvulas y otros equipos. Es apto para agua, petr\u00f3leo y vapor.<br \/>\nParte principal y material<br \/>\nCuerpo: acero al carbono<br \/>\nMalla: acero inoxidable<br \/>\nEspecificaci\u00f3n t\u00e9cnica<br \/>\nDi\u00e1metro nominal: 15~500 mm<br \/>\nPresi\u00f3n nominal: 0,6-5,0 Mpa<br \/>\nSuministramos colador de cesta tipo fundido y soldado.<br \/>\n1) Tama\u00f1os: 1\/2 \u2013 24\u2033<br \/>\n2) Clasificaci\u00f3n de presi\u00f3n: 150 lb, 300 lb, 600 lb<br \/>\n3) Temperatura adecuada: -196oC \u2013 600oC<br \/>\n4) Medio adecuado: agua, gas, petr\u00f3leo, vapor, etc.<br \/>\n5) Material del cuerpo: A106\/WCB, WCC, WC6, WC9, LCB, LCC, SS304\/CF8, SS316\/CF8M, 304L\/CF3, SS316L\/CF3M<br \/>\n6) Pantalla: Acero inoxidable (SS304\/SS316)<br \/>\n7) Conexi\u00f3n final: FF, RF, THD, BW<br \/>\n8, forma de entrada\/salida: brida\/cable interior\/cable exterior\/instalaci\u00f3n r\u00e1pida<br \/>\n9, forma de compresi\u00f3n de la cubierta: perno\/perno r\u00e1pido<br \/>\n10, viscosidad adecuada (cp): 1-30000<br \/>\n11, forma de cesta: malla de perforaci\u00f3n\/malla de una sola capa\/malla compuesta<\/p>\n<p><strong>High Pressure CL600 Flanged Simplex Basket Strainer Cast Steel Single Basket<\/strong><\/p>\n<p>&nbsp;<\/p>\n<p><strong>Strainer Applicable Medium<\/strong><br \/>\nA) Weak corrosively medium for petrochemical production such as water, ammonia, oil and hydrocarbon products etc.<\/p>\n<p>B) Corrosive medium for chemical products such as sodium hydrate, caustic soda, metric acid, acetic acid etc.<\/p>\n<p>C) Low temperature medium for refrigeration, the refrigerant such as liquefied methane, liquefied ammonia, oxygen etc.<\/p>\n<p>D) Industry hygiene medium in light industry, foodstuff and pharmacy such as beer, drink, beverage, dairy products etc.<\/p>\n<p>&nbsp;<\/p>\n<p>&nbsp;<\/p>","protected":false},"excerpt":{"rendered":"<p>STV Valve Technology Group Co., Ltd is a professional leader\u00a0 600LB Basket Strainer ,16 Inch Basket Strainer,WCB Basket Strainer,150LB Basket Strainer , RF End Basket Strainer , ASMEB16.34 Basket Strainer .<\/p>","protected":false},"featured_media":7224,"template":"","meta":[],"product_brand":[],"product_cat":[48,72],"product_tag":[2404,2463,2462,2405,2076,2403],"class_list":{"0":"post-7189","1":"product","2":"type-product","3":"status-publish","4":"has-post-thumbnail","6":"product_cat-y-strainer","7":"product_cat-cast-steel-y-type-strainer","8":"product_tag-150lb-basket-strainer","9":"product_tag-16-inch-basket-strainer","10":"product_tag-600lb-basket-strainer","11":"product_tag-asmeb16-34-basket-strainer","12":"product_tag-rf-end-basket-strainer","13":"product_tag-wcb-basket-strainer","15":"first","16":"instock","17":"shipping-taxable","18":"product-type-simple"},"_links":{"self":[{"href":"https:\/\/www.stvvalves.com\/es\/wp-json\/wp\/v2\/product\/7189","targetHints":{"allow":["GET"]}}],"collection":[{"href":"https:\/\/www.stvvalves.com\/es\/wp-json\/wp\/v2\/product"}],"about":[{"href":"https:\/\/www.stvvalves.com\/es\/wp-json\/wp\/v2\/types\/product"}],"wp:featuredmedia":[{"embeddable":true,"href":"https:\/\/www.stvvalves.com\/es\/wp-json\/wp\/v2\/media\/7224"}],"wp:attachment":[{"href":"https:\/\/www.stvvalves.com\/es\/wp-json\/wp\/v2\/media?parent=7189"}],"wp:term":[{"taxonomy":"product_brand","embeddable":true,"href":"https:\/\/www.stvvalves.com\/es\/wp-json\/wp\/v2\/product_brand?post=7189"},{"taxonomy":"product_cat","embeddable":true,"href":"https:\/\/www.stvvalves.com\/es\/wp-json\/wp\/v2\/product_cat?post=7189"},{"taxonomy":"product_tag","embeddable":true,"href":"https:\/\/www.stvvalves.com\/es\/wp-json\/wp\/v2\/product_tag?post=7189"}],"curies":[{"name":"wp","href":"https:\/\/api.w.org\/{rel}","templated":true}]}}