{"id":7194,"date":"2024-03-21T08:13:26","date_gmt":"2024-03-21T00:13:26","guid":{"rendered":"https:\/\/www.stvvalves.com\/?post_type=product&#038;p=7194"},"modified":"2024-03-21T08:21:55","modified_gmt":"2024-03-21T00:21:55","slug":"trunnion-mounted-ball-valve-28-inch-24-inch-300lb-wcb-gear-box-op","status":"publish","type":"product","link":"https:\/\/www.stvvalves.com\/es\/products\/trunnion-mounted-ball-valve-28-inch-24-inch-300lb-wcb-gear-box-op\/","title":{"rendered":"Trunnion Mounted Ball Valve,28 Inchx24 Inch,300LB,WCB,Gear Box Op"},"content":{"rendered":"<p>Cast Trunnion Mounted Ball Valve is designed in accordance with API 6D featuring 3 PC split body, side entry or top entry design. Side entry trunnion ball valve is wide range of sealing material including PTFE, PEEK, DEVLON, NYLON, etc, API 6D full bore split body trunnion ball valve can be used in working temperature range -46\u00baC~ 500\u00baC.<\/p>\n<p><strong>Especificaci\u00f3n de la v\u00e1lvula de bola montada en mu\u00f1\u00f3n forjado:\u00a0<\/strong><\/p>\n<table border=\"1\" cellspacing=\"0\">\n<tbody>\n<tr>\n<td>Tama\u00f1o de la v\u00e1lvula de bola montada en mu\u00f1\u00f3n<\/td>\n<td>NPS 2\u2033 \u2013 NPS 56\u2033<\/td>\n<\/tr>\n<tr>\n<td>La calificaci\u00f3n de presi\u00f3n<\/td>\n<td>Clase 150LB \u2013 Clase2500LB<\/td>\n<\/tr>\n<tr>\n<td>Material<\/td>\n<td>WCB, LCB, CF8, CF8M, CF3, CF3M, A105, LF2, F304, F316, F304L, F316L<\/td>\n<\/tr>\n<tr>\n<td>Est\u00e1ndar de dise\u00f1o y fabricaci\u00f3n<\/td>\n<td>API 608, API 6D, BS 5351, ASME B16.34, DIN, GOST, JIS<\/td>\n<\/tr>\n<tr>\n<td>Hecho a la cara<\/td>\n<td>ASME B16.5, API 6D<\/td>\n<\/tr>\n<tr>\n<td>Finalizar conexi\u00f3n<\/td>\n<td>ASME B16.5, ASME B16.47, ASME B16.25<\/td>\n<\/tr>\n<tr>\n<td>Prueba e inspecci\u00f3n<\/td>\n<td>ISO 5208, API 6D<\/td>\n<\/tr>\n<tr>\n<td>M\u00e9todo de operaci\u00f3n<\/td>\n<td>Manual, engranaje helicoidal, actuador el\u00e9ctrico, actuador neum\u00e1tico<\/td>\n<\/tr>\n<\/tbody>\n<\/table>\n<p><strong>Especificaciones t\u00e9cnicas de la v\u00e1lvula de bola montada en mu\u00f1\u00f3n forjado<\/strong><br \/>\n-Dise\u00f1o: ASME 16.34\/ API 6D<br \/>\n-Cara a Cara: ASME B16.10<br \/>\n-Brida final: ASME B16.5<br \/>\n-BW Extremo: ASME B16.25<br \/>\n-Prueba: API 598\/BS 6755<br \/>\n-Prueba de seguridad contra incendios: API 607\/API 6FA<br \/>\n-Especial: NACE MR-01-75<\/p>\n<p><strong>V\u00e1lvula de bola montada en mu\u00f1\u00f3n forjadoCaracter\u00edsticas de dise\u00f1o<\/strong><br \/>\n-Puerto completo o puerto reducido<br \/>\n-Dise\u00f1o a prueba de incendios<br \/>\n-Bola montada en mu\u00f1\u00f3n<br \/>\n-Doble bloqueo y sangrado<br \/>\n-Inyecci\u00f3n de sellador de emergencia<br \/>\n-Autoalivio de la presi\u00f3n de la cavidad<br \/>\n-V\u00e1stago a prueba de reventones<br \/>\n-Dispositivo antiest\u00e1tico<br \/>\n-Dise\u00f1o de doble pist\u00f3n opcional<\/p>","protected":false},"excerpt":{"rendered":"<p>STV Valve Technology Group Co., Ltd is a professional leader China 300LB Cast Steel Ball Valve,10 Inch API 6D Cast Steel Trunnion Mounted Ball Valves,API 6D Reducer Trunnion Mounted Ball Valves,3-Piece Trunnion Mounted Ball Valve,Gear Box Cast Trunnion Mounted Ball Valve,28 Inch Trunnion Mounted Ball Valve Manufacturer with high quality and competitive price.<\/p>","protected":false},"featured_media":7196,"template":"","meta":[],"product_brand":[],"product_cat":[43,56],"product_tag":[2412,2416,2414,2413,2411,2415],"class_list":{"0":"post-7194","1":"product","2":"type-product","3":"status-publish","4":"has-post-thumbnail","6":"product_cat-ball-valve","7":"product_cat-trunnion-ball-valve","8":"product_tag-10-inch-api-6d-cast-steel-trunnion-mounted-ball-valves","9":"product_tag-28-inch-trunnion-mounted-ball-valve-manufacturer","10":"product_tag-3-piece-trunnion-mounted-ball-valve","11":"product_tag-api-6d-reducer-trunnion-mounted-ball-valves","12":"product_tag-china-300lb-cast-steel-ball-valve","13":"product_tag-gear-box-cast-trunnion-mounted-ball-valve","15":"first","16":"instock","17":"shipping-taxable","18":"product-type-simple"},"_links":{"self":[{"href":"https:\/\/www.stvvalves.com\/es\/wp-json\/wp\/v2\/product\/7194","targetHints":{"allow":["GET"]}}],"collection":[{"href":"https:\/\/www.stvvalves.com\/es\/wp-json\/wp\/v2\/product"}],"about":[{"href":"https:\/\/www.stvvalves.com\/es\/wp-json\/wp\/v2\/types\/product"}],"wp:featuredmedia":[{"embeddable":true,"href":"https:\/\/www.stvvalves.com\/es\/wp-json\/wp\/v2\/media\/7196"}],"wp:attachment":[{"href":"https:\/\/www.stvvalves.com\/es\/wp-json\/wp\/v2\/media?parent=7194"}],"wp:term":[{"taxonomy":"product_brand","embeddable":true,"href":"https:\/\/www.stvvalves.com\/es\/wp-json\/wp\/v2\/product_brand?post=7194"},{"taxonomy":"product_cat","embeddable":true,"href":"https:\/\/www.stvvalves.com\/es\/wp-json\/wp\/v2\/product_cat?post=7194"},{"taxonomy":"product_tag","embeddable":true,"href":"https:\/\/www.stvvalves.com\/es\/wp-json\/wp\/v2\/product_tag?post=7194"}],"curies":[{"name":"wp","href":"https:\/\/api.w.org\/{rel}","templated":true}]}}