{"id":7217,"date":"2024-03-21T10:28:37","date_gmt":"2024-03-21T02:28:37","guid":{"rendered":"https:\/\/www.stvvalves.com\/?post_type=product&#038;p=7217"},"modified":"2025-02-17T17:50:54","modified_gmt":"2025-02-17T09:50:54","slug":"1500lb-psb-globe-valve-12-inch-wcb-rf-end","status":"publish","type":"product","link":"https:\/\/www.stvvalves.com\/es\/products\/1500lb-psb-globe-valve-12-inch-wcb-rf-end\/","title":{"rendered":"1500LB PSB GLOBE VALVE,12 Inch,WCB,RF End"},"content":{"rendered":"<p>Est\u00e1ndar de referencia del producto:<\/p>\n<p>Dise\u00f1o y fabricaci\u00f3n: B16.34 E101 ANSI<\/p>\n<p>Longitud de la estructura: B16.10 E101 ANSI<\/p>\n<p>Clasificaci\u00f3n de temperatura de presi\u00f3n: B16.34 E101 ANSI<\/p>\n<p>Experimento y prueba: E101 API598<\/p>\n<p>Tama\u00f1o: 2\u2033~60\u201d<\/p>\n<p>Clasificaci\u00f3n de presi\u00f3n: Clase 150-2500LB<\/p>\n<p>Material del cuerpo: ASTM A216 WCB, A217 WC6, A351 CF8, A351 CF8M,<\/p>\n<p>A351 CF3, A351 CF3M, A351 CN7M, etc.<\/p>\n<p>Conexi\u00f3n final: RF, RTJ, BW<\/p>\n<p>Temperatura de trabajo: -29 \u2103 ~ 650 \u2103<\/p>\n<p>Funcionamiento: volante, caja de cambios, el\u00e9ctrico, etc.<\/p>\n<table>\n<tbody>\n<tr>\n<td width=\"200\"><strong>nombre del producto<\/strong><\/td>\n<td width=\"481\">1500LB PSB GLOBE VALVE,12 Inch,WCB,RF End<\/td>\n<\/tr>\n<tr>\n<td width=\"200\">1. Materiales<\/td>\n<td width=\"481\">WCB<\/td>\n<\/tr>\n<tr>\n<td width=\"200\">2. Tama\u00f1o<\/td>\n<td width=\"481\">12\u201d<\/td>\n<\/tr>\n<tr>\n<td width=\"200\">4. Puerto<\/td>\n<td width=\"481\">Puerto lleno<\/td>\n<\/tr>\n<tr>\n<td width=\"200\">5. Presi\u00f3n de trabajo<\/td>\n<td width=\"481\">1500 libras<\/td>\n<\/tr>\n<tr>\n<td width=\"200\">6. La conexi\u00f3n finaliza<\/td>\n<td width=\"481\">RF<\/td>\n<\/tr>\n<tr>\n<td width=\"200\">7. Temperatura de trabajo.<\/td>\n<td width=\"481\">-29~425\u00baC,<\/td>\n<\/tr>\n<tr>\n<td width=\"200\">8. Medio adecuado<\/td>\n<td width=\"481\">Agua, Gas Natural, Petr\u00f3leo y alg\u00fan l\u00edquido corrosivo<\/td>\n<\/tr>\n<tr>\n<td width=\"200\">9. Operado<\/td>\n<td width=\"481\">Caja de cambios<\/td>\n<\/tr>\n<tr>\n<td width=\"200\">10. Inspecci\u00f3n y pruebas<\/td>\n<td width=\"481\">Seg\u00fan API598<\/td>\n<\/tr>\n<tr>\n<td width=\"200\"><strong>Env\u00edo<\/strong><\/td>\n<td width=\"481\"><\/td>\n<\/tr>\n<tr>\n<td width=\"200\">El tiempo de entrega<\/td>\n<td width=\"481\">30 dias<\/td>\n<\/tr>\n<tr>\n<td width=\"200\">Paquete<\/td>\n<td width=\"481\">Caja de madera contrachapada de exportaci\u00f3n est\u00e1ndar<\/td>\n<\/tr>\n<tr>\n<td width=\"200\">Puerto de embarque<\/td>\n<td width=\"481\">Ningbo\/Shangh\u00e1i, China<\/td>\n<\/tr>\n<tr>\n<td width=\"200\">Condiciones de env\u00edo<\/td>\n<td width=\"481\">Exw, MANDO, CFR, CIF, etc.<\/td>\n<\/tr>\n<tr>\n<td width=\"200\">T\u00e9rminos de pago<\/td>\n<td width=\"481\">T\/T, Western Union, PayPal, etc.<\/td>\n<\/tr>\n<tr>\n<td width=\"200\"><\/td>\n<td width=\"481\">Pago anticipado de 30%, saldo de 70% pagado antes del env\u00edo<\/td>\n<\/tr>\n<tr>\n<td width=\"200\">Pa\u00eds de origen<\/td>\n<td width=\"481\">Ciudad de Wenzhou, China<\/td>\n<\/tr>\n<tr>\n<td width=\"200\">Capacidad de producci\u00f3n<\/td>\n<td width=\"481\">6000 toneladas\/a\u00f1o<\/td>\n<\/tr>\n<tr>\n<td width=\"200\">Cantidad m\u00ednima de pedido<\/td>\n<td width=\"481\">1 unidad\/tama\u00f1o<\/td>\n<\/tr>\n<\/tbody>\n<\/table>","protected":false},"excerpt":{"rendered":"<p>Modelo: J561Y-2500LB-6<br \/>\nOur High Pressure Power Station 12500 LB Globe Valve is widely used in high pressure high temperature working conditions in power stations.high temperature and high pressure power station valve is suitable for Class1500 ANSI ~ 2500Lb, the operating temperature of -29 ~ 570 C of the oil, chemical, thermal power plants, and other operating conditions of the pipeline, cut off or connected to the media. Applicable medium: water, steam, etc.. Operating methods are: manual, gear, electric, etc.<\/p>\n<p>Est\u00e1ndar de referencia del producto:<\/p>\n<p>Dise\u00f1o y fabricaci\u00f3n: B16.34 E101 ANSI<\/p>\n<p>Longitud de la estructura: B16.10 E101 ANSI<\/p>\n<p>Clasificaci\u00f3n de temperatura de presi\u00f3n: B16.34 E101 ANSI<\/p>\n<p>Experimento y prueba: E101 API598<\/p>\n<p>Caracter\u00edsticas de la estructura del producto:<\/p>\n<p>1. El dise\u00f1o y fabricaci\u00f3n del producto seg\u00fan E101, est\u00e1ndar ANSIB16.34, puede equiparse con el uso de equipos importados.<\/p>\n<p>2 v\u00e1lvulas en la cavidad con una estructura de sello autoherm\u00e9tico a presi\u00f3n, cuanto mayor sea la presi\u00f3n interna, mejor ser\u00e1 el rendimiento del sellado.<\/p>\n<p>3 La tapa de la v\u00e1lvula y la superficie de sellado del asiento de la v\u00e1lvula con superficie de aleaci\u00f3n de estelita a base de cobalto y superficie de sellado<\/p>\n<p>Profundidad de relleno de la tapa de 4 v\u00e1lvulas razonable, relleno e inhibidor, sellado confiable, interruptor suave.<\/p>\n<p>5 v\u00e1lvula con la estructura para garantizar que la v\u00e1lvula est\u00e9 abierta para funcionar sin fugas en el v\u00e1stago de la v\u00e1lvula.<\/p>\n<p>6, la apertura y el cierre de la v\u00e1lvula de corte el\u00e9ctrica est\u00e1n controlados por el dispositivo el\u00e9ctrico, y el dispositivo el\u00e9ctrico est\u00e1 equipado respectivamente con un motor especial, un reductor de velocidad, un mecanismo de control de par, un mecanismo de operaci\u00f3n de campo, una mano y un el\u00e9ctrico. mecanismo de conmutaci\u00f3n. Adem\u00e1s del funcionamiento local, tambi\u00e9n se puede utilizar a distancia.<\/p>\n<p>STV Valve Technology Group Co., Ltd is a professional leader China 1500LB Globe Valve,China High Temperature High Pressure Globe Valve Manufacturers,China Power Station Globe Valve,High temperature and high pressure power station stop valve,Pressure seal Globe Valve,1500LB WC9 Globe Valve,1500LB WC6 Globe Valve Manufacturer with high quality and competitive price.<\/p>\n<p>&nbsp;<\/p>","protected":false},"featured_media":7218,"template":"","meta":[],"product_brand":[],"product_cat":[63,45],"product_tag":[2451,2450,210,1013,1012,2449,320,319,318,321],"class_list":{"0":"post-7217","1":"product","2":"type-product","3":"status-publish","4":"has-post-thumbnail","6":"product_cat-cast-steel-globe-valve","7":"product_cat-globe-valve","8":"product_tag-1500lb-wc6-globe-valve-manufacturer","9":"product_tag-1500lb-wc9-globe-valve","10":"product_tag-2500lb-globe-valve","11":"product_tag-2500lb-wc6-globe-valve","12":"product_tag-2500lb-wc9-globe-valve","13":"product_tag-china-1500lb-globe-valve","14":"product_tag-china-high-temperature-high-pressure-globe-valve-manufacturers","15":"product_tag-china-power-station-globe-valve","16":"product_tag-high-temperature-and-high-pressure-power-station-stop-valve","17":"product_tag-pressure-seal-globe-valve","19":"first","20":"instock","21":"shipping-taxable","22":"product-type-simple"},"_links":{"self":[{"href":"https:\/\/www.stvvalves.com\/es\/wp-json\/wp\/v2\/product\/7217","targetHints":{"allow":["GET"]}}],"collection":[{"href":"https:\/\/www.stvvalves.com\/es\/wp-json\/wp\/v2\/product"}],"about":[{"href":"https:\/\/www.stvvalves.com\/es\/wp-json\/wp\/v2\/types\/product"}],"wp:featuredmedia":[{"embeddable":true,"href":"https:\/\/www.stvvalves.com\/es\/wp-json\/wp\/v2\/media\/7218"}],"wp:attachment":[{"href":"https:\/\/www.stvvalves.com\/es\/wp-json\/wp\/v2\/media?parent=7217"}],"wp:term":[{"taxonomy":"product_brand","embeddable":true,"href":"https:\/\/www.stvvalves.com\/es\/wp-json\/wp\/v2\/product_brand?post=7217"},{"taxonomy":"product_cat","embeddable":true,"href":"https:\/\/www.stvvalves.com\/es\/wp-json\/wp\/v2\/product_cat?post=7217"},{"taxonomy":"product_tag","embeddable":true,"href":"https:\/\/www.stvvalves.com\/es\/wp-json\/wp\/v2\/product_tag?post=7217"}],"curies":[{"name":"wp","href":"https:\/\/api.w.org\/{rel}","templated":true}]}}