{"id":7229,"date":"2024-03-21T11:35:47","date_gmt":"2024-03-21T03:35:47","guid":{"rendered":"https:\/\/www.stvvalves.com\/?post_type=product&#038;p=7229"},"modified":"2024-03-21T11:46:53","modified_gmt":"2024-03-21T03:46:53","slug":"astm-b148-c95800-gate-valve-21-2-150-lb-ff-end","status":"publish","type":"product","link":"https:\/\/www.stvvalves.com\/es\/products\/astm-b148-c95800-gate-valve-21-2-150-lb-ff-end\/","title":{"rendered":"ASTM B148 C95800 Gate Valve,21\/2&#8243;,150 LB, FF End"},"content":{"rendered":"<p><strong>Solicitud:<\/strong><\/p>\n<p>Design&amp;Manucture:API6D\/ASME B16.34<\/p>\n<p>Dimensi\u00f3n cara a cara: ASME B16.10<\/p>\n<p>End Flange Dimension:ASME B16.5<\/p>\n<p>Dimensi\u00f3n soldada a tope: ASME B16.25<\/p>\n<p>Test&amp;Inespection:API598<\/p>\n<p>&nbsp;<\/p>\n<p><strong>Especificaci\u00f3n:<\/strong><\/p>\n<p>Size:2-32&#8243;<\/p>\n<p>Presi\u00f3n: 150-300 lb<\/p>\n<p>Material:C95800,C95400,C83600<\/p>\n<p>Temperature:-29\u00b0C+260\u00b0C<\/p>\n<p>Service:Sea Water<\/p>\n<p>&nbsp;<\/p>\n<p>Gate Valve full port design OS&amp;Y ,Outside screw and yoke,bolted bonnet.<\/p>\n<p>Flexiable wedge, Fully guided<\/p>\n<p>Choice of solid or split wedge<\/p>\n<p>Renewable seat rings<\/p>\n<p>Forged T-head stem<\/p>\n<p>Rising stem and non-rising handwheel<\/p>\n<p>Flanged or Butt welding ends<\/p>\n<p>Available with BG operator.<\/p>\n<p>ASTM B148 C95800\u00a0 Corrosion resisting ,High Strength,Abrasive resistance.<\/p>\n<p>&nbsp;<\/p>\n<p>&nbsp;<\/p>\n<table width=\"751\">\n<tbody>\n<tr>\n<td>Nombre del producto:<\/td>\n<td>ASTM B148 C95800 Gate Valve,21\/2&#8243;,150 LB, FF End<\/td>\n<\/tr>\n<tr>\n<td>1.Material:<\/td>\n<td>C95800<\/td>\n<\/tr>\n<tr>\n<td>2.Tama\u00f1o:<\/td>\n<td>21\/2\u2033<\/td>\n<\/tr>\n<tr>\n<td>3.Puerto:<\/td>\n<td>LLENO<\/td>\n<\/tr>\n<tr>\n<td>4. Temperatura de trabajo:<\/td>\n<td>-29 \u00b0C-260 \u00b0C<\/td>\n<\/tr>\n<tr>\n<td>5.Fin de la conexi\u00f3n:<\/td>\n<td>FF<\/td>\n<\/tr>\n<tr>\n<td>6.Presi\u00f3n de trabajo:<\/td>\n<td>150 libras<\/td>\n<\/tr>\n<tr>\n<td>7.Medio adecuado:<\/td>\n<td>Agua, Gas Natural, Petr\u00f3leo y alg\u00fan l\u00edquido corrosivo<\/td>\n<\/tr>\n<tr>\n<td>8.Operado:<\/td>\n<td>\/<\/td>\n<\/tr>\n<tr>\n<td>9. Inspecci\u00f3n y pruebas<\/td>\n<td>Seg\u00fan API 598<\/td>\n<\/tr>\n<tr>\n<td>Certificado:<\/td>\n<td>ISO, CE\/API 6D<\/td>\n<\/tr>\n<tr>\n<td><strong>Env\u00edo<\/strong><\/td>\n<td><\/td>\n<\/tr>\n<tr>\n<td>El tiempo de entrega<\/td>\n<td>30 dias<\/td>\n<\/tr>\n<tr>\n<td>Paquete<\/td>\n<td>Caja de madera contrachapada de exportaci\u00f3n est\u00e1ndar<\/td>\n<\/tr>\n<tr>\n<td>Puerto de embarque<\/td>\n<td>Ningbo\/Shangh\u00e1i, China<\/td>\n<\/tr>\n<tr>\n<td>Condiciones de env\u00edo<\/td>\n<td>Exw, MANDO, CFR, CIF, etc.<\/td>\n<\/tr>\n<tr>\n<td>T\u00e9rminos de pago<\/td>\n<td>T\/T, Western Union, PayPal, etc.<\/td>\n<\/tr>\n<tr>\n<td><\/td>\n<td>Pago anticipado de 30%, saldo de 70% pagado antes del env\u00edo<\/td>\n<\/tr>\n<tr>\n<td>Pa\u00eds de origen<\/td>\n<td>Ciudad de Wenzhou, China<\/td>\n<\/tr>\n<tr>\n<td>Capacidad de producci\u00f3n<\/td>\n<td>6000 toneladas\/a\u00f1o<\/td>\n<\/tr>\n<tr>\n<td>Cantidad m\u00ednima de pedido<\/td>\n<td>10 unidades\/tama\u00f1o<\/td>\n<\/tr>\n<\/tbody>\n<\/table>","protected":false},"excerpt":{"rendered":"<p>STV Valve Technology Group Co., Ltd is China C95800 Gate Valve , B148 Gate Valve , 150LB B148 Gate Valve, Bolt Bonnet B148 Gate Valve, RF Flange B148 Gate Valve, 21\/2 Inch C95800 Gate Valve manufacturer with high quality and low price.<\/p>\n<p>&nbsp;<\/p>","protected":false},"featured_media":7230,"template":"","meta":[],"product_brand":[],"product_cat":[44,58],"product_tag":[2477,2480,2476,2478,2475,2479],"class_list":{"0":"post-7229","1":"product","2":"type-product","3":"status-publish","4":"has-post-thumbnail","6":"product_cat-gate-valve","7":"product_cat-cast-steel-gate-valve","8":"product_tag-150lb-b148-gate-valve","9":"product_tag-21-2-inch-c95800-gate-valve-manufacturer","10":"product_tag-b148-gate-valve","11":"product_tag-bolt-bonnet-b148-gate-valve","12":"product_tag-china-c95800-gate-valve","13":"product_tag-rf-flange-b148-gate-valve","15":"first","16":"instock","17":"shipping-taxable","18":"product-type-simple"},"_links":{"self":[{"href":"https:\/\/www.stvvalves.com\/es\/wp-json\/wp\/v2\/product\/7229","targetHints":{"allow":["GET"]}}],"collection":[{"href":"https:\/\/www.stvvalves.com\/es\/wp-json\/wp\/v2\/product"}],"about":[{"href":"https:\/\/www.stvvalves.com\/es\/wp-json\/wp\/v2\/types\/product"}],"wp:featuredmedia":[{"embeddable":true,"href":"https:\/\/www.stvvalves.com\/es\/wp-json\/wp\/v2\/media\/7230"}],"wp:attachment":[{"href":"https:\/\/www.stvvalves.com\/es\/wp-json\/wp\/v2\/media?parent=7229"}],"wp:term":[{"taxonomy":"product_brand","embeddable":true,"href":"https:\/\/www.stvvalves.com\/es\/wp-json\/wp\/v2\/product_brand?post=7229"},{"taxonomy":"product_cat","embeddable":true,"href":"https:\/\/www.stvvalves.com\/es\/wp-json\/wp\/v2\/product_cat?post=7229"},{"taxonomy":"product_tag","embeddable":true,"href":"https:\/\/www.stvvalves.com\/es\/wp-json\/wp\/v2\/product_tag?post=7229"}],"curies":[{"name":"wp","href":"https:\/\/api.w.org\/{rel}","templated":true}]}}