{"id":7268,"date":"2024-04-06T11:53:37","date_gmt":"2024-04-06T03:53:37","guid":{"rendered":"https:\/\/www.stvvalves.com\/?post_type=product&#038;p=7268"},"modified":"2024-12-25T14:57:17","modified_gmt":"2024-12-25T06:57:17","slug":"1500lb-weld-bonnet-gate-valve-a105n-body-dn50-butt-weld-end","status":"publish","type":"product","link":"https:\/\/www.stvvalves.com\/es\/products\/1500lb-weld-bonnet-gate-valve-a105n-body-dn50-butt-weld-end\/","title":{"rendered":"1500LB Weld Bonnet Gate Valve,A105N Body,DN50,Butt Weld End"},"content":{"rendered":"<p>Caracteristicas de dise\u00f1o<br \/>\n1. Puerto completo o puerto convencional<br \/>\n2. Tornillo exterior y yugo (OS&amp;Y)<br \/>\n3. Prensaestopas autoalineables de dos piezas<br \/>\n4. Bonete atornillado con junta en espiral, bonete roscado y sellado soldado o bonete roscado y sellado a presi\u00f3n<br \/>\n5. Asiento trasero integral<br \/>\n6.Disponible en ANSI 150-2500LB, tama\u00f1os: 1\/2\u2033 a 2\u2033.<br \/>\n7.Materiales: A105N, LF2, F304, F316, F11, F22, F5, F91, acero aleado, etc.<br \/>\n8.Rango de temperatura: 0\u00b0C a 538\u00b0C.<br \/>\n9.Puerto: Puerto reductor y puerto completo.<br \/>\n10.Fin de conexi\u00f3n; NPT,BW,SW,RF,RTJ.<\/p>\n<table>\n<tbody>\n<tr>\n<td width=\"200\"><strong><b>nombre del producto<\/b><\/strong><\/td>\n<td width=\"481\">1500LB Weld Bonnet Gate Valve,A105N Body,DN50,Butt Weld End<\/td>\n<\/tr>\n<tr>\n<td width=\"200\">1. Materiales<\/td>\n<td width=\"481\">A105N<\/td>\n<\/tr>\n<tr>\n<td width=\"200\">2. Tama\u00f1o<\/td>\n<td width=\"481\">2\u201d<\/td>\n<\/tr>\n<tr>\n<td width=\"200\">4. Puerto<\/td>\n<td width=\"481\">Puerto reductor<\/td>\n<\/tr>\n<tr>\n<td width=\"200\">5. Presi\u00f3n de trabajo<\/td>\n<td width=\"481\">1500 libras<\/td>\n<\/tr>\n<tr>\n<td width=\"200\">6. La conexi\u00f3n finaliza<\/td>\n<td width=\"481\">Butt Weld End<\/td>\n<\/tr>\n<tr>\n<td width=\"200\">7. Temperatura de trabajo.<\/td>\n<td width=\"481\">-29~425\u00baC,<\/td>\n<\/tr>\n<tr>\n<td width=\"200\">8. Medio adecuado<\/td>\n<td width=\"481\">Agua, Gas Natural, Petr\u00f3leo y alg\u00fan l\u00edquido corrosivo<\/td>\n<\/tr>\n<tr>\n<td width=\"200\">9. Operado<\/td>\n<td width=\"481\">Volante<\/td>\n<\/tr>\n<tr>\n<td width=\"200\">10. Inspecci\u00f3n y pruebas<\/td>\n<td width=\"481\">Seg\u00fan API 598<\/td>\n<\/tr>\n<tr>\n<td width=\"200\"><strong><b>Env\u00edo<\/b><\/strong><\/td>\n<td width=\"481\"><\/td>\n<\/tr>\n<tr>\n<td width=\"200\">El tiempo de entrega<\/td>\n<td width=\"481\">30 dias<\/td>\n<\/tr>\n<tr>\n<td width=\"200\">Paquete<\/td>\n<td width=\"481\">Caja de madera contrachapada de exportaci\u00f3n est\u00e1ndar<\/td>\n<\/tr>\n<tr>\n<td width=\"200\">Puerto de embarque<\/td>\n<td width=\"481\">Ningbo\/Shangh\u00e1i, China<\/td>\n<\/tr>\n<tr>\n<td width=\"200\">Condiciones de env\u00edo<\/td>\n<td width=\"481\">Exw, MANDO, CFR, CIF, etc.<\/td>\n<\/tr>\n<tr>\n<td width=\"200\">T\u00e9rminos de pago<\/td>\n<td width=\"481\">T\/T, Western Union, PayPal, etc.<\/td>\n<\/tr>\n<tr>\n<td width=\"200\"><\/td>\n<td width=\"481\">Pago anticipado de 30%, saldo de 70% pagado antes del env\u00edo<\/td>\n<\/tr>\n<tr>\n<td width=\"200\">Pa\u00eds de origen<\/td>\n<td width=\"481\">Ciudad de Wenzhou, China<\/td>\n<\/tr>\n<tr>\n<td width=\"200\">Capacidad de producci\u00f3n<\/td>\n<td width=\"481\">6000 toneladas\/a\u00f1o<\/td>\n<\/tr>\n<tr>\n<td width=\"200\">Cantidad m\u00ednima de pedido<\/td>\n<td width=\"481\">10 unidades\/tama\u00f1o<\/td>\n<\/tr>\n<\/tbody>\n<\/table>","protected":false},"excerpt":{"rendered":"<p>Modelo:STV-Z61YW-1500LB-A105N-2\u2033<\/p>\n<p>La v\u00e1lvula de compuerta con cap\u00f3 soldado de acero forjado de 1500 LB del volante transmite torsi\u00f3n al v\u00e1stago de la v\u00e1lvula a trav\u00e9s de la tuerca del v\u00e1stago. el v\u00e1stago de la v\u00e1lvula est\u00e1 forjado y templado con A182F6 (1Cr13) y tiene una dureza de HB220-250. Para reducir la p\u00e9rdida de potencia durante el proceso de transmisi\u00f3n, la tuerca del v\u00e1stago est\u00e1 hecha de hierro d\u00factil con alto contenido de n\u00edquel A439GR.D2 o aleaci\u00f3n de cobre (el hierro d\u00factil con alto contenido de n\u00edquel tiene ciertas propiedades autolubricantes) y la dureza es de aproximadamente HB50. m\u00e1s peque\u00f1o que el v\u00e1stago de la v\u00e1lvula.<\/p>\n<p>Las v\u00e1lvulas de compuerta de acero forjado son adecuadas para tuber\u00edas de peque\u00f1o di\u00e1metro con temperaturas de funcionamiento de -29-450 \u00b0C (acero al carbono) o -29-500 \u00b0C (acero inoxidable). Se utiliza para cortar o conectar los medios en la tuber\u00eda. Se pueden utilizar diferentes materiales. En agua, vapor, aceite, \u00e1cido n\u00edtrico, \u00e1cido ac\u00e9tico, medio oxidante, urea y otros medios.<\/p>\n<p>STV Valve Technology Group Co., Ltd es un l\u00edder profesional V\u00e1lvulas de compuerta de acero forjado de China, capo soldado clase 1500, v\u00e1lvulas de compuerta de capo soldado de acero forjado, v\u00e1lvula de compuerta de capo soldada de acero forjado, v\u00e1lvula de compuerta de acero forjado seg\u00fan API 602, fabricante de v\u00e1lvulas de compuerta DN50 de China con alta calidad y precio competitivo.<\/p>\n<p>&nbsp;<\/p>","protected":false},"featured_media":7269,"template":"","meta":[],"product_brand":[],"product_cat":[59,44],"product_tag":[658,657,654,656,655],"class_list":{"0":"post-7268","1":"product","2":"type-product","3":"status-publish","4":"has-post-thumbnail","6":"product_cat-forged-steel-gate-valve","7":"product_cat-gate-valve","8":"product_tag-dn50-gate-valve","9":"product_tag-forged-steel-gate-valve-to-api-602","10":"product_tag-forged-steel-gate-valves-welded-bonnet-class-1500","11":"product_tag-forged-steel-weld-bonnet-gate-valve","12":"product_tag-welded-bonnet-forged-steel-valves","14":"first","15":"instock","16":"shipping-taxable","17":"product-type-simple"},"_links":{"self":[{"href":"https:\/\/www.stvvalves.com\/es\/wp-json\/wp\/v2\/product\/7268","targetHints":{"allow":["GET"]}}],"collection":[{"href":"https:\/\/www.stvvalves.com\/es\/wp-json\/wp\/v2\/product"}],"about":[{"href":"https:\/\/www.stvvalves.com\/es\/wp-json\/wp\/v2\/types\/product"}],"wp:featuredmedia":[{"embeddable":true,"href":"https:\/\/www.stvvalves.com\/es\/wp-json\/wp\/v2\/media\/7269"}],"wp:attachment":[{"href":"https:\/\/www.stvvalves.com\/es\/wp-json\/wp\/v2\/media?parent=7268"}],"wp:term":[{"taxonomy":"product_brand","embeddable":true,"href":"https:\/\/www.stvvalves.com\/es\/wp-json\/wp\/v2\/product_brand?post=7268"},{"taxonomy":"product_cat","embeddable":true,"href":"https:\/\/www.stvvalves.com\/es\/wp-json\/wp\/v2\/product_cat?post=7268"},{"taxonomy":"product_tag","embeddable":true,"href":"https:\/\/www.stvvalves.com\/es\/wp-json\/wp\/v2\/product_tag?post=7268"}],"curies":[{"name":"wp","href":"https:\/\/api.w.org\/{rel}","templated":true}]}}