{"id":7270,"date":"2024-04-06T16:25:09","date_gmt":"2024-04-06T08:25:09","guid":{"rendered":"https:\/\/www.stvvalves.com\/?post_type=product&#038;p=7270"},"modified":"2024-07-26T17:12:11","modified_gmt":"2024-07-26T09:12:11","slug":"extension-stem-gate-valve-f304-2-inch-600lb-rf-end","status":"publish","type":"product","link":"https:\/\/www.stvvalves.com\/es\/products\/extension-stem-gate-valve-f304-2-inch-600lb-rf-end\/","title":{"rendered":"Extension Stem Gate Valve,F304,2 Inch,600LB,RF End"},"content":{"rendered":"<p>API 602\/ASME B16.34<br \/>\nJunta enrollada en espiral con SS304\/grafito o SS316\/grafito<br \/>\nCu\u00f1a s\u00f3lida<br \/>\nTornillo exterior y yugo (OS&amp;Y)<br \/>\nPrensaestopas autoalineables de dos piezas<br \/>\nDise\u00f1os compactos y resistentes para servicio a alta presi\u00f3n y temperatura.<br \/>\nReemplazo de volante sin afectar la posici\u00f3n de la cancela.<\/p>\n<p>Material del cuerpo\/cap\u00f3: ASTM A105\/F316\/F316L\/F304\/F304L\/F11\/F22\/<br \/>\nClasificaci\u00f3n de v\u00e1lvula: CLASE 800 (PN130) y CLASE 1500 (PN260)<br \/>\nTama\u00f1o del puerto: Puerto est\u00e1ndar\/puerto completo<br \/>\nSize Range : 1\/4\u2033 \u2013 4\u2033 (8mm \u2013 100mm)<br \/>\nConexiones finales: roscadas (NPT\/BSPT\/DIN), para soldar<br \/>\nTemperatura de trabajo: (Para A105) -29\u00b0C~425\u00b0C;<br \/>\nAplicaci\u00f3n de servicio: Hidr\u00e1ulico,Vapor,Qu\u00edmico,Petr\u00f3leo\/Gas<br \/>\nEnerg\u00eda, petroqu\u00edmica, marina, miner\u00eda<br \/>\nConstrucci\u00f3n<\/p>\n<table>\n<tbody>\n<tr>\n<td width=\"200\"><strong><b>nombre del producto<\/b><\/strong><\/td>\n<td width=\"481\">Extension Stem Gate Valve,F304,2 Inch,600LB,RF End<\/td>\n<\/tr>\n<tr>\n<td width=\"200\">1. Materiales<\/td>\n<td width=\"481\">F304<\/td>\n<\/tr>\n<tr>\n<td width=\"200\">2. Tama\u00f1o<\/td>\n<td width=\"481\">2\u201d<\/td>\n<\/tr>\n<tr>\n<td width=\"200\">4. Puerto<\/td>\n<td width=\"481\">Puerto reductor<\/td>\n<\/tr>\n<tr>\n<td width=\"200\">5. Presi\u00f3n de trabajo<\/td>\n<td width=\"481\">600 libras<\/td>\n<\/tr>\n<tr>\n<td width=\"200\">6. La conexi\u00f3n finaliza<\/td>\n<td width=\"481\">Extremo de RF<\/td>\n<\/tr>\n<tr>\n<td width=\"200\">7. Temperatura de trabajo.<\/td>\n<td width=\"481\">-29~600\u00baC,<\/td>\n<\/tr>\n<tr>\n<td width=\"200\">8. Medio adecuado<\/td>\n<td width=\"481\">Agua, Gas Natural, Petr\u00f3leo y alg\u00fan l\u00edquido corrosivo<\/td>\n<\/tr>\n<tr>\n<td width=\"200\">9. Operado<\/td>\n<td width=\"481\">Volante<\/td>\n<\/tr>\n<tr>\n<td width=\"200\">10. Inspecci\u00f3n y pruebas<\/td>\n<td width=\"481\">Seg\u00fan API 598<\/td>\n<\/tr>\n<tr>\n<td width=\"200\"><strong><b>Env\u00edo<\/b><\/strong><\/td>\n<td width=\"481\"><\/td>\n<\/tr>\n<tr>\n<td width=\"200\">El tiempo de entrega<\/td>\n<td width=\"481\">30 dias<\/td>\n<\/tr>\n<tr>\n<td width=\"200\">Paquete<\/td>\n<td width=\"481\">Caja de madera contrachapada de exportaci\u00f3n est\u00e1ndar<\/td>\n<\/tr>\n<tr>\n<td width=\"200\">Puerto de embarque<\/td>\n<td width=\"481\">Ningbo\/Shangh\u00e1i, China<\/td>\n<\/tr>\n<tr>\n<td width=\"200\">Condiciones de env\u00edo<\/td>\n<td width=\"481\">Exw, MANDO, CFR, CIF, etc.<\/td>\n<\/tr>\n<tr>\n<td width=\"200\">T\u00e9rminos de pago<\/td>\n<td width=\"481\">T\/T, Western Union, PayPal, etc.<\/td>\n<\/tr>\n<tr>\n<td width=\"200\"><\/td>\n<td width=\"481\">Pago anticipado de 30%, saldo de 70% pagado antes del env\u00edo<\/td>\n<\/tr>\n<tr>\n<td width=\"200\">Pa\u00eds de origen<\/td>\n<td width=\"481\">Ciudad de Wenzhou, China<\/td>\n<\/tr>\n<tr>\n<td width=\"200\">Capacidad de producci\u00f3n<\/td>\n<td width=\"481\">6000 toneladas\/a\u00f1o<\/td>\n<\/tr>\n<tr>\n<td width=\"200\">Cantidad m\u00ednima de pedido<\/td>\n<td width=\"481\">10 unidades\/tama\u00f1o<\/td>\n<\/tr>\n<\/tbody>\n<\/table>","protected":false},"excerpt":{"rendered":"<p>STV Valve Technology Group Co., Ltd is a professional leader China Extension Stem Forged Gate Valve,ASTM F304 Extension Stem\u00a0 Gate Valve, 2 Inch Extension Stem\u00a0 Gate Valve,600 LB Extension Stem Gate Valve,Flange Extension Stem Gate Valve Manufacturer with high quality and competitive price.<\/p>","protected":false},"featured_media":7271,"template":"","meta":[],"product_brand":[],"product_cat":[44,59],"product_tag":[2518,2519,2517,2202,2520],"class_list":{"0":"post-7270","1":"product","2":"type-product","3":"status-publish","4":"has-post-thumbnail","6":"product_cat-gate-valve","7":"product_cat-forged-steel-gate-valve","8":"product_tag-2-inch-extension-stem-gate-valve","9":"product_tag-600-lb-extension-stem-gate-valve","10":"product_tag-astm-f304-extension-stem-gate-valve","11":"product_tag-china-extension-stem-forged-gate-valve","12":"product_tag-flange-extension-stem-gate-valve-manufacturer","14":"first","15":"instock","16":"shipping-taxable","17":"product-type-simple"},"_links":{"self":[{"href":"https:\/\/www.stvvalves.com\/es\/wp-json\/wp\/v2\/product\/7270","targetHints":{"allow":["GET"]}}],"collection":[{"href":"https:\/\/www.stvvalves.com\/es\/wp-json\/wp\/v2\/product"}],"about":[{"href":"https:\/\/www.stvvalves.com\/es\/wp-json\/wp\/v2\/types\/product"}],"wp:featuredmedia":[{"embeddable":true,"href":"https:\/\/www.stvvalves.com\/es\/wp-json\/wp\/v2\/media\/7271"}],"wp:attachment":[{"href":"https:\/\/www.stvvalves.com\/es\/wp-json\/wp\/v2\/media?parent=7270"}],"wp:term":[{"taxonomy":"product_brand","embeddable":true,"href":"https:\/\/www.stvvalves.com\/es\/wp-json\/wp\/v2\/product_brand?post=7270"},{"taxonomy":"product_cat","embeddable":true,"href":"https:\/\/www.stvvalves.com\/es\/wp-json\/wp\/v2\/product_cat?post=7270"},{"taxonomy":"product_tag","embeddable":true,"href":"https:\/\/www.stvvalves.com\/es\/wp-json\/wp\/v2\/product_tag?post=7270"}],"curies":[{"name":"wp","href":"https:\/\/api.w.org\/{rel}","templated":true}]}}