{"id":7274,"date":"2024-04-19T23:30:55","date_gmt":"2024-04-19T15:30:55","guid":{"rendered":"https:\/\/www.stvvalves.com\/?post_type=product&#038;p=7274"},"modified":"2024-12-25T09:33:36","modified_gmt":"2024-12-25T01:33:36","slug":"astm-b148-c95800-swing-check-valve-1-inch-300-lb-sw-end","status":"publish","type":"product","link":"https:\/\/www.stvvalves.com\/es\/products\/astm-b148-c95800-swing-check-valve-1-inch-300-lb-sw-end\/","title":{"rendered":"ASTM B148 C95800 Swing Check Valve,1 Inch,300 LB,SW End"},"content":{"rendered":"<p>Producto:<strong>\u00a0V\u00e1lvula de retenci\u00f3n de tama\u00f1o peque\u00f1o, tipo LIFT<\/strong><br \/>\nDise\u00f1o: API 602<br \/>\nCuerpo:\u00a0<strong>ASTM B148 C95800<\/strong><br \/>\nTama\u00f1o nominal: 1 pulgada<br \/>\nClase nominal: 300 libras<br \/>\nConnection Ends: SW Ends<br \/>\nCara a cara: seg\u00fan ASME B16.10<br \/>\nPrueba e inspecci\u00f3n: API 598<\/p>\n<p><strong>Par\u00e1metros y caracter\u00edsticas t\u00e9cnicas.<\/strong><br \/>\nProducto: V\u00e1lvula antirretorno de peque\u00f1o tama\u00f1o.<br \/>\nDi\u00e1metro nominal: 1\/4 a 4IN.<br \/>\nTemperatura de dise\u00f1o: -29 \u2103 a 260 \u2103.<br \/>\nPresi\u00f3n de dise\u00f1o: Clase 150 a 900.<br \/>\nMateriales: ASTM B148 C95400, C95500, C95800; ASTM B150 C63000, C63200.<br \/>\nEst\u00e1ndares de dise\u00f1o: API 602; BS 1868, ASME B16.34.<br \/>\nCara a cara: Norma de fabricaci\u00f3n, ASME B16.10.<br \/>\nExtremos de conexi\u00f3n: NPT, Brida.<br \/>\nEst\u00e1ndares de prueba: API 598, ISO 520.<br \/>\nOperaci\u00f3n: X.<br \/>\nAplicaciones: para agua de mar, offshore y marina.<br \/>\nFunci\u00f3n 1: Cap\u00f3 atornillado.<br \/>\nFunci\u00f3n 2: tipo oscilaci\u00f3n, tipo elevaci\u00f3n.<br \/>\nFunci\u00f3n 3: Paso total y reducci\u00f3n del paso.<br \/>\nFunci\u00f3n 4: Extremos con bridas integrales y extremos F-NPT.<\/p>","protected":false},"excerpt":{"rendered":"<p>China STV ASTM B148 C95800 C95800 Swing Check Valve Manufacturer Supplies ASTM B148 C95800 Swing Check Valve, 1 Inch B148 C95800 Swing Check Valve, 300 LB B148 C95800 Swing Check Valve, API 602 B148 C95800 Swing Check Valve, SW End B148 C95800 Swing Check Valve.<\/p>","protected":false},"featured_media":7275,"template":"","meta":[],"product_brand":[],"product_cat":[46,66],"product_tag":[2522,2523,2524,2521,2525],"class_list":{"0":"post-7274","1":"product","2":"type-product","3":"status-publish","4":"has-post-thumbnail","6":"product_cat-check-valves","7":"product_cat-swing-check-valve","8":"product_tag-1-inch-b148-c95800-swing-check-valve","9":"product_tag-300-lb-b148-c95800-swing-check-valve","10":"product_tag-api-602-b148-c95800-swing-check-valve","11":"product_tag-astm-b148-c95800-swing-check-valve","12":"product_tag-sw-end-b148-c95800-swing-check-valve","14":"first","15":"instock","16":"shipping-taxable","17":"product-type-simple"},"_links":{"self":[{"href":"https:\/\/www.stvvalves.com\/es\/wp-json\/wp\/v2\/product\/7274","targetHints":{"allow":["GET"]}}],"collection":[{"href":"https:\/\/www.stvvalves.com\/es\/wp-json\/wp\/v2\/product"}],"about":[{"href":"https:\/\/www.stvvalves.com\/es\/wp-json\/wp\/v2\/types\/product"}],"wp:featuredmedia":[{"embeddable":true,"href":"https:\/\/www.stvvalves.com\/es\/wp-json\/wp\/v2\/media\/7275"}],"wp:attachment":[{"href":"https:\/\/www.stvvalves.com\/es\/wp-json\/wp\/v2\/media?parent=7274"}],"wp:term":[{"taxonomy":"product_brand","embeddable":true,"href":"https:\/\/www.stvvalves.com\/es\/wp-json\/wp\/v2\/product_brand?post=7274"},{"taxonomy":"product_cat","embeddable":true,"href":"https:\/\/www.stvvalves.com\/es\/wp-json\/wp\/v2\/product_cat?post=7274"},{"taxonomy":"product_tag","embeddable":true,"href":"https:\/\/www.stvvalves.com\/es\/wp-json\/wp\/v2\/product_tag?post=7274"}],"curies":[{"name":"wp","href":"https:\/\/api.w.org\/{rel}","templated":true}]}}