{"id":7280,"date":"2024-04-20T00:06:07","date_gmt":"2024-04-19T16:06:07","guid":{"rendered":"https:\/\/www.stvvalves.com\/?post_type=product&#038;p=7280"},"modified":"2025-02-17T17:50:30","modified_gmt":"2025-02-17T09:50:30","slug":"bolt-bonnet-gate-valve-600lb-16-inch-api-600-flanged-end","status":"publish","type":"product","link":"https:\/\/www.stvvalves.com\/es\/products\/bolt-bonnet-gate-valve-600lb-16-inch-api-600-flanged-end\/","title":{"rendered":"Bolt Bonnet Gate Valve 600LB,16 Inch,API 600,Flanged End"},"content":{"rendered":"<p>V\u00c1LVULA DE PUERTA DE ACERO FUNDIDO CLASE 150~1500<br \/>\nOS&amp;Y, v\u00e1stago ascendente, cu\u00f1a flexible<br \/>\nCap\u00f3 atornillado, anillo de asiento roscado o soldado<br \/>\nASTM A216 WCB, A217 WC6, A351 CF8, A351 CF8M,<br \/>\nA351 CF3,A351 CF3M,A351 CN7M<\/p>\n<p>Cumplimiento de normas<br \/>\nDise\u00f1o y fabricaci\u00f3n:ANSIB16.34,API600 API6D,API603,BS1414<br \/>\nCara a cara (de extremo a extremo):ANSIB16.10,API6D<br \/>\nConexi\u00f3n bridada: 2\u2033~24\u2033a ANSIB16.5,22\u2033,26\u2033~36\u2033a MSS-SP-44 a API605 a pedido<br \/>\nPrueba e inspecci\u00f3n: API598, API6D<br \/>\nExtremo soldado a tope:ANSIB16.5<\/p>\n<table>\n<tbody>\n<tr>\n<td width=\"200\"><strong>nombre del producto<\/strong><\/td>\n<td width=\"481\">Bolt Bonnet Gate Valve 600LB,16 Inch,API 600,Flanged End<\/td>\n<\/tr>\n<tr>\n<td width=\"200\">1. Materiales<\/td>\n<td width=\"481\">WCB<\/td>\n<\/tr>\n<tr>\n<td width=\"200\">2. Tama\u00f1o<\/td>\n<td width=\"481\">3\u201d<\/td>\n<\/tr>\n<tr>\n<td width=\"200\">4. Puerto<\/td>\n<td width=\"481\">Puerto lleno<\/td>\n<\/tr>\n<tr>\n<td width=\"200\">5. Presi\u00f3n de trabajo<\/td>\n<td width=\"481\">600 libras<\/td>\n<\/tr>\n<tr>\n<td width=\"200\">6. La conexi\u00f3n finaliza<\/td>\n<td width=\"481\">RF<\/td>\n<\/tr>\n<tr>\n<td width=\"200\">7. Temperatura de trabajo.<\/td>\n<td width=\"481\">-29~425\u00baC,<\/td>\n<\/tr>\n<tr>\n<td width=\"200\">8. Medio adecuado<\/td>\n<td width=\"481\">Agua, Gas Natural, Petr\u00f3leo y alg\u00fan l\u00edquido corrosivo<\/td>\n<\/tr>\n<tr>\n<td width=\"200\">9. Operado<\/td>\n<td width=\"481\">Volante<\/td>\n<\/tr>\n<tr>\n<td width=\"200\">10. Inspecci\u00f3n y pruebas<\/td>\n<td width=\"481\">Seg\u00fan API598<\/td>\n<\/tr>\n<tr>\n<td width=\"200\"><strong>Env\u00edo<\/strong><\/td>\n<td width=\"481\"><\/td>\n<\/tr>\n<tr>\n<td width=\"200\">El tiempo de entrega<\/td>\n<td width=\"481\">30 dias<\/td>\n<\/tr>\n<tr>\n<td width=\"200\">Paquete<\/td>\n<td width=\"481\">Caja de madera contrachapada de exportaci\u00f3n est\u00e1ndar<\/td>\n<\/tr>\n<tr>\n<td width=\"200\">Puerto de embarque<\/td>\n<td width=\"481\">Ningbo\/Shangh\u00e1i, China<\/td>\n<\/tr>\n<tr>\n<td width=\"200\">Condiciones de env\u00edo<\/td>\n<td width=\"481\">Exw, MANDO, CFR, CIF, etc.<\/td>\n<\/tr>\n<tr>\n<td width=\"200\">T\u00e9rminos de pago<\/td>\n<td width=\"481\">T\/T, Western Union, PayPal, etc.<\/td>\n<\/tr>\n<tr>\n<td width=\"200\"><\/td>\n<td width=\"481\">Pago anticipado de 30%, saldo de 70% pagado antes del env\u00edo<\/td>\n<\/tr>\n<tr>\n<td width=\"200\">Pa\u00eds de origen<\/td>\n<td width=\"481\">Ciudad de Wenzhou, China<\/td>\n<\/tr>\n<tr>\n<td width=\"200\">Capacidad de producci\u00f3n<\/td>\n<td width=\"481\">6000 toneladas\/a\u00f1o<\/td>\n<\/tr>\n<tr>\n<td width=\"200\">Cantidad m\u00ednima de pedido<\/td>\n<td width=\"481\">1 unidad\/tama\u00f1o<\/td>\n<\/tr>\n<\/tbody>\n<\/table>","protected":false},"excerpt":{"rendered":"<p>Model:STV-Z541Y-600LB-16&#8243;-WCB<\/p>\n<p>STV Valve Technology Group Co., Ltd is a professional leader China Cast steel gate valve 600Lb,API 600 Cast Steel Gate Valves,Cast Steel Gate Valve,16 Inch\u00a0Bolt Bonnet Gate Valve Asme B16.34 Class 600 Lb Cast Steel Gate Valve,China Cast Steel Gate Valves Manufacturer with high quality and competitive price.<\/p>\n<p>&nbsp;<\/p>","protected":false},"featured_media":7281,"template":"","meta":[],"product_brand":[],"product_cat":[58,44],"product_tag":[2527,615,613,616,614,617],"class_list":{"0":"post-7280","1":"product","2":"type-product","3":"status-publish","4":"has-post-thumbnail","6":"product_cat-cast-steel-gate-valve","7":"product_cat-gate-valve","8":"product_tag-16-inch-bolt-bonnet-gate-valve","9":"product_tag-api-600-cast-steel-gate-valves","10":"product_tag-asme-b16-34-class-600-lb-cast-steel-gate-valve","11":"product_tag-cast-steel-gate-valve","12":"product_tag-cast-steel-gate-valve-600lb","13":"product_tag-china-cast-steel-gate-valves-manufacturer","15":"first","16":"instock","17":"shipping-taxable","18":"product-type-simple"},"_links":{"self":[{"href":"https:\/\/www.stvvalves.com\/es\/wp-json\/wp\/v2\/product\/7280","targetHints":{"allow":["GET"]}}],"collection":[{"href":"https:\/\/www.stvvalves.com\/es\/wp-json\/wp\/v2\/product"}],"about":[{"href":"https:\/\/www.stvvalves.com\/es\/wp-json\/wp\/v2\/types\/product"}],"wp:featuredmedia":[{"embeddable":true,"href":"https:\/\/www.stvvalves.com\/es\/wp-json\/wp\/v2\/media\/7281"}],"wp:attachment":[{"href":"https:\/\/www.stvvalves.com\/es\/wp-json\/wp\/v2\/media?parent=7280"}],"wp:term":[{"taxonomy":"product_brand","embeddable":true,"href":"https:\/\/www.stvvalves.com\/es\/wp-json\/wp\/v2\/product_brand?post=7280"},{"taxonomy":"product_cat","embeddable":true,"href":"https:\/\/www.stvvalves.com\/es\/wp-json\/wp\/v2\/product_cat?post=7280"},{"taxonomy":"product_tag","embeddable":true,"href":"https:\/\/www.stvvalves.com\/es\/wp-json\/wp\/v2\/product_tag?post=7280"}],"curies":[{"name":"wp","href":"https:\/\/api.w.org\/{rel}","templated":true}]}}