{"id":7330,"date":"2024-04-30T15:35:18","date_gmt":"2024-04-30T07:35:18","guid":{"rendered":"https:\/\/www.stvvalves.com\/?post_type=product&#038;p=7330"},"modified":"2025-08-18T13:55:29","modified_gmt":"2025-08-18T05:55:29","slug":"long-pattern-ball-valve-a105-1-inch-rf-end","status":"publish","type":"product","link":"https:\/\/www.stvvalves.com\/es\/products\/long-pattern-ball-valve-a105-1-inch-rf-end\/","title":{"rendered":"Long Pattern Ball Valve,A105,1 Inch,RF End"},"content":{"rendered":"<p>1. Tama\u00f1o: 1\/2~2\u201d (DN15~DN50)<\/p>\n<p>2. Clasificaci\u00f3n: 150~2500LB(PN16~PN420)<\/p>\n<p>3. Material del cuerpo: A105, F304, F316;LF2;304L;316L;F347;F321<\/p>\n<p>4. Asiento: PTFE, RPTFE<\/p>\n<p>5. Para orificio y reducci\u00f3n de orificio.<\/p>\n<p>6. V\u00e1stago a prueba de explosiones<\/p>\n<p>7. Almohadilla de montaje ISO5211<\/p>\n<p>8. Nivel, engranaje helicoidal, actuador<\/p>\n<p>Design confirms: BS 5352 or API 6D<\/p>\n<p>Extremos soldados con casquillo: ANSI B16.11;<\/p>\n<p>Extremos de tornillo: ANSI B 1.20.1;<\/p>\n<p>Extremos soldados a tope: ANSI B16.25;<\/p>\n<p>Extremos con bridas: ANSI B 16.5;<\/p>\n<p>Confirmaci\u00f3n de prueba e inspecci\u00f3n: API598;<\/p>\n<table>\n<tbody>\n<tr>\n<td width=\"200\"><strong>nombre del producto<\/strong><\/td>\n<td width=\"481\">Long Pattern Ball Valve,A105,1 Inch,RF End<\/td>\n<\/tr>\n<tr>\n<td width=\"200\">1. Materiales<\/td>\n<td width=\"481\">A105<\/td>\n<\/tr>\n<tr>\n<td width=\"200\">2. Tama\u00f1o<\/td>\n<td width=\"481\">1\u201d<\/td>\n<\/tr>\n<tr>\n<td width=\"200\">4. Puerto<\/td>\n<td width=\"481\">Puerto lleno<\/td>\n<\/tr>\n<tr>\n<td width=\"200\">5. Presi\u00f3n de trabajo<\/td>\n<td width=\"481\">600 libras<\/td>\n<\/tr>\n<tr>\n<td width=\"200\">6. La conexi\u00f3n finaliza<\/td>\n<td width=\"481\">RF<\/td>\n<\/tr>\n<tr>\n<td width=\"200\">7. Temperatura de trabajo.<\/td>\n<td width=\"481\">-29~120\u00baC,<\/td>\n<\/tr>\n<tr>\n<td width=\"200\">8. Medio adecuado<\/td>\n<td width=\"481\">Agua, Gas Natural, Petr\u00f3leo y alg\u00fan l\u00edquido corrosivo<\/td>\n<\/tr>\n<tr>\n<td width=\"200\">9. Operado<\/td>\n<td width=\"481\">VOLANTE<\/td>\n<\/tr>\n<tr>\n<td width=\"200\">10. Inspecci\u00f3n y pruebas<\/td>\n<td width=\"481\">Seg\u00fan API 598<\/td>\n<\/tr>\n<tr>\n<td width=\"200\"><strong>Env\u00edo<\/strong><\/td>\n<td width=\"481\"><\/td>\n<\/tr>\n<tr>\n<td width=\"200\">El tiempo de entrega<\/td>\n<td width=\"481\">30 dias<\/td>\n<\/tr>\n<tr>\n<td width=\"200\">Paquete<\/td>\n<td width=\"481\">Caja de madera contrachapada de exportaci\u00f3n est\u00e1ndar<\/td>\n<\/tr>\n<tr>\n<td width=\"200\">Puerto de embarque<\/td>\n<td width=\"481\">Ningbo\/Shangh\u00e1i, China<\/td>\n<\/tr>\n<tr>\n<td width=\"200\">Condiciones de env\u00edo<\/td>\n<td width=\"481\">Exw, MANDO, CFR, CIF, etc.<\/td>\n<\/tr>\n<tr>\n<td width=\"200\">T\u00e9rminos de pago<\/td>\n<td width=\"481\">T\/T, Western Union, PayPal, etc.<\/td>\n<\/tr>\n<tr>\n<td width=\"200\"><\/td>\n<td width=\"481\">Pago anticipado de 30%, saldo de 70% pagado antes del env\u00edo<\/td>\n<\/tr>\n<tr>\n<td width=\"200\">Pa\u00eds de origen<\/td>\n<td width=\"481\">Ciudad de Wenzhou, China<\/td>\n<\/tr>\n<tr>\n<td width=\"200\">Capacidad de producci\u00f3n<\/td>\n<td width=\"481\">6000 toneladas\/a\u00f1o<\/td>\n<\/tr>\n<tr>\n<td width=\"200\">Cantidad m\u00ednima de pedido<\/td>\n<td width=\"481\">1 unidad\/tama\u00f1o<\/td>\n<\/tr>\n<\/tbody>\n<\/table>","protected":false},"excerpt":{"rendered":"<p>Model:STV-Q41F-600LB-DN25<\/p>\n<p>STV Valve Technology Group Co., Ltd is a professional leader China Long Pattern Ball Valve,Forged steel Long Pattern Ball Valve ,A105 Long Pattern Ball Valve,High pressure Long Pattern Ball Valve,2PC Long Pattern Ball Valve, 2 pc ball valves,600LB Long Pattern Ball Valve,Peek Long Pattern Ball Valve, 1 Inch Long Pattern Ball Valve,RF End Long Pattern Ball Valve \u00a0manufacturer with high quality and competitive price.<\/p>","protected":false},"featured_media":8344,"template":"","meta":[],"product_brand":[],"product_cat":[43,55],"product_tag":[3678,3675,3674,3676,3672,3670,3671,3673,3677,3679],"class_list":{"0":"post-7330","1":"product","2":"type-product","3":"status-publish","4":"has-post-thumbnail","6":"product_cat-ball-valve","7":"product_cat-forged-steel-ball-valve","8":"product_tag-1-inch-long-pattern-ball-valve","9":"product_tag-2-pc-ball-valves","10":"product_tag-2pc-long-pattern-ball-valve","11":"product_tag-600lb-long-pattern-ball-valve","12":"product_tag-a105-long-pattern-ball-valve","13":"product_tag-china-long-pattern-ball-valve","14":"product_tag-forged-steel-long-pattern-ball-valve","15":"product_tag-high-pressure-long-pattern-ball-valve","16":"product_tag-peek-long-pattern-ball-valve","17":"product_tag-rf-end-long-pattern-ball-valve-manufacturer","19":"first","20":"instock","21":"shipping-taxable","22":"product-type-simple"},"_links":{"self":[{"href":"https:\/\/www.stvvalves.com\/es\/wp-json\/wp\/v2\/product\/7330","targetHints":{"allow":["GET"]}}],"collection":[{"href":"https:\/\/www.stvvalves.com\/es\/wp-json\/wp\/v2\/product"}],"about":[{"href":"https:\/\/www.stvvalves.com\/es\/wp-json\/wp\/v2\/types\/product"}],"wp:featuredmedia":[{"embeddable":true,"href":"https:\/\/www.stvvalves.com\/es\/wp-json\/wp\/v2\/media\/8344"}],"wp:attachment":[{"href":"https:\/\/www.stvvalves.com\/es\/wp-json\/wp\/v2\/media?parent=7330"}],"wp:term":[{"taxonomy":"product_brand","embeddable":true,"href":"https:\/\/www.stvvalves.com\/es\/wp-json\/wp\/v2\/product_brand?post=7330"},{"taxonomy":"product_cat","embeddable":true,"href":"https:\/\/www.stvvalves.com\/es\/wp-json\/wp\/v2\/product_cat?post=7330"},{"taxonomy":"product_tag","embeddable":true,"href":"https:\/\/www.stvvalves.com\/es\/wp-json\/wp\/v2\/product_tag?post=7330"}],"curies":[{"name":"wp","href":"https:\/\/api.w.org\/{rel}","templated":true}]}}