{"id":7344,"date":"2024-05-06T17:03:46","date_gmt":"2024-05-06T09:03:46","guid":{"rendered":"https:\/\/www.stvvalves.com\/?post_type=product&#038;p=7344"},"modified":"2024-05-13T17:04:29","modified_gmt":"2024-05-13T09:04:29","slug":"28-inch-api-600-flanged-gate-valve-wcb-ansi-150lb-gear-box-op","status":"publish","type":"product","link":"https:\/\/www.stvvalves.com\/es\/products\/28-inch-api-600-flanged-gate-valve-wcb-ansi-150lb-gear-box-op\/","title":{"rendered":"28 Inch API 600 Flanged Gate Valve, WCB,ANSI 150lb,Gear Box OP"},"content":{"rendered":"<p>Especificaciones t\u00e9cnicas<br \/>\n-Dise\u00f1o: ASME 16.34\/ API 6D\/ API 600\/ BS 1414<br \/>\n-Cara a Cara: ASME B16.10<br \/>\n-Brida final: ASME B16.5, ASME B16.47<br \/>\n-BW Extremo: ASME B16.25<br \/>\n-Prueba: API 598\/ API 6D\/ BS 6755<br \/>\n-Especial: NACE MR-01-75<\/p>\n<p>Caracteristicas de dise\u00f1o<br \/>\n-OS &amp; Y, v\u00e1stago ascendente<br \/>\n\u2013 Cap\u00f3 atornillado con junta en espiral<br \/>\n-Cu\u00f1a flexible<br \/>\n-Depositado por soldadura en el asiento trasero<br \/>\n-Anillo de asiento roscado o soldado<br \/>\n-Anillos de asiento renovables<br \/>\n-Cap\u00f3 extendido para servicio criog\u00e9nico<br \/>\n-Extremos bridados o soldados a tope.<br \/>\n-Por pase bajo petici\u00f3n<br \/>\n-Dispositivo de bloqueo opcional<\/p>\n<p>Gama de productos<br \/>\n-Tama\u00f1o de la v\u00e1lvula:<br \/>\n2\u2033 ~ 48\u2033 (DN50-DN1200)<br \/>\n-Presi\u00f3n:<br \/>\nClase ANSI 150~2500 (PN16-PN420)<br \/>\n-Temperatura:<br \/>\n-196\u00baC~ 500\u00baC<br \/>\n-Materiales del cuerpo:<br \/>\nAcero al carbono, Acero inoxidable, Acero aleado, Acero d\u00faplex<br \/>\n-Trim (Disco\/V\u00e1stago):<br \/>\nAcero al carbono, Acero inoxidable, Acero d\u00faplex, Acero aleado<\/p>\n<p>&nbsp;<\/p>\n<table>\n<tbody>\n<tr>\n<td width=\"200\"><strong>nombre del producto<\/strong><\/td>\n<td width=\"481\">\u00a032 Inch API 600 Carbon Steel Flanged Gate Valve,ANSI 150lb,Gear Box OP<\/td>\n<\/tr>\n<tr>\n<td width=\"200\">1. Materiales<\/td>\n<td width=\"481\">WCB<\/td>\n<\/tr>\n<tr>\n<td width=\"200\">2. Tama\u00f1o<\/td>\n<td width=\"481\">32\u201d<\/td>\n<\/tr>\n<tr>\n<td width=\"200\">4. Puerto<\/td>\n<td width=\"481\">Puerto lleno<\/td>\n<\/tr>\n<tr>\n<td width=\"200\">5. Presi\u00f3n de trabajo<\/td>\n<td width=\"481\">150 libras<\/td>\n<\/tr>\n<tr>\n<td width=\"200\">6. La conexi\u00f3n finaliza<\/td>\n<td width=\"481\">RF<\/td>\n<\/tr>\n<tr>\n<td width=\"200\">7. Temperatura de trabajo.<\/td>\n<td width=\"481\">-29~425\u00baC,<\/td>\n<\/tr>\n<tr>\n<td width=\"200\">8. Medio adecuado<\/td>\n<td width=\"481\">Agua, Gas Natural, Petr\u00f3leo y alg\u00fan l\u00edquido corrosivo<\/td>\n<\/tr>\n<tr>\n<td width=\"200\">9. Operado<\/td>\n<td width=\"481\">Caja de cambios OP<\/td>\n<\/tr>\n<tr>\n<td width=\"200\">10. Inspecci\u00f3n y pruebas<\/td>\n<td width=\"481\">Seg\u00fan API598<\/td>\n<\/tr>\n<tr>\n<td width=\"200\"><strong>Env\u00edo<\/strong><\/td>\n<td width=\"481\"><\/td>\n<\/tr>\n<tr>\n<td width=\"200\">El tiempo de entrega<\/td>\n<td width=\"481\">30 dias<\/td>\n<\/tr>\n<tr>\n<td width=\"200\">Paquete<\/td>\n<td width=\"481\">Caja de madera contrachapada de exportaci\u00f3n est\u00e1ndar<\/td>\n<\/tr>\n<tr>\n<td width=\"200\">Puerto de embarque<\/td>\n<td width=\"481\">Ningbo\/Shangh\u00e1i, China<\/td>\n<\/tr>\n<tr>\n<td width=\"200\">Condiciones de env\u00edo<\/td>\n<td width=\"481\">Exw, MANDO, CFR, CIF, etc.<\/td>\n<\/tr>\n<tr>\n<td width=\"200\">T\u00e9rminos de pago<\/td>\n<td width=\"481\">T\/T, Western Union, PayPal, etc.<\/td>\n<\/tr>\n<tr>\n<td width=\"200\"><\/td>\n<td width=\"481\">Pago anticipado de 30%, saldo de 70% pagado antes del env\u00edo<\/td>\n<\/tr>\n<tr>\n<td width=\"200\">Pa\u00eds de origen<\/td>\n<td width=\"481\">Ciudad de Wenzhou, China<\/td>\n<\/tr>\n<tr>\n<td width=\"200\">Capacidad de producci\u00f3n<\/td>\n<td width=\"481\">6000 toneladas\/a\u00f1o<\/td>\n<\/tr>\n<tr>\n<td width=\"200\">Cantidad m\u00ednima de pedido<\/td>\n<td width=\"481\">1 unidad\/tama\u00f1o<\/td>\n<\/tr>\n<\/tbody>\n<\/table>","protected":false},"excerpt":{"rendered":"<p>Model:STV-Z541H-150LB-28\u2033-WCB<br \/>\n28 Inch API 600 Carbon Steel Flanged Gate Valve that opens by lifting a round or rectangular gate\/wedge out of the path of the fluid. The distinct feature of a gate valve is the sealing surfaces between the gate and seats are planar. The gate faces can form a wedge shape or they can be parallel. Typical gate valves should never be used for regulating flow, unless they are specifically designed for that purpose. On opening the gate valve, the flow path is enlarged in a highly nonlinear manner with respect to percent of opening.<\/p>\n<p>STV Valve Technology Group Co., Ltd is a professional leader China Class150 28 inch Carbon Steel Flange Gate Valve,ASTM A216 150LB WCB Gate valve to API 600,astm a216 wcb flanged gate valve, carbon steel wedge gate valve,Flexible Wedge Cast Steel Gate Valve,API 600 Cast Steel Gate Valves,China Flanged Bolted Bonnet Gate Valve Manufacturer with high quality and competitive price.<\/p>\n<p>&nbsp;<\/p>\n<p>&nbsp;<\/p>","protected":false},"featured_media":7369,"template":"","meta":[],"product_brand":[],"product_cat":[44,58],"product_tag":[2606,615,623,624,2598,2599,625],"class_list":{"0":"post-7344","1":"product","2":"type-product","3":"status-publish","4":"has-post-thumbnail","6":"product_cat-gate-valve","7":"product_cat-cast-steel-gate-valve","8":"product_tag-28-inch-carbon-steel-flange-gate-valve","9":"product_tag-api-600-cast-steel-gate-valves","10":"product_tag-astm-a216-150lb-wcb-gate-valve-to-api-600","11":"product_tag-astm-a216-wcb-flanged-gate-valve","12":"product_tag-carbon-steel-wedge-gate-valve","13":"product_tag-china-flanged-bolted-bonnet-gate-valve-manufacturer","14":"product_tag-flexible-wedge-cast-steel-gate-valve","16":"first","17":"instock","18":"shipping-taxable","19":"product-type-simple"},"_links":{"self":[{"href":"https:\/\/www.stvvalves.com\/es\/wp-json\/wp\/v2\/product\/7344","targetHints":{"allow":["GET"]}}],"collection":[{"href":"https:\/\/www.stvvalves.com\/es\/wp-json\/wp\/v2\/product"}],"about":[{"href":"https:\/\/www.stvvalves.com\/es\/wp-json\/wp\/v2\/types\/product"}],"wp:featuredmedia":[{"embeddable":true,"href":"https:\/\/www.stvvalves.com\/es\/wp-json\/wp\/v2\/media\/7369"}],"wp:attachment":[{"href":"https:\/\/www.stvvalves.com\/es\/wp-json\/wp\/v2\/media?parent=7344"}],"wp:term":[{"taxonomy":"product_brand","embeddable":true,"href":"https:\/\/www.stvvalves.com\/es\/wp-json\/wp\/v2\/product_brand?post=7344"},{"taxonomy":"product_cat","embeddable":true,"href":"https:\/\/www.stvvalves.com\/es\/wp-json\/wp\/v2\/product_cat?post=7344"},{"taxonomy":"product_tag","embeddable":true,"href":"https:\/\/www.stvvalves.com\/es\/wp-json\/wp\/v2\/product_tag?post=7344"}],"curies":[{"name":"wp","href":"https:\/\/api.w.org\/{rel}","templated":true}]}}