{"id":7407,"date":"2024-05-26T21:58:40","date_gmt":"2024-05-26T13:58:40","guid":{"rendered":"https:\/\/www.stvvalves.com\/?post_type=product&#038;p=7407"},"modified":"2025-02-17T17:49:01","modified_gmt":"2025-02-17T09:49:01","slug":"thin-wafer-check-valve-astm-b148-c95800-8-in-cl150-api-594","status":"publish","type":"product","link":"https:\/\/www.stvvalves.com\/es\/products\/thin-wafer-check-valve-astm-b148-c95800-8-in-cl150-api-594\/","title":{"rendered":"Thin Wafer Check Valve, ASTM B148 C95800, 8 IN CL150, API 594"},"content":{"rendered":"<p>Dise\u00f1o y fabricaci\u00f3n: API594, API 6D<br \/>\nCara a cara y de extremo a extremo: API594,API6D,DIN3202<br \/>\nClasificaci\u00f3n de presi\u00f3n-temperatura: ASME B16.34, DIN2410<br \/>\nInspecci\u00f3n y prueba: API598<br \/>\nBrida de tuber\u00eda: ASME B16.5, DIN2543~2548, GB\/T13402, API605, ASME B16.47.<\/p>\n<p>Gama de productos<\/p>\n<p>Body material: C95800,C95400,C92200,C95500<\/p>\n<p>Di\u00e1metro nominal: 1\/2\u2033~48\u2033(DN15~DN1200)<\/p>\n<p>Conexi\u00f3n final: oblea<\/p>\n<p>Rango de presi\u00f3n: Clase 150~900(PN16~PN150)<\/p>\n<p>Temperatura de trabajo: -196 \u2103 ~ + 560 \u2103<\/p>\n<table>\n<tbody>\n<tr>\n<td width=\"200\"><strong>nombre del producto<\/strong><\/td>\n<td width=\"481\">Thin Wafer Check Valve, ASTM B148 C95800, 8 IN CL150, API 594<\/td>\n<\/tr>\n<tr>\n<td width=\"200\">1. Materiales<\/td>\n<td width=\"481\">C95800<\/td>\n<\/tr>\n<tr>\n<td width=\"200\">2. Tama\u00f1o<\/td>\n<td width=\"481\">8\u201d<\/td>\n<\/tr>\n<tr>\n<td width=\"200\">4. Puerto<\/td>\n<td width=\"481\">Puerto reductor<\/td>\n<\/tr>\n<tr>\n<td width=\"200\">5. Presi\u00f3n de trabajo<\/td>\n<td width=\"481\">150 libras<\/td>\n<\/tr>\n<tr>\n<td width=\"200\">6. La conexi\u00f3n finaliza<\/td>\n<td width=\"481\">Oblea<\/td>\n<\/tr>\n<tr>\n<td width=\"200\">7. Temperatura de trabajo.<\/td>\n<td width=\"481\">-29~200\u00baC,<\/td>\n<\/tr>\n<tr>\n<td width=\"200\">8. Medio adecuado<\/td>\n<td width=\"481\">Agua, Gas Natural, Petr\u00f3leo y alg\u00fan l\u00edquido corrosivo<\/td>\n<\/tr>\n<tr>\n<td width=\"200\">9. Operado<\/td>\n<td width=\"481\">\/<\/td>\n<\/tr>\n<tr>\n<td width=\"200\">10. Inspecci\u00f3n y pruebas<\/td>\n<td width=\"481\">Seg\u00fan API594<\/td>\n<\/tr>\n<tr>\n<td width=\"200\"><strong>Env\u00edo<\/strong><\/td>\n<td width=\"481\"><\/td>\n<\/tr>\n<tr>\n<td width=\"200\">El tiempo de entrega<\/td>\n<td width=\"481\">30 dias<\/td>\n<\/tr>\n<tr>\n<td width=\"200\">Paquete<\/td>\n<td width=\"481\">Caja de madera contrachapada de exportaci\u00f3n est\u00e1ndar<\/td>\n<\/tr>\n<tr>\n<td width=\"200\">Puerto de embarque<\/td>\n<td width=\"481\">Ningbo\/Shangh\u00e1i, China<\/td>\n<\/tr>\n<tr>\n<td width=\"200\">Condiciones de env\u00edo<\/td>\n<td width=\"481\">Exw, MANDO, CFR, CIF, etc.<\/td>\n<\/tr>\n<tr>\n<td width=\"200\">T\u00e9rminos de pago<\/td>\n<td width=\"481\">T\/T, Western Union, PayPal, etc.<\/td>\n<\/tr>\n<tr>\n<td width=\"200\"><\/td>\n<td width=\"481\">Pago anticipado de 30%, saldo de 70% pagado antes del env\u00edo<\/td>\n<\/tr>\n<tr>\n<td width=\"200\">Pa\u00eds de origen<\/td>\n<td width=\"481\">Ciudad de Wenzhou, China<\/td>\n<\/tr>\n<tr>\n<td width=\"200\">Capacidad de producci\u00f3n<\/td>\n<td width=\"481\">6000 toneladas\/a\u00f1o<\/td>\n<\/tr>\n<tr>\n<td width=\"200\">Cantidad m\u00ednima de pedido<\/td>\n<td width=\"481\">1 unidad\/tama\u00f1o<\/td>\n<\/tr>\n<\/tbody>\n<\/table>","protected":false},"excerpt":{"rendered":"<p>Our C95800 Thin Check Valve 150LB\u00a0 is an ultra-thin check valve, which has the advantages of simple structure, beautiful appearance, light weight and convenient installation. Thin check valves are mainly suitable for water supply systems, petroleum, chemical, metallurgical and other industrial sectors, where installation space is limited.<\/p>\n<p>Explore the advanced technology of thin wafer check valves, engineered for optimal performance and space-saving applications. Our innovative designs ensure reliable flow control with minimal pressure drop, making them ideal for a variety of industries. Learn about the benefits, specifications, and applications of these versatile components in your systems.<\/p>\n<p>STV Valve Technology Group Co., Ltd is a professional leader China\u00a0 Single thin Check Valve,C95800 Single Disc Swing Check Valve,C95800 Single thin Check Valve,,150LB C95800 Single thin Check Valve,8 Inch C95800 dual check valve Manufacturer with high quality and competitive price.<\/p>\n<p>&nbsp;<\/p>","protected":false},"featured_media":7408,"template":"","meta":[],"product_brand":[],"product_cat":[46,84],"product_tag":[2662,2663,2660,2661,2659],"class_list":{"0":"post-7407","1":"product","2":"type-product","3":"status-publish","4":"has-post-thumbnail","6":"product_cat-check-valves","7":"product_cat-wafer-check-valve","8":"product_tag-150lb-c95800-single-thin-check-valve","9":"product_tag-8-inch-c95800-dual-check-valve-manufacturer","10":"product_tag-c95800-single-disc-swing-check-valve","11":"product_tag-c95800-single-thin-check-valve","12":"product_tag-china-single-thin-check-valve","14":"first","15":"instock","16":"shipping-taxable","17":"product-type-simple"},"_links":{"self":[{"href":"https:\/\/www.stvvalves.com\/es\/wp-json\/wp\/v2\/product\/7407","targetHints":{"allow":["GET"]}}],"collection":[{"href":"https:\/\/www.stvvalves.com\/es\/wp-json\/wp\/v2\/product"}],"about":[{"href":"https:\/\/www.stvvalves.com\/es\/wp-json\/wp\/v2\/types\/product"}],"wp:featuredmedia":[{"embeddable":true,"href":"https:\/\/www.stvvalves.com\/es\/wp-json\/wp\/v2\/media\/7408"}],"wp:attachment":[{"href":"https:\/\/www.stvvalves.com\/es\/wp-json\/wp\/v2\/media?parent=7407"}],"wp:term":[{"taxonomy":"product_brand","embeddable":true,"href":"https:\/\/www.stvvalves.com\/es\/wp-json\/wp\/v2\/product_brand?post=7407"},{"taxonomy":"product_cat","embeddable":true,"href":"https:\/\/www.stvvalves.com\/es\/wp-json\/wp\/v2\/product_cat?post=7407"},{"taxonomy":"product_tag","embeddable":true,"href":"https:\/\/www.stvvalves.com\/es\/wp-json\/wp\/v2\/product_tag?post=7407"}],"curies":[{"name":"wp","href":"https:\/\/api.w.org\/{rel}","templated":true}]}}