{"id":7412,"date":"2024-05-28T20:10:20","date_gmt":"2024-05-28T12:10:20","guid":{"rendered":"https:\/\/www.stvvalves.com\/?post_type=product&#038;p=7412"},"modified":"2025-03-04T20:51:01","modified_gmt":"2025-03-04T12:51:01","slug":"600lb-cast-steel-ball-valve-2-inch-rf-end","status":"publish","type":"product","link":"https:\/\/www.stvvalves.com\/es\/products\/600lb-cast-steel-ball-valve-2-inch-rf-end\/","title":{"rendered":"600LB Cast Steel Ball Valve,2 Inch,RF End"},"content":{"rendered":"<p>Dise\u00f1o y fabricaci\u00f3n: API 6D, ASME B16.34 (BS5351), API 608, MSS-SP-72<\/p>\n<p>Dimensi\u00f3n cara a cara: ASME B16.10, API 6D<\/p>\n<p>Dimensi\u00f3n de conexi\u00f3n de brida: ASME B 16.5<\/p>\n<p>Dimensi\u00f3n de conexi\u00f3n BW: ASME B16.25<\/p>\n<p>Prueba e inspecci\u00f3n: API 598, API 6D<\/p>\n<p>Dise\u00f1o a prueba de incendios: API 607\/6FA<\/p>\n<p>Dise\u00f1o antiest\u00e1tico y v\u00e1stago antiexplosi\u00f3n.<\/p>\n<p>Gama de productos<\/p>\n<p>Material del cuerpo: acero al carbono, acero inoxidable, acero aleado<\/p>\n<p>Dise\u00f1o de paso total y paso reducido<\/p>\n<p>Di\u00e1metro nominal: 1\/2\u2033~10\u2033\uff08DN15~DN250\uff09<\/p>\n<p>Conexi\u00f3n final: RF, RTJ, BW<\/p>\n<p>Rango de presi\u00f3n: Clase 150~600\uff08PN16~PN100\uff09<\/p>\n<p>Temperatura de trabajo: -46\u2103~+200\u2103<\/p>\n<p>Operaci\u00f3n: manija, engranaje, actuador el\u00e9ctrico, etc.<\/p>\n<p>&nbsp;<\/p>\n<table>\n<tbody>\n<tr>\n<td width=\"200\"><strong>nombre del producto<\/strong><\/td>\n<td width=\"481\">600LB Cast Steel Ball Valve,2 Inch,RF End<\/td>\n<\/tr>\n<tr>\n<td width=\"200\">1. Materiales<\/td>\n<td width=\"481\">WCB<\/td>\n<\/tr>\n<tr>\n<td width=\"200\">2. Tama\u00f1o<\/td>\n<td width=\"481\">2\u201d<\/td>\n<\/tr>\n<tr>\n<td width=\"200\">4. Puerto<\/td>\n<td width=\"481\">Puerto lleno<\/td>\n<\/tr>\n<tr>\n<td width=\"200\">5. Presi\u00f3n de trabajo<\/td>\n<td width=\"481\">600 libras<\/td>\n<\/tr>\n<tr>\n<td width=\"200\">6. La conexi\u00f3n finaliza<\/td>\n<td width=\"481\">RF<\/td>\n<\/tr>\n<tr>\n<td width=\"200\">7. Temperatura de trabajo.<\/td>\n<td width=\"481\">-29~120\u00baC,<\/td>\n<\/tr>\n<tr>\n<td width=\"200\">8. Medio adecuado<\/td>\n<td width=\"481\">Agua, Gas Natural, Petr\u00f3leo y alg\u00fan l\u00edquido corrosivo<\/td>\n<\/tr>\n<tr>\n<td width=\"200\">9. Operado<\/td>\n<td width=\"481\">Volante<\/td>\n<\/tr>\n<tr>\n<td width=\"200\">10. Inspecci\u00f3n y pruebas<\/td>\n<td width=\"481\">Seg\u00fan API598<\/td>\n<\/tr>\n<tr>\n<td width=\"200\"><strong>Env\u00edo<\/strong><\/td>\n<td width=\"481\"><\/td>\n<\/tr>\n<tr>\n<td width=\"200\">El tiempo de entrega<\/td>\n<td width=\"481\">30 dias<\/td>\n<\/tr>\n<tr>\n<td width=\"200\">Paquete<\/td>\n<td width=\"481\">Caja de madera contrachapada de exportaci\u00f3n est\u00e1ndar<\/td>\n<\/tr>\n<tr>\n<td width=\"200\">Puerto de embarque<\/td>\n<td width=\"481\">Ningbo\/Shangh\u00e1i, China<\/td>\n<\/tr>\n<tr>\n<td width=\"200\">Condiciones de env\u00edo<\/td>\n<td width=\"481\">Exw, MANDO, CFR, CIF, etc.<\/td>\n<\/tr>\n<tr>\n<td width=\"200\">T\u00e9rminos de pago<\/td>\n<td width=\"481\">T\/T, Western Union, PayPal, etc.<\/td>\n<\/tr>\n<tr>\n<td width=\"200\"><\/td>\n<td width=\"481\">Pago anticipado de 30%, saldo de 70% pagado antes del env\u00edo<\/td>\n<\/tr>\n<tr>\n<td width=\"200\">Pa\u00eds de origen<\/td>\n<td width=\"481\">Ciudad de Wenzhou, China<\/td>\n<\/tr>\n<tr>\n<td width=\"200\">Capacidad de producci\u00f3n<\/td>\n<td width=\"481\">6000 toneladas\/a\u00f1o<\/td>\n<\/tr>\n<tr>\n<td width=\"200\">Cantidad m\u00ednima de pedido<\/td>\n<td width=\"481\">1 unidad\/tama\u00f1o<\/td>\n<\/tr>\n<\/tbody>\n<\/table>","protected":false},"excerpt":{"rendered":"<p>Model:Q41F-600LB-WCB-2&#8243;<\/p>\n<p>Our 600LB Cast Steel Floating Ball Valve With ANSI 600# full bore 2 piece Ball Valve. A WCB body and stainless steel 316 ball, with RPTFE seats for High Temperatures.<br \/>\nPrincipio de la v\u00e1lvula de bola flotante de acero fundido: este tipo de v\u00e1lvula de bola tiene una bola flotante sostenida por dos asientos de v\u00e1lvula. Bajo el efecto de media presi\u00f3n, la propia bola puede generar un cierto desplazamiento para presionar sobre el anillo de sellado del asiento en la salida, garantizando la estanqueidad en la salida.<br \/>\nLa v\u00e1lvula de bola flotante se utiliza principalmente en aplicaciones de presi\u00f3n media o baja.<\/p>\n<p>STV Valve Technology Group Co., Ltd is a professional leader China 600LB Cast Steel Floating Ball Valve, Floating Ball Valve,Floating Ball Valves Full Port,Cast Steel Floating Ball Valve,API6D Cast Steel Ball Valve ,2 Inch 600LB Flange End Ball Valve manufacturer with high quality and low price.To learn more about these valve Welcome to contact our sales@stvvalve.com<\/p>\n<p>&nbsp;<\/p>\n<p>&nbsp;<\/p>","protected":false},"featured_media":7413,"template":"","meta":[],"product_brand":[],"product_cat":[43,54,80,78],"product_tag":[2667,2666,530,2665,125,529],"class_list":{"0":"post-7412","1":"product","2":"type-product","3":"status-publish","4":"has-post-thumbnail","6":"product_cat-ball-valve","7":"product_cat-cast-steel-ball-valve","8":"product_cat-flange-ball-valve","9":"product_cat-floating-ball-valve","10":"product_tag-2-inch-600lb-flange-end-ball-valve-manufacturer","11":"product_tag-api6d-cast-steel-ball-valve","12":"product_tag-cast-steel-floating-ball-valve","13":"product_tag-china-600lb-cast-steel-floating-ball-valve","14":"product_tag-floating-ball-valve","15":"product_tag-floating-ball-valves-full-port","17":"first","18":"instock","19":"shipping-taxable","20":"product-type-simple"},"_links":{"self":[{"href":"https:\/\/www.stvvalves.com\/es\/wp-json\/wp\/v2\/product\/7412","targetHints":{"allow":["GET"]}}],"collection":[{"href":"https:\/\/www.stvvalves.com\/es\/wp-json\/wp\/v2\/product"}],"about":[{"href":"https:\/\/www.stvvalves.com\/es\/wp-json\/wp\/v2\/types\/product"}],"wp:featuredmedia":[{"embeddable":true,"href":"https:\/\/www.stvvalves.com\/es\/wp-json\/wp\/v2\/media\/7413"}],"wp:attachment":[{"href":"https:\/\/www.stvvalves.com\/es\/wp-json\/wp\/v2\/media?parent=7412"}],"wp:term":[{"taxonomy":"product_brand","embeddable":true,"href":"https:\/\/www.stvvalves.com\/es\/wp-json\/wp\/v2\/product_brand?post=7412"},{"taxonomy":"product_cat","embeddable":true,"href":"https:\/\/www.stvvalves.com\/es\/wp-json\/wp\/v2\/product_cat?post=7412"},{"taxonomy":"product_tag","embeddable":true,"href":"https:\/\/www.stvvalves.com\/es\/wp-json\/wp\/v2\/product_tag?post=7412"}],"curies":[{"name":"wp","href":"https:\/\/api.w.org\/{rel}","templated":true}]}}