{"id":7495,"date":"2024-08-05T19:11:05","date_gmt":"2024-08-05T11:11:05","guid":{"rendered":"https:\/\/www.stvvalves.com\/?post_type=product&#038;p=7495"},"modified":"2025-09-05T10:23:30","modified_gmt":"2025-09-05T02:23:30","slug":"1500lb-cf8c-swing-check-valve-8-inch-rtj-end","status":"publish","type":"product","link":"https:\/\/www.stvvalves.com\/es\/products\/1500lb-cf8c-swing-check-valve-8-inch-rtj-end\/","title":{"rendered":"1500LB CF8C Swing Check Valve,8 Inch,RTJ End"},"content":{"rendered":"<h2>Descripci\u00f3n<\/h2>\n<p>Products Name: 1500LB CF8C Swing Check Valve,8 Inch,RTJ End<\/p>\n<div class=\"row\">\n<div class=\"col-md-12\">Dise\u00f1o: API 6D<br \/>\nCuerpo: CF8C<br \/>\nNominal Size: 8Inch<br \/>\nNominal Class: 1500 LB<br \/>\nEnd Connection: RTJ Ends<br \/>\nCara a Cara: ASME B16.10<br \/>\nPrueba e inspecci\u00f3n: API 598<\/div>\n<\/div>\n<p>Material del cuerpo: titanio, d\u00faplex, Hastelloy C276\/B3, Monel, Alloys20, 4A, 5A, C95800, C95500, Monel, Alloy 20, F347, Super Duplex, Inconel, etc.<br \/>\nEst\u00e1ndares de fabricaci\u00f3n: API, ANSI, BS, DIN, JIS.<br \/>\nPresi\u00f3n de la v\u00e1lvula: 150 LB a 2500 LB (PN1,6-42 MPa).<br \/>\nRango de tama\u00f1o de la v\u00e1lvula de retenci\u00f3n: 1\/2 a 32 pulgadas (DN15 a DN800).<br \/>\nTemperatura de funcionamiento: de -196 grados Celsius a 593 grados Celsius.<br \/>\nConexi\u00f3n: Bridada, soldada a tope.<br \/>\nDimensiones cara a cara: ANSI B16.10.<br \/>\nDimensi\u00f3n del extremo de la brida: ANSI B16.5<br \/>\nDimensiones soldadas a tope: ANSI B16.25<br \/>\nDise\u00f1o y fabricaci\u00f3n:BS1868<br \/>\nPrueba de presi\u00f3n: API598<\/p>\n<table>\n<tbody>\n<tr>\n<td width=\"200\"><strong><b>nombre del producto<\/b><\/strong><\/td>\n<td width=\"481\">1500LB CF8C Swing Check Valve,8 Inch,RTJ End<\/td>\n<\/tr>\n<tr>\n<td width=\"200\">1. Materiales<\/td>\n<td width=\"481\">CF8C<\/td>\n<\/tr>\n<tr>\n<td width=\"200\">2. Tama\u00f1o<\/td>\n<td width=\"481\">8\u201d<\/td>\n<\/tr>\n<tr>\n<td width=\"200\">4. Puerto<\/td>\n<td width=\"481\">Puerto lleno<\/td>\n<\/tr>\n<tr>\n<td width=\"200\">5. Presi\u00f3n de trabajo<\/td>\n<td width=\"481\">1500 libras<\/td>\n<\/tr>\n<tr>\n<td width=\"200\">6. La conexi\u00f3n finaliza<\/td>\n<td width=\"481\">RTJ<\/td>\n<\/tr>\n<tr>\n<td width=\"200\">7. Temperatura de trabajo.<\/td>\n<td width=\"481\">-29~400\u00baC,<\/td>\n<\/tr>\n<tr>\n<td width=\"200\">8. Medio adecuado<\/td>\n<td width=\"481\">Agua, Gas Natural, Petr\u00f3leo y alg\u00fan l\u00edquido corrosivo<\/td>\n<\/tr>\n<tr>\n<td width=\"200\">9. Operado<\/td>\n<td width=\"481\">\/<\/td>\n<\/tr>\n<tr>\n<td width=\"200\">10. Inspecci\u00f3n y pruebas<\/td>\n<td width=\"481\">Seg\u00fan API 598<\/td>\n<\/tr>\n<tr>\n<td width=\"200\"><strong><b>Env\u00edo<\/b><\/strong><\/td>\n<td width=\"481\"><\/td>\n<\/tr>\n<tr>\n<td width=\"200\">El tiempo de entrega<\/td>\n<td width=\"481\">30 dias<\/td>\n<\/tr>\n<tr>\n<td width=\"200\">Paquete<\/td>\n<td width=\"481\">Caja de madera contrachapada de exportaci\u00f3n est\u00e1ndar<\/td>\n<\/tr>\n<tr>\n<td width=\"200\">Puerto de embarque<\/td>\n<td width=\"481\">Ningbo\/Shangh\u00e1i, China<\/td>\n<\/tr>\n<tr>\n<td width=\"200\">Condiciones de env\u00edo<\/td>\n<td width=\"481\">Exw, MANDO, CFR, CIF, etc.<\/td>\n<\/tr>\n<tr>\n<td width=\"200\">T\u00e9rminos de pago<\/td>\n<td width=\"481\">T\/T, Western Union, PayPal, etc.<\/td>\n<\/tr>\n<tr>\n<td width=\"200\"><\/td>\n<td width=\"481\">Pago anticipado de 30%, saldo de 70% pagado antes del env\u00edo<\/td>\n<\/tr>\n<tr>\n<td width=\"200\">Pa\u00eds de origen<\/td>\n<td width=\"481\">Ciudad de Wenzhou, China<\/td>\n<\/tr>\n<tr>\n<td width=\"200\">Capacidad de producci\u00f3n<\/td>\n<td width=\"481\">6000 toneladas\/a\u00f1o<\/td>\n<\/tr>\n<tr>\n<td width=\"200\">Cantidad m\u00ednima de pedido<\/td>\n<td width=\"481\">10 unidades\/tama\u00f1o<\/td>\n<\/tr>\n<\/tbody>\n<\/table>","protected":false},"excerpt":{"rendered":"<p>Discover the robust 1500LB CF8C Swing Check Valve designed for optimal performance in high-pressure applications. This 8 inch valve features a reliable RTJ (Ring Type Joint) end, ensuring a secure and leak-proof connection. Ideal for a variety of industrial settings, our swing check valve offers durability and efficiency, providing peace of mind for your piping systems. Explore specifications, installation guidelines, and maintenance tips to maximize the longevity and functionality of your valve.<\/p>\n<p>STV Valve Technology Group Co., Ltd is a professional leader China CF8C Swing Check Valve, Pressure Seal CF8C Swing Check Valve, 8 Inch CF8C Swing Check Valve, CL1500 CF8C Swing Check Valve,Flange End CF8C Swing Check Valve Manufacturer with high quality and competitive price.<\/p>\n<p>Comun\u00edquese con nuestro sales@stvvalve.com para obtener otros materiales y detalles.<\/p>","protected":false},"featured_media":7496,"template":"","meta":[],"product_brand":[],"product_cat":[46,67],"product_tag":[2795,1697,2796,2797,2794],"class_list":{"0":"post-7495","1":"product","2":"type-product","3":"status-publish","4":"has-post-thumbnail","6":"product_cat-check-valves","7":"product_cat-stainless-steel-check-valve","8":"product_tag-8-inch-cf8c-swing-check-valve","9":"product_tag-china-cf8c-swing-check-valve","10":"product_tag-cl1500-cf8c-swing-check-valve","11":"product_tag-flange-end-cf8c-swing-check-valve-manufacturer","12":"product_tag-pressure-seal-cf8c-swing-check-valve","14":"first","15":"instock","16":"shipping-taxable","17":"product-type-simple"},"_links":{"self":[{"href":"https:\/\/www.stvvalves.com\/es\/wp-json\/wp\/v2\/product\/7495","targetHints":{"allow":["GET"]}}],"collection":[{"href":"https:\/\/www.stvvalves.com\/es\/wp-json\/wp\/v2\/product"}],"about":[{"href":"https:\/\/www.stvvalves.com\/es\/wp-json\/wp\/v2\/types\/product"}],"wp:featuredmedia":[{"embeddable":true,"href":"https:\/\/www.stvvalves.com\/es\/wp-json\/wp\/v2\/media\/7496"}],"wp:attachment":[{"href":"https:\/\/www.stvvalves.com\/es\/wp-json\/wp\/v2\/media?parent=7495"}],"wp:term":[{"taxonomy":"product_brand","embeddable":true,"href":"https:\/\/www.stvvalves.com\/es\/wp-json\/wp\/v2\/product_brand?post=7495"},{"taxonomy":"product_cat","embeddable":true,"href":"https:\/\/www.stvvalves.com\/es\/wp-json\/wp\/v2\/product_cat?post=7495"},{"taxonomy":"product_tag","embeddable":true,"href":"https:\/\/www.stvvalves.com\/es\/wp-json\/wp\/v2\/product_tag?post=7495"}],"curies":[{"name":"wp","href":"https:\/\/api.w.org\/{rel}","templated":true}]}}