{"id":7522,"date":"2024-08-20T23:40:47","date_gmt":"2024-08-20T15:40:47","guid":{"rendered":"https:\/\/www.stvvalves.com\/?post_type=product&#038;p=7522"},"modified":"2025-02-17T17:47:53","modified_gmt":"2025-02-17T09:47:53","slug":"1500lb-forged-steel-y-strainer-1-2-inch-f304-bw-end","status":"publish","type":"product","link":"https:\/\/www.stvvalves.com\/es\/products\/1500lb-forged-steel-y-strainer-1-2-inch-f304-bw-end\/","title":{"rendered":"1500LB Forged Steel Y Strainer,1\/2 Inch,F304,BW End"},"content":{"rendered":"<p>1. Tornillo del cap\u00f3, Perno del cap\u00f3,<br \/>\nCap\u00f3 soldado a tope<br \/>\n2. Puerto completo y puerto reductor<br \/>\n3. Un cap\u00f3 roscado y sellado a presi\u00f3n.<br \/>\n4. Los materiales cumplen con ANSI\/ASTM<\/p>\n<p>Est\u00e1ndar: 1. Est\u00e1ndar de dise\u00f1o: API602, BS5352<br \/>\n2. Est\u00e1ndar de presi\u00f3n-temperatura del material: ASME B16.34<br \/>\n3. Est\u00e1ndar de dimensi\u00f3n cara a cara: ASME B16.10<br \/>\n4. Est\u00e1ndar de dimensi\u00f3n de brida: ASME B16.5<br \/>\n5. Los extremos soldados con z\u00f3calo cumplen con ANSI B16.11<br \/>\n6. Los extremos de los tornillos cumplen con ANSI B1.20.1<br \/>\n7. Est\u00e1ndar de inspecci\u00f3n y prueba: API598<\/p>\n<p>&nbsp;<\/p>\n<p>Tama\u00f1o: 1\/4 \u2033 ~ 2 \u201d<\/p>\n<p>Clasificaci\u00f3n de presi\u00f3n: Clase 150-2500LB<\/p>\n<p>Material del cuerpo: ASTM A105, ASTM A182 LF2, ASTM A182 F11, ASTM A182 F22, ASTM A182 F51, ASTM A182 F91, ASTM A182 F304, ASTM A182 F316, ASTM A182 F304L, ASTM A182 F316L, etc.<\/p>\n<p>Conexi\u00f3n final: NPT,BW,SW,RF,RTJ.<\/p>\n<p>Temperatura de trabajo: -29 \u2103 ~ 650 \u2103<\/p>\n<table>\n<tbody>\n<tr>\n<td width=\"200\"><strong>nombre del producto<\/strong><\/td>\n<td width=\"481\">1500LB Forged Steel Y Strainer,1\/2 Inch,F304,BW End<\/td>\n<\/tr>\n<tr>\n<td width=\"200\">1. Materiales<\/td>\n<td width=\"481\">F301<\/td>\n<\/tr>\n<tr>\n<td width=\"200\">2. Tama\u00f1o<\/td>\n<td width=\"481\">1\/2\u201d<\/td>\n<\/tr>\n<tr>\n<td width=\"200\">4. Puerto<\/td>\n<td width=\"481\">\u00a0Puerto reductor<\/td>\n<\/tr>\n<tr>\n<td width=\"200\">5. Presi\u00f3n de trabajo<\/td>\n<td width=\"481\">1500 libras<\/td>\n<\/tr>\n<tr>\n<td width=\"200\">6. La conexi\u00f3n finaliza<\/td>\n<td width=\"481\">peso corporal<\/td>\n<\/tr>\n<tr>\n<td width=\"200\">7. Temperatura de trabajo.<\/td>\n<td width=\"481\">-29~425\u00baC,<\/td>\n<\/tr>\n<tr>\n<td width=\"200\">8. Medio adecuado<\/td>\n<td width=\"481\">Agua, Gas Natural, Petr\u00f3leo y alg\u00fan l\u00edquido corrosivo<\/td>\n<\/tr>\n<tr>\n<td width=\"200\">9. Operado<\/td>\n<td width=\"481\"><\/td>\n<\/tr>\n<tr>\n<td width=\"200\">10. Inspecci\u00f3n y pruebas<\/td>\n<td width=\"481\">Seg\u00fan API598<\/td>\n<\/tr>\n<tr>\n<td width=\"200\"><strong>Env\u00edo<\/strong><\/td>\n<td width=\"481\"><\/td>\n<\/tr>\n<tr>\n<td width=\"200\">El tiempo de entrega<\/td>\n<td width=\"481\">30 dias<\/td>\n<\/tr>\n<tr>\n<td width=\"200\">Paquete<\/td>\n<td width=\"481\">Caja de madera contrachapada de exportaci\u00f3n est\u00e1ndar<\/td>\n<\/tr>\n<tr>\n<td width=\"200\">Puerto de embarque<\/td>\n<td width=\"481\">Ningbo\/Shangh\u00e1i, China<\/td>\n<\/tr>\n<tr>\n<td width=\"200\">Condiciones de env\u00edo<\/td>\n<td width=\"481\">Exw, MANDO, CFR, CIF, etc.<\/td>\n<\/tr>\n<tr>\n<td width=\"200\">T\u00e9rminos de pago<\/td>\n<td width=\"481\">T\/T, Western Union, PayPal, etc.<\/td>\n<\/tr>\n<tr>\n<td width=\"200\"><\/td>\n<td width=\"481\">Pago anticipado de 30%, saldo de 70% pagado antes del env\u00edo<\/td>\n<\/tr>\n<tr>\n<td width=\"200\">Pa\u00eds de origen<\/td>\n<td width=\"481\">Ciudad de Wenzhou, China<\/td>\n<\/tr>\n<tr>\n<td width=\"200\">Capacidad de producci\u00f3n<\/td>\n<td width=\"481\">6000 toneladas\/a\u00f1o<\/td>\n<\/tr>\n<tr>\n<td width=\"200\">Cantidad m\u00ednima de pedido<\/td>\n<td width=\"481\">1 unidad\/tama\u00f1o<\/td>\n<\/tr>\n<\/tbody>\n<\/table>","protected":false},"excerpt":{"rendered":"<p>STV Valve Technology Group Co., Ltd is a professional leader China Forged Stainless Steel Y Strainer,FORGED STEEL CLASS 1500 Y Strainer. WELDED COVER STRAINER,Forged Steel Y Type Strainer,Forged Steel Y Type Strainer, Class 1500Forged Steel Y- Type Strainers,Forged Steel Y-Pattern Strainer,NPT or BW END Y Type Strainers ,Y-type strainer Manufacturer with high quality and competitive price.<\/p>\n<p>Comun\u00edquese con nuestro sales@stvvalve.com para obtener otros materiales y detalles.<\/p>\n<p>&nbsp;<\/p>","protected":false},"featured_media":7523,"template":"","meta":[],"product_brand":[],"product_cat":[964,48],"product_tag":[2834,2835,2838,284,281,2836,2837,2192],"class_list":{"0":"post-7522","1":"product","2":"type-product","3":"status-publish","4":"has-post-thumbnail","6":"product_cat-forged-steel-y-type-strainer","7":"product_cat-y-strainer","8":"product_tag-china-forged-stainless-steel-y-strainer","9":"product_tag-class-1500forged-steel-y-type-strainers","10":"product_tag-forged-steel-class-1500-y-strainer","11":"product_tag-forged-steel-y-type-strainer","12":"product_tag-forged-steel-y-pattern-strainer","13":"product_tag-npt-or-bw-end-y-type-strainers","14":"product_tag-welded-cover-strainer","15":"product_tag-y-type-strainer-manufacturer","17":"first","18":"instock","19":"shipping-taxable","20":"product-type-simple"},"_links":{"self":[{"href":"https:\/\/www.stvvalves.com\/es\/wp-json\/wp\/v2\/product\/7522","targetHints":{"allow":["GET"]}}],"collection":[{"href":"https:\/\/www.stvvalves.com\/es\/wp-json\/wp\/v2\/product"}],"about":[{"href":"https:\/\/www.stvvalves.com\/es\/wp-json\/wp\/v2\/types\/product"}],"wp:featuredmedia":[{"embeddable":true,"href":"https:\/\/www.stvvalves.com\/es\/wp-json\/wp\/v2\/media\/7523"}],"wp:attachment":[{"href":"https:\/\/www.stvvalves.com\/es\/wp-json\/wp\/v2\/media?parent=7522"}],"wp:term":[{"taxonomy":"product_brand","embeddable":true,"href":"https:\/\/www.stvvalves.com\/es\/wp-json\/wp\/v2\/product_brand?post=7522"},{"taxonomy":"product_cat","embeddable":true,"href":"https:\/\/www.stvvalves.com\/es\/wp-json\/wp\/v2\/product_cat?post=7522"},{"taxonomy":"product_tag","embeddable":true,"href":"https:\/\/www.stvvalves.com\/es\/wp-json\/wp\/v2\/product_tag?post=7522"}],"curies":[{"name":"wp","href":"https:\/\/api.w.org\/{rel}","templated":true}]}}