{"id":7557,"date":"2024-09-01T09:35:34","date_gmt":"2024-09-01T01:35:34","guid":{"rendered":"https:\/\/www.stvvalves.com\/?post_type=product&#038;p=7557"},"modified":"2024-12-24T13:55:07","modified_gmt":"2024-12-24T05:55:07","slug":"f304-swing-check-valve-api-602-1-inch-2500-lb-rf-end","status":"publish","type":"product","link":"https:\/\/www.stvvalves.com\/es\/products\/f304-swing-check-valve-api-602-1-inch-2500-lb-rf-end\/","title":{"rendered":"F304 Swing Check Valve,API 602,1 Inch,2500 LB,RF End"},"content":{"rendered":"<p>F304 Swing Check Valve,API 602,1 Inch,2500 LB,RF End<br \/>\nDise\u00f1o: API 602<br \/>\nBody: F304<br \/>\nTama\u00f1o nominal: 1 pulgada<br \/>\nNominal Class: 2500LB<br \/>\nConexi\u00f3n final: RF<br \/>\nCara a Cara: Fabricaci\u00f3n<br \/>\nPrueba e inspecci\u00f3n: API 598<br \/>\nDi\u00e1metro nominal: 1\/4 pulgada \u2013 4 pulgadas<br \/>\nTemperatura de dise\u00f1o: -196 \u2103 \u2013 573 \u2103<br \/>\nPresi\u00f3n de Dise\u00f1o: Clase 150 LB \u2013 Clase 2500 LB<br \/>\nMaterial: ASTM A105, ASTM A182 F304, ASTM A182 F304L, ASTM A182 F316, ASTM A182 F316L, ASTM A350 LF2, ASTM A182 F11, ASTM A182 F22, ASTM A182 F5, ASTM A182 F51, ASTM A182 F321.<br \/>\nEst\u00e1ndar de dise\u00f1o: API 602, BS 5352<br \/>\nCara a Cara: Norma de Fabricaci\u00f3n, ASME B16.10<br \/>\nExtremo de conexi\u00f3n: NPT, SW, BW, bridado<br \/>\nEst\u00e1ndar de prueba: API 598, ISO 5208<br \/>\nOperaci\u00f3n: X<br \/>\nAplicaci\u00f3n: Central el\u00e9ctrica , Petr\u00f3leo , Ingenier\u00eda qu\u00edmica<\/p>\n<table>\n<tbody>\n<tr>\n<td width=\"200\"><strong><b>nombre del producto<\/b><\/strong><\/td>\n<td width=\"481\">F304 Swing Check Valve,API 602,1 Inch,2500 LB,RF End<\/td>\n<\/tr>\n<tr>\n<td width=\"200\">1. Materiales<\/td>\n<td width=\"481\">F304<\/td>\n<\/tr>\n<tr>\n<td width=\"200\">2. Tama\u00f1o<\/td>\n<td width=\"481\">1\u201d<\/td>\n<\/tr>\n<tr>\n<td width=\"200\">4. Puerto<\/td>\n<td width=\"481\">Puerto reductor<\/td>\n<\/tr>\n<tr>\n<td width=\"200\">5. Presi\u00f3n de trabajo<\/td>\n<td width=\"481\">2500 libras<\/td>\n<\/tr>\n<tr>\n<td width=\"200\">6. La conexi\u00f3n finaliza<\/td>\n<td width=\"481\">Extremo de RF<\/td>\n<\/tr>\n<tr>\n<td width=\"200\">7. Temperatura de trabajo.<\/td>\n<td width=\"481\">-29~425\u00baC,<\/td>\n<\/tr>\n<tr>\n<td width=\"200\">8. Medio adecuado<\/td>\n<td width=\"481\">Agua, Gas Natural, Petr\u00f3leo y alg\u00fan l\u00edquido corrosivo<\/td>\n<\/tr>\n<tr>\n<td width=\"200\">9. Operado<\/td>\n<td width=\"481\">X<\/td>\n<\/tr>\n<tr>\n<td width=\"200\">10. Inspecci\u00f3n y pruebas<\/td>\n<td width=\"481\">Seg\u00fan API 598<\/td>\n<\/tr>\n<tr>\n<td width=\"200\"><strong><b>Env\u00edo<\/b><\/strong><\/td>\n<td width=\"481\"><\/td>\n<\/tr>\n<tr>\n<td width=\"200\">El tiempo de entrega<\/td>\n<td width=\"481\">30 dias<\/td>\n<\/tr>\n<tr>\n<td width=\"200\">Paquete<\/td>\n<td width=\"481\">Caja de madera contrachapada de exportaci\u00f3n est\u00e1ndar<\/td>\n<\/tr>\n<tr>\n<td width=\"200\">Puerto de embarque<\/td>\n<td width=\"481\">Ningbo\/Shangh\u00e1i, China<\/td>\n<\/tr>\n<tr>\n<td width=\"200\">Condiciones de env\u00edo<\/td>\n<td width=\"481\">Exw, MANDO, CFR, CIF, etc.<\/td>\n<\/tr>\n<tr>\n<td width=\"200\">T\u00e9rminos de pago<\/td>\n<td width=\"481\">T\/T, Western Union, PayPal, etc.<\/td>\n<\/tr>\n<tr>\n<td width=\"200\"><\/td>\n<td width=\"481\">Pago anticipado de 30%, saldo de 70% pagado antes del env\u00edo<\/td>\n<\/tr>\n<tr>\n<td width=\"200\">Pa\u00eds de origen<\/td>\n<td width=\"481\">Ciudad de Wenzhou, China<\/td>\n<\/tr>\n<tr>\n<td width=\"200\">Capacidad de producci\u00f3n<\/td>\n<td width=\"481\">6000 toneladas\/a\u00f1o<\/td>\n<\/tr>\n<tr>\n<td width=\"200\">Cantidad m\u00ednima de pedido<\/td>\n<td width=\"481\">10 unidades\/tama\u00f1o<\/td>\n<\/tr>\n<\/tbody>\n<\/table>","protected":false},"excerpt":{"rendered":"<p>STV Valve Technology Group Co., Ltd is a professional leader China F304 Swing \u00a0Check\u00a0 Valve,Pressure Seal Bonnet F304 Swing Check Valve , 1 Inch\u00a0 F304 Swing Check Valve,\u00a0 API 602 F304 Swing Check\u00a0 Valve, 2500LB F304 Swing Check Valve,2500LB Flange End Swing Check Valve Manufacturer with high quality and competitive price.<\/p>","protected":false},"featured_media":7558,"template":"","meta":[],"product_brand":[],"product_cat":[46,66],"product_tag":[2914,2916,2917,2915,2687,2913],"class_list":{"0":"post-7557","1":"product","2":"type-product","3":"status-publish","4":"has-post-thumbnail","6":"product_cat-check-valves","7":"product_cat-swing-check-valve","8":"product_tag-1-inch-f304-swing-check-valve","9":"product_tag-2500lb-f304-swing-check-valve","10":"product_tag-2500lb-flange-end-swing-check-valve-manufacturer","11":"product_tag-api-602-f304-swing-check-valve","12":"product_tag-china-f304-swing-check-valve","13":"product_tag-pressure-seal-bonnet-f304-swing-check-valve","15":"first","16":"instock","17":"shipping-taxable","18":"product-type-simple"},"_links":{"self":[{"href":"https:\/\/www.stvvalves.com\/es\/wp-json\/wp\/v2\/product\/7557","targetHints":{"allow":["GET"]}}],"collection":[{"href":"https:\/\/www.stvvalves.com\/es\/wp-json\/wp\/v2\/product"}],"about":[{"href":"https:\/\/www.stvvalves.com\/es\/wp-json\/wp\/v2\/types\/product"}],"wp:featuredmedia":[{"embeddable":true,"href":"https:\/\/www.stvvalves.com\/es\/wp-json\/wp\/v2\/media\/7558"}],"wp:attachment":[{"href":"https:\/\/www.stvvalves.com\/es\/wp-json\/wp\/v2\/media?parent=7557"}],"wp:term":[{"taxonomy":"product_brand","embeddable":true,"href":"https:\/\/www.stvvalves.com\/es\/wp-json\/wp\/v2\/product_brand?post=7557"},{"taxonomy":"product_cat","embeddable":true,"href":"https:\/\/www.stvvalves.com\/es\/wp-json\/wp\/v2\/product_cat?post=7557"},{"taxonomy":"product_tag","embeddable":true,"href":"https:\/\/www.stvvalves.com\/es\/wp-json\/wp\/v2\/product_tag?post=7557"}],"curies":[{"name":"wp","href":"https:\/\/api.w.org\/{rel}","templated":true}]}}