{"id":7583,"date":"2024-09-01T15:56:20","date_gmt":"2024-09-01T07:56:20","guid":{"rendered":"https:\/\/www.stvvalves.com\/?post_type=product&#038;p=7583"},"modified":"2024-12-25T14:57:43","modified_gmt":"2024-12-25T06:57:43","slug":"hastelloy-c-276-globe-valve-dn40-800-lb-sw-api-602","status":"publish","type":"product","link":"https:\/\/www.stvvalves.com\/es\/products\/hastelloy-c-276-globe-valve-dn40-800-lb-sw-api-602\/","title":{"rendered":"Hastelloy C-276 Globe Valve,DN40,800 LB,SW,API 602"},"content":{"rendered":"<div>Products Name: Hastelloy C-276 Globe Valve,1\/2 Inch,800 LB,SW,API 602<\/div>\n<div>Est\u00e1ndar de dise\u00f1o: API602.<br \/>\nBody Material: Inconel 825<br \/>\nDi\u00e1metro nominal: 11\/2 pulgada (DN40).<br \/>\nPresi\u00f3n: Clase 800.<br \/>\nConexi\u00f3n final: SW.<br \/>\nCara a Cara: ASME B16.10.<br \/>\nTemperatura de trabajo: -29 \u2103 ~ +560 \u2103.<br \/>\nModo de funcionamiento: Volante.<br \/>\nPrueba e Inspecci\u00f3n: API 598.<\/div>\n<div class=\"headline headline-md\">\n<h2>Gama de productos<\/h2>\n<\/div>\n<div>Material del cuerpo: A105\u3001LF2\u3001F5\u3001F11\u3001F22\u3001304\u3001304L\u3001316\u3001316L\u3001F51\u3001F91\u300120#\u3001Inconel.Ect<br \/>\nDi\u00e1metro normal: 1\/2\u2033~2\u2033 (DN15~DN80).<br \/>\nConexi\u00f3n final: NPT, SW, soldada a tope, bridada.<br \/>\nRango de presi\u00f3n: 150 lb ~ 2500 lb (PN10 ~ PN420).<br \/>\nOperaci\u00f3n: Volante, Actuador el\u00e9ctrico y neum\u00e1tico<br \/>\nTemperatura de trabajo: -196 \u2103 ~ +560 \u2103.<\/div>\n<div><\/div>\n<div>\n<table>\n<tbody>\n<tr>\n<td width=\"200\"><strong>nombre del producto<\/strong><\/td>\n<td width=\"481\">Hastelloy C-276 Globe Valve,1\/2 Inch,800 LB,SW,API 602<\/td>\n<\/tr>\n<tr>\n<td width=\"200\">1. Materiales<\/td>\n<td width=\"481\">Hastelloy C-276<\/td>\n<\/tr>\n<tr>\n<td width=\"200\">2. Tama\u00f1o<\/td>\n<td width=\"481\">11\/2\u201d<\/td>\n<\/tr>\n<tr>\n<td width=\"200\">4. Puerto<\/td>\n<td width=\"481\">Puerto reductor<\/td>\n<\/tr>\n<tr>\n<td width=\"200\">5. Presi\u00f3n de trabajo<\/td>\n<td width=\"481\">800 libras<\/td>\n<\/tr>\n<tr>\n<td width=\"200\">6. La conexi\u00f3n finaliza<\/td>\n<td width=\"481\">SUDOESTE<\/td>\n<\/tr>\n<tr>\n<td width=\"200\">7. Temperatura de trabajo.<\/td>\n<td width=\"481\">-29~560\u00baC,<\/td>\n<\/tr>\n<tr>\n<td width=\"200\">8. Medio adecuado<\/td>\n<td width=\"481\">Agua, Gas Natural, Petr\u00f3leo y alg\u00fan l\u00edquido corrosivo<\/td>\n<\/tr>\n<tr>\n<td width=\"200\">9. Operado<\/td>\n<td width=\"481\">Volante<\/td>\n<\/tr>\n<tr>\n<td width=\"200\">10. Inspecci\u00f3n y pruebas<\/td>\n<td width=\"481\">Seg\u00fan API598<\/td>\n<\/tr>\n<tr>\n<td width=\"200\"><strong>Env\u00edo<\/strong><\/td>\n<td width=\"481\"><\/td>\n<\/tr>\n<tr>\n<td width=\"200\">El tiempo de entrega<\/td>\n<td width=\"481\">30 dias<\/td>\n<\/tr>\n<tr>\n<td width=\"200\">Paquete<\/td>\n<td width=\"481\">Caja de madera contrachapada de exportaci\u00f3n est\u00e1ndar<\/td>\n<\/tr>\n<tr>\n<td width=\"200\">Puerto de embarque<\/td>\n<td width=\"481\">Ningbo\/Shangh\u00e1i, China<\/td>\n<\/tr>\n<tr>\n<td width=\"200\">Condiciones de env\u00edo<\/td>\n<td width=\"481\">Exw, MANDO, CFR, CIF, etc.<\/td>\n<\/tr>\n<tr>\n<td width=\"200\">T\u00e9rminos de pago<\/td>\n<td width=\"481\">T\/T, Western Union, PayPal, etc.<\/td>\n<\/tr>\n<tr>\n<td width=\"200\"><\/td>\n<td width=\"481\">Pago anticipado de 30%, saldo de 70% pagado antes del env\u00edo<\/td>\n<\/tr>\n<tr>\n<td width=\"200\">Pa\u00eds de origen<\/td>\n<td width=\"481\">Ciudad de Wenzhou, China<\/td>\n<\/tr>\n<tr>\n<td width=\"200\">Capacidad de producci\u00f3n<\/td>\n<td width=\"481\">6000 toneladas\/a\u00f1o<\/td>\n<\/tr>\n<tr>\n<td width=\"200\">Cantidad m\u00ednima de pedido<\/td>\n<td width=\"481\">1 unidad\/tama\u00f1o<\/td>\n<\/tr>\n<\/tbody>\n<\/table>\n<\/div>","protected":false},"excerpt":{"rendered":"<p>STV Valve Technology Group Co., Ltd is a professional leader China 800LB Hastelloy C-276 Globe Valve ,Hastelloy C-276 High Pressure Globe Valve ,11\/2 Inch Hastelloy C-276 Globe Valve,API 602 Hastelloy C-276 Globe Valve, ASTM A182 Hastelloy C-276 Forged Globe Valve,Hastelloy C-276 Globe Valve,Bolt Boneet\u00a0Hastelloy C-276 Globe Valve manufacturer with high quality and competitive price.<\/p>","protected":false},"featured_media":7584,"template":"","meta":[],"product_brand":[],"product_cat":[64,45],"product_tag":[2971,2972,2973,2975,2969,2974,2970],"class_list":{"0":"post-7583","1":"product","2":"type-product","3":"status-publish","4":"has-post-thumbnail","6":"product_cat-foreged-steel-globe-valve","7":"product_cat-globe-valve","8":"product_tag-11-2-inch-hastelloy-c-276-globe-valve","9":"product_tag-api-602-hastelloy-c-276-globe-valve","10":"product_tag-astm-a182-hastelloy-c-276-forged-globe-valve","11":"product_tag-bolt-boneet-hastelloy-c-276-globe-valve-manufacturer","12":"product_tag-china-800lb-hastelloy-c-276-globe-valve","13":"product_tag-hastelloy-c-276-globe-valve","14":"product_tag-hastelloy-c-276-high-pressure-globe-valve","16":"first","17":"instock","18":"shipping-taxable","19":"product-type-simple"},"_links":{"self":[{"href":"https:\/\/www.stvvalves.com\/es\/wp-json\/wp\/v2\/product\/7583","targetHints":{"allow":["GET"]}}],"collection":[{"href":"https:\/\/www.stvvalves.com\/es\/wp-json\/wp\/v2\/product"}],"about":[{"href":"https:\/\/www.stvvalves.com\/es\/wp-json\/wp\/v2\/types\/product"}],"wp:featuredmedia":[{"embeddable":true,"href":"https:\/\/www.stvvalves.com\/es\/wp-json\/wp\/v2\/media\/7584"}],"wp:attachment":[{"href":"https:\/\/www.stvvalves.com\/es\/wp-json\/wp\/v2\/media?parent=7583"}],"wp:term":[{"taxonomy":"product_brand","embeddable":true,"href":"https:\/\/www.stvvalves.com\/es\/wp-json\/wp\/v2\/product_brand?post=7583"},{"taxonomy":"product_cat","embeddable":true,"href":"https:\/\/www.stvvalves.com\/es\/wp-json\/wp\/v2\/product_cat?post=7583"},{"taxonomy":"product_tag","embeddable":true,"href":"https:\/\/www.stvvalves.com\/es\/wp-json\/wp\/v2\/product_tag?post=7583"}],"curies":[{"name":"wp","href":"https:\/\/api.w.org\/{rel}","templated":true}]}}