{"id":7585,"date":"2024-09-01T16:35:30","date_gmt":"2024-09-01T08:35:30","guid":{"rendered":"https:\/\/www.stvvalves.com\/?post_type=product&#038;p=7585"},"modified":"2024-12-24T13:47:51","modified_gmt":"2024-12-24T05:47:51","slug":"f5-forged-gate-valve-800lb-1-1-2-inch-sw-end","status":"publish","type":"product","link":"https:\/\/www.stvvalves.com\/es\/products\/f5-forged-gate-valve-800lb-1-1-2-inch-sw-end\/","title":{"rendered":"F5 Forged Gate Valve,800LB,11\/2 Inch SW End"},"content":{"rendered":"<p>1. Dise\u00f1o y Fabricaci\u00f3n: API 602<br \/>\n2. Construcciones: OS&amp;Y, cap\u00f3 atornillado, cap\u00f3 soldado y cap\u00f3 sellado a presi\u00f3n;<br \/>\n3. Tipo de orificio: Puerto completo<br \/>\n4. Size Range: 1\/4\u2033 to 4\u2033.<br \/>\n5. Clasificaciones de presi\u00f3n: ANSI 150, 300, 600, 900, 1500 y 2500LBS<br \/>\n6. Conexiones finales: bridadas (RF, RTJ)<br \/>\nOtros extremos tambi\u00e9n disponibles: roscados (atornillados, NPT), soldados a tope (BW), soldados a encaje (SW).<br \/>\n7. Materiales disponibles en: A105 (N), LF2, F5, F11, F22, F304, F316, F51, F53 o equivalente;<br \/>\n8. Hay varios materiales de acabado disponibles para adaptarse a diferentes condiciones de servicio<br \/>\n9. NACE MR 0175 bajo petici\u00f3n<br \/>\n10.Prueba e inspecci\u00f3n: API598<\/p>\n<table>\n<tbody>\n<tr>\n<td width=\"200\"><strong><b>nombre del producto<\/b><\/strong><\/td>\n<td width=\"481\">F5 Forged Gate Valve,800LB,11\/2 Inch SW End<\/td>\n<\/tr>\n<tr>\n<td width=\"200\">1. Materiales<\/td>\n<td width=\"481\">F5<\/td>\n<\/tr>\n<tr>\n<td width=\"200\">2. Tama\u00f1o<\/td>\n<td width=\"481\">11\/2\u2033 ( 40)<\/td>\n<\/tr>\n<tr>\n<td width=\"200\">4. Puerto<\/td>\n<td width=\"481\">Puerto reductor<\/td>\n<\/tr>\n<tr>\n<td width=\"200\">5. Presi\u00f3n de trabajo<\/td>\n<td width=\"481\">800 libras<\/td>\n<\/tr>\n<tr>\n<td width=\"200\">6. La conexi\u00f3n finaliza<\/td>\n<td width=\"481\">SUDOESTE<\/td>\n<\/tr>\n<tr>\n<td width=\"200\">7. Temperatura de trabajo.<\/td>\n<td width=\"481\">-29~600\u00baC,<\/td>\n<\/tr>\n<tr>\n<td width=\"200\">8. Medio adecuado<\/td>\n<td width=\"481\">Agua, Gas Natural, Petr\u00f3leo y alg\u00fan l\u00edquido corrosivo<\/td>\n<\/tr>\n<tr>\n<td width=\"200\">9. Operado<\/td>\n<td width=\"481\">Volante<\/td>\n<\/tr>\n<tr>\n<td width=\"200\">10. Inspecci\u00f3n y pruebas<\/td>\n<td width=\"481\">Seg\u00fan API 598<\/td>\n<\/tr>\n<tr>\n<td width=\"200\"><strong><b>Env\u00edo<\/b><\/strong><\/td>\n<td width=\"481\"><\/td>\n<\/tr>\n<tr>\n<td width=\"200\">El tiempo de entrega<\/td>\n<td width=\"481\">30 dias<\/td>\n<\/tr>\n<tr>\n<td width=\"200\">Paquete<\/td>\n<td width=\"481\">Caja de madera contrachapada de exportaci\u00f3n est\u00e1ndar<\/td>\n<\/tr>\n<tr>\n<td width=\"200\">Puerto de embarque<\/td>\n<td width=\"481\">Ningbo\/Shangh\u00e1i, China<\/td>\n<\/tr>\n<tr>\n<td width=\"200\">Condiciones de env\u00edo<\/td>\n<td width=\"481\">Exw, MANDO, CFR, CIF, etc.<\/td>\n<\/tr>\n<tr>\n<td width=\"200\">T\u00e9rminos de pago<\/td>\n<td width=\"481\">T\/T, Western Union, PayPal, etc.<\/td>\n<\/tr>\n<tr>\n<td width=\"200\"><\/td>\n<td width=\"481\">Pago anticipado de 30%, saldo de 70% pagado antes del env\u00edo<\/td>\n<\/tr>\n<tr>\n<td width=\"200\">Pa\u00eds de origen<\/td>\n<td width=\"481\">Ciudad de Wenzhou, China<\/td>\n<\/tr>\n<tr>\n<td width=\"200\">Capacidad de producci\u00f3n<\/td>\n<td width=\"481\">6000 toneladas\/a\u00f1o<\/td>\n<\/tr>\n<tr>\n<td width=\"200\">Cantidad m\u00ednima de pedido<\/td>\n<td width=\"481\">10 unidades\/tama\u00f1o<\/td>\n<\/tr>\n<\/tbody>\n<\/table>","protected":false},"excerpt":{"rendered":"<p>STV Valve Technology Group Co., Ltd is a professional leader China F5 Forged Gate Valve, Small Size F5 Gate Valve, 11\/2 Inch F5 Gate Valve,\u00a0 A182 F5 Gate Valve, API 602 F5 Gate Valve, Class 800 LB F5 Gate Valve,Bolt Bonnet F5 Gate Valve Manufacturer with high quality and competitive price.<\/p>","protected":false},"featured_media":7586,"template":"","meta":[],"product_brand":[],"product_cat":[44,59],"product_tag":[2978,2979,2980,2982,2976,2981,2977],"class_list":{"0":"post-7585","1":"product","2":"type-product","3":"status-publish","4":"has-post-thumbnail","6":"product_cat-gate-valve","7":"product_cat-forged-steel-gate-valve","8":"product_tag-11-2-inch-f5-gate-valve","9":"product_tag-a182-f5-gate-valve","10":"product_tag-api-602-f5-gate-valve","11":"product_tag-bolt-bonnet-f5-gate-valve-manufacturer","12":"product_tag-china-f5-forged-gate-valve","13":"product_tag-class-800-lb-f5-gate-valve","14":"product_tag-small-size-f5-gate-valve","16":"first","17":"instock","18":"shipping-taxable","19":"product-type-simple"},"_links":{"self":[{"href":"https:\/\/www.stvvalves.com\/es\/wp-json\/wp\/v2\/product\/7585","targetHints":{"allow":["GET"]}}],"collection":[{"href":"https:\/\/www.stvvalves.com\/es\/wp-json\/wp\/v2\/product"}],"about":[{"href":"https:\/\/www.stvvalves.com\/es\/wp-json\/wp\/v2\/types\/product"}],"wp:featuredmedia":[{"embeddable":true,"href":"https:\/\/www.stvvalves.com\/es\/wp-json\/wp\/v2\/media\/7586"}],"wp:attachment":[{"href":"https:\/\/www.stvvalves.com\/es\/wp-json\/wp\/v2\/media?parent=7585"}],"wp:term":[{"taxonomy":"product_brand","embeddable":true,"href":"https:\/\/www.stvvalves.com\/es\/wp-json\/wp\/v2\/product_brand?post=7585"},{"taxonomy":"product_cat","embeddable":true,"href":"https:\/\/www.stvvalves.com\/es\/wp-json\/wp\/v2\/product_cat?post=7585"},{"taxonomy":"product_tag","embeddable":true,"href":"https:\/\/www.stvvalves.com\/es\/wp-json\/wp\/v2\/product_tag?post=7585"}],"curies":[{"name":"wp","href":"https:\/\/api.w.org\/{rel}","templated":true}]}}