{"id":7588,"date":"2024-09-06T23:21:09","date_gmt":"2024-09-06T15:21:09","guid":{"rendered":"https:\/\/www.stvvalves.com\/?post_type=product&#038;p=7588"},"modified":"2025-02-18T14:01:50","modified_gmt":"2025-02-18T06:01:50","slug":"y-type-forged-globe-valve-1500-lb-f11-sw-ends-1-inch","status":"publish","type":"product","link":"https:\/\/www.stvvalves.com\/es\/products\/y-type-forged-globe-valve-1500-lb-f11-sw-ends-1-inch\/","title":{"rendered":"Y Type Forged Globe Valve,1500 Lb, F11, Sw Ends, 1 Inch"},"content":{"rendered":"<p>Est\u00e1ndar de dise\u00f1o: API 602.<br \/>\nMaterial del cuerpo: F11<br \/>\nDi\u00e1metro nominal: 1 pulgada (DN25).<br \/>\nPresi\u00f3n: Clase 1500.<br \/>\nConexi\u00f3n final: SW.<br \/>\nCara a Cara: ASME B16.10.<br \/>\nWorking Temperature: -29\u00baC~+540\u00baC.<br \/>\nModo de funcionamiento: Volante.<br \/>\nPrueba e Inspecci\u00f3n: API 598.<\/p>\n<p>Gama de productos<br \/>\nMaterial del cuerpo: A105,LF2,F5,F11,F22,304,304L,316,316L,F51,F91,20#,Inconel.Ect<br \/>\nDi\u00e1metro normal: 1\/2\u2033~3\u2033 (DN15~DN80).<br \/>\nConexi\u00f3n final: NPT, SW, soldada a tope, bridada.<br \/>\nRango de presi\u00f3n: 150 lb ~ 2500 lb (PN10 ~ PN420).<br \/>\nOperaci\u00f3n: Volante, Actuador el\u00e9ctrico y neum\u00e1tico<br \/>\nTemperatura de trabajo: -196\u00baC~ +560\u00baC.<\/p>\n<table>\n<tbody>\n<tr>\n<td width=\"200\"><strong>nombre del producto<\/strong><\/td>\n<td width=\"481\">Y Type Forged Globe Valve,1500 Lb, F11, Sw Ends, 1 Inch<\/td>\n<\/tr>\n<tr>\n<td width=\"200\">1. Materiales<\/td>\n<td width=\"481\">F11<\/td>\n<\/tr>\n<tr>\n<td width=\"200\">2. Tama\u00f1o<\/td>\n<td width=\"481\">1\u201d<\/td>\n<\/tr>\n<tr>\n<td width=\"200\">4. Puerto<\/td>\n<td width=\"481\">Puerto reductor<\/td>\n<\/tr>\n<tr>\n<td width=\"200\">5. Presi\u00f3n de trabajo<\/td>\n<td width=\"481\">1500 libras<\/td>\n<\/tr>\n<tr>\n<td width=\"200\">6. La conexi\u00f3n finaliza<\/td>\n<td width=\"481\">SUDOESTE<\/td>\n<\/tr>\n<tr>\n<td width=\"200\">7. Temperatura de trabajo.<\/td>\n<td width=\"481\">-29~540\u00baC,<\/td>\n<\/tr>\n<tr>\n<td width=\"200\">8. Medio adecuado<\/td>\n<td width=\"481\">Agua, Gas Natural, Petr\u00f3leo y alg\u00fan l\u00edquido corrosivo<\/td>\n<\/tr>\n<tr>\n<td width=\"200\">9. Operado<\/td>\n<td width=\"481\">Volante<\/td>\n<\/tr>\n<tr>\n<td width=\"200\">10. Inspecci\u00f3n y pruebas<\/td>\n<td width=\"481\">Seg\u00fan API598<\/td>\n<\/tr>\n<tr>\n<td width=\"200\"><strong>Env\u00edo<\/strong><\/td>\n<td width=\"481\"><\/td>\n<\/tr>\n<tr>\n<td width=\"200\">El tiempo de entrega<\/td>\n<td width=\"481\">30 dias<\/td>\n<\/tr>\n<tr>\n<td width=\"200\">Paquete<\/td>\n<td width=\"481\">Caja de madera contrachapada de exportaci\u00f3n est\u00e1ndar<\/td>\n<\/tr>\n<tr>\n<td width=\"200\">Puerto de embarque<\/td>\n<td width=\"481\">Ningbo\/Shangh\u00e1i, China<\/td>\n<\/tr>\n<tr>\n<td width=\"200\">Condiciones de env\u00edo<\/td>\n<td width=\"481\">Exw, MANDO, CFR, CIF, etc.<\/td>\n<\/tr>\n<tr>\n<td width=\"200\">T\u00e9rminos de pago<\/td>\n<td width=\"481\">T\/T, Western Union, PayPal, etc.<\/td>\n<\/tr>\n<tr>\n<td width=\"200\"><\/td>\n<td width=\"481\">Pago anticipado de 30%, saldo de 70% pagado antes del env\u00edo<\/td>\n<\/tr>\n<tr>\n<td width=\"200\">Pa\u00eds de origen<\/td>\n<td width=\"481\">Ciudad de Wenzhou, China<\/td>\n<\/tr>\n<tr>\n<td width=\"200\">Capacidad de producci\u00f3n<\/td>\n<td width=\"481\">6000 toneladas\/a\u00f1o<\/td>\n<\/tr>\n<tr>\n<td width=\"200\">Cantidad m\u00ednima de pedido<\/td>\n<td width=\"481\">1 unidad\/tama\u00f1o<\/td>\n<\/tr>\n<\/tbody>\n<\/table>","protected":false},"excerpt":{"rendered":"<p>Modelo:STV-J65Y-A105N-2\u2033-1500LB<\/p>\n<p>Nuestra v\u00e1lvula de globo forjada tipo Y proporciona un rendimiento superior en diversas aplicaciones dentro de productos qu\u00edmicos,<br \/>\npetroqu\u00edmicos, gas y diversos usos industriales e ideales para aplicaciones posteriores. Est\u00e1n dise\u00f1ados,<br \/>\nDise\u00f1ado y fabricado en estricta conformidad con API, ASTM, ASME, ANSI y otros est\u00e1ndares reconocidos.<br \/>\nOur forged Steel Valves are not only cha racterized by outstanding performance, reliability and quality, they\u2019re also known for their standard features normally optional in other brands.<\/p>\n<p>STV Valve Technology Group Co., Ltd is a professional leader China Y Type Forged Globe Valve ,Class 1500Lb Y Type Globe Valve ,Forged Y Type Globe Valve,Class 1500 Lb China 1500lb Y Type Forged Globe Valve Manufacture Globe Valve, API 602 Y Type Globe Valve,Sw Ends Y Type Globe Valve,A105N Y Type Globe Valve,PSB Y Type Globe Valve,1 Inch Y Type Globe Valve manufacturer with high quality and competitive price.<\/p>","protected":false},"featured_media":7589,"template":"","meta":[],"product_brand":[],"product_cat":[64,45],"product_tag":[2490,2488,2486,2483,2983,2495,2485,2489,2487],"class_list":{"0":"post-7588","1":"product","2":"type-product","3":"status-publish","4":"has-post-thumbnail","6":"product_cat-foreged-steel-globe-valve","7":"product_cat-globe-valve","8":"product_tag-1-inch-y-type-globe-valve-manufacturer","9":"product_tag-a105n-y-type-globe-valve","10":"product_tag-api-602-y-type-globe-valve","11":"product_tag-china-y-type-forged-globe-valve","12":"product_tag-class-1500-lb-china-1500lb-y-type-forged-globe-valve-manufacture-globe-valve","13":"product_tag-class-1500lb-y-type-globe-valve","14":"product_tag-forged-y-type-globe-valve","15":"product_tag-psb-y-type-globe-valve","16":"product_tag-sw-ends-y-type-globe-valve","18":"first","19":"instock","20":"shipping-taxable","21":"product-type-simple"},"_links":{"self":[{"href":"https:\/\/www.stvvalves.com\/es\/wp-json\/wp\/v2\/product\/7588","targetHints":{"allow":["GET"]}}],"collection":[{"href":"https:\/\/www.stvvalves.com\/es\/wp-json\/wp\/v2\/product"}],"about":[{"href":"https:\/\/www.stvvalves.com\/es\/wp-json\/wp\/v2\/types\/product"}],"wp:featuredmedia":[{"embeddable":true,"href":"https:\/\/www.stvvalves.com\/es\/wp-json\/wp\/v2\/media\/7589"}],"wp:attachment":[{"href":"https:\/\/www.stvvalves.com\/es\/wp-json\/wp\/v2\/media?parent=7588"}],"wp:term":[{"taxonomy":"product_brand","embeddable":true,"href":"https:\/\/www.stvvalves.com\/es\/wp-json\/wp\/v2\/product_brand?post=7588"},{"taxonomy":"product_cat","embeddable":true,"href":"https:\/\/www.stvvalves.com\/es\/wp-json\/wp\/v2\/product_cat?post=7588"},{"taxonomy":"product_tag","embeddable":true,"href":"https:\/\/www.stvvalves.com\/es\/wp-json\/wp\/v2\/product_tag?post=7588"}],"curies":[{"name":"wp","href":"https:\/\/api.w.org\/{rel}","templated":true}]}}