{"id":7610,"date":"2024-11-01T22:30:41","date_gmt":"2024-11-01T14:30:41","guid":{"rendered":"https:\/\/www.stvvalves.com\/?post_type=product&#038;p=7610"},"modified":"2024-12-24T22:43:48","modified_gmt":"2024-12-24T14:43:48","slug":"300lb-flange-butterfly-valve-wcb-body-32-inch-metal-seat","status":"publish","type":"product","link":"https:\/\/www.stvvalves.com\/es\/products\/300lb-flange-butterfly-valve-wcb-body-32-inch-metal-seat\/","title":{"rendered":"300LB Flange Butterfly Valve,WCB Body, 32 Inch,Metal Seat"},"content":{"rendered":"<p>Dise\u00f1o y fabricaci\u00f3n: API 609<\/p>\n<p>Dimensi\u00f3n cara a cara: API609, ISO5752, ASME B16.10<\/p>\n<p>Dimensi\u00f3n de conexi\u00f3n de brida: ASME B16.5, ASME B16.47<\/p>\n<p>Prueba e inspecci\u00f3n: API 598<\/p>\n<p>Clasificaci\u00f3n de temperatura y presi\u00f3n: API 609, ASME B16.34<br \/>\nGama de productos<\/p>\n<p>Material del cuerpo: Hierro fundido,Acero fundido,Acero inoxidable,Monel<br \/>\nMaterial del disco: hierro d\u00factil, acero al carbono, acero inoxidable, bronce AL.<\/p>\n<p>Di\u00e1metro nominal: 2\u2033\uff5e120\u2033\uff08DN50~DN3000\uff09<\/p>\n<p>Conexi\u00f3n final: doble brida, oblea, terminal, etc.<\/p>\n<p>Rango de presi\u00f3n: Clase 150 ~ 600 (PN16 ~ PN100)<\/p>\n<p>Temperatura de trabajo: -46 \u2103 ~ +550 \u2103<\/p>\n<p>Operaci\u00f3n: manija, engranaje, actuador el\u00e9ctrico, etc.<\/p>\n<table>\n<tbody>\n<tr>\n<td width=\"200\"><strong><b>nombre del producto<\/b><\/strong><\/td>\n<td width=\"481\">300LB Flange Butterfly Valve,WCB Body, 32 Inch,Metal Seat<\/td>\n<\/tr>\n<tr>\n<td width=\"200\">1. Materiales<\/td>\n<td width=\"481\">WCB<\/td>\n<\/tr>\n<tr>\n<td width=\"200\">2. Tama\u00f1o<\/td>\n<td width=\"481\">32\u201d<\/td>\n<\/tr>\n<tr>\n<td width=\"200\">4. Puerto<\/td>\n<td width=\"481\">Puerto lleno<\/td>\n<\/tr>\n<tr>\n<td width=\"200\">5. Presi\u00f3n de trabajo<\/td>\n<td width=\"481\">300 libras<\/td>\n<\/tr>\n<tr>\n<td width=\"200\">6. La conexi\u00f3n finaliza<\/td>\n<td width=\"481\">Brida<\/td>\n<\/tr>\n<tr>\n<td width=\"200\">7. Temperatura de trabajo.<\/td>\n<td width=\"481\">-29~425\u00baC,<\/td>\n<\/tr>\n<tr>\n<td width=\"200\">8. Medio adecuado<\/td>\n<td width=\"481\">Agua, Gas Natural, Petr\u00f3leo y alg\u00fan l\u00edquido corrosivo<\/td>\n<\/tr>\n<tr>\n<td width=\"200\">9. Operado<\/td>\n<td width=\"481\">Caja de cambios<\/td>\n<\/tr>\n<tr>\n<td width=\"200\">10. Inspecci\u00f3n y pruebas<\/td>\n<td width=\"481\">Seg\u00fan API 598<\/td>\n<\/tr>\n<tr>\n<td width=\"200\">Env\u00edo<\/td>\n<td width=\"481\"><\/td>\n<\/tr>\n<tr>\n<td width=\"200\">El tiempo de entrega<\/td>\n<td width=\"481\">30 dias<\/td>\n<\/tr>\n<tr>\n<td width=\"200\">Paquete<\/td>\n<td width=\"481\">Caja de madera contrachapada de exportaci\u00f3n est\u00e1ndar<\/td>\n<\/tr>\n<tr>\n<td width=\"200\">Puerto de embarque<\/td>\n<td width=\"481\">Ningbo\/Shangh\u00e1i, China<\/td>\n<\/tr>\n<tr>\n<td width=\"200\">Condiciones de env\u00edo<\/td>\n<td width=\"481\">Exw, MANDO, CFR, CIF, etc.<\/td>\n<\/tr>\n<tr>\n<td width=\"200\">T\u00e9rminos de pago<\/td>\n<td width=\"481\">T\/T, Western Union, PayPal, etc.<\/td>\n<\/tr>\n<tr>\n<td width=\"200\"><\/td>\n<td width=\"481\">Pago anticipado de 30%, saldo de 70% pagado antes del env\u00edo<\/td>\n<\/tr>\n<tr>\n<td width=\"200\">Pa\u00eds de origen<\/td>\n<td width=\"481\">Ciudad de Wenzhou, China<\/td>\n<\/tr>\n<tr>\n<td width=\"200\">Capacidad de producci\u00f3n<\/td>\n<td width=\"481\">6000 toneladas\/a\u00f1o<\/td>\n<\/tr>\n<tr>\n<td width=\"200\">Cantidad m\u00ednima de pedido<\/td>\n<td width=\"481\">10 unidades\/tama\u00f1o<\/td>\n<\/tr>\n<\/tbody>\n<\/table>","protected":false},"excerpt":{"rendered":"<p>STV Valve Technology Group Co., Ltd is a professional leader China Flange Butterfly Valve Manufacture,300LB Flange Butterfly Valve ,WCB Body Flange Butterfly Valve,32 Inch\u00a0 Flange Butterfly Valve,Bare Stem Flange Butterfly Valve,Metal Seat Flange Butterfly Valve,Worm Gear Flange .<\/p>","protected":false},"featured_media":7611,"template":"","meta":[],"product_brand":[],"product_cat":[965,972],"product_tag":[2140,3001,3002,2134,2138,3000,3003],"class_list":{"0":"post-7610","1":"product","2":"type-product","3":"status-publish","4":"has-post-thumbnail","6":"product_cat-butterfly-valve","7":"product_cat-flange-butterfly-valve","8":"product_tag-300lb-flange-butterfly-valve","9":"product_tag-32-inch-flange-butterfly-valve","10":"product_tag-bare-stem-flange-butterfly-valve","11":"product_tag-china-flange-butterfly-valve-manufacture","12":"product_tag-metal-seat-flange-butterfly-valve","13":"product_tag-wcb-body-flange-butterfly-valve","14":"product_tag-worm-gear-flange","16":"first","17":"instock","18":"shipping-taxable","19":"product-type-simple"},"_links":{"self":[{"href":"https:\/\/www.stvvalves.com\/es\/wp-json\/wp\/v2\/product\/7610","targetHints":{"allow":["GET"]}}],"collection":[{"href":"https:\/\/www.stvvalves.com\/es\/wp-json\/wp\/v2\/product"}],"about":[{"href":"https:\/\/www.stvvalves.com\/es\/wp-json\/wp\/v2\/types\/product"}],"wp:featuredmedia":[{"embeddable":true,"href":"https:\/\/www.stvvalves.com\/es\/wp-json\/wp\/v2\/media\/7611"}],"wp:attachment":[{"href":"https:\/\/www.stvvalves.com\/es\/wp-json\/wp\/v2\/media?parent=7610"}],"wp:term":[{"taxonomy":"product_brand","embeddable":true,"href":"https:\/\/www.stvvalves.com\/es\/wp-json\/wp\/v2\/product_brand?post=7610"},{"taxonomy":"product_cat","embeddable":true,"href":"https:\/\/www.stvvalves.com\/es\/wp-json\/wp\/v2\/product_cat?post=7610"},{"taxonomy":"product_tag","embeddable":true,"href":"https:\/\/www.stvvalves.com\/es\/wp-json\/wp\/v2\/product_tag?post=7610"}],"curies":[{"name":"wp","href":"https:\/\/api.w.org\/{rel}","templated":true}]}}