{"id":7628,"date":"2024-12-07T09:29:52","date_gmt":"2024-12-07T01:29:52","guid":{"rendered":"https:\/\/www.stvvalves.com\/?post_type=product&#038;p=7628"},"modified":"2025-02-27T15:44:55","modified_gmt":"2025-02-27T07:44:55","slug":"astm-b148-c95800-globe-valve-bs1878-4-inch-150-lb-rf","status":"publish","type":"product","link":"https:\/\/www.stvvalves.com\/es\/products\/astm-b148-c95800-globe-valve-bs1878-4-inch-150-lb-rf\/","title":{"rendered":"ASTM B148 C95800 Globe Valve,BS1878,4 Inch,150 LB,RF"},"content":{"rendered":"<div class=\"summary entry-summary\"><\/div>\n<div class=\"woocommerce-tabs wc-tabs-wrapper\">\n<div id=\"tab-description\" class=\"woocommerce-Tabs-panel woocommerce-Tabs-panel--description panel entry-content wc-tab\" role=\"tabpanel\" aria-labelledby=\"tab-title-description\">\n<p><strong>Est\u00e1ndares aplicables:\u00a0\u00a0\u00a0\u00a0\u00a0\u00a0<\/strong><br \/>\nV\u00e1lvula de globo, BS1878\/ASME B16.34<br \/>\nV\u00e1lvulas de acero, ASME B16.34<br \/>\nCara a cara ASME B16.10<br \/>\nBridas finales ASME B16.5\/ASME B16.47<br \/>\nExtremos para soldadura a tope ASME B16.25<br \/>\nInspecci\u00f3n y prueba API 598<\/p>\n<p><strong>Material:\u00a0<\/strong>C95800,C95400,C95500,C83600,<br \/>\n<strong>Rango de tama\u00f1o:<\/strong>\u00a02\u2033~36\u2033<br \/>\n<strong>La calificaci\u00f3n de presi\u00f3n:\u00a0<\/strong>ASMECL, 150, 300, 600, 900, 1500, 2500<br \/>\n<strong>Rango de temperatura:<\/strong>\u00a0-196\u2103~650\u2103<\/p>\n<p><strong>Descripci\u00f3n del dise\u00f1o:<\/strong><br \/>\n\u2013 Tornillo exterior y yugo<br \/>\n\u2013 Bonete atornillado y sello de presi\u00f3n<br \/>\n\u2013 V\u00e1stago ascendente<br \/>\n\u2013 Disponible con operador de engranajes<br \/>\n\u2013 Extremos de brida y extremos para soldar a tope<br \/>\n\u2013 Dise\u00f1o de bajo torque, v\u00e1stago de superficie lisa.<\/p>\n<p>Funcionamiento: volante, caja de cambios, el\u00e9ctrico, etc.<\/p>\n<table>\n<tbody>\n<tr>\n<td width=\"200\"><strong>nombre del producto<\/strong><\/td>\n<td width=\"481\">ASTM B148 C95800 Globe Valve,BS1878,4 Inch,150 LB,RF<\/td>\n<\/tr>\n<tr>\n<td width=\"200\">1. Materiales<\/td>\n<td width=\"481\">C95800<\/td>\n<\/tr>\n<tr>\n<td width=\"200\">2. Tama\u00f1o<\/td>\n<td width=\"481\">4\u201d<\/td>\n<\/tr>\n<tr>\n<td width=\"200\">4. Puerto<\/td>\n<td width=\"481\">Puerto lleno<\/td>\n<\/tr>\n<tr>\n<td width=\"200\">5. Presi\u00f3n de trabajo<\/td>\n<td width=\"481\">150 libras<\/td>\n<\/tr>\n<tr>\n<td width=\"200\">6. La conexi\u00f3n finaliza<\/td>\n<td width=\"481\">RF<\/td>\n<\/tr>\n<tr>\n<td width=\"200\">7. Temperatura de trabajo.<\/td>\n<td width=\"481\">-29~300\u00baC,<\/td>\n<\/tr>\n<tr>\n<td width=\"200\">8. Medio adecuado<\/td>\n<td width=\"481\">Agua, Gas Natural, Petr\u00f3leo y alg\u00fan l\u00edquido corrosivo<\/td>\n<\/tr>\n<tr>\n<td width=\"200\">9. Operado<\/td>\n<td width=\"481\">Caja de cambios<\/td>\n<\/tr>\n<tr>\n<td width=\"200\">10. Inspecci\u00f3n y pruebas<\/td>\n<td width=\"481\">Seg\u00fan API598<\/td>\n<\/tr>\n<tr>\n<td width=\"200\"><strong>Env\u00edo<\/strong><\/td>\n<td width=\"481\"><\/td>\n<\/tr>\n<tr>\n<td width=\"200\">El tiempo de entrega<\/td>\n<td width=\"481\">30 dias<\/td>\n<\/tr>\n<tr>\n<td width=\"200\">Paquete<\/td>\n<td width=\"481\">Caja de madera contrachapada de exportaci\u00f3n est\u00e1ndar<\/td>\n<\/tr>\n<tr>\n<td width=\"200\">Puerto de embarque<\/td>\n<td width=\"481\">Ningbo\/Shangh\u00e1i, China<\/td>\n<\/tr>\n<tr>\n<td width=\"200\">Condiciones de env\u00edo<\/td>\n<td width=\"481\">Exw, MANDO, CFR, CIF, etc.<\/td>\n<\/tr>\n<tr>\n<td width=\"200\">T\u00e9rminos de pago<\/td>\n<td width=\"481\">T\/T, Western Union, PayPal, etc.<\/td>\n<\/tr>\n<tr>\n<td width=\"200\"><\/td>\n<td width=\"481\">Pago anticipado de 30%, saldo de 70% pagado antes del env\u00edo<\/td>\n<\/tr>\n<tr>\n<td width=\"200\">Pa\u00eds de origen<\/td>\n<td width=\"481\">Ciudad de Wenzhou, China<\/td>\n<\/tr>\n<tr>\n<td width=\"200\">Capacidad de producci\u00f3n<\/td>\n<td width=\"481\">6000 toneladas\/a\u00f1o<\/td>\n<\/tr>\n<tr>\n<td width=\"200\">Cantidad m\u00ednima de pedido<\/td>\n<td width=\"481\">1 unidad\/tama\u00f1o<\/td>\n<\/tr>\n<\/tbody>\n<\/table>\n<\/div>\n<\/div>","protected":false},"excerpt":{"rendered":"<p>STV Valve Technology Group Co., Ltd is a professional leader China ASTM B148 C95800 Globe Valve, BS1878 C95800 Globe Valve,Bolt BonnetC95800 Globe Valve, 4 Inch C95800 Globe Valve, 150 LB C95800 Globe Valve, RF C95800 Globe Valve Manufacturer with high quality and competitive price<\/p>","protected":false},"featured_media":7629,"template":"","meta":[],"product_brand":[],"product_cat":[45,63],"product_tag":[3021,3020,3017,3019,3018,3022],"class_list":{"0":"post-7628","1":"product","2":"type-product","3":"status-publish","4":"has-post-thumbnail","6":"product_cat-globe-valve","7":"product_cat-cast-steel-globe-valve","8":"product_tag-150-lb-c95800-globe-valve","9":"product_tag-4-inch-c95800-globe-valve","10":"product_tag-astm-b148-c95800-globe-valve","11":"product_tag-bolt-bonnetc95800-globe-valve","12":"product_tag-bs1878-c95800-globe-valve","13":"product_tag-rf-c95800-globe-valve-manufacturer","15":"first","16":"instock","17":"shipping-taxable","18":"product-type-simple"},"_links":{"self":[{"href":"https:\/\/www.stvvalves.com\/es\/wp-json\/wp\/v2\/product\/7628","targetHints":{"allow":["GET"]}}],"collection":[{"href":"https:\/\/www.stvvalves.com\/es\/wp-json\/wp\/v2\/product"}],"about":[{"href":"https:\/\/www.stvvalves.com\/es\/wp-json\/wp\/v2\/types\/product"}],"wp:featuredmedia":[{"embeddable":true,"href":"https:\/\/www.stvvalves.com\/es\/wp-json\/wp\/v2\/media\/7629"}],"wp:attachment":[{"href":"https:\/\/www.stvvalves.com\/es\/wp-json\/wp\/v2\/media?parent=7628"}],"wp:term":[{"taxonomy":"product_brand","embeddable":true,"href":"https:\/\/www.stvvalves.com\/es\/wp-json\/wp\/v2\/product_brand?post=7628"},{"taxonomy":"product_cat","embeddable":true,"href":"https:\/\/www.stvvalves.com\/es\/wp-json\/wp\/v2\/product_cat?post=7628"},{"taxonomy":"product_tag","embeddable":true,"href":"https:\/\/www.stvvalves.com\/es\/wp-json\/wp\/v2\/product_tag?post=7628"}],"curies":[{"name":"wp","href":"https:\/\/api.w.org\/{rel}","templated":true}]}}