{"id":7634,"date":"2024-12-08T20:36:27","date_gmt":"2024-12-08T12:36:27","guid":{"rendered":"https:\/\/www.stvvalves.com\/?post_type=product&#038;p=7634"},"modified":"2024-12-09T09:30:09","modified_gmt":"2024-12-09T01:30:09","slug":"metal-seat-wafer-type-ball-valve-f316-6-inch-150lb","status":"publish","type":"product","link":"https:\/\/www.stvvalves.com\/es\/products\/metal-seat-wafer-type-ball-valve-f316-6-inch-150lb\/","title":{"rendered":"Metal Seat Wafer Type Ball Valve,F316,6 Inch,150LB"},"content":{"rendered":"<p>Gama de productos<br \/>\n-Valve size: 1\/2\u2033 \u2013 10\u2033 (DN15-DN250)<br \/>\n-Presi\u00f3n: ANSI Clase 150-1500 (PN16-PN250)<br \/>\n-Temperature: -196\u2103 \u2013 500\u2103<br \/>\n-Materiales del cuerpo: A105N,F304,F304L,F316,F316L,F11,F22,F51,F55<\/p>\n<p>Especificaciones t\u00e9cnicas<br \/>\n-Dise\u00f1o: ASME 16.34\/ API 6D<br \/>\n-Cara a cara: ASME B16.10<br \/>\n-BW extremo: ASME B16.25<br \/>\n-Prueba: API 598\/BS 6755<br \/>\n-Prueba de seguridad contra incendios: API 607\/API 6FA<br \/>\n-Especial: NACE MR-01-75<\/p>\n<p>Design features:<br \/>\n1-piece Body<br \/>\n-Cuerpo de acero forjado o fundido.<br \/>\n-Full port or Reduce port<br \/>\n-Anti-blowout Stem<br \/>\n-Gear Operation or Actuator Available<br \/>\n-V\u00e1stago a prueba de explosiones<br \/>\n-Dise\u00f1o a prueba de incendios<br \/>\nOptional locking device<br \/>\nOptional ISO 5211 direct mounting pad<\/p>\n<table>\n<tbody>\n<tr>\n<td width=\"200\"><strong>nombre del producto<\/strong><\/td>\n<td width=\"481\">Metal Seat Wafer Type Ball Valve,F316,6 Inch,150LB<\/td>\n<\/tr>\n<tr>\n<td width=\"200\">1. Materiales<\/td>\n<td width=\"481\">F316<\/td>\n<\/tr>\n<tr>\n<td width=\"200\">2. Tama\u00f1o<\/td>\n<td width=\"481\">6\u201d<\/td>\n<\/tr>\n<tr>\n<td width=\"200\">4. Puerto<\/td>\n<td width=\"481\">\u00a0Puerto reductor<\/td>\n<\/tr>\n<tr>\n<td width=\"200\">5. Presi\u00f3n de trabajo<\/td>\n<td width=\"481\">150 libras<\/td>\n<\/tr>\n<tr>\n<td width=\"200\">6. La conexi\u00f3n finaliza<\/td>\n<td width=\"481\">RF<\/td>\n<\/tr>\n<tr>\n<td width=\"200\">7. Temperatura de trabajo.<\/td>\n<td width=\"481\">-29~280\u00baC,<\/td>\n<\/tr>\n<tr>\n<td width=\"200\">8. Medio adecuado<\/td>\n<td width=\"481\">Agua, Gas Natural, Petr\u00f3leo y alg\u00fan l\u00edquido corrosivo<\/td>\n<\/tr>\n<tr>\n<td width=\"200\">9. Operado<\/td>\n<td width=\"481\">Volante<\/td>\n<\/tr>\n<tr>\n<td width=\"200\">10. Inspecci\u00f3n y pruebas<\/td>\n<td width=\"481\">Seg\u00fan API598<\/td>\n<\/tr>\n<tr>\n<td width=\"200\"><strong>Env\u00edo<\/strong><\/td>\n<td width=\"481\"><\/td>\n<\/tr>\n<tr>\n<td width=\"200\">El tiempo de entrega<\/td>\n<td width=\"481\">30 dias<\/td>\n<\/tr>\n<tr>\n<td width=\"200\">Paquete<\/td>\n<td width=\"481\">Caja de madera contrachapada de exportaci\u00f3n est\u00e1ndar<\/td>\n<\/tr>\n<tr>\n<td width=\"200\">Puerto de embarque<\/td>\n<td width=\"481\">Ningbo\/Shangh\u00e1i, China<\/td>\n<\/tr>\n<tr>\n<td width=\"200\">Condiciones de env\u00edo<\/td>\n<td width=\"481\">Exw, MANDO, CFR, CIF, etc.<\/td>\n<\/tr>\n<tr>\n<td width=\"200\">T\u00e9rminos de pago<\/td>\n<td width=\"481\">T\/T, Western Union, PayPal, etc.<\/td>\n<\/tr>\n<tr>\n<td width=\"200\"><\/td>\n<td width=\"481\">Pago anticipado de 30%, saldo de 70% pagado antes del env\u00edo<\/td>\n<\/tr>\n<tr>\n<td width=\"200\">Pa\u00eds de origen<\/td>\n<td width=\"481\">Ciudad de Wenzhou, China<\/td>\n<\/tr>\n<tr>\n<td width=\"200\">Capacidad de producci\u00f3n<\/td>\n<td width=\"481\">6000 toneladas\/a\u00f1o<\/td>\n<\/tr>\n<tr>\n<td width=\"200\">Cantidad m\u00ednima de pedido<\/td>\n<td width=\"481\">1 unidad\/tama\u00f1o<\/td>\n<\/tr>\n<\/tbody>\n<\/table>","protected":false},"excerpt":{"rendered":"<p>STV Valve Technology Group Co., Ltd is a professional leader China 150LB Forged Steel Wafer Ball Valve,1 PCS Type Forged Steel\u00a0 Ball Valve ,F316 Wafer Ball Valve,High Pressure Forged Steel Wafer Ball Valve,6 Inch Forged Steel Wafer Ball Valve,Metal Seat Wafer Type Ball Valve Manufacturer with high quality and competitive price<\/p>","protected":false},"featured_media":7635,"template":"","meta":[],"product_brand":[],"product_cat":[43,55],"product_tag":[2733,3034,3033,2734,2735,3035],"class_list":{"0":"post-7634","1":"product","2":"type-product","3":"status-publish","4":"has-post-thumbnail","6":"product_cat-ball-valve","7":"product_cat-forged-steel-ball-valve","8":"product_tag-1-pcs-type-forged-steel-ball-valve","9":"product_tag-6-inch-forged-steel-wafer-ball-valve","10":"product_tag-china-150lb-forged-steel-wafer-ball-valve","11":"product_tag-f316-wafer-ball-valve","12":"product_tag-high-pressure-forged-steel-wafer-ball-valve","13":"product_tag-metal-seat-wafer-type-ball-valve-manufacturer","15":"first","16":"instock","17":"shipping-taxable","18":"product-type-simple"},"_links":{"self":[{"href":"https:\/\/www.stvvalves.com\/es\/wp-json\/wp\/v2\/product\/7634","targetHints":{"allow":["GET"]}}],"collection":[{"href":"https:\/\/www.stvvalves.com\/es\/wp-json\/wp\/v2\/product"}],"about":[{"href":"https:\/\/www.stvvalves.com\/es\/wp-json\/wp\/v2\/types\/product"}],"wp:featuredmedia":[{"embeddable":true,"href":"https:\/\/www.stvvalves.com\/es\/wp-json\/wp\/v2\/media\/7635"}],"wp:attachment":[{"href":"https:\/\/www.stvvalves.com\/es\/wp-json\/wp\/v2\/media?parent=7634"}],"wp:term":[{"taxonomy":"product_brand","embeddable":true,"href":"https:\/\/www.stvvalves.com\/es\/wp-json\/wp\/v2\/product_brand?post=7634"},{"taxonomy":"product_cat","embeddable":true,"href":"https:\/\/www.stvvalves.com\/es\/wp-json\/wp\/v2\/product_cat?post=7634"},{"taxonomy":"product_tag","embeddable":true,"href":"https:\/\/www.stvvalves.com\/es\/wp-json\/wp\/v2\/product_tag?post=7634"}],"curies":[{"name":"wp","href":"https:\/\/api.w.org\/{rel}","templated":true}]}}