{"id":7641,"date":"2024-12-09T09:54:45","date_gmt":"2024-12-09T01:54:45","guid":{"rendered":"https:\/\/www.stvvalves.com\/?post_type=product&#038;p=7641"},"modified":"2025-02-18T14:35:28","modified_gmt":"2025-02-18T06:35:28","slug":"f304-piston-check-valve-api-602-dn40-600-lb-rf-end","status":"publish","type":"product","link":"https:\/\/www.stvvalves.com\/es\/products\/f304-piston-check-valve-api-602-dn40-600-lb-rf-end\/","title":{"rendered":"F304 Piston Check Valve,API 602,DN40,600 LB,RF End"},"content":{"rendered":"<p>F304 Piston Check Valve<\/p>\n<p>A forged steel check valve utilizes the medium&#8217;s flow to automatically open and close the valve disc, preventing reverse flow. Also known as a check valve, one-way valve, reverse flow valve, or back pressure valve, it ensures proper function with a body guide that aligns the seat and disc. When closing, the flow pressure forces the disc off the seat, enabling fluid to pass through the valve.<\/p>\n<p><strong>Forged Steel Piston Check Valve-Features<\/strong><\/p>\n<p>1. The body is made of forged steel and is available in both reduced and full bore designs.<br \/>\n2. Available bonnet types include bolted, welded, or pressure seal.<br \/>\n3. Featuring a spring-loaded piston and an integral seat.<\/p>\n<p><strong>Forged Steel Piston Check Valve-Specifications and standards<\/strong><\/p>\n<p>1.Design standard: API 602, ASME B16.34<br \/>\n2.Pressure temperature standard: ASME B16.34<br \/>\n3.Face to face dimension: JSC standard<br \/>\n4.Testing and inspection: API 598<br \/>\n5.Flanged Ends: ASME B16.5<br \/>\n6.Butt Welded Ends: ASME B16.25<br \/>\n7.Screwed Ends: ASME B1.20.1<br \/>\n8.Socket Welded Ends: ASME B16.11<br \/>\n9.Ends: Flanged ends, Socket Weld End, Screwed End, Butt-weld end<br \/>\n10.Size range: 1\/2 Inch &#8211; 3 Inch (DN15-DN80)<br \/>\n11.Class: 150 LB, 300 LB, 600 LB, 900 LB, 1500 LB, 2500 LB, 4500 LB, Class 150 &#8211; 4500 LB<br \/>\n12.Body material: ASTM A105, ASTM A350 LF2, ASTM A182 F5, ASTM A182 F22, ASTM A182 F304, ASTM A182 F304L, ASTM A182 F316, ASTM A182 F316L, ASTM A182 F347, ASTM A182 F321, ASTM A182 F51, ASTM A182 F55, Inconel Alloy, Monel Alloy, Hastelloy Alloy.<br \/>\n13.Trim material: ASTM A182 F6a \/ F316 \/ F304 \/ F316L \/ F321 \/F51 \/ F55 \/ Inconel \/ Stellied or Hardfaced<\/p>\n<table>\n<tbody>\n<tr>\n<td width=\"200\"><strong><b>nombre del producto<\/b><\/strong><\/td>\n<td width=\"481\">F304 Piston Check Valve,API 602,DN40,600 LB,RF End<\/td>\n<\/tr>\n<tr>\n<td width=\"200\">1. Materiales<\/td>\n<td width=\"481\">F304<\/td>\n<\/tr>\n<tr>\n<td width=\"200\">2. Tama\u00f1o<\/td>\n<td width=\"481\">11\/2\u201d<\/td>\n<\/tr>\n<tr>\n<td width=\"200\">4. Puerto<\/td>\n<td width=\"481\">Puerto reductor<\/td>\n<\/tr>\n<tr>\n<td width=\"200\">5. Presi\u00f3n de trabajo<\/td>\n<td width=\"481\">600 libras<\/td>\n<\/tr>\n<tr>\n<td width=\"200\">6. La conexi\u00f3n finaliza<\/td>\n<td width=\"481\">Extremo de RF<\/td>\n<\/tr>\n<tr>\n<td width=\"200\">7. Temperatura de trabajo.<\/td>\n<td width=\"481\">-29~425\u00baC,<\/td>\n<\/tr>\n<tr>\n<td width=\"200\">8. Medio adecuado<\/td>\n<td width=\"481\">Agua, Gas Natural, Petr\u00f3leo y alg\u00fan l\u00edquido corrosivo<\/td>\n<\/tr>\n<tr>\n<td width=\"200\">9. Operado<\/td>\n<td width=\"481\">X<\/td>\n<\/tr>\n<tr>\n<td width=\"200\">10. Inspecci\u00f3n y pruebas<\/td>\n<td width=\"481\">Seg\u00fan API 598<\/td>\n<\/tr>\n<tr>\n<td width=\"200\"><strong><b>Env\u00edo<\/b><\/strong><\/td>\n<td width=\"481\"><\/td>\n<\/tr>\n<tr>\n<td width=\"200\">El tiempo de entrega<\/td>\n<td width=\"481\">30 dias<\/td>\n<\/tr>\n<tr>\n<td width=\"200\">Paquete<\/td>\n<td width=\"481\">Caja de madera contrachapada de exportaci\u00f3n est\u00e1ndar<\/td>\n<\/tr>\n<tr>\n<td width=\"200\">Puerto de embarque<\/td>\n<td width=\"481\">Ningbo\/Shangh\u00e1i, China<\/td>\n<\/tr>\n<tr>\n<td width=\"200\">Condiciones de env\u00edo<\/td>\n<td width=\"481\">Exw, MANDO, CFR, CIF, etc.<\/td>\n<\/tr>\n<tr>\n<td width=\"200\">T\u00e9rminos de pago<\/td>\n<td width=\"481\">T\/T, Western Union, PayPal, etc.<\/td>\n<\/tr>\n<tr>\n<td width=\"200\"><\/td>\n<td width=\"481\">Pago anticipado de 30%, saldo de 70% pagado antes del env\u00edo<\/td>\n<\/tr>\n<tr>\n<td width=\"200\">Pa\u00eds de origen<\/td>\n<td width=\"481\">Ciudad de Wenzhou, China<\/td>\n<\/tr>\n<tr>\n<td width=\"200\">Capacidad de producci\u00f3n<\/td>\n<td width=\"481\">6000 toneladas\/a\u00f1o<\/td>\n<\/tr>\n<tr>\n<td width=\"200\">Cantidad m\u00ednima de pedido<\/td>\n<td width=\"481\">10 unidades\/tama\u00f1o<\/td>\n<\/tr>\n<\/tbody>\n<\/table>","protected":false},"excerpt":{"rendered":"<p>STV Valve Technology Group Co., Ltd is a professional leader China F304 Piston Check Valve,Bolt Bonnet F304 Piston Check Valve , 11\/2 Inch F304 Piston Check Valve,\u00a0 API 602 F304 Piston Check Valve, 600LB F304 Piston Check Valve,Integral Flange End\u00a0 Piston Check Valve Manufacturer with high quality and competitive price.<\/p>","protected":false},"featured_media":7642,"template":"","meta":[],"product_brand":[],"product_cat":[46,66],"product_tag":[2914,2916,2917,2915,2687,2913],"class_list":{"0":"post-7641","1":"product","2":"type-product","3":"status-publish","4":"has-post-thumbnail","6":"product_cat-check-valves","7":"product_cat-swing-check-valve","8":"product_tag-1-inch-f304-swing-check-valve","9":"product_tag-2500lb-f304-swing-check-valve","10":"product_tag-2500lb-flange-end-swing-check-valve-manufacturer","11":"product_tag-api-602-f304-swing-check-valve","12":"product_tag-china-f304-swing-check-valve","13":"product_tag-pressure-seal-bonnet-f304-swing-check-valve","15":"first","16":"instock","17":"shipping-taxable","18":"product-type-simple"},"_links":{"self":[{"href":"https:\/\/www.stvvalves.com\/es\/wp-json\/wp\/v2\/product\/7641","targetHints":{"allow":["GET"]}}],"collection":[{"href":"https:\/\/www.stvvalves.com\/es\/wp-json\/wp\/v2\/product"}],"about":[{"href":"https:\/\/www.stvvalves.com\/es\/wp-json\/wp\/v2\/types\/product"}],"wp:featuredmedia":[{"embeddable":true,"href":"https:\/\/www.stvvalves.com\/es\/wp-json\/wp\/v2\/media\/7642"}],"wp:attachment":[{"href":"https:\/\/www.stvvalves.com\/es\/wp-json\/wp\/v2\/media?parent=7641"}],"wp:term":[{"taxonomy":"product_brand","embeddable":true,"href":"https:\/\/www.stvvalves.com\/es\/wp-json\/wp\/v2\/product_brand?post=7641"},{"taxonomy":"product_cat","embeddable":true,"href":"https:\/\/www.stvvalves.com\/es\/wp-json\/wp\/v2\/product_cat?post=7641"},{"taxonomy":"product_tag","embeddable":true,"href":"https:\/\/www.stvvalves.com\/es\/wp-json\/wp\/v2\/product_tag?post=7641"}],"curies":[{"name":"wp","href":"https:\/\/api.w.org\/{rel}","templated":true}]}}