{"id":7643,"date":"2024-12-09T10:13:18","date_gmt":"2024-12-09T02:13:18","guid":{"rendered":"https:\/\/www.stvvalves.com\/?post_type=product&#038;p=7643"},"modified":"2024-12-24T13:38:06","modified_gmt":"2024-12-24T05:38:06","slug":"din-593-wafer-butterfly-valve-pn10-wcb-body-dn550-gear-op","status":"publish","type":"product","link":"https:\/\/www.stvvalves.com\/es\/products\/din-593-wafer-butterfly-valve-pn10-wcb-body-dn550-gear-op\/","title":{"rendered":"DIN 593 Wafer Butterfly Valve, PN10,WCB Body,PTFE Seat,Gear OP"},"content":{"rendered":"<p>Dise\u00f1o: DIN EN 593<br \/>\nClasificaci\u00f3n: PN25<br \/>\nCara a Cara: DIN EN 558<br \/>\nExtremo con brida: DIN EN 1092-1<br \/>\nInspecci\u00f3n y pruebas: EN 12266<br \/>\nEspesor de pared: EN 12516-1<br \/>\nTemperatura:-196\u2103 ~ +560\u2103<br \/>\nDN50\u2033~ DN600<\/p>\n<p>Material del cuerpo: acero al carbono, acero inoxidable, acero aleado, bronce<\/p>\n<p>Conexi\u00f3n final: RF, RTJ, BW<\/p>\n<p>Rango de presi\u00f3n: Clase 150~2500(PN16~PN420)<\/p>\n<table>\n<tbody>\n<tr>\n<td width=\"200\"><strong><b>nombre del producto<\/b><\/strong><\/td>\n<td width=\"481\">DIN 593 Wafer Butterfly Valve, PN10,WCB Body,PTFE Seat,Gear OP<\/td>\n<\/tr>\n<tr>\n<td width=\"200\">1. Materiales<\/td>\n<td width=\"481\">WCB<\/td>\n<\/tr>\n<tr>\n<td width=\"200\">2. Tama\u00f1o<\/td>\n<td width=\"481\">DN550<\/td>\n<\/tr>\n<tr>\n<td width=\"200\">4. Puerto<\/td>\n<td width=\"481\">Puerto lleno<\/td>\n<\/tr>\n<tr>\n<td width=\"200\">5. Presi\u00f3n de trabajo<\/td>\n<td width=\"481\">PN10<\/td>\n<\/tr>\n<tr>\n<td width=\"200\">6. La conexi\u00f3n finaliza<\/td>\n<td width=\"481\">Oblea<\/td>\n<\/tr>\n<tr>\n<td width=\"200\">7. Temperatura de trabajo.<\/td>\n<td width=\"481\">-29~120\u00baC,<\/td>\n<\/tr>\n<tr>\n<td width=\"200\">8. Medio adecuado<\/td>\n<td width=\"481\">Agua, Gas Natural, Petr\u00f3leo y alg\u00fan l\u00edquido corrosivo<\/td>\n<\/tr>\n<tr>\n<td width=\"200\">9. Operado<\/td>\n<td width=\"481\">Caja de cambios<\/td>\n<\/tr>\n<tr>\n<td width=\"200\">10. Inspecci\u00f3n y pruebas<\/td>\n<td width=\"481\">Seg\u00fan API 598<\/td>\n<\/tr>\n<tr>\n<td width=\"200\"><strong><b>Env\u00edo<\/b><\/strong><\/td>\n<td width=\"481\"><\/td>\n<\/tr>\n<tr>\n<td width=\"200\">El tiempo de entrega<\/td>\n<td width=\"481\">30 dias<\/td>\n<\/tr>\n<tr>\n<td width=\"200\">Paquete<\/td>\n<td width=\"481\">Caja de madera contrachapada de exportaci\u00f3n est\u00e1ndar<\/td>\n<\/tr>\n<tr>\n<td width=\"200\">Puerto de embarque<\/td>\n<td width=\"481\">Ningbo\/Shangh\u00e1i, China<\/td>\n<\/tr>\n<tr>\n<td width=\"200\">Condiciones de env\u00edo<\/td>\n<td width=\"481\">Exw, MANDO, CFR, CIF, etc.<\/td>\n<\/tr>\n<tr>\n<td width=\"200\">T\u00e9rminos de pago<\/td>\n<td width=\"481\">T\/T, Western Union, PayPal, etc.<\/td>\n<\/tr>\n<tr>\n<td width=\"200\"><\/td>\n<td width=\"481\">Pago anticipado de 30%, saldo de 70% pagado antes del env\u00edo<\/td>\n<\/tr>\n<tr>\n<td width=\"200\">Pa\u00eds de origen<\/td>\n<td width=\"481\">Ciudad de Wenzhou, China<\/td>\n<\/tr>\n<tr>\n<td width=\"200\">Capacidad de producci\u00f3n<\/td>\n<td width=\"481\">6000 toneladas\/a\u00f1o<\/td>\n<\/tr>\n<tr>\n<td width=\"200\">Cantidad m\u00ednima de pedido<\/td>\n<td width=\"481\">10 unidades\/tama\u00f1o<\/td>\n<\/tr>\n<\/tbody>\n<\/table>","protected":false},"excerpt":{"rendered":"<p>STV Valve Technology Group Co., Ltd is a professional leader China DIN 593 Wafer Butterfly Valve, DN550 DIN 593 Wafer Butterfly Valve,PN10 DIN 593 Wafer Butterfly Valve,double eccentric DIN 593 Wafer Butterfly Valve,Worm Gear DIN 593 Wafer Butterfly Valve.WCB DIN 593 Wafer Butterfly Valve,PTFE Seat DIN 593 Wafer Butterfly Valve.<\/p>","protected":false},"featured_media":7644,"template":"","meta":[],"product_brand":[],"product_cat":[965,971],"product_tag":[3042,3043,3045,3044,3047,3046],"class_list":{"0":"post-7643","1":"product","2":"type-product","3":"status-publish","4":"has-post-thumbnail","6":"product_cat-butterfly-valve","7":"product_cat-wafer-butterfly-valve","8":"product_tag-china-din-593-wafer-butterfly-valve","9":"product_tag-dn550-din-593-wafer-butterfly-valve","10":"product_tag-double-eccentric-din-593-wafer-butterfly-valve","11":"product_tag-pn10-din-593-wafer-butterfly-valve","12":"product_tag-ptfe-seat-din-593-wafer-butterfly-valve","13":"product_tag-worm-gear-din-593-wafer-butterfly-valve-wcb-din-593-wafer-butterfly-valve","15":"first","16":"instock","17":"shipping-taxable","18":"product-type-simple"},"_links":{"self":[{"href":"https:\/\/www.stvvalves.com\/es\/wp-json\/wp\/v2\/product\/7643","targetHints":{"allow":["GET"]}}],"collection":[{"href":"https:\/\/www.stvvalves.com\/es\/wp-json\/wp\/v2\/product"}],"about":[{"href":"https:\/\/www.stvvalves.com\/es\/wp-json\/wp\/v2\/types\/product"}],"wp:featuredmedia":[{"embeddable":true,"href":"https:\/\/www.stvvalves.com\/es\/wp-json\/wp\/v2\/media\/7644"}],"wp:attachment":[{"href":"https:\/\/www.stvvalves.com\/es\/wp-json\/wp\/v2\/media?parent=7643"}],"wp:term":[{"taxonomy":"product_brand","embeddable":true,"href":"https:\/\/www.stvvalves.com\/es\/wp-json\/wp\/v2\/product_brand?post=7643"},{"taxonomy":"product_cat","embeddable":true,"href":"https:\/\/www.stvvalves.com\/es\/wp-json\/wp\/v2\/product_cat?post=7643"},{"taxonomy":"product_tag","embeddable":true,"href":"https:\/\/www.stvvalves.com\/es\/wp-json\/wp\/v2\/product_tag?post=7643"}],"curies":[{"name":"wp","href":"https:\/\/api.w.org\/{rel}","templated":true}]}}