{"id":7652,"date":"2024-12-09T22:24:28","date_gmt":"2024-12-09T14:24:28","guid":{"rendered":"https:\/\/www.stvvalves.com\/?post_type=product&#038;p=7652"},"modified":"2025-09-05T10:31:11","modified_gmt":"2025-09-05T02:31:11","slug":"1500lb-swing-check-valve-6-inch-a216-lcc-api-6d-psb-rf-end","status":"publish","type":"product","link":"https:\/\/www.stvvalves.com\/es\/products\/1500lb-swing-check-valve-6-inch-a216-lcc-api-6d-psb-rf-end\/","title":{"rendered":"1500 LB Swing Check Valve,6 Inch,A216 LCC, API 6D, PSB, RF End"},"content":{"rendered":"<p><strong>V\u00e1lvula de retenci\u00f3n oscilante<\/strong>, Ansi Class 600Lbs, Api 6d, Bolted, Pressure Sealing Bonnet, Flanged, Rf, Rtj, Bw Ends, Carbon Steel, Stainless Steel, Duplex Steel Swing Check Valves, Non Return Valve, Industrial Cast Steel Swing Check Valve Supplier, Exporter.<\/p>\n<p>Especificaciones para\u00a0<strong>V\u00e1lvula de retenci\u00f3n oscilante de 900 libras (bridada, extremos anchos)<\/strong><\/p>\n<p>1. Dise\u00f1o y fabricaci\u00f3n: API6D, ANSI B16.34, BS1868<br \/>\n2. Bonete atornillado, Bonete sellado a presi\u00f3n, Disco tipo oscilante,<br \/>\n3. Rango de tama\u00f1os: 2\u2033 a 24\u2033.<br \/>\n4. Pressure Ratings: ANSI 1500Lbs<br \/>\n5. Conexiones finales: bridadas, soldadas a tope.<br \/>\n6. Materiales: WCB, LCB, CF8, CF8M, CF3, CF3M, WC6, WC9, C5, C12, 4A o equivalente,<br \/>\n7. Varios materiales de acabado disponibles para adaptarse a las condiciones de servicio.<br \/>\n8. NACE MR 0175 bajo petici\u00f3n<\/p>\n<table>\n<tbody>\n<tr>\n<td width=\"200\"><strong>nombre del producto<\/strong><\/td>\n<td width=\"481\">1500 LB Swing Check Valve,6 Inch,A216 LCC, API 6D, PSB, RF End<\/td>\n<\/tr>\n<tr>\n<td width=\"200\">1. Materiales<\/td>\n<td width=\"481\">LCC<\/td>\n<\/tr>\n<tr>\n<td width=\"200\">2. Tama\u00f1o<\/td>\n<td width=\"481\">6\u201d<\/td>\n<\/tr>\n<tr>\n<td width=\"200\">4. Puerto<\/td>\n<td width=\"481\">Puerto lleno<\/td>\n<\/tr>\n<tr>\n<td width=\"200\">5. Presi\u00f3n de trabajo<\/td>\n<td width=\"481\">900 libras<\/td>\n<\/tr>\n<tr>\n<td width=\"200\">6. La conexi\u00f3n finaliza<\/td>\n<td width=\"481\">RF<\/td>\n<\/tr>\n<tr>\n<td width=\"200\">7. Temperatura de trabajo.<\/td>\n<td width=\"481\">-29~425\u00baC,<\/td>\n<\/tr>\n<tr>\n<td width=\"200\">8. Medio adecuado<\/td>\n<td width=\"481\">Agua, Gas Natural, Petr\u00f3leo y alg\u00fan l\u00edquido corrosivo<\/td>\n<\/tr>\n<tr>\n<td width=\"200\">9. Operado<\/td>\n<td width=\"481\">\/<\/td>\n<\/tr>\n<tr>\n<td width=\"200\">10. Inspecci\u00f3n y pruebas<\/td>\n<td width=\"481\">Seg\u00fan API 598<\/td>\n<\/tr>\n<tr>\n<td width=\"200\"><strong>Env\u00edo<\/strong><\/td>\n<td width=\"481\"><\/td>\n<\/tr>\n<tr>\n<td width=\"200\">El tiempo de entrega<\/td>\n<td width=\"481\">30 dias<\/td>\n<\/tr>\n<tr>\n<td width=\"200\">Paquete<\/td>\n<td width=\"481\">Caja de madera contrachapada de exportaci\u00f3n est\u00e1ndar<\/td>\n<\/tr>\n<tr>\n<td width=\"200\">Puerto de embarque<\/td>\n<td width=\"481\">Ningbo\/Shangh\u00e1i, China<\/td>\n<\/tr>\n<tr>\n<td width=\"200\">Condiciones de env\u00edo<\/td>\n<td width=\"481\">Exw, MANDO, CFR, CIF, etc.<\/td>\n<\/tr>\n<tr>\n<td width=\"200\">T\u00e9rminos de pago<\/td>\n<td width=\"481\">T\/T, Western Union, PayPal, etc.<\/td>\n<\/tr>\n<tr>\n<td width=\"200\"><\/td>\n<td width=\"481\">Pago anticipado de 30%, saldo de 70% pagado antes del env\u00edo<\/td>\n<\/tr>\n<tr>\n<td width=\"200\">Pa\u00eds de origen<\/td>\n<td width=\"481\">Ciudad de Wenzhou, China<\/td>\n<\/tr>\n<tr>\n<td width=\"200\">Capacidad de producci\u00f3n<\/td>\n<td width=\"481\">6000 toneladas\/a\u00f1o<\/td>\n<\/tr>\n<tr>\n<td width=\"200\">Cantidad m\u00ednima de pedido<\/td>\n<td width=\"481\">10 unidades\/tama\u00f1o<\/td>\n<\/tr>\n<\/tbody>\n<\/table>","protected":false},"excerpt":{"rendered":"<p>STV Valve Technology Group Co., Ltd\u00a0 is Swing Check Valve, Ansi Class 1500Lbs Lcc Swing Check Valve, Api 6d Lcc Swing Check Valve, Industrial Swing Check Valve,\u00a0 A216-LCC Swing Check Valve,\u00a0 Nace Mr0175 Swing Check Valve, 6 Inch LCC Swing Check Valve, High Pressure LCC Swing Check Valve, Pressure Seal LCC Swing Check Valve, Self Sealing LCC Swing Check manufacturer with high quality and low pric<\/p>","protected":false},"featured_media":7807,"template":"","meta":[],"product_brand":[],"product_cat":[46,83],"product_tag":[3059,3062,3061,3060,3063,2382,2385,3064,3065],"class_list":{"0":"post-7652","1":"product","2":"type-product","3":"status-publish","4":"has-post-thumbnail","6":"product_cat-check-valves","7":"product_cat-cast-steel-check-valve","8":"product_tag-1500lbs-lcc-swing-check-valve","9":"product_tag-6-inch-lcc-swing-check-valve","10":"product_tag-a216-lcc-swing-check-valve","11":"product_tag-api-6d-lcc-swing-check-valve","12":"product_tag-high-pressure-lcc-swing-check-valve","13":"product_tag-industrial-swing-check-valve","14":"product_tag-nace-mr0175-swing-check-valve","15":"product_tag-pressure-seal-lcc-swing-check-valve","16":"product_tag-self-sealing-lcc-swing-check-manufacturer","18":"first","19":"instock","20":"shipping-taxable","21":"product-type-simple"},"_links":{"self":[{"href":"https:\/\/www.stvvalves.com\/es\/wp-json\/wp\/v2\/product\/7652","targetHints":{"allow":["GET"]}}],"collection":[{"href":"https:\/\/www.stvvalves.com\/es\/wp-json\/wp\/v2\/product"}],"about":[{"href":"https:\/\/www.stvvalves.com\/es\/wp-json\/wp\/v2\/types\/product"}],"wp:featuredmedia":[{"embeddable":true,"href":"https:\/\/www.stvvalves.com\/es\/wp-json\/wp\/v2\/media\/7807"}],"wp:attachment":[{"href":"https:\/\/www.stvvalves.com\/es\/wp-json\/wp\/v2\/media?parent=7652"}],"wp:term":[{"taxonomy":"product_brand","embeddable":true,"href":"https:\/\/www.stvvalves.com\/es\/wp-json\/wp\/v2\/product_brand?post=7652"},{"taxonomy":"product_cat","embeddable":true,"href":"https:\/\/www.stvvalves.com\/es\/wp-json\/wp\/v2\/product_cat?post=7652"},{"taxonomy":"product_tag","embeddable":true,"href":"https:\/\/www.stvvalves.com\/es\/wp-json\/wp\/v2\/product_tag?post=7652"}],"curies":[{"name":"wp","href":"https:\/\/api.w.org\/{rel}","templated":true}]}}