{"id":7679,"date":"2024-12-24T14:24:18","date_gmt":"2024-12-24T06:24:18","guid":{"rendered":"https:\/\/www.stvvalves.com\/?post_type=product&#038;p=7679"},"modified":"2024-12-24T14:28:25","modified_gmt":"2024-12-24T06:28:25","slug":"astm-a217-wc6-pressure-seal-bonnet-gate-valve1500lb-12-inch-rtj-end","status":"publish","type":"product","link":"https:\/\/www.stvvalves.com\/es\/products\/astm-a217-wc6-pressure-seal-bonnet-gate-valve1500lb-12-inch-rtj-end\/","title":{"rendered":"ASTM A217 WC6 Pressure Seal Bonnet Gate Valve,1500LB,12 Inch,RTJ End"},"content":{"rendered":"<p>Dise\u00f1o y fabricaci\u00f3n: v\u00e1lvula de compuerta de acero fundido seg\u00fan API 600 (16.34)<\/p>\n<p>Inspecci\u00f3n y prueba: API598, API600 o API 6D<br \/>\nASME B16.5 (para NPS\u226424, ASME B 16.47 serie B, API 605, ASME B16.47 Serie A, MSS SP-44 (para NPS&gt;24)<\/p>\n<p>Dimensi\u00f3n final BW: ASME B16.25<\/p>\n<p>Cara a cara y de extremo a extremo: ASME B16.10<\/p>\n<p>Clasificaciones de presi\u00f3n-temperatura: ASME B16.34<\/p>\n<p>Gama de productos<\/p>\n<p>Material del cuerpo: acero al carbono, acero inoxidable, acero aleado<\/p>\n<p>Di\u00e1metro nominal: 2\u2033~36\u2033(DN50~DN900)<\/p>\n<p>Conexi\u00f3n final: RF, RTJ, BW<\/p>\n<p>Rango de presi\u00f3n: Clase 150~2500(PN16~PN420)<\/p>\n<p>Temperatura de trabajo: -29 \u2103 ~ + 560 \u2103<\/p>\n<p>Operaci\u00f3n: volante, engranaje, actuador el\u00e9ctrico, etc.<\/p>\n<p>&nbsp;<\/p>\n<table>\n<tbody>\n<tr>\n<td width=\"200\"><strong>nombre del producto<\/strong><\/td>\n<td width=\"481\">ASTM A217 WC6 Pressure Seal Bonnet Gate Valve,1500LB,12 Inch,RTJ End<\/td>\n<\/tr>\n<tr>\n<td width=\"200\">1. Materiales<\/td>\n<td width=\"481\">WC6<\/td>\n<\/tr>\n<tr>\n<td width=\"200\">2. Tama\u00f1o<\/td>\n<td width=\"481\">12\u201d<\/td>\n<\/tr>\n<tr>\n<td width=\"200\">4. Puerto<\/td>\n<td width=\"481\">Puerto lleno<\/td>\n<\/tr>\n<tr>\n<td width=\"200\">5. Presi\u00f3n de trabajo<\/td>\n<td width=\"481\">1500 libras<\/td>\n<\/tr>\n<tr>\n<td width=\"200\">6. La conexi\u00f3n finaliza<\/td>\n<td width=\"481\">RTJ<\/td>\n<\/tr>\n<tr>\n<td width=\"200\">7. Temperatura de trabajo.<\/td>\n<td width=\"481\">-29~520\u00baC,<\/td>\n<\/tr>\n<tr>\n<td width=\"200\">8. Medio adecuado<\/td>\n<td width=\"481\">Agua, Gas Natural, Petr\u00f3leo y alg\u00fan l\u00edquido corrosivo<\/td>\n<\/tr>\n<tr>\n<td width=\"200\">9. Operado<\/td>\n<td width=\"481\">Caja de cambios<\/td>\n<\/tr>\n<tr>\n<td width=\"200\">10. Inspecci\u00f3n y pruebas<\/td>\n<td width=\"481\">Seg\u00fan API598<\/td>\n<\/tr>\n<tr>\n<td width=\"200\"><strong>Env\u00edo<\/strong><\/td>\n<td width=\"481\"><\/td>\n<\/tr>\n<tr>\n<td width=\"200\">El tiempo de entrega<\/td>\n<td width=\"481\">30 dias<\/td>\n<\/tr>\n<tr>\n<td width=\"200\">Paquete<\/td>\n<td width=\"481\">Caja de madera contrachapada de exportaci\u00f3n est\u00e1ndar<\/td>\n<\/tr>\n<tr>\n<td width=\"200\">Puerto de embarque<\/td>\n<td width=\"481\">Ningbo\/Shangh\u00e1i, China<\/td>\n<\/tr>\n<tr>\n<td width=\"200\">Condiciones de env\u00edo<\/td>\n<td width=\"481\">Exw, MANDO, CFR, CIF, etc.<\/td>\n<\/tr>\n<tr>\n<td width=\"200\">T\u00e9rminos de pago<\/td>\n<td width=\"481\">T\/T, Western Union, PayPal, etc.<\/td>\n<\/tr>\n<tr>\n<td width=\"200\"><\/td>\n<td width=\"481\">Pago anticipado de 30%, saldo de 70% pagado antes del env\u00edo<\/td>\n<\/tr>\n<tr>\n<td width=\"200\">Pa\u00eds de origen<\/td>\n<td width=\"481\">Ciudad de Wenzhou, China<\/td>\n<\/tr>\n<tr>\n<td width=\"200\">Capacidad de producci\u00f3n<\/td>\n<td width=\"481\">6000 toneladas\/a\u00f1o<\/td>\n<\/tr>\n<tr>\n<td width=\"200\">Cantidad m\u00ednima de pedido<\/td>\n<td width=\"481\">1 unidad\/tama\u00f1o<\/td>\n<\/tr>\n<\/tbody>\n<\/table>","protected":false},"excerpt":{"rendered":"<p>STV Valve Technology Group Co., Ltd is a professional leader China 1500Lb cast steel Pressure Seal Gate valve,WC6 GATE VALVE 1500Lb ,1500 lb Cast Steel Gate Valve ,RTJ End Gate Valve,High Pressure Gate Valve,12 Inch Pressure Seal Gate Valve Manufacturer with high quality and competitive price.<\/p>","protected":false},"featured_media":7680,"template":"","meta":[],"product_brand":[],"product_cat":[44,58],"product_tag":[2246,2248,2247,2244,195,2245],"class_list":{"0":"post-7679","1":"product","2":"type-product","3":"status-publish","4":"has-post-thumbnail","6":"product_cat-gate-valve","7":"product_cat-cast-steel-gate-valve","8":"product_tag-1500-lb-cast-steel-gate-valve","9":"product_tag-8-inch-pressure-seal-gate-valve-manufacturer","10":"product_tag-bw-end-gate-valve","11":"product_tag-china-1500lb-cast-steel-pressure-seal-gate-valve","12":"product_tag-high-pressure-gate-valve","13":"product_tag-wc6-gate-valve-1500lb","15":"first","16":"instock","17":"shipping-taxable","18":"product-type-simple"},"_links":{"self":[{"href":"https:\/\/www.stvvalves.com\/es\/wp-json\/wp\/v2\/product\/7679","targetHints":{"allow":["GET"]}}],"collection":[{"href":"https:\/\/www.stvvalves.com\/es\/wp-json\/wp\/v2\/product"}],"about":[{"href":"https:\/\/www.stvvalves.com\/es\/wp-json\/wp\/v2\/types\/product"}],"wp:featuredmedia":[{"embeddable":true,"href":"https:\/\/www.stvvalves.com\/es\/wp-json\/wp\/v2\/media\/7680"}],"wp:attachment":[{"href":"https:\/\/www.stvvalves.com\/es\/wp-json\/wp\/v2\/media?parent=7679"}],"wp:term":[{"taxonomy":"product_brand","embeddable":true,"href":"https:\/\/www.stvvalves.com\/es\/wp-json\/wp\/v2\/product_brand?post=7679"},{"taxonomy":"product_cat","embeddable":true,"href":"https:\/\/www.stvvalves.com\/es\/wp-json\/wp\/v2\/product_cat?post=7679"},{"taxonomy":"product_tag","embeddable":true,"href":"https:\/\/www.stvvalves.com\/es\/wp-json\/wp\/v2\/product_tag?post=7679"}],"curies":[{"name":"wp","href":"https:\/\/api.w.org\/{rel}","templated":true}]}}