{"id":7822,"date":"2025-02-16T09:28:11","date_gmt":"2025-02-16T01:28:11","guid":{"rendered":"https:\/\/www.stvvalves.com\/?post_type=product&#038;p=7822"},"modified":"2025-02-16T09:40:52","modified_gmt":"2025-02-16T01:40:52","slug":"astm-a352-lcc-lug-check-valve-20-in-600lb-api-594","status":"publish","type":"product","link":"https:\/\/www.stvvalves.com\/es\/products\/astm-a352-lcc-lug-check-valve-20-in-600lb-api-594\/","title":{"rendered":"ASTM A352 LCC Lug Check Valve, 20 IN, 600LB, API 594"},"content":{"rendered":"<p>Longitud estructural corta, solo 1\/4 ~ 1\/8 de la de la v\u00e1lvula de retenci\u00f3n con brida tradicional;<\/p>\n<p>Bajo volumen, peso ligero, s\u00f3lo 1\/4~1\/20 de los de la v\u00e1lvula de retenci\u00f3n con brida tradicional;<\/p>\n<p>Cierre r\u00e1pido del disco de la v\u00e1lvula, baja presi\u00f3n de golpe de ariete;<\/p>\n<p>Aplicable y de f\u00e1cil instalaci\u00f3n para tuber\u00edas verticales u horizontales;<\/p>\n<p>Paso de flujo suave y peque\u00f1a resistencia a los fluidos;<\/p>\n<p>Acci\u00f3n flexible y buen rendimiento de sellado;<\/p>\n<p>Recorrido de v\u00e1lvula estrecho y peque\u00f1o impacto de cierre;<\/p>\n<p>Estructura integrada, simple y compacta, en hermosa forma;<\/p>\n<p>Larga vida \u00fatil y buena fiabilidad.<\/p>\n<p>Especificaci\u00f3n del par\u00e1metro principal<\/p>\n<p>Dise\u00f1o y fabricaci\u00f3n: API594, API 6D;<br \/>\nCara a cara y de extremo a extremo: API594,API6D,DIN3202;<br \/>\nClasificaci\u00f3n de presi\u00f3n-temperatura:ASME B16.34,DIN2410;<br \/>\nInspecci\u00f3n y prueba: API598<br \/>\nBrida de tuber\u00eda: ASME B16.5, DIN2543 ~ 2548, API605, ASME B16.47.<\/p>\n<p>Gama de productos<\/p>\n<p>Body material: WCB,LCB,WC6,WC9,CF8,CF8M,CF3,CF3M, alloy steel,bronze<\/p>\n<p>Nominal diameter:1.5\u2033~48\u2033(DN40~DN1200)<\/p>\n<p>Conexi\u00f3n final: RF, RTJ, BW<\/p>\n<p>Rango de presi\u00f3n: Clase 150~2500(PN16~PN420)<\/p>\n<p>Temperatura de trabajo: -196 \u2103 ~ + 560 \u2103<\/p>\n<p>&nbsp;<\/p>\n<table>\n<tbody>\n<tr>\n<td width=\"200\"><strong>nombre del producto<\/strong><\/td>\n<td width=\"481\">\u00a0ASTM A352 LCC Lug Check Valve, 20 IN, 600LB, API 594<\/td>\n<\/tr>\n<tr>\n<td width=\"200\">1. Materiales<\/td>\n<td width=\"481\">LCC<\/td>\n<\/tr>\n<tr>\n<td width=\"200\">2. Tama\u00f1o<\/td>\n<td width=\"481\">20\u201d<\/td>\n<\/tr>\n<tr>\n<td width=\"200\">4. Puerto<\/td>\n<td width=\"481\">Puerto lleno<\/td>\n<\/tr>\n<tr>\n<td width=\"200\">5. Presi\u00f3n de trabajo<\/td>\n<td width=\"481\">600 libras<\/td>\n<\/tr>\n<tr>\n<td width=\"200\">6. La conexi\u00f3n finaliza<\/td>\n<td width=\"481\">Lug<\/td>\n<\/tr>\n<tr>\n<td width=\"200\">7. Temperatura de trabajo.<\/td>\n<td width=\"481\">-29~343\u00baC,<\/td>\n<\/tr>\n<tr>\n<td width=\"200\">8. Medio adecuado<\/td>\n<td width=\"481\">Agua, Gas Natural, Petr\u00f3leo y alg\u00fan l\u00edquido corrosivo<\/td>\n<\/tr>\n<tr>\n<td width=\"200\">9. Operado<\/td>\n<td width=\"481\">\/<\/td>\n<\/tr>\n<tr>\n<td width=\"200\">10. Inspecci\u00f3n y pruebas<\/td>\n<td width=\"481\">Seg\u00fan API598<\/td>\n<\/tr>\n<tr>\n<td width=\"200\"><strong>Env\u00edo<\/strong><\/td>\n<td width=\"481\"><\/td>\n<\/tr>\n<tr>\n<td width=\"200\">El tiempo de entrega<\/td>\n<td width=\"481\">30 dias<\/td>\n<\/tr>\n<tr>\n<td width=\"200\">Paquete<\/td>\n<td width=\"481\">Caja de madera contrachapada de exportaci\u00f3n est\u00e1ndar<\/td>\n<\/tr>\n<tr>\n<td width=\"200\">Puerto de embarque<\/td>\n<td width=\"481\">Ningbo\/Shangh\u00e1i, China<\/td>\n<\/tr>\n<tr>\n<td width=\"200\">Condiciones de env\u00edo<\/td>\n<td width=\"481\">Exw, MANDO, CFR, CIF, etc.<\/td>\n<\/tr>\n<tr>\n<td width=\"200\">T\u00e9rminos de pago<\/td>\n<td width=\"481\">T\/T, Western Union, PayPal, etc.<\/td>\n<\/tr>\n<tr>\n<td width=\"200\"><\/td>\n<td width=\"481\">Pago anticipado de 30%, saldo de 70% pagado antes del env\u00edo<\/td>\n<\/tr>\n<tr>\n<td width=\"200\">Pa\u00eds de origen<\/td>\n<td width=\"481\">Ciudad de Wenzhou, China<\/td>\n<\/tr>\n<tr>\n<td width=\"200\">Capacidad de producci\u00f3n<\/td>\n<td width=\"481\">6000 toneladas\/a\u00f1o<\/td>\n<\/tr>\n<tr>\n<td width=\"200\">Cantidad m\u00ednima de pedido<\/td>\n<td width=\"481\">1 unidad\/tama\u00f1o<\/td>\n<\/tr>\n<\/tbody>\n<\/table>","protected":false},"excerpt":{"rendered":"<p>STV Valve Technology Group Co., Ltd is a professional leader ASTM A352 LCC Lug Check Valve Manufacture,STV also known as the ASTM A351 CF8M Check Valve, 20 IN, 600LB, LUG, API 594 ,STV offers a reliable solution for your industrial needs. This valve, designed with precision and adherence to ASTM standards, ensures optimal performance and longevity. With its robust construction and adherence to API 594 specifications, this valve is a dependable choice for critical applications in various industries.<\/p>","protected":false},"featured_media":7824,"template":"","meta":[],"product_brand":[],"product_cat":[46,84],"product_tag":[3132,3133,3131,3128,3130,498,499,3129],"class_list":{"0":"post-7822","1":"product","2":"type-product","3":"status-publish","4":"has-post-thumbnail","6":"product_cat-check-valves","7":"product_cat-wafer-check-valve","8":"product_tag-20-inch-astm-a352-lcc-lug-check-valve","9":"product_tag-600lb-astm-a352-lcc-lug-check-valve-manufacturer","10":"product_tag-cf8m-disc-dual-plate-wafer-check-valve","11":"product_tag-china-astm-a352-lcc-lug-check-valve","12":"product_tag-dual-plate-astm-a352-lcc-lug-check-valve","13":"product_tag-dual-plate-check-valve-api-594","14":"product_tag-lug-and-wafer-check-valves","15":"product_tag-lug-type-astm-a352-lcc-lug-check-valve","17":"first","18":"instock","19":"shipping-taxable","20":"product-type-simple"},"_links":{"self":[{"href":"https:\/\/www.stvvalves.com\/es\/wp-json\/wp\/v2\/product\/7822","targetHints":{"allow":["GET"]}}],"collection":[{"href":"https:\/\/www.stvvalves.com\/es\/wp-json\/wp\/v2\/product"}],"about":[{"href":"https:\/\/www.stvvalves.com\/es\/wp-json\/wp\/v2\/types\/product"}],"wp:featuredmedia":[{"embeddable":true,"href":"https:\/\/www.stvvalves.com\/es\/wp-json\/wp\/v2\/media\/7824"}],"wp:attachment":[{"href":"https:\/\/www.stvvalves.com\/es\/wp-json\/wp\/v2\/media?parent=7822"}],"wp:term":[{"taxonomy":"product_brand","embeddable":true,"href":"https:\/\/www.stvvalves.com\/es\/wp-json\/wp\/v2\/product_brand?post=7822"},{"taxonomy":"product_cat","embeddable":true,"href":"https:\/\/www.stvvalves.com\/es\/wp-json\/wp\/v2\/product_cat?post=7822"},{"taxonomy":"product_tag","embeddable":true,"href":"https:\/\/www.stvvalves.com\/es\/wp-json\/wp\/v2\/product_tag?post=7822"}],"curies":[{"name":"wp","href":"https:\/\/api.w.org\/{rel}","templated":true}]}}