{"id":7834,"date":"2025-02-16T18:01:35","date_gmt":"2025-02-16T10:01:35","guid":{"rendered":"https:\/\/www.stvvalves.com\/?post_type=product&#038;p=7834"},"modified":"2025-02-16T18:07:33","modified_gmt":"2025-02-16T10:07:33","slug":"asme-b1634-basket-type-strainer-astm-a351-cf8-1-inch-150-lb","status":"publish","type":"product","link":"https:\/\/www.stvvalves.com\/es\/products\/asme-b1634-basket-type-strainer-astm-a351-cf8-1-inch-150-lb\/","title":{"rendered":"ASME B16.34 Basket Type Strainer, ASTM A351 CF8,1 Inch,150 LB"},"content":{"rendered":"<p>ASME B16.34 Basket Type Strainer, ASTM A351 CF8,1 Inch,150 LB<br \/>\nBreve introducci\u00f3n:<br \/>\nEl filtro se puede utilizar en todo tipo de tuber\u00edas para recoger sustancias extra\u00f1as granuladas y contaminantes recogidos. Puede mejorar la holgura en el medio y prolongar la vida \u00fatil de las v\u00e1lvulas y otros equipos. Es apto para agua, petr\u00f3leo y vapor.<br \/>\nSuministramos colador de cesta tipo fundido y soldado.<br \/>\n1) Sizes: 1\/2 \u2013 24\u2033<br \/>\n2) Clasificaci\u00f3n de presi\u00f3n: 150 lb, 300 lb, 600 lb<br \/>\n3) Suitable temperature: -196oC \u2013 600oC<br \/>\n4) Medio adecuado: agua, gas, petr\u00f3leo, vapor, etc.<br \/>\n5) Material del cuerpo: A106\/WCB, WCC, WC6, WC9, LCB, LCC, SS304\/CF8, SS316\/CF8M, 304L\/CF3, SS316L\/CF3M<br \/>\n6) Pantalla: Acero inoxidable (SS304\/SS316)<br \/>\n7) Conexi\u00f3n final: FF, RF, THD, BW<br \/>\n8, forma de entrada\/salida: brida\/cable interior\/cable exterior\/instalaci\u00f3n r\u00e1pida<br \/>\n9, forma de compresi\u00f3n de la cubierta: perno\/perno r\u00e1pido<br \/>\n10, viscosidad adecuada (cp): 1-30000<br \/>\n11, forma de cesta: malla de perforaci\u00f3n\/malla de una sola capa\/malla compuesta<\/p>\n<h2>Descripci\u00f3n<\/h2>\n<p>Dise\u00f1o: ASME B16.34.<br \/>\nMaterial: ASTM A216 WCB.<br \/>\nTama\u00f1o nominal: 3 pulgadas.<br \/>\nPresi\u00f3n nominal: Clase 150 LB.<br \/>\nConexi\u00f3n final: RF.<br \/>\nCara a cara: ASME B16.10.<br \/>\nPrueba e inspecci\u00f3n: API 598.<\/p>\n<p>Gama de productos:<br \/>\nMaterial del cuerpo: Acero al carbono, Acero inoxidable, Acero aleado.<br \/>\nDi\u00e1metro normal: 1\/2 \u2013 48 Pulgada (DN15 \u2013 DN1200).<br \/>\nConexi\u00f3n final: BW, Bridada.<br \/>\nRango de presi\u00f3n: 150 \u2013 2500 LB (PN16 \u2013 PN420).<br \/>\nTemperatura de trabajo: -196 \u2103 \u2013 +573 \u2103.<\/p>\n<table>\n<tbody>\n<tr>\n<td width=\"200\"><strong>nombre del producto<\/strong><\/td>\n<td width=\"481\">ASME B16.34 Basket Type Strainer, ASTM A351 CF8,1 Inch,150 LB<\/td>\n<\/tr>\n<tr>\n<td width=\"200\">1. Materiales<\/td>\n<td width=\"481\">304<\/td>\n<\/tr>\n<tr>\n<td width=\"200\">2. Tama\u00f1o<\/td>\n<td width=\"481\">1\u201d<\/td>\n<\/tr>\n<tr>\n<td width=\"200\">4. Puerto<\/td>\n<td width=\"481\">Puerto lleno<\/td>\n<\/tr>\n<tr>\n<td width=\"200\">5. Presi\u00f3n de trabajo<\/td>\n<td width=\"481\">150 libras<\/td>\n<\/tr>\n<tr>\n<td width=\"200\">6. La conexi\u00f3n finaliza<\/td>\n<td width=\"481\">RF<\/td>\n<\/tr>\n<tr>\n<td width=\"200\">7. Temperatura de trabajo.<\/td>\n<td width=\"481\">-29~425\u00baC,<\/td>\n<\/tr>\n<tr>\n<td width=\"200\">8. Medio adecuado<\/td>\n<td width=\"481\">Agua, Gas Natural, Petr\u00f3leo y alg\u00fan l\u00edquido corrosivo<\/td>\n<\/tr>\n<tr>\n<td width=\"200\">9. Operado<\/td>\n<td width=\"481\">\/<\/td>\n<\/tr>\n<tr>\n<td width=\"200\">10. Inspecci\u00f3n y pruebas<\/td>\n<td width=\"481\">API 598<\/td>\n<\/tr>\n<tr>\n<td width=\"200\"><strong>Env\u00edo<\/strong><\/td>\n<td width=\"481\"><\/td>\n<\/tr>\n<tr>\n<td width=\"200\">El tiempo de entrega<\/td>\n<td width=\"481\">30 dias<\/td>\n<\/tr>\n<tr>\n<td width=\"200\">Paquete<\/td>\n<td width=\"481\">Caja de madera contrachapada de exportaci\u00f3n est\u00e1ndar<\/td>\n<\/tr>\n<tr>\n<td width=\"200\">Puerto de embarque<\/td>\n<td width=\"481\">Ningbo\/Shangh\u00e1i, China<\/td>\n<\/tr>\n<tr>\n<td width=\"200\">Condiciones de env\u00edo<\/td>\n<td width=\"481\">Exw, MANDO, CFR, CIF, etc.<\/td>\n<\/tr>\n<tr>\n<td width=\"200\">T\u00e9rminos de pago<\/td>\n<td width=\"481\">T\/T, Western Union, PayPal, etc.<\/td>\n<\/tr>\n<tr>\n<td width=\"200\"><\/td>\n<td width=\"481\">Pago anticipado de 30%, saldo de 70% pagado antes del env\u00edo<\/td>\n<\/tr>\n<tr>\n<td width=\"200\">Pa\u00eds de origen<\/td>\n<td width=\"481\">Ciudad de Wenzhou, China<\/td>\n<\/tr>\n<tr>\n<td width=\"200\">Capacidad de producci\u00f3n<\/td>\n<td width=\"481\">6000 toneladas\/a\u00f1o<\/td>\n<\/tr>\n<tr>\n<td width=\"200\">Cantidad m\u00ednima de pedido<\/td>\n<td width=\"481\">1 unidad\/tama\u00f1o<\/td>\n<\/tr>\n<\/tbody>\n<\/table>\n<p>&nbsp;<\/p>","protected":false},"excerpt":{"rendered":"<p>STV Valve Technology Group Co., Ltd is a professional leader China ASME B16.34 Basket Type Strainer, CF8 Body Basket Strainer,304 Screen Basket Strainer,40 mesch Basket Strainer. RF Basket Strainer, Flanged Basket Strainer,1 Inch Basket Strainer,150 LB Basket Strainer Manufacturer with high quality and competitive price.<\/p>\n<p>&nbsp;<\/p>","protected":false},"featured_media":7835,"template":"","meta":[],"product_brand":[],"product_cat":[85,48],"product_tag":[3148,3149,1774,1775,1773,3146,3147],"class_list":{"0":"post-7834","1":"product","2":"type-product","3":"status-publish","4":"has-post-thumbnail","6":"product_cat-stainless-steel-y-type-strainer","7":"product_cat-y-strainer","8":"product_tag-1-inch-basket-strainer","9":"product_tag-150-lb-basket-strainer-manufacturer","10":"product_tag-304-screen-basket-strainer","11":"product_tag-40-mesch-basket-strainer-rf-basket-strainer","12":"product_tag-cf8-body-basket-strainer","13":"product_tag-china-asme-b16-34-basket-type-strainer","14":"product_tag-flanged-basket-strainer","16":"first","17":"instock","18":"shipping-taxable","19":"product-type-simple"},"_links":{"self":[{"href":"https:\/\/www.stvvalves.com\/es\/wp-json\/wp\/v2\/product\/7834","targetHints":{"allow":["GET"]}}],"collection":[{"href":"https:\/\/www.stvvalves.com\/es\/wp-json\/wp\/v2\/product"}],"about":[{"href":"https:\/\/www.stvvalves.com\/es\/wp-json\/wp\/v2\/types\/product"}],"wp:featuredmedia":[{"embeddable":true,"href":"https:\/\/www.stvvalves.com\/es\/wp-json\/wp\/v2\/media\/7835"}],"wp:attachment":[{"href":"https:\/\/www.stvvalves.com\/es\/wp-json\/wp\/v2\/media?parent=7834"}],"wp:term":[{"taxonomy":"product_brand","embeddable":true,"href":"https:\/\/www.stvvalves.com\/es\/wp-json\/wp\/v2\/product_brand?post=7834"},{"taxonomy":"product_cat","embeddable":true,"href":"https:\/\/www.stvvalves.com\/es\/wp-json\/wp\/v2\/product_cat?post=7834"},{"taxonomy":"product_tag","embeddable":true,"href":"https:\/\/www.stvvalves.com\/es\/wp-json\/wp\/v2\/product_tag?post=7834"}],"curies":[{"name":"wp","href":"https:\/\/api.w.org\/{rel}","templated":true}]}}