{"id":7838,"date":"2025-02-16T18:33:44","date_gmt":"2025-02-16T10:33:44","guid":{"rendered":"https:\/\/www.stvvalves.com\/?post_type=product&#038;p=7838"},"modified":"2025-09-05T10:08:23","modified_gmt":"2025-09-05T02:08:23","slug":"3-inch-gate-valve-astm-a105n-1500-lb-bw-end","status":"publish","type":"product","link":"https:\/\/www.stvvalves.com\/es\/products\/3-inch-gate-valve-astm-a105n-1500-lb-bw-end\/","title":{"rendered":"3 Inch Gate Valve,ASTM A105N,1500 LB,BW END"},"content":{"rendered":"<h2>3 Inch Gate Valve,ASTM A105N,1500 LB,BW END<\/h2>\n<p>Design and manufacture conform to BS 5352,API602<\/p>\n<p>Los extremos de conexi\u00f3n cumplen con:<\/p>\n<p>1. Los extremos soldados del z\u00f3calo cumplen con ANSI B16.11<\/p>\n<p>2. Los extremos de los tornillos cumplen con ANSI B1.20.1<\/p>\n<p>3..Los extremos soldados a tope cumplen con ANSI B16.25<\/p>\n<p>La prueba y la inspecci\u00f3n cumplen con: API 598<\/p>\n<p>1) Informaci\u00f3n del producto: las v\u00e1lvulas suministradas se utilizan principalmente para agua, aire, petr\u00f3leo, gas.<br \/>\n2) Tipo de conexi\u00f3n: tipo bridado, tipo de soldadura por enchufe, tipo de soldadura a tope, tipo de tornillo<br \/>\n3) Materiales:<br \/>\na) Carrocer\u00eda: A105, LF2, F11, F22, F304, F316, F304L, F316L<br \/>\nb) Disco: A105, LF2, F11, F22, F304, F316, F304L, F316L<br \/>\nc) V\u00e1stago: F6a, F11, F22, F304, F316, F304L, F316L<br \/>\nd) Cap\u00f3: A105, LF2, F11, F22, F304, F316, F304L, F316L<br \/>\n4) Tama\u00f1o: 15-50 mm\/1\/2\u2033 \u2013 2\u2033<br \/>\n5) Grado de presi\u00f3n: PN16~PN100, 150Lb~2500Lb<br \/>\n6) Revestimiento: Revestimiento seg\u00fan los requisitos del cliente.<br \/>\n7) Paquete: Cajas de madera<\/p>\n<table>\n<tbody>\n<tr>\n<td width=\"200\"><strong><b>nombre del producto<\/b><\/strong><\/td>\n<td width=\"481\">3 Inch Gate Valve,ASTM A105N,1500 LB,BW END<\/td>\n<\/tr>\n<tr>\n<td width=\"200\">1. Materiales<\/td>\n<td width=\"481\">A105N<\/td>\n<\/tr>\n<tr>\n<td width=\"200\">2. Tama\u00f1o<\/td>\n<td width=\"481\">3\u201d<\/td>\n<\/tr>\n<tr>\n<td width=\"200\">4. Puerto<\/td>\n<td width=\"481\">Puerto reductor<\/td>\n<\/tr>\n<tr>\n<td width=\"200\">5. Presi\u00f3n de trabajo<\/td>\n<td width=\"481\">1500 libras<\/td>\n<\/tr>\n<tr>\n<td width=\"200\">6. La conexi\u00f3n finaliza<\/td>\n<td width=\"481\">peso corporal<\/td>\n<\/tr>\n<tr>\n<td width=\"200\">7. Temperatura de trabajo.<\/td>\n<td width=\"481\">-29~425\u00baC,<\/td>\n<\/tr>\n<tr>\n<td width=\"200\">8. Medio adecuado<\/td>\n<td width=\"481\">Agua, Gas Natural, Petr\u00f3leo y alg\u00fan l\u00edquido corrosivo<\/td>\n<\/tr>\n<tr>\n<td width=\"200\">9. Operado<\/td>\n<td width=\"481\">Volante<\/td>\n<\/tr>\n<tr>\n<td width=\"200\">10. Inspecci\u00f3n y pruebas<\/td>\n<td width=\"481\">Seg\u00fan API 598<\/td>\n<\/tr>\n<tr>\n<td width=\"200\"><strong><b>Env\u00edo<\/b><\/strong><\/td>\n<td width=\"481\"><\/td>\n<\/tr>\n<tr>\n<td width=\"200\">El tiempo de entrega<\/td>\n<td width=\"481\">30 dias<\/td>\n<\/tr>\n<tr>\n<td width=\"200\">Paquete<\/td>\n<td width=\"481\">Caja de madera contrachapada de exportaci\u00f3n est\u00e1ndar<\/td>\n<\/tr>\n<tr>\n<td width=\"200\">Puerto de embarque<\/td>\n<td width=\"481\">Ningbo\/Shangh\u00e1i, China<\/td>\n<\/tr>\n<tr>\n<td width=\"200\">Condiciones de env\u00edo<\/td>\n<td width=\"481\">Exw, MANDO, CFR, CIF, etc.<\/td>\n<\/tr>\n<tr>\n<td width=\"200\">T\u00e9rminos de pago<\/td>\n<td width=\"481\">T\/T, Western Union, PayPal, etc.<\/td>\n<\/tr>\n<tr>\n<td width=\"200\"><\/td>\n<td width=\"481\">Pago anticipado de 30%, saldo de 70% pagado antes del env\u00edo<\/td>\n<\/tr>\n<tr>\n<td width=\"200\">Pa\u00eds de origen<\/td>\n<td width=\"481\">Ciudad de Wenzhou, China<\/td>\n<\/tr>\n<tr>\n<td width=\"200\">Capacidad de producci\u00f3n<\/td>\n<td width=\"481\">6000 toneladas\/a\u00f1o<\/td>\n<\/tr>\n<tr>\n<td width=\"200\">Cantidad m\u00ednima de pedido<\/td>\n<td width=\"481\">10 unidades\/tama\u00f1o<\/td>\n<\/tr>\n<\/tbody>\n<\/table>","protected":false},"excerpt":{"rendered":"<p>STV Valve Technology Group Co., Ltd is a professional leader China 3 Inch Gate Valve, 1500Lb3 Inch Gate Valve,Pressure Seal Bonnet 3 Inch Gate Valve,ASTM A105N 3 Inch Gate Valve,Forged Steel Pressure Seal Bonnet Gate valve,China API 602 3 Inch Gate Valve Manufacturer with high quality and competitive price.<\/p>\n<p>&nbsp;<\/p>","protected":false},"featured_media":7839,"template":"","meta":[],"product_brand":[],"product_cat":[59,44],"product_tag":[3168,3170,3167,3171,661,3169],"class_list":{"0":"post-7838","1":"product","2":"type-product","3":"status-publish","4":"has-post-thumbnail","6":"product_cat-forged-steel-gate-valve","7":"product_cat-gate-valve","8":"product_tag-1500lb3-inch-gate-valve","9":"product_tag-astm-a105n-3-inch-gate-valve","10":"product_tag-china-3-inch-gate-valve","11":"product_tag-china-api-602-3-inch-gate-valve-manufacturer","12":"product_tag-forged-steel-pressure-seal-bonnet-gate-valve","13":"product_tag-pressure-seal-bonnet-3-inch-gate-valve","15":"first","16":"instock","17":"featured","18":"shipping-taxable","19":"product-type-simple"},"_links":{"self":[{"href":"https:\/\/www.stvvalves.com\/es\/wp-json\/wp\/v2\/product\/7838","targetHints":{"allow":["GET"]}}],"collection":[{"href":"https:\/\/www.stvvalves.com\/es\/wp-json\/wp\/v2\/product"}],"about":[{"href":"https:\/\/www.stvvalves.com\/es\/wp-json\/wp\/v2\/types\/product"}],"wp:featuredmedia":[{"embeddable":true,"href":"https:\/\/www.stvvalves.com\/es\/wp-json\/wp\/v2\/media\/7839"}],"wp:attachment":[{"href":"https:\/\/www.stvvalves.com\/es\/wp-json\/wp\/v2\/media?parent=7838"}],"wp:term":[{"taxonomy":"product_brand","embeddable":true,"href":"https:\/\/www.stvvalves.com\/es\/wp-json\/wp\/v2\/product_brand?post=7838"},{"taxonomy":"product_cat","embeddable":true,"href":"https:\/\/www.stvvalves.com\/es\/wp-json\/wp\/v2\/product_cat?post=7838"},{"taxonomy":"product_tag","embeddable":true,"href":"https:\/\/www.stvvalves.com\/es\/wp-json\/wp\/v2\/product_tag?post=7838"}],"curies":[{"name":"wp","href":"https:\/\/api.w.org\/{rel}","templated":true}]}}