{"id":7881,"date":"2025-02-19T16:41:23","date_gmt":"2025-02-19T08:41:23","guid":{"rendered":"https:\/\/www.stvvalves.com\/?post_type=product&#038;p=7881"},"modified":"2025-02-19T16:41:42","modified_gmt":"2025-02-19T08:41:42","slug":"lcc-swing-check-valve-150lb-3-inch-rf-end","status":"publish","type":"product","link":"https:\/\/www.stvvalves.com\/es\/products\/lcc-swing-check-valve-150lb-3-inch-rf-end\/","title":{"rendered":"LCC Swing Check Valve,150LB,3 Inch,RF End"},"content":{"rendered":"<p>Dise\u00f1o y fabricaci\u00f3n: v\u00e1lvula de retenci\u00f3n de acero fundido seg\u00fan BS 1868, ASME B16.34, API 6D<\/p>\n<p>Inspecci\u00f3n y prueba: API598, API600 o API 6D<\/p>\n<p>Dimensi\u00f3n de la brida final: ASME B16.5 (para NPS\u226424, ASME B 16.47 serie B, API 605, ASME B16.47 Serie A, MSS SP-44 (para NPS&gt;24)<\/p>\n<p>Dimensi\u00f3n final BW: ASME B16.25<\/p>\n<p>Cara a cara y de extremo a extremo: ASME B16.10<\/p>\n<p>Clasificaciones de presi\u00f3n-temperatura: ASME B16.34<\/p>\n<p>Dimensi\u00f3n del espesor de pared: API 600, BS 1868<\/p>\n<p>Gama de productos<\/p>\n<p>Body material: WCB, LCB, LCC, CF8, CF8M, CF3, CF3M, , LCB, WC6, WC9, C12, C5<\/p>\n<p>Di\u00e1metro nominal: 1\/2\u2033~48\u2033(DN15~DN1200)<\/p>\n<p>Conexi\u00f3n final: RF, RTJ, BW<\/p>\n<p>Rango de presi\u00f3n: Clase 150~2500(PN16~PN420)<\/p>\n<p>Temperatura de trabajo: -196 \u2103 ~ + 560 \u2103<\/p>\n<p>&nbsp;<\/p>\n<table width=\"751\">\n<tbody>\n<tr>\n<td>Nombre del producto:<\/td>\n<td>LCC Swing Check Valve,150LB,3 Inch,RF End<\/td>\n<\/tr>\n<tr>\n<td>1.Material:<\/td>\n<td>LCC<\/td>\n<\/tr>\n<tr>\n<td>2.Tama\u00f1o:<\/td>\n<td>3\u2033<\/td>\n<\/tr>\n<tr>\n<td>3.Puerto:<\/td>\n<td>LLENO<\/td>\n<\/tr>\n<tr>\n<td>4. Temperatura de trabajo:<\/td>\n<td>-29 \u00b0C-340 \u00b0C<\/td>\n<\/tr>\n<tr>\n<td>5.Fin de la conexi\u00f3n:<\/td>\n<td>RF<\/td>\n<\/tr>\n<tr>\n<td>6.Presi\u00f3n de trabajo:<\/td>\n<td>150 libras<\/td>\n<\/tr>\n<tr>\n<td>7.Medio adecuado:<\/td>\n<td>Agua, Gas Natural, Petr\u00f3leo y alg\u00fan l\u00edquido corrosivo<\/td>\n<\/tr>\n<tr>\n<td>8.Operado:<\/td>\n<td>\/<\/td>\n<\/tr>\n<tr>\n<td>9. Inspecci\u00f3n y pruebas<\/td>\n<td>Seg\u00fan API 598<\/td>\n<\/tr>\n<tr>\n<td>Certificado:<\/td>\n<td>ISO, CE\/API 6D<\/td>\n<\/tr>\n<tr>\n<td><strong>Env\u00edo<\/strong><\/td>\n<td><\/td>\n<\/tr>\n<tr>\n<td>El tiempo de entrega<\/td>\n<td>30 dias<\/td>\n<\/tr>\n<tr>\n<td>Paquete<\/td>\n<td>Caja de madera contrachapada de exportaci\u00f3n est\u00e1ndar<\/td>\n<\/tr>\n<tr>\n<td>Puerto de embarque<\/td>\n<td>Ningbo\/Shangh\u00e1i, China<\/td>\n<\/tr>\n<tr>\n<td>Condiciones de env\u00edo<\/td>\n<td>Exw, MANDO, CFR, CIF, etc.<\/td>\n<\/tr>\n<tr>\n<td>T\u00e9rminos de pago<\/td>\n<td>T\/T, Western Union, PayPal, etc.<\/td>\n<\/tr>\n<tr>\n<td><\/td>\n<td>Pago anticipado de 30%, saldo de 70% pagado antes del env\u00edo<\/td>\n<\/tr>\n<tr>\n<td>Pa\u00eds de origen<\/td>\n<td>Ciudad de Wenzhou, China<\/td>\n<\/tr>\n<tr>\n<td>Capacidad de producci\u00f3n<\/td>\n<td>6000 toneladas\/a\u00f1o<\/td>\n<\/tr>\n<tr>\n<td>Cantidad m\u00ednima de pedido<\/td>\n<td>10 unidades\/tama\u00f1o<\/td>\n<\/tr>\n<\/tbody>\n<\/table>","protected":false},"excerpt":{"rendered":"<p>STV Valve Technology Group Co., Ltd is China LCC Swing Check Valve, BS 1868 LCC Swing Check Valve,3 Inch LCC Swing Check Valve,150LB LCC Swing Check Valve,Raised Face LCC Swing Check Valve, A352 LCC Swing Check Valve,Flange End LCC Swing Check Valve manufacturer with high quality and low price<\/p>\n<p>&nbsp;<\/p>","protected":false},"featured_media":7883,"template":"","meta":[],"product_brand":[],"product_cat":[83,46],"product_tag":[3190,3189,3192,3188,3187,3193,3191],"class_list":{"0":"post-7881","1":"product","2":"type-product","3":"status-publish","4":"has-post-thumbnail","6":"product_cat-cast-steel-check-valve","7":"product_cat-check-valves","8":"product_tag-150lb-lcc-swing-check-valve","9":"product_tag-3-inch-lcc-swing-check-valve","10":"product_tag-a352-lcc-swing-check-valve","11":"product_tag-bs-1868-lcc-swing-check-valve","12":"product_tag-china-lcc-swing-check-valve","13":"product_tag-flange-end-lcc-swing-check-valve-manufacturer","14":"product_tag-raised-face-lcc-swing-check-valve","16":"first","17":"instock","18":"shipping-taxable","19":"product-type-simple"},"_links":{"self":[{"href":"https:\/\/www.stvvalves.com\/es\/wp-json\/wp\/v2\/product\/7881","targetHints":{"allow":["GET"]}}],"collection":[{"href":"https:\/\/www.stvvalves.com\/es\/wp-json\/wp\/v2\/product"}],"about":[{"href":"https:\/\/www.stvvalves.com\/es\/wp-json\/wp\/v2\/types\/product"}],"wp:featuredmedia":[{"embeddable":true,"href":"https:\/\/www.stvvalves.com\/es\/wp-json\/wp\/v2\/media\/7883"}],"wp:attachment":[{"href":"https:\/\/www.stvvalves.com\/es\/wp-json\/wp\/v2\/media?parent=7881"}],"wp:term":[{"taxonomy":"product_brand","embeddable":true,"href":"https:\/\/www.stvvalves.com\/es\/wp-json\/wp\/v2\/product_brand?post=7881"},{"taxonomy":"product_cat","embeddable":true,"href":"https:\/\/www.stvvalves.com\/es\/wp-json\/wp\/v2\/product_cat?post=7881"},{"taxonomy":"product_tag","embeddable":true,"href":"https:\/\/www.stvvalves.com\/es\/wp-json\/wp\/v2\/product_tag?post=7881"}],"curies":[{"name":"wp","href":"https:\/\/api.w.org\/{rel}","templated":true}]}}