{"id":7893,"date":"2025-02-20T13:37:48","date_gmt":"2025-02-20T05:37:48","guid":{"rendered":"https:\/\/www.stvvalves.com\/?post_type=product&#038;p=7893"},"modified":"2025-02-20T13:42:16","modified_gmt":"2025-02-20T05:42:16","slug":"pn40-wafer-check-valve-dn125-pn64-din3202","status":"publish","type":"product","link":"https:\/\/www.stvvalves.com\/es\/products\/pn40-wafer-check-valve-dn125-pn64-din3202\/","title":{"rendered":"PN40 Wafer Check Valve,DN125,PN64,DIN3202"},"content":{"rendered":"<h2>Descripci\u00f3n<\/h2>\n<p>Product name: PN40 Wafer Check Valve,DN125,PN64,DIN3202<br \/>\nDesign: DIN3202.<br \/>\nMaterial: CF8M<br \/>\nNominal size: 5 Inch.<br \/>\nNominal pressure: PN40.<br \/>\nEnd Connection: Wafer.<br \/>\nFace to face: EN558.<br \/>\nPrueba e inspecci\u00f3n: API 598.<\/p>\n<p>&nbsp;<\/p>\n<p>Tama\u00f1o: de 2\u2033 a 48\u2033<br \/>\nPresi\u00f3n: 150 - 1500LB<br \/>\nMaterial: podemos ofrecer v\u00e1lvulas realizadas en Duplex S31803\u3001Super Duplex S32750\u3001Super Duplex S32760<br \/>\n1A\u3001\u30012A\u30013A\u30014A\u30015A\u30016A\u30011B\u30011C<br \/>\nCD4MCu\u3001CD4MCuN\u3001CD3MCuN\u3001CE8MN\u3001CD6MN\u3001CD3MN\u3001CE3MN\u3001CD3MWCuN<br \/>\nF51, F53, F55, F60<br \/>\nEst\u00e1ndar de dise\u00f1o y producci\u00f3n: API 594 o DIN<br \/>\nDistancia entre bridas: ASME B16.10, EN558, DIN3202<br \/>\nConectado seg\u00fan norma: ANSI, API, DIN<br \/>\nEst\u00e1ndar de prueba: API598, API 600, ISO5208<br \/>\nMedio: La v\u00e1lvula es adecuada para varios medios, incluidos agua, vapor, petr\u00f3leo, gas, productos derivados del petr\u00f3leo, \u00e1cido n\u00edtrico, \u00e1cido ac\u00e9tico, etc.<br \/>\nTemperatura de trabajo: desde -46\u00baC o -50\u00baC (construcciones de acero inoxidable) y -29\u00baC o -46\u00baC (construcciones de acero al carbono) hasta 600\u2103<\/p>\n<table>\n<tbody>\n<tr>\n<td width=\"200\"><strong>nombre del producto<\/strong><\/td>\n<td width=\"481\">PN40 Wafer Check Valve,DN125,PN64,DIN3202<\/td>\n<\/tr>\n<tr>\n<td width=\"200\">1. Materiales<\/td>\n<td width=\"481\">CF8M<\/td>\n<\/tr>\n<tr>\n<td width=\"200\">2. Tama\u00f1o<\/td>\n<td width=\"481\">5\u201d<\/td>\n<\/tr>\n<tr>\n<td width=\"200\">4. Puerto<\/td>\n<td width=\"481\">Puerto reductor<\/td>\n<\/tr>\n<tr>\n<td width=\"200\">5. Presi\u00f3n de trabajo<\/td>\n<td width=\"481\">PN40<\/td>\n<\/tr>\n<tr>\n<td width=\"200\">6. La conexi\u00f3n finaliza<\/td>\n<td width=\"481\">OBLEA<\/td>\n<\/tr>\n<tr>\n<td width=\"200\">7. Temperatura de trabajo.<\/td>\n<td width=\"481\">-29~300\u00baC,<\/td>\n<\/tr>\n<tr>\n<td width=\"200\">8. Medio adecuado<\/td>\n<td width=\"481\">Agua, Gas Natural, Petr\u00f3leo y alg\u00fan l\u00edquido corrosivo<\/td>\n<\/tr>\n<tr>\n<td width=\"200\">9. Operado<\/td>\n<td width=\"481\">\/<\/td>\n<\/tr>\n<tr>\n<td width=\"200\">10. Inspecci\u00f3n y pruebas<\/td>\n<td width=\"481\">Seg\u00fan API598<\/td>\n<\/tr>\n<tr>\n<td width=\"200\"><strong>Env\u00edo<\/strong><\/td>\n<td width=\"481\"><\/td>\n<\/tr>\n<tr>\n<td width=\"200\">El tiempo de entrega<\/td>\n<td width=\"481\">30 dias<\/td>\n<\/tr>\n<tr>\n<td width=\"200\">Paquete<\/td>\n<td width=\"481\">Caja de madera contrachapada de exportaci\u00f3n est\u00e1ndar<\/td>\n<\/tr>\n<tr>\n<td width=\"200\">Puerto de embarque<\/td>\n<td width=\"481\">Ningbo\/Shangh\u00e1i, China<\/td>\n<\/tr>\n<tr>\n<td width=\"200\">Condiciones de env\u00edo<\/td>\n<td width=\"481\">Exw, MANDO, CFR, CIF, etc.<\/td>\n<\/tr>\n<tr>\n<td width=\"200\">T\u00e9rminos de pago<\/td>\n<td width=\"481\">T\/T, Western Union, PayPal, etc.<\/td>\n<\/tr>\n<tr>\n<td width=\"200\"><\/td>\n<td width=\"481\">Pago anticipado de 30%, saldo de 70% pagado antes del env\u00edo<\/td>\n<\/tr>\n<tr>\n<td width=\"200\">Pa\u00eds de origen<\/td>\n<td width=\"481\">Ciudad de Wenzhou, China<\/td>\n<\/tr>\n<tr>\n<td width=\"200\">Capacidad de producci\u00f3n<\/td>\n<td width=\"481\">6000 toneladas\/a\u00f1o<\/td>\n<\/tr>\n<tr>\n<td width=\"200\">Cantidad m\u00ednima de pedido<\/td>\n<td width=\"481\">1 unidad\/tama\u00f1o<\/td>\n<\/tr>\n<\/tbody>\n<\/table>\n<p>&nbsp;<\/p>","protected":false},"excerpt":{"rendered":"<p>STV Valve Technology Group Co., Ltd is a professional leader China PN40 Wafer Check Valve, CF8M Wafer Check Valve,DN125 Wafer Check Valve,PN40 Wafer Check Valve,DIN3202 Wafer Check Valve Manufacture.<\/p>\n<p>&nbsp;<\/p>","protected":false},"featured_media":7894,"template":"","meta":[],"product_brand":[],"product_cat":[46,84],"product_tag":[3206,3205,3209,3207,3208],"class_list":{"0":"post-7893","1":"product","2":"type-product","3":"status-publish","4":"has-post-thumbnail","6":"product_cat-check-valves","7":"product_cat-wafer-check-valve","8":"product_tag-cf8m-wafer-check-valve","9":"product_tag-china-pn40-wafer-check-valve","10":"product_tag-din3202-wafer-check-valve-manufacture","11":"product_tag-dn125-wafer-check-valve","12":"product_tag-pn40-wafer-check-valve","14":"first","15":"instock","16":"shipping-taxable","17":"product-type-simple"},"_links":{"self":[{"href":"https:\/\/www.stvvalves.com\/es\/wp-json\/wp\/v2\/product\/7893","targetHints":{"allow":["GET"]}}],"collection":[{"href":"https:\/\/www.stvvalves.com\/es\/wp-json\/wp\/v2\/product"}],"about":[{"href":"https:\/\/www.stvvalves.com\/es\/wp-json\/wp\/v2\/types\/product"}],"wp:featuredmedia":[{"embeddable":true,"href":"https:\/\/www.stvvalves.com\/es\/wp-json\/wp\/v2\/media\/7894"}],"wp:attachment":[{"href":"https:\/\/www.stvvalves.com\/es\/wp-json\/wp\/v2\/media?parent=7893"}],"wp:term":[{"taxonomy":"product_brand","embeddable":true,"href":"https:\/\/www.stvvalves.com\/es\/wp-json\/wp\/v2\/product_brand?post=7893"},{"taxonomy":"product_cat","embeddable":true,"href":"https:\/\/www.stvvalves.com\/es\/wp-json\/wp\/v2\/product_cat?post=7893"},{"taxonomy":"product_tag","embeddable":true,"href":"https:\/\/www.stvvalves.com\/es\/wp-json\/wp\/v2\/product_tag?post=7893"}],"curies":[{"name":"wp","href":"https:\/\/api.w.org\/{rel}","templated":true}]}}