{"id":7956,"date":"2025-03-03T13:18:59","date_gmt":"2025-03-03T05:18:59","guid":{"rendered":"https:\/\/www.stvvalves.com\/?post_type=product&#038;p=7956"},"modified":"2025-03-03T13:26:13","modified_gmt":"2025-03-03T05:26:13","slug":"wcb-y-type-strainer-dn80-pn16-rf-end","status":"publish","type":"product","link":"https:\/\/www.stvvalves.com\/es\/products\/wcb-y-type-strainer-dn80-pn16-rf-end\/","title":{"rendered":"WCB Y Type Strainer,DN80,PN16,RF End"},"content":{"rendered":"<p>Product name: WCB Y Type Strainer,DN80,PN16,RF End<br \/>\nDise\u00f1o: DIN 3352.<br \/>\nMaterial: WCB.<br \/>\nTama\u00f1o nominal: 3 pulgadas.<br \/>\nPresi\u00f3n nominal: PN16.<br \/>\nConexi\u00f3n final: RF.<br \/>\nCara a cara: EN558-1\/l\u00ednea 1.<br \/>\nPrueba e inspecci\u00f3n: EN12266-1.<\/p>\n<p>Gama de productos:<br \/>\nBody material: GS-C25\u30011.7363\u30011.4308\u30011.4408\u30011.4306\u30011.4301\u3001WCB\u3001LCB\u3001WC6\u3001WC9\u3001CF8\u3001CF8M\u3001CF3\u3001CF3M.<br \/>\nDi\u00e1metro normal: 1\/2 \u2013 48 Pulgada (DN15 \u2013 DN1200).<br \/>\nConexi\u00f3n final: BW, Bridada.<br \/>\nRango de presi\u00f3n: 150 \u2013 2500 LB (PN16 \u2013 PN420).<br \/>\nTemperatura de trabajo: -196 \u2103 \u2013 +573 \u2103.<\/p>\n<table>\n<tbody>\n<tr>\n<td width=\"200\"><strong>nombre del producto<\/strong><\/td>\n<td width=\"481\">WCB Y Type Strainer,DN80,PN16,RF End<\/td>\n<\/tr>\n<tr>\n<td width=\"200\">1. Materiales<\/td>\n<td width=\"481\">WCB<\/td>\n<\/tr>\n<tr>\n<td width=\"200\">2. Tama\u00f1o<\/td>\n<td width=\"481\">3\u201d<\/td>\n<\/tr>\n<tr>\n<td width=\"200\">4. Puerto<\/td>\n<td width=\"481\">Puerto lleno<\/td>\n<\/tr>\n<tr>\n<td width=\"200\">5. Presi\u00f3n de trabajo<\/td>\n<td width=\"481\">PN16<\/td>\n<\/tr>\n<tr>\n<td width=\"200\">6. La conexi\u00f3n finaliza<\/td>\n<td width=\"481\">RF<\/td>\n<\/tr>\n<tr>\n<td width=\"200\">7. Temperatura de trabajo.<\/td>\n<td width=\"481\">-29~425\u00baC,<\/td>\n<\/tr>\n<tr>\n<td width=\"200\">8. Medio adecuado<\/td>\n<td width=\"481\">Agua, Gas Natural, Petr\u00f3leo y alg\u00fan l\u00edquido corrosivo<\/td>\n<\/tr>\n<tr>\n<td width=\"200\">9. Operado<\/td>\n<td width=\"481\">\/<\/td>\n<\/tr>\n<tr>\n<td width=\"200\">10. Inspecci\u00f3n y pruebas<\/td>\n<td width=\"481\">API 598<\/td>\n<\/tr>\n<tr>\n<td width=\"200\"><strong>Env\u00edo<\/strong><\/td>\n<td width=\"481\"><\/td>\n<\/tr>\n<tr>\n<td width=\"200\">El tiempo de entrega<\/td>\n<td width=\"481\">30 dias<\/td>\n<\/tr>\n<tr>\n<td width=\"200\">Paquete<\/td>\n<td width=\"481\">Caja de madera contrachapada de exportaci\u00f3n est\u00e1ndar<\/td>\n<\/tr>\n<tr>\n<td width=\"200\">Puerto de embarque<\/td>\n<td width=\"481\">Ningbo\/Shangh\u00e1i, China<\/td>\n<\/tr>\n<tr>\n<td width=\"200\">Condiciones de env\u00edo<\/td>\n<td width=\"481\">Exw, MANDO, CFR, CIF, etc.<\/td>\n<\/tr>\n<tr>\n<td width=\"200\">T\u00e9rminos de pago<\/td>\n<td width=\"481\">T\/T, Western Union, PayPal, etc.<\/td>\n<\/tr>\n<tr>\n<td width=\"200\"><\/td>\n<td width=\"481\">Pago anticipado de 30%, saldo de 70% pagado antes del env\u00edo<\/td>\n<\/tr>\n<tr>\n<td width=\"200\">Pa\u00eds de origen<\/td>\n<td width=\"481\">Ciudad de Wenzhou, China<\/td>\n<\/tr>\n<tr>\n<td width=\"200\">Capacidad de producci\u00f3n<\/td>\n<td width=\"481\">6000 toneladas\/a\u00f1o<\/td>\n<\/tr>\n<tr>\n<td width=\"200\">Cantidad m\u00ednima de pedido<\/td>\n<td width=\"481\">1 unidad\/tama\u00f1o<\/td>\n<\/tr>\n<\/tbody>\n<\/table>\n<p>&nbsp;<\/p>","protected":false},"excerpt":{"rendered":"<p>STV Valve Technology Group C o., Ltd is a professional leader China WCB Y Type Strainer ,Flange Y Type Strainer,DN80 WCB Y Type Strainerr,ASME B16.34 Y Type Strainer,3 Inch Y Type Strainer. 40 MESH Y Type Strainer,SS304 Screen Y Type Strainer, RF Flanged\u00a0 End Y Type Strainer manufacturer with high quality and competitive price.<\/p>\n<p>&nbsp;<\/p>","protected":false},"featured_media":7957,"template":"","meta":[],"product_brand":[],"product_cat":[72,48],"product_tag":[3327,1551,3325,3326,940,3328,1548],"class_list":{"0":"post-7956","1":"product","2":"type-product","3":"status-publish","4":"has-post-thumbnail","6":"product_cat-cast-steel-y-type-strainer","7":"product_cat-y-strainer","8":"product_tag-3-inch-y-type-strainer-40-mesh-y-type-strainer","9":"product_tag-asme-b16-34-y-type-strainer","10":"product_tag-china-wcb-y-type-strainer","11":"product_tag-dn80-wcb-y-type-strainerr","12":"product_tag-flange-y-type-strainer","13":"product_tag-rf-flanged-end-y-type-strainer-manufacturer","14":"product_tag-ss304-screen-y-type-strainer","16":"first","17":"instock","18":"shipping-taxable","19":"product-type-simple"},"_links":{"self":[{"href":"https:\/\/www.stvvalves.com\/es\/wp-json\/wp\/v2\/product\/7956","targetHints":{"allow":["GET"]}}],"collection":[{"href":"https:\/\/www.stvvalves.com\/es\/wp-json\/wp\/v2\/product"}],"about":[{"href":"https:\/\/www.stvvalves.com\/es\/wp-json\/wp\/v2\/types\/product"}],"wp:featuredmedia":[{"embeddable":true,"href":"https:\/\/www.stvvalves.com\/es\/wp-json\/wp\/v2\/media\/7957"}],"wp:attachment":[{"href":"https:\/\/www.stvvalves.com\/es\/wp-json\/wp\/v2\/media?parent=7956"}],"wp:term":[{"taxonomy":"product_brand","embeddable":true,"href":"https:\/\/www.stvvalves.com\/es\/wp-json\/wp\/v2\/product_brand?post=7956"},{"taxonomy":"product_cat","embeddable":true,"href":"https:\/\/www.stvvalves.com\/es\/wp-json\/wp\/v2\/product_cat?post=7956"},{"taxonomy":"product_tag","embeddable":true,"href":"https:\/\/www.stvvalves.com\/es\/wp-json\/wp\/v2\/product_tag?post=7956"}],"curies":[{"name":"wp","href":"https:\/\/api.w.org\/{rel}","templated":true}]}}